{"id":3179,"date":"2023-05-22T20:06:53","date_gmt":"2023-05-22T18:06:53","guid":{"rendered":"https:\/\/snowwhitemuseum.com\/?page_id=3179"},"modified":"2024-12-14T15:18:46","modified_gmt":"2024-12-14T14:18:46","slug":"dean-and-son-book","status":"publish","type":"page","link":"https:\/\/snowwhitemuseum.com\/fr\/merchandising\/books\/british-books\/dean-and-son-book\/","title":{"rendered":"Livre Dean and Son"},"content":{"rendered":"<style>.wp-block-kadence-column.kb-section-dir-horizontal > .kt-inside-inner-col > .kt-info-box3179_fda4a7-bd .kt-blocks-info-box-link-wrap{max-width:unset;}.kt-info-box3179_fda4a7-bd .kt-blocks-info-box-link-wrap{padding-top:var(--global-kb-spacing-xs, 1rem);padding-right:var(--global-kb-spacing-xs, 1rem);padding-bottom:var(--global-kb-spacing-xs, 1rem);padding-left:var(--global-kb-spacing-xs, 1rem);}.kt-info-box3179_fda4a7-bd .kadence-info-box-icon-container .kt-info-svg-icon, .kt-info-box3179_fda4a7-bd .kt-info-svg-icon-flip, .kt-info-box3179_fda4a7-bd .kt-blocks-info-box-number{font-size:50px;}.kt-info-box3179_fda4a7-bd .kt-blocks-info-box-media{border-top-width:0px;border-right-width:0px;border-bottom-width:0px;border-left-width:0px;padding-top:10px;padding-right:10px;padding-bottom:10px;padding-left:10px;}.kt-info-box3179_fda4a7-bd .kt-blocks-info-box-media-container{margin-top:0px;margin-right:15px;margin-bottom:0px;margin-left:15px;}.kt-info-box3179_fda4a7-bd .kt-blocks-info-box-learnmore{background:transparent;border-width:0px 0px 0px 0px;padding-top:4px;padding-right:8px;padding-bottom:4px;padding-left:8px;margin-top:10px;margin-right:0px;margin-bottom:10px;margin-left:0px;}<\/style>\n<div class=\"wp-block-kadence-infobox kt-info-box3179_fda4a7-bd\"><div class=\"kt-blocks-info-box-link-wrap kt-blocks-info-box-media-align-top kt-info-halign-center\"><div class=\"kt-blocks-info-box-media-container\"><div class=\"kt-blocks-info-box-media kt-info-media-animate-none\"><div class=\"kadence-info-box-icon-container kt-info-icon-animate-none\"><div class=\"kadence-info-box-icon-inner-container\"><span class=\"kb-svg-icon-wrap kb-svg-icon-fe_book kt-info-svg-icon\"><svg viewbox=\"0 0 24 24\"  fill=\"none\" stroke=\"currentColor\" stroke-width=\"2\" stroke-linecap=\"round\" stroke-linejoin=\"round\" xmlns=\"http:\/\/www.w3.org\/2000\/svg\"  aria-hidden=\"true\"><path d=\"M4 19.5A2.5 2.5 0 0 1 6.5 17H20\"\/><path d=\"M6.5 2H20v20H6.5A2.5 2.5 0 0 1 4 19.5v-15A2.5 2.5 0 0 1 6.5 2z\"\/><\/svg><\/span><\/div><\/div><\/div><\/div><div class=\"kt-infobox-textcontent\"><h2 class=\"kt-blocks-info-box-title\">Information<\/h2><p class=\"kt-blocks-info-box-text\"><strong>Titre complet :<\/strong> Blanche Neige et les sept nains de Walt Disney<br><strong>Auteur :<\/strong> inconnu<br><strong>Illustrations :<\/strong> inconnu<br><strong>Date de publication :<\/strong> 1938<br><strong>\u00c9diteurs :<\/strong> Dean &amp; Son LTD, 6 La belle sauvage, Ludgate Hill, E.C.4.<br><strong>Pays :<\/strong> Grande Bretagne<br><strong>Prix de vente :<\/strong> \u00a3?<br><strong>Dimensions :<\/strong> 21 x 28 cm<br><strong>Nombre de pages :<\/strong> 64<br><br><a href=\"https:\/\/snowwhitemuseum.com\/fr\/merchandising\/books\/british-books\/\" title=\"Livres britanniques\">Back to British Books<\/a><\/p><\/div><\/div><\/div>\n\n\n\n<p>Ce livre \u00e0 couverture souple de 1938 a \u00e9t\u00e9 fabriqu\u00e9 et imprim\u00e9 en Grande-Bretagne par Dean &amp; Son LTD, 6 La belle sauvage, Ludgate Hill, E.C.4.<\/p>\n\n\n<style>.kb-gallery-id-3179_28376c-21 .kadence-blocks-gallery-item .kb-gal-image-radius, .kb-gallery-id-3179_28376c-21 .kb-slide-item .kb-gal-image-radius img{border-radius:0px 0px 0px 0px;;}.kb-gallery-caption-style-bottom.kb-gallery-id-3179_28376c-21 .kadence-blocks-gallery-item .kadence-blocks-gallery-item-inner .kadence-blocks-gallery-item__caption, .kb-gallery-caption-style-bottom-hover.kb-gallery-id-3179_28376c-21 .kadence-blocks-gallery-item .kadence-blocks-gallery-item-inner .kadence-blocks-gallery-item__caption{background:linear-gradient(0deg, rgba(0, 0, 0, 0.8) 0, rgba(0, 0, 0, 0) 100%);}.kb-gallery-wrap-id-3179_28376c-21.wp-block-kadence-advancedgallery{overflow:visible;}.kb-gallery-wrap-id-3179_28376c-21.wp-block-kadence-advancedgallery .kt-blocks-carousel{overflow:visible;}.kb-gallery-id-3179_28376c-21 .splide.kt-carousel-dotstyle-light .splide__pagination__page, .kb-gallery-id-3179_28376c-21 .splide.kt-carousel-dotstyle-light .splide__pagination__page.is-active{background-color:#fff;}<\/style><div class=\"kb-gallery-wrap-id-3179_28376c-21 alignnone wp-block-kadence-advancedgallery\"><div class=\"kb-gallery-ul kb-gallery-non-static kb-gallery-type-slider kb-gallery-id-3179_28376c-21 kb-gallery-caption-style-bottom-hover kb-gallery-filter-none kb-gallery-magnific-init\" data-image-filter=\"none\" data-lightbox-caption=\"true\"><div class=\"kt-blocks-carousel splide kt-carousel-container-dotstyle-light kt-carousel-arrowstyle-whiteondark kt-carousel-dotstyle-light kb-slider-group-arrow kb-slider-arrow-position-center\" data-slider-anim-speed=\"400\" data-slider-scroll=\"1\" data-slider-arrows=\"true\" data-slider-fade=\"true\" data-slider-dots=\"true\" data-slider-type=\"slider\" data-slider-hover-pause=\"false\" data-slider-auto=\"\" data-slider-speed=\"7000\" data-show-pause-button=\"false\"><div class=\"splide__track\"><ul class=\"kt-blocks-carousel-init kb-blocks-slider splide__list\"><li class=\"kb-slide-item kb-gallery-slide-item splide__slide\"><div class=\"kadence-blocks-gallery-item\"><div class=\"kadence-blocks-gallery-item-inner\"><figure class=\"kb-gallery-figure kb-gallery-item-has-link kadence-blocks-gallery-item-has-caption\"><a href=\"http:\/\/snowwhitemuseum.com\/wp-content\/uploads\/2023\/05\/web-1.jpg\" data-description=\"Snow White and the Seven Dwarfs (Dean and Son I 98-783) 1938\" class=\"kb-gallery-item-link\"   role=\"button\" aria-haspopup=\"dialog\"><div class=\"kb-gal-image-radius\"><div class=\"kb-gallery-image-contain kadence-blocks-gallery-intrinsic kb-gallery-image-ratio-inherit kb-has-image-ratio-inherit\" ><img loading=\"lazy\" decoding=\"async\" src=\"http:\/\/snowwhitemuseum.com\/wp-content\/uploads\/2023\/05\/page1-fr.png\"  data-splide-lazy=\"http:\/\/snowwhitemuseum.com\/wp-content\/uploads\/2023\/05\/web-1-772x1024.jpg\" width=\"772\" height=\"1024\" alt=\"\" data-full-image=\"http:\/\/snowwhitemuseum.com\/wp-content\/uploads\/2023\/05\/web-1.jpg\" data-light-image=\"http:\/\/snowwhitemuseum.com\/wp-content\/uploads\/2023\/05\/web-1.jpg\" data-splide-lazy-srcset=\"https:\/\/snowwhitemuseum.com\/wp-content\/uploads\/2023\/05\/web-1-772x1024.jpg 772w, https:\/\/snowwhitemuseum.com\/wp-content\/uploads\/2023\/05\/web-1-226x300.jpg 226w, https:\/\/snowwhitemuseum.com\/wp-content\/uploads\/2023\/05\/web-1-768x1019.jpg 768w, https:\/\/snowwhitemuseum.com\/wp-content\/uploads\/2023\/05\/web-1-1158x1536.jpg 1158w, https:\/\/snowwhitemuseum.com\/wp-content\/uploads\/2023\/05\/web-1-9x12.jpg 9w, https:\/\/snowwhitemuseum.com\/wp-content\/uploads\/2023\/05\/web-1.jpg 1500w\" sizes=\"auto, (max-width: 772px) 100vw, 772px\"data-id=\"3177\" class=\"wp-image-3177 skip-lazy\"\/><\/div><div class=\"kadence-blocks-gallery-item__caption\">Blanche Neige et les sept nains (Dean and Son I 98-783) 1938<\/div><\/div><\/a><\/figure><\/div><\/div><\/li><li class=\"kb-slide-item kb-gallery-slide-item splide__slide\"><div class=\"kadence-blocks-gallery-item\"><div class=\"kadence-blocks-gallery-item-inner\"><figure class=\"kb-gallery-figure kb-gallery-item-has-link\"><a href=\"http:\/\/snowwhitemuseum.com\/wp-content\/uploads\/2023\/05\/Image-2-copie-1.jpg\" class=\"kb-gallery-item-link\"   role=\"button\" aria-haspopup=\"dialog\"><div class=\"kb-gal-image-radius\"><div class=\"kb-gallery-image-contain kadence-blocks-gallery-intrinsic kb-gallery-image-ratio-inherit kb-has-image-ratio-inherit\" ><img loading=\"lazy\" decoding=\"async\" src=\"http:\/\/snowwhitemuseum.com\/wp-content\/uploads\/2023\/05\/page1-fr.png\"  data-splide-lazy=\"http:\/\/snowwhitemuseum.com\/wp-content\/uploads\/2023\/05\/Image-2-copie-1-1024x723.jpg\" width=\"1024\" height=\"723\" alt=\"\" data-full-image=\"http:\/\/snowwhitemuseum.com\/wp-content\/uploads\/2023\/05\/Image-2-copie-1.jpg\" data-light-image=\"http:\/\/snowwhitemuseum.com\/wp-content\/uploads\/2023\/05\/Image-2-copie-1.jpg\" data-splide-lazy-srcset=\"https:\/\/snowwhitemuseum.com\/wp-content\/uploads\/2023\/05\/Image-2-copie-1-1024x723.jpg 1024w, https:\/\/snowwhitemuseum.com\/wp-content\/uploads\/2023\/05\/Image-2-copie-1-300x212.jpg 300w, https:\/\/snowwhitemuseum.com\/wp-content\/uploads\/2023\/05\/Image-2-copie-1-768x542.jpg 768w, https:\/\/snowwhitemuseum.com\/wp-content\/uploads\/2023\/05\/Image-2-copie-1-18x12.jpg 18w, https:\/\/snowwhitemuseum.com\/wp-content\/uploads\/2023\/05\/Image-2-copie-1.jpg 1066w\" sizes=\"auto, (max-width: 1024px) 100vw, 1024px\"data-id=\"3181\" class=\"wp-image-3181 skip-lazy\"\/><\/div><\/div><\/a><\/figure><\/div><\/div><\/li><li class=\"kb-slide-item kb-gallery-slide-item splide__slide\"><div class=\"kadence-blocks-gallery-item\"><div class=\"kadence-blocks-gallery-item-inner\"><figure class=\"kb-gallery-figure kb-gallery-item-has-link\"><a href=\"http:\/\/snowwhitemuseum.com\/wp-content\/uploads\/2023\/05\/Image-3-copie-2.jpg\" class=\"kb-gallery-item-link\"   role=\"button\" aria-haspopup=\"dialog\"><div class=\"kb-gal-image-radius\"><div class=\"kb-gallery-image-contain kadence-blocks-gallery-intrinsic kb-gallery-image-ratio-inherit kb-has-image-ratio-inherit\" ><img loading=\"lazy\" decoding=\"async\" src=\"http:\/\/snowwhitemuseum.com\/wp-content\/uploads\/2023\/05\/page1-fr.png\"  data-splide-lazy=\"http:\/\/snowwhitemuseum.com\/wp-content\/uploads\/2023\/05\/Image-3-copie-2-1024x734.jpg\" width=\"1024\" height=\"734\" alt=\"\" data-full-image=\"http:\/\/snowwhitemuseum.com\/wp-content\/uploads\/2023\/05\/Image-3-copie-2.jpg\" data-light-image=\"http:\/\/snowwhitemuseum.com\/wp-content\/uploads\/2023\/05\/Image-3-copie-2.jpg\" data-splide-lazy-srcset=\"https:\/\/snowwhitemuseum.com\/wp-content\/uploads\/2023\/05\/Image-3-copie-2-1024x734.jpg 1024w, https:\/\/snowwhitemuseum.com\/wp-content\/uploads\/2023\/05\/Image-3-copie-2-300x215.jpg 300w, https:\/\/snowwhitemuseum.com\/wp-content\/uploads\/2023\/05\/Image-3-copie-2-768x551.jpg 768w, https:\/\/snowwhitemuseum.com\/wp-content\/uploads\/2023\/05\/Image-3-copie-2-18x12.jpg 18w, https:\/\/snowwhitemuseum.com\/wp-content\/uploads\/2023\/05\/Image-3-copie-2.jpg 1050w\" sizes=\"auto, (max-width: 1024px) 100vw, 1024px\"data-id=\"3182\" class=\"wp-image-3182 skip-lazy\"\/><\/div><\/div><\/a><\/figure><\/div><\/div><\/li><li class=\"kb-slide-item kb-gallery-slide-item splide__slide\"><div class=\"kadence-blocks-gallery-item\"><div class=\"kadence-blocks-gallery-item-inner\"><figure class=\"kb-gallery-figure kb-gallery-item-has-link\"><a href=\"http:\/\/snowwhitemuseum.com\/wp-content\/uploads\/2023\/05\/Image-4-copie-2.jpg\" class=\"kb-gallery-item-link\"   role=\"button\" aria-haspopup=\"dialog\"><div class=\"kb-gal-image-radius\"><div class=\"kb-gallery-image-contain kadence-blocks-gallery-intrinsic kb-gallery-image-ratio-inherit kb-has-image-ratio-inherit\" ><img loading=\"lazy\" decoding=\"async\" src=\"http:\/\/snowwhitemuseum.com\/wp-content\/uploads\/2023\/05\/page1-fr.png\"  data-splide-lazy=\"http:\/\/snowwhitemuseum.com\/wp-content\/uploads\/2023\/05\/Image-4-copie-2-1024x728.jpg\" width=\"1024\" height=\"728\" alt=\"\" data-full-image=\"http:\/\/snowwhitemuseum.com\/wp-content\/uploads\/2023\/05\/Image-4-copie-2.jpg\" data-light-image=\"http:\/\/snowwhitemuseum.com\/wp-content\/uploads\/2023\/05\/Image-4-copie-2.jpg\" data-splide-lazy-srcset=\"https:\/\/snowwhitemuseum.com\/wp-content\/uploads\/2023\/05\/Image-4-copie-2-1024x728.jpg 1024w, https:\/\/snowwhitemuseum.com\/wp-content\/uploads\/2023\/05\/Image-4-copie-2-300x213.jpg 300w, https:\/\/snowwhitemuseum.com\/wp-content\/uploads\/2023\/05\/Image-4-copie-2-768x546.jpg 768w, https:\/\/snowwhitemuseum.com\/wp-content\/uploads\/2023\/05\/Image-4-copie-2-18x12.jpg 18w, https:\/\/snowwhitemuseum.com\/wp-content\/uploads\/2023\/05\/Image-4-copie-2.jpg 1059w\" sizes=\"auto, (max-width: 1024px) 100vw, 1024px\"data-id=\"3183\" class=\"wp-image-3183 skip-lazy\"\/><\/div><\/div><\/a><\/figure><\/div><\/div><\/li><li class=\"kb-slide-item kb-gallery-slide-item splide__slide\"><div class=\"kadence-blocks-gallery-item\"><div class=\"kadence-blocks-gallery-item-inner\"><figure class=\"kb-gallery-figure kb-gallery-item-has-link\"><a href=\"http:\/\/snowwhitemuseum.com\/wp-content\/uploads\/2023\/05\/Image-5-copie-2.jpg\" class=\"kb-gallery-item-link\"   role=\"button\" aria-haspopup=\"dialog\"><div class=\"kb-gal-image-radius\"><div class=\"kb-gallery-image-contain kadence-blocks-gallery-intrinsic kb-gallery-image-ratio-inherit kb-has-image-ratio-inherit\" ><img loading=\"lazy\" decoding=\"async\" src=\"http:\/\/snowwhitemuseum.com\/wp-content\/uploads\/2023\/05\/page1-fr.png\"  data-splide-lazy=\"http:\/\/snowwhitemuseum.com\/wp-content\/uploads\/2023\/05\/Image-5-copie-2-1024x709.jpg\" width=\"1024\" height=\"709\" alt=\"\" data-full-image=\"http:\/\/snowwhitemuseum.com\/wp-content\/uploads\/2023\/05\/Image-5-copie-2.jpg\" data-light-image=\"http:\/\/snowwhitemuseum.com\/wp-content\/uploads\/2023\/05\/Image-5-copie-2.jpg\" data-splide-lazy-srcset=\"https:\/\/snowwhitemuseum.com\/wp-content\/uploads\/2023\/05\/Image-5-copie-2-1024x709.jpg 1024w, https:\/\/snowwhitemuseum.com\/wp-content\/uploads\/2023\/05\/Image-5-copie-2-300x208.jpg 300w, https:\/\/snowwhitemuseum.com\/wp-content\/uploads\/2023\/05\/Image-5-copie-2-768x532.jpg 768w, https:\/\/snowwhitemuseum.com\/wp-content\/uploads\/2023\/05\/Image-5-copie-2-18x12.jpg 18w, https:\/\/snowwhitemuseum.com\/wp-content\/uploads\/2023\/05\/Image-5-copie-2.jpg 1087w\" sizes=\"auto, (max-width: 1024px) 100vw, 1024px\"data-id=\"3184\" class=\"wp-image-3184 skip-lazy\"\/><\/div><\/div><\/a><\/figure><\/div><\/div><\/li><li class=\"kb-slide-item kb-gallery-slide-item splide__slide\"><div class=\"kadence-blocks-gallery-item\"><div class=\"kadence-blocks-gallery-item-inner\"><figure class=\"kb-gallery-figure kb-gallery-item-has-link\"><a href=\"http:\/\/snowwhitemuseum.com\/wp-content\/uploads\/2023\/05\/Image-6-copie-2.jpg\" class=\"kb-gallery-item-link\"   role=\"button\" aria-haspopup=\"dialog\"><div class=\"kb-gal-image-radius\"><div class=\"kb-gallery-image-contain kadence-blocks-gallery-intrinsic kb-gallery-image-ratio-inherit kb-has-image-ratio-inherit\" ><img loading=\"lazy\" decoding=\"async\" src=\"http:\/\/snowwhitemuseum.com\/wp-content\/uploads\/2023\/05\/page1-fr.png\"  data-splide-lazy=\"http:\/\/snowwhitemuseum.com\/wp-content\/uploads\/2023\/05\/Image-6-copie-2-1024x704.jpg\" width=\"1024\" height=\"704\" alt=\"\" data-full-image=\"http:\/\/snowwhitemuseum.com\/wp-content\/uploads\/2023\/05\/Image-6-copie-2.jpg\" data-light-image=\"http:\/\/snowwhitemuseum.com\/wp-content\/uploads\/2023\/05\/Image-6-copie-2.jpg\" data-splide-lazy-srcset=\"https:\/\/snowwhitemuseum.com\/wp-content\/uploads\/2023\/05\/Image-6-copie-2-1024x704.jpg 1024w, https:\/\/snowwhitemuseum.com\/wp-content\/uploads\/2023\/05\/Image-6-copie-2-300x206.jpg 300w, https:\/\/snowwhitemuseum.com\/wp-content\/uploads\/2023\/05\/Image-6-copie-2-768x528.jpg 768w, https:\/\/snowwhitemuseum.com\/wp-content\/uploads\/2023\/05\/Image-6-copie-2-18x12.jpg 18w, https:\/\/snowwhitemuseum.com\/wp-content\/uploads\/2023\/05\/Image-6-copie-2.jpg 1096w\" sizes=\"auto, (max-width: 1024px) 100vw, 1024px\"data-id=\"3185\" class=\"wp-image-3185 skip-lazy\"\/><\/div><\/div><\/a><\/figure><\/div><\/div><\/li><li class=\"kb-slide-item kb-gallery-slide-item splide__slide\"><div class=\"kadence-blocks-gallery-item\"><div class=\"kadence-blocks-gallery-item-inner\"><figure class=\"kb-gallery-figure kb-gallery-item-has-link\"><a href=\"http:\/\/snowwhitemuseum.com\/wp-content\/uploads\/2023\/05\/Image-7-copie-2.jpg\" class=\"kb-gallery-item-link\"   role=\"button\" aria-haspopup=\"dialog\"><div class=\"kb-gal-image-radius\"><div class=\"kb-gallery-image-contain kadence-blocks-gallery-intrinsic kb-gallery-image-ratio-inherit kb-has-image-ratio-inherit\" ><img loading=\"lazy\" decoding=\"async\" src=\"http:\/\/snowwhitemuseum.com\/wp-content\/uploads\/2023\/05\/page1-fr.png\"  data-splide-lazy=\"http:\/\/snowwhitemuseum.com\/wp-content\/uploads\/2023\/05\/Image-7-copie-2-1024x675.jpg\" width=\"1024\" height=\"675\" alt=\"\" data-full-image=\"http:\/\/snowwhitemuseum.com\/wp-content\/uploads\/2023\/05\/Image-7-copie-2.jpg\" data-light-image=\"http:\/\/snowwhitemuseum.com\/wp-content\/uploads\/2023\/05\/Image-7-copie-2.jpg\" data-splide-lazy-srcset=\"https:\/\/snowwhitemuseum.com\/wp-content\/uploads\/2023\/05\/Image-7-copie-2-1024x675.jpg 1024w, https:\/\/snowwhitemuseum.com\/wp-content\/uploads\/2023\/05\/Image-7-copie-2-300x198.jpg 300w, https:\/\/snowwhitemuseum.com\/wp-content\/uploads\/2023\/05\/Image-7-copie-2-768x506.jpg 768w, https:\/\/snowwhitemuseum.com\/wp-content\/uploads\/2023\/05\/Image-7-copie-2-18x12.jpg 18w, https:\/\/snowwhitemuseum.com\/wp-content\/uploads\/2023\/05\/Image-7-copie-2.jpg 1143w\" sizes=\"auto, (max-width: 1024px) 100vw, 1024px\"data-id=\"3186\" class=\"wp-image-3186 skip-lazy\"\/><\/div><\/div><\/a><\/figure><\/div><\/div><\/li><li class=\"kb-slide-item kb-gallery-slide-item splide__slide\"><div class=\"kadence-blocks-gallery-item\"><div class=\"kadence-blocks-gallery-item-inner\"><figure class=\"kb-gallery-figure kb-gallery-item-has-link\"><a href=\"http:\/\/snowwhitemuseum.com\/wp-content\/uploads\/2023\/05\/Image-8-copie-2.jpg\" class=\"kb-gallery-item-link\"   role=\"button\" aria-haspopup=\"dialog\"><div class=\"kb-gal-image-radius\"><div class=\"kb-gallery-image-contain kadence-blocks-gallery-intrinsic kb-gallery-image-ratio-inherit kb-has-image-ratio-inherit\" ><img loading=\"lazy\" decoding=\"async\" src=\"http:\/\/snowwhitemuseum.com\/wp-content\/uploads\/2023\/05\/page1-fr.png\"  data-splide-lazy=\"http:\/\/snowwhitemuseum.com\/wp-content\/uploads\/2023\/05\/Image-8-copie-2-1024x677.jpg\" width=\"1024\" height=\"677\" alt=\"\" data-full-image=\"http:\/\/snowwhitemuseum.com\/wp-content\/uploads\/2023\/05\/Image-8-copie-2.jpg\" data-light-image=\"http:\/\/snowwhitemuseum.com\/wp-content\/uploads\/2023\/05\/Image-8-copie-2.jpg\" data-splide-lazy-srcset=\"https:\/\/snowwhitemuseum.com\/wp-content\/uploads\/2023\/05\/Image-8-copie-2-1024x677.jpg 1024w, https:\/\/snowwhitemuseum.com\/wp-content\/uploads\/2023\/05\/Image-8-copie-2-300x198.jpg 300w, https:\/\/snowwhitemuseum.com\/wp-content\/uploads\/2023\/05\/Image-8-copie-2-768x508.jpg 768w, https:\/\/snowwhitemuseum.com\/wp-content\/uploads\/2023\/05\/Image-8-copie-2-18x12.jpg 18w, https:\/\/snowwhitemuseum.com\/wp-content\/uploads\/2023\/05\/Image-8-copie-2.jpg 1139w\" sizes=\"auto, (max-width: 1024px) 100vw, 1024px\"data-id=\"3187\" class=\"wp-image-3187 skip-lazy\"\/><\/div><\/div><\/a><\/figure><\/div><\/div><\/li><li class=\"kb-slide-item kb-gallery-slide-item splide__slide\"><div class=\"kadence-blocks-gallery-item\"><div class=\"kadence-blocks-gallery-item-inner\"><figure class=\"kb-gallery-figure kb-gallery-item-has-link\"><a href=\"http:\/\/snowwhitemuseum.com\/wp-content\/uploads\/2023\/05\/Image-9-copie-2.jpg\" class=\"kb-gallery-item-link\"   role=\"button\" aria-haspopup=\"dialog\"><div class=\"kb-gal-image-radius\"><div class=\"kb-gallery-image-contain kadence-blocks-gallery-intrinsic kb-gallery-image-ratio-inherit kb-has-image-ratio-inherit\" ><img loading=\"lazy\" decoding=\"async\" src=\"http:\/\/snowwhitemuseum.com\/wp-content\/uploads\/2023\/05\/page1-fr.png\"  data-splide-lazy=\"http:\/\/snowwhitemuseum.com\/wp-content\/uploads\/2023\/05\/Image-9-copie-2-1024x688.jpg\" width=\"1024\" height=\"688\" alt=\"\" data-full-image=\"http:\/\/snowwhitemuseum.com\/wp-content\/uploads\/2023\/05\/Image-9-copie-2.jpg\" data-light-image=\"http:\/\/snowwhitemuseum.com\/wp-content\/uploads\/2023\/05\/Image-9-copie-2.jpg\" data-splide-lazy-srcset=\"https:\/\/snowwhitemuseum.com\/wp-content\/uploads\/2023\/05\/Image-9-copie-2-1024x688.jpg 1024w, https:\/\/snowwhitemuseum.com\/wp-content\/uploads\/2023\/05\/Image-9-copie-2-300x202.jpg 300w, https:\/\/snowwhitemuseum.com\/wp-content\/uploads\/2023\/05\/Image-9-copie-2-768x516.jpg 768w, https:\/\/snowwhitemuseum.com\/wp-content\/uploads\/2023\/05\/Image-9-copie-2-18x12.jpg 18w, https:\/\/snowwhitemuseum.com\/wp-content\/uploads\/2023\/05\/Image-9-copie-2.jpg 1120w\" sizes=\"auto, (max-width: 1024px) 100vw, 1024px\"data-id=\"3188\" class=\"wp-image-3188 skip-lazy\"\/><\/div><\/div><\/a><\/figure><\/div><\/div><\/li><li class=\"kb-slide-item kb-gallery-slide-item splide__slide\"><div class=\"kadence-blocks-gallery-item\"><div class=\"kadence-blocks-gallery-item-inner\"><figure class=\"kb-gallery-figure kb-gallery-item-has-link\"><a href=\"http:\/\/snowwhitemuseum.com\/wp-content\/uploads\/2023\/05\/Image-10-copie-2.jpg\" class=\"kb-gallery-item-link\"   role=\"button\" aria-haspopup=\"dialog\"><div class=\"kb-gal-image-radius\"><div class=\"kb-gallery-image-contain kadence-blocks-gallery-intrinsic kb-gallery-image-ratio-inherit kb-has-image-ratio-inherit\" ><img loading=\"lazy\" decoding=\"async\" src=\"http:\/\/snowwhitemuseum.com\/wp-content\/uploads\/2023\/05\/page1-fr.png\"  data-splide-lazy=\"http:\/\/snowwhitemuseum.com\/wp-content\/uploads\/2023\/05\/Image-10-copie-2-1024x687.jpg\" width=\"1024\" height=\"687\" alt=\"\" data-full-image=\"http:\/\/snowwhitemuseum.com\/wp-content\/uploads\/2023\/05\/Image-10-copie-2.jpg\" data-light-image=\"http:\/\/snowwhitemuseum.com\/wp-content\/uploads\/2023\/05\/Image-10-copie-2.jpg\" data-splide-lazy-srcset=\"https:\/\/snowwhitemuseum.com\/wp-content\/uploads\/2023\/05\/Image-10-copie-2-1024x687.jpg 1024w, https:\/\/snowwhitemuseum.com\/wp-content\/uploads\/2023\/05\/Image-10-copie-2-300x201.jpg 300w, https:\/\/snowwhitemuseum.com\/wp-content\/uploads\/2023\/05\/Image-10-copie-2-768x515.jpg 768w, https:\/\/snowwhitemuseum.com\/wp-content\/uploads\/2023\/05\/Image-10-copie-2-18x12.jpg 18w, https:\/\/snowwhitemuseum.com\/wp-content\/uploads\/2023\/05\/Image-10-copie-2.jpg 1123w\" sizes=\"auto, (max-width: 1024px) 100vw, 1024px\"data-id=\"3180\" class=\"wp-image-3180 skip-lazy\"\/><\/div><\/div><\/a><\/figure><\/div><\/div><\/li><\/ul><\/div><\/div><\/div><\/div>","protected":false},"excerpt":{"rendered":"<p>Ce livre \u00e0 couverture souple de 1938 a \u00e9t\u00e9 fabriqu\u00e9 et imprim\u00e9 en Grande-Bretagne par Dean &amp; Son LTD, 6 La belle sauvage, Ludgate Hill, E.C.4.<\/p>","protected":false},"author":1,"featured_media":3177,"parent":3068,"menu_order":0,"comment_status":"closed","ping_status":"closed","template":"","meta":{"_kadence_starter_templates_imported_post":false,"_kad_post_transparent":"","_kad_post_title":"","_kad_post_layout":"","_kad_post_sidebar_id":"","_kad_post_content_style":"","_kad_post_vertical_padding":"","_kad_post_feature":"","_kad_post_feature_position":"","_kad_post_header":false,"_kad_post_footer":false,"_kad_post_classname":"","footnotes":""},"class_list":["post-3179","page","type-page","status-publish","has-post-thumbnail","hentry"],"aioseo_notices":[],"_links":{"self":[{"href":"https:\/\/snowwhitemuseum.com\/fr\/wp-json\/wp\/v2\/pages\/3179","targetHints":{"allow":["GET"]}}],"collection":[{"href":"https:\/\/snowwhitemuseum.com\/fr\/wp-json\/wp\/v2\/pages"}],"about":[{"href":"https:\/\/snowwhitemuseum.com\/fr\/wp-json\/wp\/v2\/types\/page"}],"author":[{"embeddable":true,"href":"https:\/\/snowwhitemuseum.com\/fr\/wp-json\/wp\/v2\/users\/1"}],"replies":[{"embeddable":true,"href":"https:\/\/snowwhitemuseum.com\/fr\/wp-json\/wp\/v2\/comments?post=3179"}],"version-history":[{"count":3,"href":"https:\/\/snowwhitemuseum.com\/fr\/wp-json\/wp\/v2\/pages\/3179\/revisions"}],"predecessor-version":[{"id":13372,"href":"https:\/\/snowwhitemuseum.com\/fr\/wp-json\/wp\/v2\/pages\/3179\/revisions\/13372"}],"up":[{"embeddable":true,"href":"https:\/\/snowwhitemuseum.com\/fr\/wp-json\/wp\/v2\/pages\/3068"}],"wp:featuredmedia":[{"embeddable":true,"href":"https:\/\/snowwhitemuseum.com\/fr\/wp-json\/wp\/v2\/media\/3177"}],"wp:attachment":[{"href":"https:\/\/snowwhitemuseum.com\/fr\/wp-json\/wp\/v2\/media?parent=3179"}],"curies":[{"name":"wp","href":"https:\/\/api.w.org\/{rel}","templated":true}]}}