{"id":3385,"date":"2023-06-10T12:23:27","date_gmt":"2023-06-10T10:23:27","guid":{"rendered":"https:\/\/snowwhitemuseum.com\/?page_id=3385"},"modified":"2025-04-07T13:27:56","modified_gmt":"2025-04-07T11:27:56","slug":"y-6-victor-soundtrack","status":"publish","type":"page","link":"https:\/\/snowwhitemuseum.com\/fr\/merchandising\/records\/american-records\/y-6-victor-soundtrack\/","title":{"rendered":"Bande originale Victor Y-6"},"content":{"rendered":"<style>.wp-block-kadence-column.kb-section-dir-horizontal > .kt-inside-inner-col > .kt-info-box3385_4f586a-0e .kt-blocks-info-box-link-wrap{max-width:unset;}.kt-info-box3385_4f586a-0e .kt-blocks-info-box-link-wrap{border-top:0px solid transparent;border-right:0px solid transparent;border-bottom:0px solid transparent;border-left:0px solid transparent;padding-top:var(--global-kb-spacing-xs, 1rem);padding-right:var(--global-kb-spacing-xs, 1rem);padding-bottom:var(--global-kb-spacing-xs, 1rem);padding-left:var(--global-kb-spacing-xs, 1rem);}.kt-info-box3385_4f586a-0e .kadence-info-box-icon-container .kt-info-svg-icon, .kt-info-box3385_4f586a-0e .kt-info-svg-icon-flip, .kt-info-box3385_4f586a-0e .kt-blocks-info-box-number{font-size:50px;}.kt-info-box3385_4f586a-0e .kt-blocks-info-box-media{border-color:var(--global-palette7, #eeeeee);border-top-width:0px;border-right-width:0px;border-bottom-width:0px;border-left-width:0px;padding-top:10px;padding-right:10px;padding-bottom:10px;padding-left:10px;}.kt-info-box3385_4f586a-0e .kt-blocks-info-box-media-container{margin-top:0px;margin-right:15px;margin-bottom:0px;margin-left:15px;}.kt-info-box3385_4f586a-0e .kt-infobox-textcontent h2.kt-blocks-info-box-title{padding-top:0px;padding-right:0px;padding-bottom:0px;padding-left:0px;margin-top:5px;margin-right:0px;margin-bottom:10px;margin-left:0px;}.kt-info-box3385_4f586a-0e .kt-blocks-info-box-learnmore{background:transparent;border-width:0px 0px 0px 0px;padding-top:4px;padding-right:8px;padding-bottom:4px;padding-left:8px;margin-top:10px;margin-right:0px;margin-bottom:10px;margin-left:0px;}@media all and (max-width: 1024px){.kt-info-box3385_4f586a-0e .kt-blocks-info-box-link-wrap{border-top:0px solid transparent;border-right:0px solid transparent;border-bottom:0px solid transparent;border-left:0px solid transparent;}}@media all and (max-width: 767px){.kt-info-box3385_4f586a-0e .kt-blocks-info-box-link-wrap{border-top:0px solid transparent;border-right:0px solid transparent;border-bottom:0px solid transparent;border-left:0px solid transparent;}}<\/style>\n<div class=\"wp-block-kadence-infobox kt-info-box3385_4f586a-0e\"><div class=\"kt-blocks-info-box-link-wrap kt-blocks-info-box-media-align-top kt-info-halign-center\"><div class=\"kt-blocks-info-box-media-container\"><div class=\"kt-blocks-info-box-media kt-info-media-animate-none\"><div class=\"kadence-info-box-icon-container kt-info-icon-animate-none\"><div class=\"kadence-info-box-icon-inner-container\"><span class=\"kb-svg-icon-wrap kb-svg-icon-fe_music kt-info-svg-icon\"><svg viewbox=\"0 0 24 24\"  fill=\"none\" stroke=\"currentColor\" stroke-width=\"2\" stroke-linecap=\"round\" stroke-linejoin=\"round\" xmlns=\"http:\/\/www.w3.org\/2000\/svg\"  aria-hidden=\"true\"><path d=\"M9 17H5a2 2 0 0 0-2 2 2 2 0 0 0 2 2h2a2 2 0 0 0 2-2zm12-2h-4a2 2 0 0 0-2 2 2 2 0 0 0 2 2h2a2 2 0 0 0 2-2z\"\/><polyline points=\"9 17 9 5 21 3 21 15\"\/><\/svg><\/span><\/div><\/div><\/div><\/div><div class=\"kt-infobox-textcontent\"><h2 class=\"kt-blocks-info-box-title\">Information sur la production<\/h2><p class=\"kt-blocks-info-box-text\"><strong>Num\u00e9ro de s\u00e9rie du disque :<\/strong> Y-6<br><strong>Date de sortie :<\/strong> 1944<br><strong>Production :<\/strong> Victor Records<br><strong>Compos\u00e9 par<\/strong> <a href=\"https:\/\/snowwhitemuseum.com\/fr\/about-the-film\/main-titles\/frank-churchill\/\" title=\"Frank Churchill\">Frank Churchill<\/a>, <a href=\"https:\/\/snowwhitemuseum.com\/fr\/about-the-film\/main-titles\/leigh-harline\/\">Leigh Harline<\/a>, <a href=\"https:\/\/snowwhitemuseum.com\/fr\/about-the-film\/main-titles\/larry-morey\/\" title=\"Larry Morey\">Larry Morey<\/a>, et <a href=\"https:\/\/snowwhitemuseum.com\/fr\/about-the-film\/main-titles\/paul-j-smith\/\">Paul J. Smith<\/a><br><br><a href=\"https:\/\/snowwhitemuseum.com\/fr\/merchandising\/records\/american-records\/\">Retour aux disques am\u00e9ricains<\/a><\/p><\/div><\/div><\/div>\n\n\n<style>.kb-row-layout-id3385_fd55a8-41 > .kt-row-column-wrap{align-content:start;}:where(.kb-row-layout-id3385_fd55a8-41 > .kt-row-column-wrap) > .wp-block-kadence-column{justify-content:start;}.kb-row-layout-id3385_fd55a8-41 > .kt-row-column-wrap{column-gap:var(--global-kb-gap-md, 2rem);row-gap:var(--global-kb-gap-md, 2rem);padding-top:var(--global-kb-spacing-sm, 1.5rem);padding-bottom:var(--global-kb-spacing-sm, 1.5rem);grid-template-columns:minmax(0, 1fr) minmax(0, 2fr);}.kb-row-layout-id3385_fd55a8-41 > .kt-row-layout-overlay{opacity:0.30;}@media all and (max-width: 1024px){.kb-row-layout-id3385_fd55a8-41 > .kt-row-column-wrap{grid-template-columns:minmax(0, 1fr) minmax(0, 2fr);}}@media all and (max-width: 767px){.kb-row-layout-id3385_fd55a8-41 > .kt-row-column-wrap{grid-template-columns:minmax(0, 1fr);}}<\/style><div class=\"kb-row-layout-wrap kb-row-layout-id3385_fd55a8-41 alignnone wp-block-kadence-rowlayout\"><div class=\"kt-row-column-wrap kt-has-2-columns kt-row-layout-right-golden kt-tab-layout-inherit kt-mobile-layout-row kt-row-valign-top\">\n<style>.kadence-column3385_46cab6-31 > .kt-inside-inner-col,.kadence-column3385_46cab6-31 > .kt-inside-inner-col:before{border-top-left-radius:0px;border-top-right-radius:0px;border-bottom-right-radius:0px;border-bottom-left-radius:0px;}.kadence-column3385_46cab6-31 > .kt-inside-inner-col{column-gap:var(--global-kb-gap-sm, 1rem);}.kadence-column3385_46cab6-31 > .kt-inside-inner-col{flex-direction:column;}.kadence-column3385_46cab6-31 > .kt-inside-inner-col > .aligncenter{width:100%;}.kadence-column3385_46cab6-31 > .kt-inside-inner-col:before{opacity:0.3;}.kadence-column3385_46cab6-31{position:relative;}@media all and (max-width: 1024px){.kadence-column3385_46cab6-31 > .kt-inside-inner-col{flex-direction:column;justify-content:center;}}@media all and (max-width: 767px){.kadence-column3385_46cab6-31 > .kt-inside-inner-col{flex-direction:column;justify-content:center;}}<\/style>\n<div class=\"wp-block-kadence-column kadence-column3385_46cab6-31\"><div class=\"kt-inside-inner-col\">\n<figure class=\"wp-block-image size-large\"><img loading=\"lazy\" decoding=\"async\" width=\"1024\" height=\"1024\" src=\"http:\/\/snowwhitemuseum.com\/wp-content\/uploads\/2023\/06\/victor-y-6-1024x1024.jpg\" alt=\"\" class=\"wp-image-3368\" srcset=\"https:\/\/snowwhitemuseum.com\/wp-content\/uploads\/2023\/06\/victor-y-6-1024x1024.jpg 1024w, https:\/\/snowwhitemuseum.com\/wp-content\/uploads\/2023\/06\/victor-y-6-300x300.jpg 300w, https:\/\/snowwhitemuseum.com\/wp-content\/uploads\/2023\/06\/victor-y-6-150x150.jpg 150w, https:\/\/snowwhitemuseum.com\/wp-content\/uploads\/2023\/06\/victor-y-6-768x768.jpg 768w, https:\/\/snowwhitemuseum.com\/wp-content\/uploads\/2023\/06\/victor-y-6-1536x1536.jpg 1536w, https:\/\/snowwhitemuseum.com\/wp-content\/uploads\/2023\/06\/victor-y-6-12x12.jpg 12w, https:\/\/snowwhitemuseum.com\/wp-content\/uploads\/2023\/06\/victor-y-6.jpg 2040w\" sizes=\"auto, (max-width: 1024px) 100vw, 1024px\" \/><\/figure>\n<\/div><\/div>\n\n\n<style>.kadence-column3385_34ce33-d3 > .kt-inside-inner-col,.kadence-column3385_34ce33-d3 > .kt-inside-inner-col:before{border-top-left-radius:0px;border-top-right-radius:0px;border-bottom-right-radius:0px;border-bottom-left-radius:0px;}.kadence-column3385_34ce33-d3 > .kt-inside-inner-col{column-gap:var(--global-kb-gap-sm, 1rem);}.kadence-column3385_34ce33-d3 > .kt-inside-inner-col{flex-direction:column;}.kadence-column3385_34ce33-d3 > .kt-inside-inner-col > .aligncenter{width:100%;}.kadence-column3385_34ce33-d3 > .kt-inside-inner-col:before{opacity:0.3;}.kadence-column3385_34ce33-d3{position:relative;}@media all and (max-width: 1024px){.kadence-column3385_34ce33-d3 > .kt-inside-inner-col{flex-direction:column;justify-content:center;}}@media all and (max-width: 767px){.kadence-column3385_34ce33-d3 > .kt-inside-inner-col{flex-direction:column;justify-content:center;}}<\/style>\n<div class=\"wp-block-kadence-column kadence-column3385_34ce33-d3\"><div class=\"kt-inside-inner-col\">\n<p>Ce coffret de trois disques 78 tours en gomme-laque de la bande sonore de <em>Blanche Neige et les sept nains<\/em> , datant de 1944, a le m\u00eame contenu que <a href=\"https:\/\/snowwhitemuseum.com\/fr\/merchandising\/records\/american-records\/j-8-victor-soundtrack\/\" title=\"Bande originale Victor J-8\">la bande originale J-8<\/a>, mais avec une pochette diff\u00e9rente pr\u00e9sentant des personnages de cirque et de contes de f\u00e9es. Aucun des personnages du film n'appara\u00eet, ce qui est manifestement un moyen pour RCA de publier la musique sans payer de redevances au studio Walt Disney.<\/p>\n\n\n\n<p>Le prix original du coffret \u00e9tait de 1,80 $. <\/p>\n\n\n\n<p>Les chansons sont r\u00e9parties comme suit :<\/p>\n\n\n\n<ul class=\"wp-block-list\">\n<li>41 0000-A With a Smile and a Song<\/li>\n\n\n\n<li>41 0000 Dig Dig and Heigh-Ho<\/li>\n\n\n\n<li>41 0001 I\u2019m Wishing and One Song<\/li>\n\n\n\n<li>41 0001 Whistle While You Work<\/li>\n\n\n\n<li>41 0002 Dwarf\u2019s Yodel Song<\/li>\n\n\n\n<li>41 0002 Some Day My Prince Will Come<\/li>\n<\/ul>\n<\/div><\/div>\n\n<\/div><\/div>","protected":false},"excerpt":{"rendered":"<p>This 1944 set of three 78 rpm shellac records of the soundtrack of Snow White and the Seven Dwarfs has the same content that the original J-8 soundtrack, but with a different cover with circus and fairy tale characters. None of the characters of the film appear, which is obviously a way for RCA to&#8230;<\/p>","protected":false},"author":1,"featured_media":3368,"parent":3363,"menu_order":0,"comment_status":"closed","ping_status":"closed","template":"","meta":{"_kadence_starter_templates_imported_post":false,"_kad_post_transparent":"","_kad_post_title":"","_kad_post_layout":"","_kad_post_sidebar_id":"","_kad_post_content_style":"","_kad_post_vertical_padding":"","_kad_post_feature":"","_kad_post_feature_position":"","_kad_post_header":false,"_kad_post_footer":false,"_kad_post_classname":"","footnotes":""},"class_list":["post-3385","page","type-page","status-publish","has-post-thumbnail","hentry"],"aioseo_notices":[],"_links":{"self":[{"href":"https:\/\/snowwhitemuseum.com\/fr\/wp-json\/wp\/v2\/pages\/3385","targetHints":{"allow":["GET"]}}],"collection":[{"href":"https:\/\/snowwhitemuseum.com\/fr\/wp-json\/wp\/v2\/pages"}],"about":[{"href":"https:\/\/snowwhitemuseum.com\/fr\/wp-json\/wp\/v2\/types\/page"}],"author":[{"embeddable":true,"href":"https:\/\/snowwhitemuseum.com\/fr\/wp-json\/wp\/v2\/users\/1"}],"replies":[{"embeddable":true,"href":"https:\/\/snowwhitemuseum.com\/fr\/wp-json\/wp\/v2\/comments?post=3385"}],"version-history":[{"count":8,"href":"https:\/\/snowwhitemuseum.com\/fr\/wp-json\/wp\/v2\/pages\/3385\/revisions"}],"predecessor-version":[{"id":15093,"href":"https:\/\/snowwhitemuseum.com\/fr\/wp-json\/wp\/v2\/pages\/3385\/revisions\/15093"}],"up":[{"embeddable":true,"href":"https:\/\/snowwhitemuseum.com\/fr\/wp-json\/wp\/v2\/pages\/3363"}],"wp:featuredmedia":[{"embeddable":true,"href":"https:\/\/snowwhitemuseum.com\/fr\/wp-json\/wp\/v2\/media\/3368"}],"wp:attachment":[{"href":"https:\/\/snowwhitemuseum.com\/fr\/wp-json\/wp\/v2\/media?parent=3385"}],"curies":[{"name":"wp","href":"https:\/\/api.w.org\/{rel}","templated":true}]}}