{"id":3519,"date":"2023-06-13T12:45:36","date_gmt":"2023-06-13T10:45:36","guid":{"rendered":"https:\/\/snowwhitemuseum.com\/?page_id=3519"},"modified":"2025-04-07T13:19:58","modified_gmt":"2025-04-07T11:19:58","slug":"master-score","status":"publish","type":"page","link":"https:\/\/snowwhitemuseum.com\/fr\/merchandising\/sheet-music\/american-sheet-music\/master-score\/","title":{"rendered":"Partition principale"},"content":{"rendered":"<style>.wp-block-kadence-advancedbtn.kb-btns3519_01ba72-90{gap:var(--global-kb-gap-xs, 0.5rem );justify-content:center;align-items:center;}.kt-btns3519_01ba72-90 .kt-button{font-weight:normal;font-style:normal;}.kt-btns3519_01ba72-90 .kt-btn-wrap-0{margin-right:5px;}.wp-block-kadence-advancedbtn.kt-btns3519_01ba72-90 .kt-btn-wrap-0 .kt-button{color:#555555;border-color:#555555;}.wp-block-kadence-advancedbtn.kt-btns3519_01ba72-90 .kt-btn-wrap-0 .kt-button:hover, .wp-block-kadence-advancedbtn.kt-btns3519_01ba72-90 .kt-btn-wrap-0 .kt-button:focus{color:#ffffff;border-color:#444444;}.wp-block-kadence-advancedbtn.kt-btns3519_01ba72-90 .kt-btn-wrap-0 .kt-button::before{display:none;}.wp-block-kadence-advancedbtn.kt-btns3519_01ba72-90 .kt-btn-wrap-0 .kt-button:hover, .wp-block-kadence-advancedbtn.kt-btns3519_01ba72-90 .kt-btn-wrap-0 .kt-button:focus{background:#444444;}<\/style>\n<div class=\"wp-block-kadence-advancedbtn kb-buttons-wrap kb-btns3519_01ba72-90\"><style>ul.menu .wp-block-kadence-advancedbtn .kb-btn3519_230376-b6.kb-button{width:initial;}<\/style><a class=\"kb-button kt-button button kb-btn3519_230376-b6 kt-btn-size-standard kt-btn-width-type-auto kb-btn-global-fill  kt-btn-has-text-true kt-btn-has-svg-false  wp-block-kadence-singlebtn\" href=\"https:\/\/snowwhitemuseum.com\/fr\/merchandising\/sheet-music\/american-sheet-music\/\"><span class=\"kt-btn-inner-text\">Retour aux Partitions am\u00e9ricaines<\/span><\/a><\/div>\n\n\n<style>.kb-row-layout-id3519_1dc70e-71 > .kt-row-column-wrap{align-content:start;}:where(.kb-row-layout-id3519_1dc70e-71 > .kt-row-column-wrap) > .wp-block-kadence-column{justify-content:start;}.kb-row-layout-id3519_1dc70e-71 > .kt-row-column-wrap{column-gap:var(--global-kb-gap-md, 2rem);row-gap:var(--global-kb-gap-md, 2rem);padding-top:var(--global-kb-spacing-sm, 1.5rem);padding-bottom:var(--global-kb-spacing-sm, 1.5rem);grid-template-columns:minmax(0, 1fr) minmax(0, 2fr);}.kb-row-layout-id3519_1dc70e-71 > .kt-row-layout-overlay{opacity:0.30;}@media all and (max-width: 1024px){.kb-row-layout-id3519_1dc70e-71 > .kt-row-column-wrap{grid-template-columns:minmax(0, 1fr) minmax(0, 2fr);}}@media all and (max-width: 767px){.kb-row-layout-id3519_1dc70e-71 > .kt-row-column-wrap{grid-template-columns:minmax(0, 1fr);}}<\/style><div class=\"kb-row-layout-wrap kb-row-layout-id3519_1dc70e-71 alignnone wp-block-kadence-rowlayout\"><div class=\"kt-row-column-wrap kt-has-2-columns kt-row-layout-right-golden kt-tab-layout-inherit kt-mobile-layout-row kt-row-valign-top\">\n<style>.kadence-column3519_6cb2bb-b3 > .kt-inside-inner-col,.kadence-column3519_6cb2bb-b3 > .kt-inside-inner-col:before{border-top-left-radius:0px;border-top-right-radius:0px;border-bottom-right-radius:0px;border-bottom-left-radius:0px;}.kadence-column3519_6cb2bb-b3 > .kt-inside-inner-col{column-gap:var(--global-kb-gap-sm, 1rem);}.kadence-column3519_6cb2bb-b3 > .kt-inside-inner-col{flex-direction:column;}.kadence-column3519_6cb2bb-b3 > .kt-inside-inner-col > .aligncenter{width:100%;}.kadence-column3519_6cb2bb-b3 > .kt-inside-inner-col:before{opacity:0.3;}.kadence-column3519_6cb2bb-b3{position:relative;}@media all and (max-width: 1024px){.kadence-column3519_6cb2bb-b3 > .kt-inside-inner-col{flex-direction:column;justify-content:center;}}@media all and (max-width: 767px){.kadence-column3519_6cb2bb-b3 > .kt-inside-inner-col{flex-direction:column;justify-content:center;}}<\/style>\n<div class=\"wp-block-kadence-column kadence-column3519_6cb2bb-b3\"><div class=\"kt-inside-inner-col\">\n<figure class=\"wp-block-image size-large\"><a href=\"https:\/\/snowwhitemuseum.com\/wp-content\/uploads\/2023\/06\/snowwhitesmasterscoreweb.jpg\"><img loading=\"lazy\" decoding=\"async\" width=\"801\" height=\"1024\" src=\"http:\/\/snowwhitemuseum.com\/wp-content\/uploads\/2023\/06\/snowwhitesmasterscoreweb-801x1024.jpg\" alt=\"\" class=\"wp-image-3516\" srcset=\"https:\/\/snowwhitemuseum.com\/wp-content\/uploads\/2023\/06\/snowwhitesmasterscoreweb-801x1024.jpg 801w, https:\/\/snowwhitemuseum.com\/wp-content\/uploads\/2023\/06\/snowwhitesmasterscoreweb-235x300.jpg 235w, https:\/\/snowwhitemuseum.com\/wp-content\/uploads\/2023\/06\/snowwhitesmasterscoreweb-768x982.jpg 768w, https:\/\/snowwhitemuseum.com\/wp-content\/uploads\/2023\/06\/snowwhitesmasterscoreweb-9x12.jpg 9w, https:\/\/snowwhitemuseum.com\/wp-content\/uploads\/2023\/06\/snowwhitesmasterscoreweb.jpg 996w\" sizes=\"auto, (max-width: 801px) 100vw, 801px\" \/><\/a><\/figure>\n<\/div><\/div>\n\n\n<style>.kadence-column3519_50329e-fc > .kt-inside-inner-col,.kadence-column3519_50329e-fc > .kt-inside-inner-col:before{border-top-left-radius:0px;border-top-right-radius:0px;border-bottom-right-radius:0px;border-bottom-left-radius:0px;}.kadence-column3519_50329e-fc > .kt-inside-inner-col{column-gap:var(--global-kb-gap-sm, 1rem);}.kadence-column3519_50329e-fc > .kt-inside-inner-col{flex-direction:column;}.kadence-column3519_50329e-fc > .kt-inside-inner-col > .aligncenter{width:100%;}.kadence-column3519_50329e-fc > .kt-inside-inner-col:before{opacity:0.3;}.kadence-column3519_50329e-fc{position:relative;}@media all and (max-width: 1024px){.kadence-column3519_50329e-fc > .kt-inside-inner-col{flex-direction:column;justify-content:center;}}@media all and (max-width: 767px){.kadence-column3519_50329e-fc > .kt-inside-inner-col{flex-direction:column;justify-content:center;}}<\/style>\n<div class=\"wp-block-kadence-column kadence-column3519_50329e-fc\"><div class=\"kt-inside-inner-col\">\n<p>La partition principale de <em>Blanche Neige et les sept nains<\/em> a \u00e9t\u00e9 publi\u00e9e par Disney Music Legacy Libraries, Hal Leonard Corporation en ao\u00fbt 2015 dans une \u00e9dition limit\u00e9e \u00e0 400 exemplaires. (ISBN : 978-1-4950-0872-6). \"Musique de <a href=\"https:\/\/snowwhitemuseum.com\/fr\/about-the-film\/main-titles\/frank-churchill\/\" title=\"Frank Churchill\">Frank E. Churchill<\/a>, paroles de <a href=\"https:\/\/snowwhitemuseum.com\/fr\/about-the-film\/main-titles\/larry-morey\/\" title=\"Larry Morey\">Larry Morey<\/a> et musique de fond suppl\u00e9mentaire de <a href=\"https:\/\/snowwhitemuseum.com\/fr\/about-the-film\/main-titles\/leigh-harline\/\" title=\"Leigh Harline\">Leigh Harline<\/a> et <a href=\"https:\/\/snowwhitemuseum.com\/fr\/about-the-film\/main-titles\/paul-j-smith\/\" title=\"Paul J. Smith\">Paul J. Smith<\/a>. Trois autres exemplaires lettr\u00e9s ont \u00e9t\u00e9 produits pour une distribution priv\u00e9e.<\/p>\n\n\n\n<p>Outre un prologue r\u00e9dig\u00e9 par les \"amis des Disney Music Legacy Libraries\" Hans Perk, Alexander Rannie et Russell Schroeder le 11 novembre 2014, un \u00e9pilogue de Roger L. Bent, avec Gena R. Downey, Lisa M. Janacua et Karen M. Smith, et des remerciements, ce volume reproduit des scans de la partition originale manuscrite de <em>Blanche Neige<\/em>, telle qu'elle a \u00e9t\u00e9 \u00e9crite par le personnel de Disney, d\u00e9compos\u00e9e en s\u00e9quences de production. Pour certaines d'entre elles (<a href=\"https:\/\/snowwhitemuseum.com\/fr\/images\/production-art\/sequence-3c-snow-white-discovers-dwarfs-house\/\" title=\"Sequence 3C \u2013 Snow White Discovers Dwarfs\u2019 House\">3C<\/a>, <a href=\"https:\/\/snowwhitemuseum.com\/fr\/images\/production-art\/sequence-6a-dwarfs-at-tub-washing\/\" title=\"Sequence 6A \u2013 Dwarfs at Tub Washing\">6A<\/a>, <a href=\"https:\/\/snowwhitemuseum.com\/fr\/images\/production-art\/sequence-7a-queen-leaves-mirror-prepares-disguise\/\" title=\"Sequence 7A \u2013 Queen Leaves Mirror \u2013 Prepares Disguise\">7A<\/a>, <a href=\"https:\/\/snowwhitemuseum.com\/fr\/images\/production-art\/sequence-8b-story-telling\/\" title=\"Sequence 8B \u2013 Story Telling\">8B<\/a>, <a href=\"https:\/\/snowwhitemuseum.com\/fr\/images\/production-art\/sequence-10a-dwarfs-leave-for-mine\/\" title=\"Sequence 10A \u2013 Dwarfs Leave for Mine\">10A<\/a>, <a href=\"https:\/\/snowwhitemuseum.com\/fr\/images\/production-art\/sequence-13a-snow-white-making-pies-witch-enters-house\/\" title=\"S\u00e9quence 13A - Blanche Neige fait des tartes - La sorci\u00e8re entre dans la maison\">13A<\/a>), la partition principale a \u00e9t\u00e9 remplac\u00e9e par la partition piano du chef d'orchestre, parce que la partition principale \u00e9tait manquante.<\/p>\n<\/div><\/div>\n\n<\/div><\/div>\n\n<style>.kb-row-layout-id3519_c66877-a1 > .kt-row-column-wrap{align-content:start;}:where(.kb-row-layout-id3519_c66877-a1 > .kt-row-column-wrap) > .wp-block-kadence-column{justify-content:start;}.kb-row-layout-id3519_c66877-a1 > .kt-row-column-wrap{column-gap:var(--global-kb-gap-md, 2rem);row-gap:var(--global-kb-gap-md, 2rem);padding-top:var(--global-kb-spacing-sm, 1.5rem);padding-bottom:var(--global-kb-spacing-sm, 1.5rem);grid-template-columns:minmax(0, 2fr) minmax(0, 1fr);}.kb-row-layout-id3519_c66877-a1 > .kt-row-layout-overlay{opacity:0.30;}@media all and (max-width: 1024px){.kb-row-layout-id3519_c66877-a1 > .kt-row-column-wrap{grid-template-columns:minmax(0, 2fr) minmax(0, 1fr);}}@media all and (max-width: 767px){.kb-row-layout-id3519_c66877-a1 > .kt-row-column-wrap{grid-template-columns:minmax(0, 1fr);}.kb-row-layout-id3519_c66877-a1 > .kt-row-column-wrap > .wp-block-kadence-column:nth-child(1 of *:not(style)){order:2;}.kb-row-layout-id3519_c66877-a1 > .kt-row-column-wrap > .wp-block-kadence-column:nth-child(2 of *:not(style)){order:1;}.kb-row-layout-id3519_c66877-a1 > .kt-row-column-wrap > .wp-block-kadence-column:nth-child(3 of *:not(style)){order:12;}.kb-row-layout-id3519_c66877-a1 > .kt-row-column-wrap > .wp-block-kadence-column:nth-child(4 of *:not(style)){order:11;}.kb-row-layout-id3519_c66877-a1 > .kt-row-column-wrap > .wp-block-kadence-column:nth-child(5 of *:not(style)){order:22;}.kb-row-layout-id3519_c66877-a1 > .kt-row-column-wrap > .wp-block-kadence-column:nth-child(6 of *:not(style)){order:21;}.kb-row-layout-id3519_c66877-a1 > .kt-row-column-wrap > .wp-block-kadence-column:nth-child(7 of *:not(style)){order:32;}.kb-row-layout-id3519_c66877-a1 > .kt-row-column-wrap > .wp-block-kadence-column:nth-child(8 of *:not(style)){order:31;}}<\/style><div class=\"kb-row-layout-wrap kb-row-layout-id3519_c66877-a1 alignnone wp-block-kadence-rowlayout\"><div class=\"kt-row-column-wrap kt-has-2-columns kt-row-layout-left-golden kt-tab-layout-inherit kt-mobile-layout-row kt-row-valign-top\">\n<style>.kadence-column3519_c40815-62 > .kt-inside-inner-col,.kadence-column3519_c40815-62 > .kt-inside-inner-col:before{border-top-left-radius:0px;border-top-right-radius:0px;border-bottom-right-radius:0px;border-bottom-left-radius:0px;}.kadence-column3519_c40815-62 > .kt-inside-inner-col{column-gap:var(--global-kb-gap-sm, 1rem);}.kadence-column3519_c40815-62 > .kt-inside-inner-col{flex-direction:column;}.kadence-column3519_c40815-62 > .kt-inside-inner-col > .aligncenter{width:100%;}.kadence-column3519_c40815-62 > .kt-inside-inner-col:before{opacity:0.3;}.kadence-column3519_c40815-62{position:relative;}@media all and (max-width: 1024px){.kadence-column3519_c40815-62 > .kt-inside-inner-col{flex-direction:column;justify-content:center;}}@media all and (max-width: 767px){.kadence-column3519_c40815-62 > .kt-inside-inner-col{flex-direction:column;justify-content:center;}}<\/style>\n<div class=\"wp-block-kadence-column kadence-column3519_c40815-62\"><div class=\"kt-inside-inner-col\">\n<p>Ce \u00ab master score \u00bb est un document de travail qui documente, pour chaque s\u00e9quence, les diff\u00e9rentes pistes sonores qui composeront le mixage final. Ainsi, sur des port\u00e9es musicales, chaque effet sonore, ligne de dialogue, note de musique est soigneusement minut\u00e9e, donnant de pr\u00e9cieuses indications telles que le num\u00e9ro de la prise, l'intensit\u00e9 requise du volume, et m\u00eame des indications sp\u00e9cifiques quant \u00e0 la premi\u00e8re adaptation linguistique effectu\u00e9e puisque le mot \"Spanish\" appara\u00eet \u00e0 plusieurs reprises tout au long du film pour indiquer un changement dans cette version (et vraisemblablement dans toutes les versions \u00e9trang\u00e8res ult\u00e9rieures).<\/p>\n\n\n\n<p>Certaines sc\u00e8nes supprim\u00e9es sont encore pr\u00e9sentes, ce qui signifie qu'elles ont \u00e9t\u00e9 supprim\u00e9es tardivement dans le processus, et parfois, des rep\u00e8res musicaux supprim\u00e9s sur des sc\u00e8nes encore existantes sont \u00e9galement visibles. Par exemple, le \"mickey-mousing\" lorsque Simplet monte les escaliers sur la pointe des pieds devait \u00eatre supprim\u00e9 dans le mixage original (l'indication \"music out\" figure sur la partition). Une copie de 1938 ne contiendrait donc pas la musique \u00e0 ce moment-l\u00e0. Cependant, les copies actuelles incluent la musique qui a d\u00fb \u00eatre restaur\u00e9e lors d'une restauration r\u00e9cente.<\/p>\n<\/div><\/div>\n\n\n<style>.kadence-column3519_591ab2-fb > .kt-inside-inner-col,.kadence-column3519_591ab2-fb > .kt-inside-inner-col:before{border-top-left-radius:0px;border-top-right-radius:0px;border-bottom-right-radius:0px;border-bottom-left-radius:0px;}.kadence-column3519_591ab2-fb > .kt-inside-inner-col{column-gap:var(--global-kb-gap-sm, 1rem);}.kadence-column3519_591ab2-fb > .kt-inside-inner-col{flex-direction:column;}.kadence-column3519_591ab2-fb > .kt-inside-inner-col > .aligncenter{width:100%;}.kadence-column3519_591ab2-fb > .kt-inside-inner-col:before{opacity:0.3;}.kadence-column3519_591ab2-fb{position:relative;}@media all and (max-width: 1024px){.kadence-column3519_591ab2-fb > .kt-inside-inner-col{flex-direction:column;justify-content:center;}}@media all and (max-width: 767px){.kadence-column3519_591ab2-fb > .kt-inside-inner-col{flex-direction:column;justify-content:center;}}<\/style>\n<div class=\"wp-block-kadence-column kadence-column3519_591ab2-fb\"><div class=\"kt-inside-inner-col\">\n<figure class=\"wp-block-image size-full\"><a href=\"https:\/\/snowwhitemuseum.com\/wp-content\/uploads\/2023\/09\/Snowwhitemasterscore-back.jpg\"><img loading=\"lazy\" decoding=\"async\" width=\"736\" height=\"940\" src=\"http:\/\/snowwhitemuseum.com\/wp-content\/uploads\/2023\/09\/Snowwhitemasterscore-back.jpg\" alt=\"\" class=\"wp-image-7403\" srcset=\"https:\/\/snowwhitemuseum.com\/wp-content\/uploads\/2023\/09\/Snowwhitemasterscore-back.jpg 736w, https:\/\/snowwhitemuseum.com\/wp-content\/uploads\/2023\/09\/Snowwhitemasterscore-back-235x300.jpg 235w, https:\/\/snowwhitemuseum.com\/wp-content\/uploads\/2023\/09\/Snowwhitemasterscore-back-9x12.jpg 9w\" sizes=\"auto, (max-width: 736px) 100vw, 736px\" \/><\/a><\/figure>\n<\/div><\/div>\n\n<\/div><\/div>","protected":false},"excerpt":{"rendered":"<p>The Master Score of Walt Disney\u2019s Snow White and the Seven Dwarfs was published by Disney Music Legacy Libraries, Hal Leonard Corporation in August 2015 in a limited edition of 400 copies. (ISBN : 978-1-4950-0872-6). \u201cMusic by Frank E. Churchill, Lyrics by Larry Morey and additional underscore by Leigh Harline and Paul J. Smith. A&#8230;<\/p>","protected":false},"author":1,"featured_media":3516,"parent":3440,"menu_order":0,"comment_status":"closed","ping_status":"closed","template":"","meta":{"_kadence_starter_templates_imported_post":false,"_kad_post_transparent":"","_kad_post_title":"","_kad_post_layout":"","_kad_post_sidebar_id":"","_kad_post_content_style":"","_kad_post_vertical_padding":"","_kad_post_feature":"","_kad_post_feature_position":"","_kad_post_header":false,"_kad_post_footer":false,"_kad_post_classname":"","footnotes":""},"class_list":["post-3519","page","type-page","status-publish","has-post-thumbnail","hentry"],"aioseo_notices":[],"_links":{"self":[{"href":"https:\/\/snowwhitemuseum.com\/fr\/wp-json\/wp\/v2\/pages\/3519","targetHints":{"allow":["GET"]}}],"collection":[{"href":"https:\/\/snowwhitemuseum.com\/fr\/wp-json\/wp\/v2\/pages"}],"about":[{"href":"https:\/\/snowwhitemuseum.com\/fr\/wp-json\/wp\/v2\/types\/page"}],"author":[{"embeddable":true,"href":"https:\/\/snowwhitemuseum.com\/fr\/wp-json\/wp\/v2\/users\/1"}],"replies":[{"embeddable":true,"href":"https:\/\/snowwhitemuseum.com\/fr\/wp-json\/wp\/v2\/comments?post=3519"}],"version-history":[{"count":9,"href":"https:\/\/snowwhitemuseum.com\/fr\/wp-json\/wp\/v2\/pages\/3519\/revisions"}],"predecessor-version":[{"id":15066,"href":"https:\/\/snowwhitemuseum.com\/fr\/wp-json\/wp\/v2\/pages\/3519\/revisions\/15066"}],"up":[{"embeddable":true,"href":"https:\/\/snowwhitemuseum.com\/fr\/wp-json\/wp\/v2\/pages\/3440"}],"wp:featuredmedia":[{"embeddable":true,"href":"https:\/\/snowwhitemuseum.com\/fr\/wp-json\/wp\/v2\/media\/3516"}],"wp:attachment":[{"href":"https:\/\/snowwhitemuseum.com\/fr\/wp-json\/wp\/v2\/media?parent=3519"}],"curies":[{"name":"wp","href":"https:\/\/api.w.org\/{rel}","templated":true}]}}