{"id":3775,"date":"2023-06-21T08:09:06","date_gmt":"2023-06-21T06:09:06","guid":{"rendered":"https:\/\/snowwhitemuseum.com\/?page_id=3775"},"modified":"2024-12-29T16:42:15","modified_gmt":"2024-12-29T15:42:15","slug":"super-croix-73-snow-white-and-the-seven-dwarfs-laundry-detergent-barrel","status":"publish","type":"page","link":"https:\/\/snowwhitemuseum.com\/fr\/merchandising\/miscellaneous-merchandise\/super-croix-73-snow-white-and-the-seven-dwarfs-laundry-detergent-barrel\/","title":{"rendered":"Baril de lessive Super Croix 73 \"Blanche Neige et les sept nains\""},"content":{"rendered":"<style>.wp-block-kadence-advancedbtn.kb-btns3775_211b1e-da{gap:var(--global-kb-gap-xs, 0.5rem );justify-content:center;align-items:center;}.kt-btns3775_211b1e-da .kt-button{font-weight:normal;font-style:normal;}.kt-btns3775_211b1e-da .kt-btn-wrap-0{margin-right:5px;}.wp-block-kadence-advancedbtn.kt-btns3775_211b1e-da .kt-btn-wrap-0 .kt-button{color:#555555;border-color:#555555;}.wp-block-kadence-advancedbtn.kt-btns3775_211b1e-da .kt-btn-wrap-0 .kt-button:hover, .wp-block-kadence-advancedbtn.kt-btns3775_211b1e-da .kt-btn-wrap-0 .kt-button:focus{color:#ffffff;border-color:#444444;}.wp-block-kadence-advancedbtn.kt-btns3775_211b1e-da .kt-btn-wrap-0 .kt-button::before{display:none;}.wp-block-kadence-advancedbtn.kt-btns3775_211b1e-da .kt-btn-wrap-0 .kt-button:hover, .wp-block-kadence-advancedbtn.kt-btns3775_211b1e-da .kt-btn-wrap-0 .kt-button:focus{background:#444444;}<\/style>\n<div class=\"wp-block-kadence-advancedbtn kb-buttons-wrap kb-btns3775_211b1e-da\"><style>ul.menu .wp-block-kadence-advancedbtn .kb-btn3775_df0ba1-ef.kb-button{width:initial;}<\/style><a class=\"kb-button kt-button button kb-btn3775_df0ba1-ef kt-btn-size-standard kt-btn-width-type-auto kb-btn-global-fill  kt-btn-has-text-true kt-btn-has-svg-false  wp-block-kadence-singlebtn\" href=\"https:\/\/snowwhitemuseum.com\/fr\/merchandising\/miscellaneous-merchandise\/\"><span class=\"kt-btn-inner-text\">Retour aux Produits divers<\/span><\/a><\/div>\n\n\n<style>.kb-row-layout-id3775_4f7f9e-f4 > .kt-row-column-wrap{align-content:start;}:where(.kb-row-layout-id3775_4f7f9e-f4 > .kt-row-column-wrap) > .wp-block-kadence-column{justify-content:start;}.kb-row-layout-id3775_4f7f9e-f4 > .kt-row-column-wrap{column-gap:var(--global-kb-gap-md, 2rem);row-gap:var(--global-kb-gap-md, 2rem);padding-top:var(--global-kb-spacing-sm, 1.5rem);padding-bottom:var(--global-kb-spacing-sm, 1.5rem);grid-template-columns:minmax(0, 1fr) minmax(0, 2fr);}.kb-row-layout-id3775_4f7f9e-f4 > .kt-row-layout-overlay{opacity:0.30;}@media all and (max-width: 1024px){.kb-row-layout-id3775_4f7f9e-f4 > .kt-row-column-wrap{grid-template-columns:minmax(0, 1fr) minmax(0, 2fr);}}@media all and (max-width: 767px){.kb-row-layout-id3775_4f7f9e-f4 > .kt-row-column-wrap{grid-template-columns:minmax(0, 1fr);}}<\/style><div class=\"kb-row-layout-wrap kb-row-layout-id3775_4f7f9e-f4 alignnone wp-block-kadence-rowlayout\"><div class=\"kt-row-column-wrap kt-has-2-columns kt-row-layout-right-golden kt-tab-layout-inherit kt-mobile-layout-row kt-row-valign-top\">\n<style>.kadence-column3775_2e3dab-98 > .kt-inside-inner-col,.kadence-column3775_2e3dab-98 > .kt-inside-inner-col:before{border-top-left-radius:0px;border-top-right-radius:0px;border-bottom-right-radius:0px;border-bottom-left-radius:0px;}.kadence-column3775_2e3dab-98 > .kt-inside-inner-col{column-gap:var(--global-kb-gap-sm, 1rem);}.kadence-column3775_2e3dab-98 > .kt-inside-inner-col{flex-direction:column;}.kadence-column3775_2e3dab-98 > .kt-inside-inner-col > .aligncenter{width:100%;}.kadence-column3775_2e3dab-98 > .kt-inside-inner-col:before{opacity:0.3;}.kadence-column3775_2e3dab-98{position:relative;}@media all and (max-width: 1024px){.kadence-column3775_2e3dab-98 > .kt-inside-inner-col{flex-direction:column;justify-content:center;}}@media all and (max-width: 767px){.kadence-column3775_2e3dab-98 > .kt-inside-inner-col{flex-direction:column;justify-content:center;}}<\/style>\n<div class=\"wp-block-kadence-column kadence-column3775_2e3dab-98\"><div class=\"kt-inside-inner-col\">\n<figure class=\"wp-block-image size-full\"><img loading=\"lazy\" decoding=\"async\" width=\"1000\" height=\"959\" src=\"http:\/\/snowwhitemuseum.com\/wp-content\/uploads\/2023\/06\/Baril-7.jpg\" alt=\"\" class=\"wp-image-3782\" srcset=\"https:\/\/snowwhitemuseum.com\/wp-content\/uploads\/2023\/06\/Baril-7.jpg 1000w, https:\/\/snowwhitemuseum.com\/wp-content\/uploads\/2023\/06\/Baril-7-300x288.jpg 300w, https:\/\/snowwhitemuseum.com\/wp-content\/uploads\/2023\/06\/Baril-7-768x737.jpg 768w, https:\/\/snowwhitemuseum.com\/wp-content\/uploads\/2023\/06\/Baril-7-13x12.jpg 13w\" sizes=\"auto, (max-width: 1000px) 100vw, 1000px\" \/><\/figure>\n<\/div><\/div>\n\n\n<style>.kadence-column3775_437a4a-d2 > .kt-inside-inner-col,.kadence-column3775_437a4a-d2 > .kt-inside-inner-col:before{border-top-left-radius:0px;border-top-right-radius:0px;border-bottom-right-radius:0px;border-bottom-left-radius:0px;}.kadence-column3775_437a4a-d2 > .kt-inside-inner-col{column-gap:var(--global-kb-gap-sm, 1rem);}.kadence-column3775_437a4a-d2 > .kt-inside-inner-col{flex-direction:column;}.kadence-column3775_437a4a-d2 > .kt-inside-inner-col > .aligncenter{width:100%;}.kadence-column3775_437a4a-d2 > .kt-inside-inner-col:before{opacity:0.3;}.kadence-column3775_437a4a-d2{position:relative;}@media all and (max-width: 1024px){.kadence-column3775_437a4a-d2 > .kt-inside-inner-col{flex-direction:column;justify-content:center;}}@media all and (max-width: 767px){.kadence-column3775_437a4a-d2 > .kt-inside-inner-col{flex-direction:column;justify-content:center;}}<\/style>\n<div class=\"wp-block-kadence-column kadence-column3775_437a4a-d2\"><div class=\"kt-inside-inner-col\">\n<p>\u00c0 l'approche de la sortie du film de 1973, de nombreux partenariats sont nou\u00e9s dans toutes les branches du commerce et de l'industrie pour promouvoir les personnages du film. L'un d'entre eux est conclu avec l'entreprise Henkel qui propose un disque de l'histoire du film avec sa marque Dato, mais aussi des barils de lessive Super Croix 73 \u00e0 l'effigie du film.<\/p>\n\n\n\n<p>La campagne est relay\u00e9e le 5 d\u00e9cembre 1973 dans le journal corporatiste Le Film Fran\u00e7ais, \u00e0 destination des exploitants pour les assurer de la bonne promotion du film.<\/p>\n\n\n\n<p>Le produit est d\u00e9crit comme un \"baril g\u00e9ant d\u00e9cor\u00e9 d'une sc\u00e8ne du film\" et, avec le disque, porte en tout \"sur 350.000 conditionnements.\" Il s'agissait des barils de 4,7 kg. La sc\u00e8ne repr\u00e9sent\u00e9e est celle de la tyrolienne des nains, inspir\u00e9e de dessins pr\u00e9c\u00e9dents mais adapt\u00e9e par un artiste inconnu.<\/p>\n<\/div><\/div>\n\n<\/div><\/div>\n\n<style>.wp-block-kadence-advancedgallery .kb-gallery-type-masonry.kb-gallery-id-3775_e46110-7c{margin:-5px;}.kb-gallery-type-masonry.kb-gallery-id-3775_e46110-7c .kadence-blocks-gallery-item{padding:5px;}.kb-gallery-id-3775_e46110-7c .kadence-blocks-gallery-item .kb-gal-image-radius, .kb-gallery-id-3775_e46110-7c .kb-slide-item .kb-gal-image-radius img{border-radius:0px 0px 0px 0px;;}.kb-gallery-caption-style-bottom.kb-gallery-id-3775_e46110-7c .kadence-blocks-gallery-item .kadence-blocks-gallery-item-inner .kadence-blocks-gallery-item__caption, .kb-gallery-caption-style-bottom-hover.kb-gallery-id-3775_e46110-7c .kadence-blocks-gallery-item .kadence-blocks-gallery-item-inner .kadence-blocks-gallery-item__caption{background:linear-gradient(0deg, rgba(0, 0, 0, 0.8) 0, rgba(0, 0, 0, 0) 100%);}<\/style><div class=\"kb-gallery-wrap-id-3775_e46110-7c alignnone wp-block-kadence-advancedgallery\"><ul class=\"kb-gallery-ul kb-gallery-non-static kb-gallery-type-masonry kb-masonry-init kb-gallery-id-3775_e46110-7c kb-gallery-caption-style-bottom-hover kb-gallery-filter-none kb-gallery-magnific-init\" data-image-filter=\"none\" data-item-selector=\".kadence-blocks-gallery-item\" data-lightbox-caption=\"true\" data-columns-xxl=\"3\" data-columns-xl=\"3\" data-columns-md=\"3\" data-columns-sm=\"2\" data-columns-xs=\"1\" data-columns-ss=\"1\"><li class=\"kadence-blocks-gallery-item\"><div class=\"kadence-blocks-gallery-item-inner\"><figure class=\"kb-gallery-figure kb-gallery-item-has-link\"><a href=\"http:\/\/snowwhitemuseum.com\/wp-content\/uploads\/2023\/06\/Baril-1.jpg\" class=\"kb-gallery-item-link\"   role=\"button\" aria-haspopup=\"dialog\"><div class=\"kb-gal-image-radius\" style=\"max-width:462px;\"><div class=\"kb-gallery-image-contain kadence-blocks-gallery-intrinsic\" style=\"padding-bottom:221%;\"><img loading=\"lazy\" decoding=\"async\" src=\"http:\/\/snowwhitemuseum.com\/wp-content\/uploads\/2023\/06\/Baril-1-462x1024.jpg\" width=\"462\" height=\"1024\" alt=\"\" data-full-image=\"http:\/\/snowwhitemuseum.com\/wp-content\/uploads\/2023\/06\/Baril-1.jpg\" data-light-image=\"http:\/\/snowwhitemuseum.com\/wp-content\/uploads\/2023\/06\/Baril-1.jpg\" data-id=\"3776\" class=\"wp-image-3776\" srcset=\"https:\/\/snowwhitemuseum.com\/wp-content\/uploads\/2023\/06\/Baril-1-462x1024.jpg 462w, https:\/\/snowwhitemuseum.com\/wp-content\/uploads\/2023\/06\/Baril-1-135x300.jpg 135w, https:\/\/snowwhitemuseum.com\/wp-content\/uploads\/2023\/06\/Baril-1-5x12.jpg 5w, https:\/\/snowwhitemuseum.com\/wp-content\/uploads\/2023\/06\/Baril-1.jpg 677w\" sizes=\"auto, (max-width: 462px) 100vw, 462px\" \/><\/div><\/div><\/a><\/figure><\/div><\/li><li class=\"kadence-blocks-gallery-item\"><div class=\"kadence-blocks-gallery-item-inner\"><figure class=\"kb-gallery-figure kb-gallery-item-has-link\"><a href=\"http:\/\/snowwhitemuseum.com\/wp-content\/uploads\/2023\/06\/Baril-2.jpg\" class=\"kb-gallery-item-link\"   role=\"button\" aria-haspopup=\"dialog\"><div class=\"kb-gal-image-radius\" style=\"max-width:443px;\"><div class=\"kb-gallery-image-contain kadence-blocks-gallery-intrinsic\" style=\"padding-bottom:231%;\"><img loading=\"lazy\" decoding=\"async\" src=\"http:\/\/snowwhitemuseum.com\/wp-content\/uploads\/2023\/06\/Baril-2-443x1024.jpg\" width=\"443\" height=\"1024\" alt=\"\" data-full-image=\"http:\/\/snowwhitemuseum.com\/wp-content\/uploads\/2023\/06\/Baril-2.jpg\" data-light-image=\"http:\/\/snowwhitemuseum.com\/wp-content\/uploads\/2023\/06\/Baril-2.jpg\" data-id=\"3777\" class=\"wp-image-3777\" srcset=\"https:\/\/snowwhitemuseum.com\/wp-content\/uploads\/2023\/06\/Baril-2-443x1024.jpg 443w, https:\/\/snowwhitemuseum.com\/wp-content\/uploads\/2023\/06\/Baril-2-130x300.jpg 130w, https:\/\/snowwhitemuseum.com\/wp-content\/uploads\/2023\/06\/Baril-2-5x12.jpg 5w, https:\/\/snowwhitemuseum.com\/wp-content\/uploads\/2023\/06\/Baril-2.jpg 649w\" sizes=\"auto, (max-width: 443px) 100vw, 443px\" \/><\/div><\/div><\/a><\/figure><\/div><\/li><li class=\"kadence-blocks-gallery-item\"><div class=\"kadence-blocks-gallery-item-inner\"><figure class=\"kb-gallery-figure kb-gallery-item-has-link\"><a href=\"http:\/\/snowwhitemuseum.com\/wp-content\/uploads\/2023\/06\/baril-3.jpg\" class=\"kb-gallery-item-link\"   role=\"button\" aria-haspopup=\"dialog\"><div class=\"kb-gal-image-radius\" style=\"max-width:447px;\"><div class=\"kb-gallery-image-contain kadence-blocks-gallery-intrinsic\" style=\"padding-bottom:229%;\"><img loading=\"lazy\" decoding=\"async\" src=\"http:\/\/snowwhitemuseum.com\/wp-content\/uploads\/2023\/06\/baril-3-447x1024.jpg\" width=\"447\" height=\"1024\" alt=\"\" data-full-image=\"http:\/\/snowwhitemuseum.com\/wp-content\/uploads\/2023\/06\/baril-3.jpg\" data-light-image=\"http:\/\/snowwhitemuseum.com\/wp-content\/uploads\/2023\/06\/baril-3.jpg\" data-id=\"3778\" class=\"wp-image-3778\" srcset=\"https:\/\/snowwhitemuseum.com\/wp-content\/uploads\/2023\/06\/baril-3-447x1024.jpg 447w, https:\/\/snowwhitemuseum.com\/wp-content\/uploads\/2023\/06\/baril-3-131x300.jpg 131w, https:\/\/snowwhitemuseum.com\/wp-content\/uploads\/2023\/06\/baril-3-5x12.jpg 5w, https:\/\/snowwhitemuseum.com\/wp-content\/uploads\/2023\/06\/baril-3.jpg 655w\" sizes=\"auto, (max-width: 447px) 100vw, 447px\" \/><\/div><\/div><\/a><\/figure><\/div><\/li><li class=\"kadence-blocks-gallery-item\"><div class=\"kadence-blocks-gallery-item-inner\"><figure class=\"kb-gallery-figure kb-gallery-item-has-link\"><a href=\"http:\/\/snowwhitemuseum.com\/wp-content\/uploads\/2023\/06\/Baril-4.jpg\" class=\"kb-gallery-item-link\"   role=\"button\" aria-haspopup=\"dialog\"><div class=\"kb-gal-image-radius\" style=\"max-width:453px;\"><div class=\"kb-gallery-image-contain kadence-blocks-gallery-intrinsic\" style=\"padding-bottom:226%;\"><img loading=\"lazy\" decoding=\"async\" src=\"http:\/\/snowwhitemuseum.com\/wp-content\/uploads\/2023\/06\/Baril-4-453x1024.jpg\" width=\"453\" height=\"1024\" alt=\"\" data-full-image=\"http:\/\/snowwhitemuseum.com\/wp-content\/uploads\/2023\/06\/Baril-4.jpg\" data-light-image=\"http:\/\/snowwhitemuseum.com\/wp-content\/uploads\/2023\/06\/Baril-4.jpg\" data-id=\"3779\" class=\"wp-image-3779\" srcset=\"https:\/\/snowwhitemuseum.com\/wp-content\/uploads\/2023\/06\/Baril-4-453x1024.jpg 453w, https:\/\/snowwhitemuseum.com\/wp-content\/uploads\/2023\/06\/Baril-4-133x300.jpg 133w, https:\/\/snowwhitemuseum.com\/wp-content\/uploads\/2023\/06\/Baril-4-5x12.jpg 5w, https:\/\/snowwhitemuseum.com\/wp-content\/uploads\/2023\/06\/Baril-4.jpg 664w\" sizes=\"auto, (max-width: 453px) 100vw, 453px\" \/><\/div><\/div><\/a><\/figure><\/div><\/li><li class=\"kadence-blocks-gallery-item\"><div class=\"kadence-blocks-gallery-item-inner\"><figure class=\"kb-gallery-figure kb-gallery-item-has-link\"><a href=\"http:\/\/snowwhitemuseum.com\/wp-content\/uploads\/2023\/06\/Baril-5.jpg\" class=\"kb-gallery-item-link\"   role=\"button\" aria-haspopup=\"dialog\"><div class=\"kb-gal-image-radius\" style=\"max-width:466px;\"><div class=\"kb-gallery-image-contain kadence-blocks-gallery-intrinsic\" style=\"padding-bottom:219%;\"><img loading=\"lazy\" decoding=\"async\" src=\"http:\/\/snowwhitemuseum.com\/wp-content\/uploads\/2023\/06\/Baril-5-466x1024.jpg\" width=\"466\" height=\"1024\" alt=\"\" data-full-image=\"http:\/\/snowwhitemuseum.com\/wp-content\/uploads\/2023\/06\/Baril-5.jpg\" data-light-image=\"http:\/\/snowwhitemuseum.com\/wp-content\/uploads\/2023\/06\/Baril-5.jpg\" data-id=\"3780\" class=\"wp-image-3780\" srcset=\"https:\/\/snowwhitemuseum.com\/wp-content\/uploads\/2023\/06\/Baril-5-466x1024.jpg 466w, https:\/\/snowwhitemuseum.com\/wp-content\/uploads\/2023\/06\/Baril-5-137x300.jpg 137w, https:\/\/snowwhitemuseum.com\/wp-content\/uploads\/2023\/06\/Baril-5-5x12.jpg 5w, https:\/\/snowwhitemuseum.com\/wp-content\/uploads\/2023\/06\/Baril-5.jpg 683w\" sizes=\"auto, (max-width: 466px) 100vw, 466px\" \/><\/div><\/div><\/a><\/figure><\/div><\/li><li class=\"kadence-blocks-gallery-item\"><div class=\"kadence-blocks-gallery-item-inner\"><figure class=\"kb-gallery-figure kb-gallery-item-has-link\"><a href=\"http:\/\/snowwhitemuseum.com\/wp-content\/uploads\/2023\/06\/Baril-6.jpg\" class=\"kb-gallery-item-link\"   role=\"button\" aria-haspopup=\"dialog\"><div class=\"kb-gal-image-radius\" style=\"max-width:468px;\"><div class=\"kb-gallery-image-contain kadence-blocks-gallery-intrinsic\" style=\"padding-bottom:218%;\"><img loading=\"lazy\" decoding=\"async\" src=\"http:\/\/snowwhitemuseum.com\/wp-content\/uploads\/2023\/06\/Baril-6-468x1024.jpg\" width=\"468\" height=\"1024\" alt=\"\" data-full-image=\"http:\/\/snowwhitemuseum.com\/wp-content\/uploads\/2023\/06\/Baril-6.jpg\" data-light-image=\"http:\/\/snowwhitemuseum.com\/wp-content\/uploads\/2023\/06\/Baril-6.jpg\" data-id=\"3781\" class=\"wp-image-3781\" srcset=\"https:\/\/snowwhitemuseum.com\/wp-content\/uploads\/2023\/06\/Baril-6-468x1024.jpg 468w, https:\/\/snowwhitemuseum.com\/wp-content\/uploads\/2023\/06\/Baril-6-137x300.jpg 137w, https:\/\/snowwhitemuseum.com\/wp-content\/uploads\/2023\/06\/Baril-6-5x12.jpg 5w, https:\/\/snowwhitemuseum.com\/wp-content\/uploads\/2023\/06\/Baril-6.jpg 686w\" sizes=\"auto, (max-width: 468px) 100vw, 468px\" \/><\/div><\/div><\/a><\/figure><\/div><\/li><li class=\"kadence-blocks-gallery-item\"><div class=\"kadence-blocks-gallery-item-inner\"><figure class=\"kb-gallery-figure kb-gallery-item-has-link\"><a href=\"http:\/\/snowwhitemuseum.com\/wp-content\/uploads\/2023\/06\/Baril-7.jpg\" class=\"kb-gallery-item-link\"   role=\"button\" aria-haspopup=\"dialog\"><div class=\"kb-gal-image-radius\" style=\"max-width:1000px;\"><div class=\"kb-gallery-image-contain kadence-blocks-gallery-intrinsic\" style=\"padding-bottom:95%;\"><img loading=\"lazy\" decoding=\"async\" src=\"http:\/\/snowwhitemuseum.com\/wp-content\/uploads\/2023\/06\/Baril-7.jpg\" width=\"1000\" height=\"959\" alt=\"\" data-full-image=\"http:\/\/snowwhitemuseum.com\/wp-content\/uploads\/2023\/06\/Baril-7.jpg\" data-light-image=\"http:\/\/snowwhitemuseum.com\/wp-content\/uploads\/2023\/06\/Baril-7.jpg\" data-id=\"3782\" class=\"wp-image-3782\" srcset=\"https:\/\/snowwhitemuseum.com\/wp-content\/uploads\/2023\/06\/Baril-7.jpg 1000w, https:\/\/snowwhitemuseum.com\/wp-content\/uploads\/2023\/06\/Baril-7-300x288.jpg 300w, https:\/\/snowwhitemuseum.com\/wp-content\/uploads\/2023\/06\/Baril-7-768x737.jpg 768w, https:\/\/snowwhitemuseum.com\/wp-content\/uploads\/2023\/06\/Baril-7-13x12.jpg 13w\" sizes=\"auto, (max-width: 1000px) 100vw, 1000px\" \/><\/div><\/div><\/a><\/figure><\/div><\/li><\/ul><\/div>","protected":false},"excerpt":{"rendered":"<p>In the run-up to the release of the 1973 film in France, numerous partnerships were forged in all branches of commerce and industry to promote the film&#8217;s characters. One of these was with Henkel, which offered a disc of the film&#8217;s story with its Dato brand, as well as barrels of Super Croix 73 laundry&#8230;<\/p>","protected":false},"author":1,"featured_media":3782,"parent":1930,"menu_order":0,"comment_status":"closed","ping_status":"closed","template":"","meta":{"_kadence_starter_templates_imported_post":false,"_kad_post_transparent":"","_kad_post_title":"","_kad_post_layout":"","_kad_post_sidebar_id":"","_kad_post_content_style":"","_kad_post_vertical_padding":"","_kad_post_feature":"","_kad_post_feature_position":"","_kad_post_header":false,"_kad_post_footer":false,"_kad_post_classname":"","footnotes":""},"class_list":["post-3775","page","type-page","status-publish","has-post-thumbnail","hentry"],"aioseo_notices":[],"_links":{"self":[{"href":"https:\/\/snowwhitemuseum.com\/fr\/wp-json\/wp\/v2\/pages\/3775","targetHints":{"allow":["GET"]}}],"collection":[{"href":"https:\/\/snowwhitemuseum.com\/fr\/wp-json\/wp\/v2\/pages"}],"about":[{"href":"https:\/\/snowwhitemuseum.com\/fr\/wp-json\/wp\/v2\/types\/page"}],"author":[{"embeddable":true,"href":"https:\/\/snowwhitemuseum.com\/fr\/wp-json\/wp\/v2\/users\/1"}],"replies":[{"embeddable":true,"href":"https:\/\/snowwhitemuseum.com\/fr\/wp-json\/wp\/v2\/comments?post=3775"}],"version-history":[{"count":2,"href":"https:\/\/snowwhitemuseum.com\/fr\/wp-json\/wp\/v2\/pages\/3775\/revisions"}],"predecessor-version":[{"id":13717,"href":"https:\/\/snowwhitemuseum.com\/fr\/wp-json\/wp\/v2\/pages\/3775\/revisions\/13717"}],"up":[{"embeddable":true,"href":"https:\/\/snowwhitemuseum.com\/fr\/wp-json\/wp\/v2\/pages\/1930"}],"wp:featuredmedia":[{"embeddable":true,"href":"https:\/\/snowwhitemuseum.com\/fr\/wp-json\/wp\/v2\/media\/3782"}],"wp:attachment":[{"href":"https:\/\/snowwhitemuseum.com\/fr\/wp-json\/wp\/v2\/media?parent=3775"}],"curies":[{"name":"wp","href":"https:\/\/api.w.org\/{rel}","templated":true}]}}