{"id":3893,"date":"2023-06-21T10:13:17","date_gmt":"2023-06-21T08:13:17","guid":{"rendered":"https:\/\/snowwhitemuseum.com\/?page_id=3893"},"modified":"2024-12-29T16:41:14","modified_gmt":"2024-12-29T15:41:14","slug":"hachette-book-catalog","status":"publish","type":"page","link":"https:\/\/snowwhitemuseum.com\/fr\/merchandising\/miscellaneous-merchandise\/hachette-book-catalog\/","title":{"rendered":"Catalogue de livres Hachette"},"content":{"rendered":"<style>.wp-block-kadence-advancedbtn.kb-btns3893_ea691b-62{gap:var(--global-kb-gap-xs, 0.5rem );justify-content:center;align-items:center;}.kt-btns3893_ea691b-62 .kt-button{font-weight:normal;font-style:normal;}.kt-btns3893_ea691b-62 .kt-btn-wrap-0{margin-right:5px;}.wp-block-kadence-advancedbtn.kt-btns3893_ea691b-62 .kt-btn-wrap-0 .kt-button{color:#555555;border-color:#555555;}.wp-block-kadence-advancedbtn.kt-btns3893_ea691b-62 .kt-btn-wrap-0 .kt-button:hover, .wp-block-kadence-advancedbtn.kt-btns3893_ea691b-62 .kt-btn-wrap-0 .kt-button:focus{color:#ffffff;border-color:#444444;}.wp-block-kadence-advancedbtn.kt-btns3893_ea691b-62 .kt-btn-wrap-0 .kt-button::before{display:none;}.wp-block-kadence-advancedbtn.kt-btns3893_ea691b-62 .kt-btn-wrap-0 .kt-button:hover, .wp-block-kadence-advancedbtn.kt-btns3893_ea691b-62 .kt-btn-wrap-0 .kt-button:focus{background:#444444;}<\/style>\n<div class=\"wp-block-kadence-advancedbtn kb-buttons-wrap kb-btns3893_ea691b-62\"><style>ul.menu .wp-block-kadence-advancedbtn .kb-btn3893_d265a3-0d.kb-button{width:initial;}<\/style><a class=\"kb-button kt-button button kb-btn3893_d265a3-0d kt-btn-size-standard kt-btn-width-type-auto kb-btn-global-fill  kt-btn-has-text-true kt-btn-has-svg-false  wp-block-kadence-singlebtn\" href=\"https:\/\/snowwhitemuseum.com\/fr\/merchandising\/miscellaneous-merchandise\/\"><span class=\"kt-btn-inner-text\">Retour aux Produits divers<\/span><\/a><\/div>\n\n\n<style>.kb-row-layout-id3893_b942ec-f9 > .kt-row-column-wrap{align-content:start;}:where(.kb-row-layout-id3893_b942ec-f9 > .kt-row-column-wrap) > .wp-block-kadence-column{justify-content:start;}.kb-row-layout-id3893_b942ec-f9 > .kt-row-column-wrap{column-gap:var(--global-kb-gap-md, 2rem);row-gap:var(--global-kb-gap-md, 2rem);padding-top:var(--global-kb-spacing-sm, 1.5rem);padding-bottom:var(--global-kb-spacing-sm, 1.5rem);grid-template-columns:minmax(0, 1fr) minmax(0, 2fr);}.kb-row-layout-id3893_b942ec-f9 > .kt-row-layout-overlay{opacity:0.30;}@media all and (max-width: 1024px){.kb-row-layout-id3893_b942ec-f9 > .kt-row-column-wrap{grid-template-columns:minmax(0, 1fr) minmax(0, 2fr);}}@media all and (max-width: 767px){.kb-row-layout-id3893_b942ec-f9 > .kt-row-column-wrap{grid-template-columns:minmax(0, 1fr);}}<\/style><div class=\"kb-row-layout-wrap kb-row-layout-id3893_b942ec-f9 alignnone wp-block-kadence-rowlayout\"><div class=\"kt-row-column-wrap kt-has-2-columns kt-row-layout-right-golden kt-tab-layout-inherit kt-mobile-layout-row kt-row-valign-top\">\n<style>.kadence-column3893_34e28f-b3 > .kt-inside-inner-col,.kadence-column3893_34e28f-b3 > .kt-inside-inner-col:before{border-top-left-radius:0px;border-top-right-radius:0px;border-bottom-right-radius:0px;border-bottom-left-radius:0px;}.kadence-column3893_34e28f-b3 > .kt-inside-inner-col{column-gap:var(--global-kb-gap-sm, 1rem);}.kadence-column3893_34e28f-b3 > .kt-inside-inner-col{flex-direction:column;}.kadence-column3893_34e28f-b3 > .kt-inside-inner-col > .aligncenter{width:100%;}.kadence-column3893_34e28f-b3 > .kt-inside-inner-col:before{opacity:0.3;}.kadence-column3893_34e28f-b3{position:relative;}@media all and (max-width: 1024px){.kadence-column3893_34e28f-b3 > .kt-inside-inner-col{flex-direction:column;justify-content:center;}}@media all and (max-width: 767px){.kadence-column3893_34e28f-b3 > .kt-inside-inner-col{flex-direction:column;justify-content:center;}}<\/style>\n<div class=\"wp-block-kadence-column kadence-column3893_34e28f-b3\"><div class=\"kt-inside-inner-col\">\n<figure class=\"wp-block-image size-full\"><img loading=\"lazy\" decoding=\"async\" width=\"527\" height=\"753\" src=\"http:\/\/snowwhitemuseum.com\/wp-content\/uploads\/2023\/06\/001-copie2.jpg\" alt=\"\" class=\"wp-image-3898\" srcset=\"https:\/\/snowwhitemuseum.com\/wp-content\/uploads\/2023\/06\/001-copie2.jpg 527w, https:\/\/snowwhitemuseum.com\/wp-content\/uploads\/2023\/06\/001-copie2-210x300.jpg 210w, https:\/\/snowwhitemuseum.com\/wp-content\/uploads\/2023\/06\/001-copie2-8x12.jpg 8w\" sizes=\"auto, (max-width: 527px) 100vw, 527px\" \/><\/figure>\n<\/div><\/div>\n\n\n<style>.kadence-column3893_641f60-7d > .kt-inside-inner-col,.kadence-column3893_641f60-7d > .kt-inside-inner-col:before{border-top-left-radius:0px;border-top-right-radius:0px;border-bottom-right-radius:0px;border-bottom-left-radius:0px;}.kadence-column3893_641f60-7d > .kt-inside-inner-col{column-gap:var(--global-kb-gap-sm, 1rem);}.kadence-column3893_641f60-7d > .kt-inside-inner-col{flex-direction:column;}.kadence-column3893_641f60-7d > .kt-inside-inner-col > .aligncenter{width:100%;}.kadence-column3893_641f60-7d > .kt-inside-inner-col:before{opacity:0.3;}.kadence-column3893_641f60-7d{position:relative;}@media all and (max-width: 1024px){.kadence-column3893_641f60-7d > .kt-inside-inner-col{flex-direction:column;justify-content:center;}}@media all and (max-width: 767px){.kadence-column3893_641f60-7d > .kt-inside-inner-col{flex-direction:column;justify-content:center;}}<\/style>\n<div class=\"wp-block-kadence-column kadence-column3893_641f60-7d\"><div class=\"kt-inside-inner-col\">\n<p>Ce catalogue de 8 pages a \u00e9t\u00e9 imprim\u00e9 pour les livres \u00e9dit\u00e9s par Hachette pour les f\u00eates de l'hiver 1938 - 1939. On noter qu'on ne met pas en avant \"no\u00ebl 1938\", mais bien les \"\u00e9trennes 1939\", traditionnellement une occasion o\u00f9 l'on offrait des livres.<\/p>\n\n\n\n<p>Dans les pages du catalogue, on trouve des livres de <em>Blanche Neige<\/em> comme <a href=\"https:\/\/snowwhitemuseum.com\/fr\/merchandising\/books\/french-books\/snow-white-and-her-animal-friends\/\" title=\"Blanche Neige et ses amis les b\u00eates\">l'album Hop-l\u00e0<\/a>, dont la couverture a inspir\u00e9 celle du pr\u00e9sent catalogue, <a href=\"https:\/\/snowwhitemuseum.com\/fr\/merchandising\/books\/french-books\/snow-white-and-the-seven-dwarfs-book-published-by-hachette-in-1938\/\" title=\"Livre &quot;Blanche Neige et les sept nains&quot; publi\u00e9 par Hachette en 1938\">le livre d'histoire Hachette<\/a>, les rares <a href=\"https:\/\/snowwhitemuseum.com\/fr\/merchandising\/books\/french-books\/snow-white-rey-cut-outs-by-hachette\/\" title=\"Les d\u00e9coupages Rey Blanche Neige par Hachette\">livres de d\u00e9coupages Rey<\/a>, ainsi que des livres de Mickey dont le tr\u00e8s politiquement incorrect \"Mickey Roi de Bamboulie\", Pluto, Donald, Nimbus, F\u00e9lix le chat, Babar, Tarzan, etc.<\/p>\n<\/div><\/div>\n\n<\/div><\/div>\n\n<style>.kb-gallery-id-3893_95dd3c-84 .kadence-blocks-gallery-item .kb-gal-image-radius, .kb-gallery-id-3893_95dd3c-84 .kb-slide-item .kb-gal-image-radius img{border-radius:0px 0px 0px 0px;;}.kb-gallery-caption-style-bottom.kb-gallery-id-3893_95dd3c-84 .kadence-blocks-gallery-item .kadence-blocks-gallery-item-inner .kadence-blocks-gallery-item__caption, .kb-gallery-caption-style-bottom-hover.kb-gallery-id-3893_95dd3c-84 .kadence-blocks-gallery-item .kadence-blocks-gallery-item-inner .kadence-blocks-gallery-item__caption{background:linear-gradient(0deg, rgba(0, 0, 0, 0.8) 0, rgba(0, 0, 0, 0) 100%);}.kb-gallery-wrap-id-3893_95dd3c-84.wp-block-kadence-advancedgallery{overflow:visible;}.kb-gallery-wrap-id-3893_95dd3c-84.wp-block-kadence-advancedgallery .kt-blocks-carousel{overflow:visible;}.kb-gallery-id-3893_95dd3c-84 .splide.kt-carousel-dotstyle-light .splide__pagination__page, .kb-gallery-id-3893_95dd3c-84 .splide.kt-carousel-dotstyle-light .splide__pagination__page.is-active{background-color:#fff;}<\/style><div class=\"kb-gallery-wrap-id-3893_95dd3c-84 alignnone wp-block-kadence-advancedgallery\"><div class=\"kb-gallery-ul kb-gallery-non-static kb-gallery-type-slider kb-gallery-id-3893_95dd3c-84 kb-gallery-caption-style-bottom-hover kb-gallery-filter-none kb-gallery-magnific-init\" data-image-filter=\"none\" data-lightbox-caption=\"true\"><div class=\"kt-blocks-carousel splide kt-carousel-container-dotstyle-light kt-carousel-arrowstyle-whiteondark kt-carousel-dotstyle-light kb-slider-group-arrow kb-slider-arrow-position-center\" data-slider-anim-speed=\"400\" data-slider-scroll=\"1\" data-slider-arrows=\"true\" data-slider-fade=\"true\" data-slider-dots=\"true\" data-slider-type=\"slider\" data-slider-hover-pause=\"false\" data-slider-auto=\"\" data-slider-speed=\"7000\" data-show-pause-button=\"false\"><div class=\"splide__track\"><ul class=\"kt-blocks-carousel-init kb-blocks-slider splide__list\"><li class=\"kb-slide-item kb-gallery-slide-item splide__slide\"><div class=\"kadence-blocks-gallery-item\"><div class=\"kadence-blocks-gallery-item-inner\"><figure class=\"kb-gallery-figure kb-gallery-item-has-link\"><a href=\"http:\/\/snowwhitemuseum.com\/wp-content\/uploads\/2023\/06\/001.jpg\" class=\"kb-gallery-item-link\"   role=\"button\" aria-haspopup=\"dialog\"><div class=\"kb-gal-image-radius\"><div class=\"kb-gallery-image-contain kadence-blocks-gallery-intrinsic kb-gallery-image-ratio-inherit kb-has-image-ratio-inherit\" ><img loading=\"lazy\" decoding=\"async\" src=\"http:\/\/snowwhitemuseum.com\/wp-content\/uploads\/2023\/05\/page1-fr.png\"  data-splide-lazy=\"http:\/\/snowwhitemuseum.com\/wp-content\/uploads\/2023\/06\/001-1024x729.jpg\" width=\"1024\" height=\"729\" alt=\"\" data-full-image=\"http:\/\/snowwhitemuseum.com\/wp-content\/uploads\/2023\/06\/001.jpg\" data-light-image=\"http:\/\/snowwhitemuseum.com\/wp-content\/uploads\/2023\/06\/001.jpg\" data-splide-lazy-srcset=\"https:\/\/snowwhitemuseum.com\/wp-content\/uploads\/2023\/06\/001-1024x729.jpg 1024w, https:\/\/snowwhitemuseum.com\/wp-content\/uploads\/2023\/06\/001-300x214.jpg 300w, https:\/\/snowwhitemuseum.com\/wp-content\/uploads\/2023\/06\/001-768x547.jpg 768w, https:\/\/snowwhitemuseum.com\/wp-content\/uploads\/2023\/06\/001-18x12.jpg 18w, https:\/\/snowwhitemuseum.com\/wp-content\/uploads\/2023\/06\/001.jpg 1057w\" sizes=\"auto, (max-width: 1024px) 100vw, 1024px\"data-id=\"3894\" class=\"wp-image-3894 skip-lazy\"\/><\/div><\/div><\/a><\/figure><\/div><\/div><\/li><li class=\"kb-slide-item kb-gallery-slide-item splide__slide\"><div class=\"kadence-blocks-gallery-item\"><div class=\"kadence-blocks-gallery-item-inner\"><figure class=\"kb-gallery-figure kb-gallery-item-has-link\"><a href=\"http:\/\/snowwhitemuseum.com\/wp-content\/uploads\/2023\/06\/002-2.jpg\" class=\"kb-gallery-item-link\"   role=\"button\" aria-haspopup=\"dialog\"><div class=\"kb-gal-image-radius\"><div class=\"kb-gallery-image-contain kadence-blocks-gallery-intrinsic kb-gallery-image-ratio-inherit kb-has-image-ratio-inherit\" ><img loading=\"lazy\" decoding=\"async\" src=\"http:\/\/snowwhitemuseum.com\/wp-content\/uploads\/2023\/05\/page1-fr.png\"  data-splide-lazy=\"http:\/\/snowwhitemuseum.com\/wp-content\/uploads\/2023\/06\/002-2-1024x733.jpg\" width=\"1024\" height=\"733\" alt=\"\" data-full-image=\"http:\/\/snowwhitemuseum.com\/wp-content\/uploads\/2023\/06\/002-2.jpg\" data-light-image=\"http:\/\/snowwhitemuseum.com\/wp-content\/uploads\/2023\/06\/002-2.jpg\" data-splide-lazy-srcset=\"https:\/\/snowwhitemuseum.com\/wp-content\/uploads\/2023\/06\/002-2-1024x733.jpg 1024w, https:\/\/snowwhitemuseum.com\/wp-content\/uploads\/2023\/06\/002-2-300x215.jpg 300w, https:\/\/snowwhitemuseum.com\/wp-content\/uploads\/2023\/06\/002-2-768x550.jpg 768w, https:\/\/snowwhitemuseum.com\/wp-content\/uploads\/2023\/06\/002-2-18x12.jpg 18w, https:\/\/snowwhitemuseum.com\/wp-content\/uploads\/2023\/06\/002-2.jpg 1052w\" sizes=\"auto, (max-width: 1024px) 100vw, 1024px\"data-id=\"3895\" class=\"wp-image-3895 skip-lazy\"\/><\/div><\/div><\/a><\/figure><\/div><\/div><\/li><li class=\"kb-slide-item kb-gallery-slide-item splide__slide\"><div class=\"kadence-blocks-gallery-item\"><div class=\"kadence-blocks-gallery-item-inner\"><figure class=\"kb-gallery-figure kb-gallery-item-has-link\"><a href=\"http:\/\/snowwhitemuseum.com\/wp-content\/uploads\/2023\/06\/003-2.jpg\" class=\"kb-gallery-item-link\"   role=\"button\" aria-haspopup=\"dialog\"><div class=\"kb-gal-image-radius\"><div class=\"kb-gallery-image-contain kadence-blocks-gallery-intrinsic kb-gallery-image-ratio-inherit kb-has-image-ratio-inherit\" ><img loading=\"lazy\" decoding=\"async\" src=\"http:\/\/snowwhitemuseum.com\/wp-content\/uploads\/2023\/05\/page1-fr.png\"  data-splide-lazy=\"http:\/\/snowwhitemuseum.com\/wp-content\/uploads\/2023\/06\/003-2-1024x739.jpg\" width=\"1024\" height=\"739\" alt=\"\" data-full-image=\"http:\/\/snowwhitemuseum.com\/wp-content\/uploads\/2023\/06\/003-2.jpg\" data-light-image=\"http:\/\/snowwhitemuseum.com\/wp-content\/uploads\/2023\/06\/003-2.jpg\" data-splide-lazy-srcset=\"https:\/\/snowwhitemuseum.com\/wp-content\/uploads\/2023\/06\/003-2-1024x739.jpg 1024w, https:\/\/snowwhitemuseum.com\/wp-content\/uploads\/2023\/06\/003-2-300x216.jpg 300w, https:\/\/snowwhitemuseum.com\/wp-content\/uploads\/2023\/06\/003-2-768x554.jpg 768w, https:\/\/snowwhitemuseum.com\/wp-content\/uploads\/2023\/06\/003-2-18x12.jpg 18w, https:\/\/snowwhitemuseum.com\/wp-content\/uploads\/2023\/06\/003-2.jpg 1044w\" sizes=\"auto, (max-width: 1024px) 100vw, 1024px\"data-id=\"3896\" class=\"wp-image-3896 skip-lazy\"\/><\/div><\/div><\/a><\/figure><\/div><\/div><\/li><li class=\"kb-slide-item kb-gallery-slide-item splide__slide\"><div class=\"kadence-blocks-gallery-item\"><div class=\"kadence-blocks-gallery-item-inner\"><figure class=\"kb-gallery-figure kb-gallery-item-has-link\"><a href=\"http:\/\/snowwhitemuseum.com\/wp-content\/uploads\/2023\/06\/004-2.jpg\" class=\"kb-gallery-item-link\"   role=\"button\" aria-haspopup=\"dialog\"><div class=\"kb-gal-image-radius\"><div class=\"kb-gallery-image-contain kadence-blocks-gallery-intrinsic kb-gallery-image-ratio-inherit kb-has-image-ratio-inherit\" ><img loading=\"lazy\" decoding=\"async\" src=\"http:\/\/snowwhitemuseum.com\/wp-content\/uploads\/2023\/05\/page1-fr.png\"  data-splide-lazy=\"http:\/\/snowwhitemuseum.com\/wp-content\/uploads\/2023\/06\/004-2-1024x732.jpg\" width=\"1024\" height=\"732\" alt=\"\" data-full-image=\"http:\/\/snowwhitemuseum.com\/wp-content\/uploads\/2023\/06\/004-2.jpg\" data-light-image=\"http:\/\/snowwhitemuseum.com\/wp-content\/uploads\/2023\/06\/004-2.jpg\" data-splide-lazy-srcset=\"https:\/\/snowwhitemuseum.com\/wp-content\/uploads\/2023\/06\/004-2-1024x732.jpg 1024w, https:\/\/snowwhitemuseum.com\/wp-content\/uploads\/2023\/06\/004-2-300x214.jpg 300w, https:\/\/snowwhitemuseum.com\/wp-content\/uploads\/2023\/06\/004-2-768x549.jpg 768w, https:\/\/snowwhitemuseum.com\/wp-content\/uploads\/2023\/06\/004-2-18x12.jpg 18w, https:\/\/snowwhitemuseum.com\/wp-content\/uploads\/2023\/06\/004-2.jpg 1054w\" sizes=\"auto, (max-width: 1024px) 100vw, 1024px\"data-id=\"3897\" class=\"wp-image-3897 skip-lazy\"\/><\/div><\/div><\/a><\/figure><\/div><\/div><\/li><\/ul><\/div><\/div><\/div><\/div>","protected":false},"excerpt":{"rendered":"<p>This 8-page catalog was printed for books published by Hachette for the winter holidays of 1938 &#8211; 1939. It&#8217;s worth noting that it doesn&#8217;t feature &#8220;No\u00ebl 1938&#8221; (Christmas 1938), but rather &#8220;Etrennes 1939&#8221; (Newyears 1939), traditionally an occasion for offering books. In the pages of the catalog, we find Snow White books such as the&#8230;<\/p>","protected":false},"author":1,"featured_media":3898,"parent":1930,"menu_order":0,"comment_status":"closed","ping_status":"closed","template":"","meta":{"_kadence_starter_templates_imported_post":false,"_kad_post_transparent":"","_kad_post_title":"","_kad_post_layout":"","_kad_post_sidebar_id":"","_kad_post_content_style":"","_kad_post_vertical_padding":"","_kad_post_feature":"","_kad_post_feature_position":"","_kad_post_header":false,"_kad_post_footer":false,"_kad_post_classname":"","footnotes":""},"class_list":["post-3893","page","type-page","status-publish","has-post-thumbnail","hentry"],"aioseo_notices":[],"_links":{"self":[{"href":"https:\/\/snowwhitemuseum.com\/fr\/wp-json\/wp\/v2\/pages\/3893","targetHints":{"allow":["GET"]}}],"collection":[{"href":"https:\/\/snowwhitemuseum.com\/fr\/wp-json\/wp\/v2\/pages"}],"about":[{"href":"https:\/\/snowwhitemuseum.com\/fr\/wp-json\/wp\/v2\/types\/page"}],"author":[{"embeddable":true,"href":"https:\/\/snowwhitemuseum.com\/fr\/wp-json\/wp\/v2\/users\/1"}],"replies":[{"embeddable":true,"href":"https:\/\/snowwhitemuseum.com\/fr\/wp-json\/wp\/v2\/comments?post=3893"}],"version-history":[{"count":5,"href":"https:\/\/snowwhitemuseum.com\/fr\/wp-json\/wp\/v2\/pages\/3893\/revisions"}],"predecessor-version":[{"id":13712,"href":"https:\/\/snowwhitemuseum.com\/fr\/wp-json\/wp\/v2\/pages\/3893\/revisions\/13712"}],"up":[{"embeddable":true,"href":"https:\/\/snowwhitemuseum.com\/fr\/wp-json\/wp\/v2\/pages\/1930"}],"wp:featuredmedia":[{"embeddable":true,"href":"https:\/\/snowwhitemuseum.com\/fr\/wp-json\/wp\/v2\/media\/3898"}],"wp:attachment":[{"href":"https:\/\/snowwhitemuseum.com\/fr\/wp-json\/wp\/v2\/media?parent=3893"}],"curies":[{"name":"wp","href":"https:\/\/api.w.org\/{rel}","templated":true}]}}