{"id":3900,"date":"2023-06-21T10:22:48","date_gmt":"2023-06-21T08:22:48","guid":{"rendered":"https:\/\/snowwhitemuseum.com\/?page_id=3900"},"modified":"2024-12-29T16:41:38","modified_gmt":"2024-12-29T15:41:38","slug":"aux-dames-de-france-department-store-catalog","status":"publish","type":"page","link":"https:\/\/snowwhitemuseum.com\/fr\/merchandising\/miscellaneous-merchandise\/aux-dames-de-france-department-store-catalog\/","title":{"rendered":"Catalogue Aux dames de France"},"content":{"rendered":"<style>.wp-block-kadence-advancedbtn.kb-btns3900_1fd420-40{gap:var(--global-kb-gap-xs, 0.5rem );justify-content:center;align-items:center;}.kt-btns3900_1fd420-40 .kt-button{font-weight:normal;font-style:normal;}.kt-btns3900_1fd420-40 .kt-btn-wrap-0{margin-right:5px;}.wp-block-kadence-advancedbtn.kt-btns3900_1fd420-40 .kt-btn-wrap-0 .kt-button{color:#555555;border-color:#555555;}.wp-block-kadence-advancedbtn.kt-btns3900_1fd420-40 .kt-btn-wrap-0 .kt-button:hover, .wp-block-kadence-advancedbtn.kt-btns3900_1fd420-40 .kt-btn-wrap-0 .kt-button:focus{color:#ffffff;border-color:#444444;}.wp-block-kadence-advancedbtn.kt-btns3900_1fd420-40 .kt-btn-wrap-0 .kt-button::before{display:none;}.wp-block-kadence-advancedbtn.kt-btns3900_1fd420-40 .kt-btn-wrap-0 .kt-button:hover, .wp-block-kadence-advancedbtn.kt-btns3900_1fd420-40 .kt-btn-wrap-0 .kt-button:focus{background:#444444;}<\/style>\n<div class=\"wp-block-kadence-advancedbtn kb-buttons-wrap kb-btns3900_1fd420-40\"><style>ul.menu .wp-block-kadence-advancedbtn .kb-btn3900_edf53b-43.kb-button{width:initial;}<\/style><a class=\"kb-button kt-button button kb-btn3900_edf53b-43 kt-btn-size-standard kt-btn-width-type-auto kb-btn-global-fill  kt-btn-has-text-true kt-btn-has-svg-false  wp-block-kadence-singlebtn\" href=\"https:\/\/snowwhitemuseum.com\/fr\/merchandising\/miscellaneous-merchandise\/\"><span class=\"kt-btn-inner-text\">Retour aux Produits divers<\/span><\/a><\/div>\n\n\n<style>.kb-row-layout-id3900_8f0c8f-5c > .kt-row-column-wrap{align-content:start;}:where(.kb-row-layout-id3900_8f0c8f-5c > .kt-row-column-wrap) > .wp-block-kadence-column{justify-content:start;}.kb-row-layout-id3900_8f0c8f-5c > .kt-row-column-wrap{column-gap:var(--global-kb-gap-md, 2rem);row-gap:var(--global-kb-gap-md, 2rem);padding-top:var(--global-kb-spacing-sm, 1.5rem);padding-bottom:var(--global-kb-spacing-sm, 1.5rem);grid-template-columns:minmax(0, 1fr) minmax(0, 2fr);}.kb-row-layout-id3900_8f0c8f-5c > .kt-row-layout-overlay{opacity:0.30;}@media all and (max-width: 1024px){.kb-row-layout-id3900_8f0c8f-5c > .kt-row-column-wrap{grid-template-columns:minmax(0, 1fr) minmax(0, 2fr);}}@media all and (max-width: 767px){.kb-row-layout-id3900_8f0c8f-5c > .kt-row-column-wrap{grid-template-columns:minmax(0, 1fr);}}<\/style><div class=\"kb-row-layout-wrap kb-row-layout-id3900_8f0c8f-5c alignnone wp-block-kadence-rowlayout\"><div class=\"kt-row-column-wrap kt-has-2-columns kt-row-layout-right-golden kt-tab-layout-inherit kt-mobile-layout-row kt-row-valign-top\">\n<style>.kadence-column3900_3d1b6b-f6 > .kt-inside-inner-col,.kadence-column3900_3d1b6b-f6 > .kt-inside-inner-col:before{border-top-left-radius:0px;border-top-right-radius:0px;border-bottom-right-radius:0px;border-bottom-left-radius:0px;}.kadence-column3900_3d1b6b-f6 > .kt-inside-inner-col{column-gap:var(--global-kb-gap-sm, 1rem);}.kadence-column3900_3d1b6b-f6 > .kt-inside-inner-col{flex-direction:column;}.kadence-column3900_3d1b6b-f6 > .kt-inside-inner-col > .aligncenter{width:100%;}.kadence-column3900_3d1b6b-f6 > .kt-inside-inner-col:before{opacity:0.3;}.kadence-column3900_3d1b6b-f6{position:relative;}@media all and (max-width: 1024px){.kadence-column3900_3d1b6b-f6 > .kt-inside-inner-col{flex-direction:column;justify-content:center;}}@media all and (max-width: 767px){.kadence-column3900_3d1b6b-f6 > .kt-inside-inner-col{flex-direction:column;justify-content:center;}}<\/style>\n<div class=\"wp-block-kadence-column kadence-column3900_3d1b6b-f6\"><div class=\"kt-inside-inner-col\">\n<figure class=\"wp-block-image size-full\"><img loading=\"lazy\" decoding=\"async\" width=\"944\" height=\"753\" src=\"http:\/\/snowwhitemuseum.com\/wp-content\/uploads\/2023\/06\/Image-1.jpg\" alt=\"\" class=\"wp-image-3902\" srcset=\"https:\/\/snowwhitemuseum.com\/wp-content\/uploads\/2023\/06\/Image-1.jpg 944w, https:\/\/snowwhitemuseum.com\/wp-content\/uploads\/2023\/06\/Image-1-300x239.jpg 300w, https:\/\/snowwhitemuseum.com\/wp-content\/uploads\/2023\/06\/Image-1-768x613.jpg 768w, https:\/\/snowwhitemuseum.com\/wp-content\/uploads\/2023\/06\/Image-1-15x12.jpg 15w\" sizes=\"auto, (max-width: 944px) 100vw, 944px\" \/><\/figure>\n<\/div><\/div>\n\n\n<style>.kadence-column3900_73ab6d-39 > .kt-inside-inner-col,.kadence-column3900_73ab6d-39 > .kt-inside-inner-col:before{border-top-left-radius:0px;border-top-right-radius:0px;border-bottom-right-radius:0px;border-bottom-left-radius:0px;}.kadence-column3900_73ab6d-39 > .kt-inside-inner-col{column-gap:var(--global-kb-gap-sm, 1rem);}.kadence-column3900_73ab6d-39 > .kt-inside-inner-col{flex-direction:column;}.kadence-column3900_73ab6d-39 > .kt-inside-inner-col > .aligncenter{width:100%;}.kadence-column3900_73ab6d-39 > .kt-inside-inner-col:before{opacity:0.3;}.kadence-column3900_73ab6d-39{position:relative;}@media all and (max-width: 1024px){.kadence-column3900_73ab6d-39 > .kt-inside-inner-col{flex-direction:column;justify-content:center;}}@media all and (max-width: 767px){.kadence-column3900_73ab6d-39 > .kt-inside-inner-col{flex-direction:column;justify-content:center;}}<\/style>\n<div class=\"wp-block-kadence-column kadence-column3900_73ab6d-39\"><div class=\"kt-inside-inner-col\">\n<p>Ce catalogue de 4 pages a \u00e9t\u00e9 imprim\u00e9 pour vanter les produits vendus pour les f\u00eates de l'hiver 1938 dans le magasin Aux dames de France situ\u00e9 du 40 \u00e0 48 rue Saint-Ferr\u00e9ol \u00e0 Marseille. En 2021, et apr\u00e8s avoir \u00e9t\u00e9 l'adresse des Galeries Lafayette, on y trouve d\u00e9sormais d'un magasin Boulanger. On retrouve dans le journal Le petit Marseillais, notamment du 4 d\u00e9cembre 1938, une publicit\u00e9 qui reprend le visuel de ce catalogue et nous pr\u00e9cise que \"la plus belle et la plus spacieuse exposition de jouets\" est situ\u00e9e au troisi\u00e8me \u00e9tage de l'\u00e9tablissement \u00e0 partir du 5 d\u00e9cembre.<\/p>\n\n\n\n<p>Outre des jouets classiques d'\u00e9poque (poup\u00e9es, landaus, camions de pompier), on trouve des livres de <em>Blanche Neige<\/em> comme <a href=\"https:\/\/snowwhitemuseum.com\/fr\/merchandising\/books\/french-books\/snow-white-and-her-animal-friends\/\" title=\"Blanche Neige et ses amis les b\u00eates\">l'album Hop-l\u00e0<\/a> ou <a href=\"https:\/\/snowwhitemuseum.com\/fr\/merchandising\/books\/french-books\/snow-white-and-the-seven-dwarfs-book-published-by-hachette-in-1938\/\" title=\"Livre &quot;Blanche Neige et les sept nains&quot; publi\u00e9 par Hachette en 1938\">le livre d'histoire Hachette<\/a>, ainsi que des livres de Mickey. Des cartes postales et des buvards ont \u00e9t\u00e9 distribu\u00e9s avec la m\u00eame illustration que pour la couverture du catalogue.<\/p>\n<\/div><\/div>\n\n<\/div><\/div>\n\n<style>.kb-gallery-id-3900_2e4a0d-50 .kadence-blocks-gallery-item .kb-gal-image-radius, .kb-gallery-id-3900_2e4a0d-50 .kb-slide-item .kb-gal-image-radius img{border-radius:0px 0px 0px 0px;;}.kb-gallery-caption-style-bottom.kb-gallery-id-3900_2e4a0d-50 .kadence-blocks-gallery-item .kadence-blocks-gallery-item-inner .kadence-blocks-gallery-item__caption, .kb-gallery-caption-style-bottom-hover.kb-gallery-id-3900_2e4a0d-50 .kadence-blocks-gallery-item .kadence-blocks-gallery-item-inner .kadence-blocks-gallery-item__caption{background:linear-gradient(0deg, rgba(0, 0, 0, 0.8) 0, rgba(0, 0, 0, 0) 100%);}.kb-gallery-wrap-id-3900_2e4a0d-50.wp-block-kadence-advancedgallery{overflow:visible;}.kb-gallery-wrap-id-3900_2e4a0d-50.wp-block-kadence-advancedgallery .kt-blocks-carousel{overflow:visible;}.kb-gallery-id-3900_2e4a0d-50 .splide.kt-carousel-dotstyle-light .splide__pagination__page, .kb-gallery-id-3900_2e4a0d-50 .splide.kt-carousel-dotstyle-light .splide__pagination__page.is-active{background-color:#fff;}<\/style><div class=\"kb-gallery-wrap-id-3900_2e4a0d-50 alignnone wp-block-kadence-advancedgallery\"><div class=\"kb-gallery-ul kb-gallery-non-static kb-gallery-type-slider kb-gallery-id-3900_2e4a0d-50 kb-gallery-caption-style-bottom-hover kb-gallery-filter-none kb-gallery-magnific-init\" data-image-filter=\"none\" data-lightbox-caption=\"true\"><div class=\"kt-blocks-carousel splide kt-carousel-container-dotstyle-light kt-carousel-arrowstyle-whiteondark kt-carousel-dotstyle-light kb-slider-group-arrow kb-slider-arrow-position-center\" data-slider-anim-speed=\"400\" data-slider-scroll=\"1\" data-slider-arrows=\"true\" data-slider-fade=\"true\" data-slider-dots=\"true\" data-slider-type=\"slider\" data-slider-hover-pause=\"false\" data-slider-auto=\"\" data-slider-speed=\"7000\" data-show-pause-button=\"false\"><div class=\"splide__track\"><ul class=\"kt-blocks-carousel-init kb-blocks-slider splide__list\"><li class=\"kb-slide-item kb-gallery-slide-item splide__slide\"><div class=\"kadence-blocks-gallery-item\"><div class=\"kadence-blocks-gallery-item-inner\"><figure class=\"kb-gallery-figure kb-gallery-item-has-link kadence-blocks-gallery-item-has-caption\"><a href=\"https:\/\/snowwhitemuseum.com\/wp-content\/uploads\/2023\/06\/Image-1.jpg\" class=\"kb-gallery-item-link\"   role=\"button\" aria-haspopup=\"dialog\"><div class=\"kb-gal-image-radius\"><div class=\"kb-gallery-image-contain kadence-blocks-gallery-intrinsic kb-gallery-image-ratio-inherit kb-has-image-ratio-inherit\" ><img loading=\"lazy\" decoding=\"async\" src=\"http:\/\/snowwhitemuseum.com\/wp-content\/uploads\/2023\/05\/page1-fr.png\"  data-splide-lazy=\"https:\/\/snowwhitemuseum.com\/wp-content\/uploads\/2023\/06\/Image-1.jpg\" width=\"944\" height=\"753\" alt=\"\" data-full-image=\"https:\/\/snowwhitemuseum.com\/wp-content\/uploads\/2023\/06\/Image-1.jpg\" data-light-image=\"https:\/\/snowwhitemuseum.com\/wp-content\/uploads\/2023\/06\/Image-1.jpg\" data-splide-lazy-srcset=\"https:\/\/snowwhitemuseum.com\/wp-content\/uploads\/2023\/06\/Image-1.jpg 944w, https:\/\/snowwhitemuseum.com\/wp-content\/uploads\/2023\/06\/Image-1-300x239.jpg 300w, https:\/\/snowwhitemuseum.com\/wp-content\/uploads\/2023\/06\/Image-1-768x613.jpg 768w, https:\/\/snowwhitemuseum.com\/wp-content\/uploads\/2023\/06\/Image-1-15x12.jpg 15w\" sizes=\"auto, (max-width: 944px) 100vw, 944px\"data-id=\"3902\" class=\"wp-image-3902 skip-lazy\"\/><\/div><\/div><\/a><\/figure><\/div><\/div><\/li><li class=\"kb-slide-item kb-gallery-slide-item splide__slide\"><div class=\"kadence-blocks-gallery-item\"><div class=\"kadence-blocks-gallery-item-inner\"><figure class=\"kb-gallery-figure kb-gallery-item-has-link kadence-blocks-gallery-item-has-caption\"><a href=\"https:\/\/snowwhitemuseum.com\/wp-content\/uploads\/2023\/06\/Image-2-1.jpg\" class=\"kb-gallery-item-link\"   role=\"button\" aria-haspopup=\"dialog\"><div class=\"kb-gal-image-radius\"><div class=\"kb-gallery-image-contain kadence-blocks-gallery-intrinsic kb-gallery-image-ratio-inherit kb-has-image-ratio-inherit\" ><img loading=\"lazy\" decoding=\"async\" src=\"http:\/\/snowwhitemuseum.com\/wp-content\/uploads\/2023\/05\/page1-fr.png\"  data-splide-lazy=\"https:\/\/snowwhitemuseum.com\/wp-content\/uploads\/2023\/06\/Image-2-1.jpg\" width=\"949\" height=\"753\" alt=\"\" data-full-image=\"https:\/\/snowwhitemuseum.com\/wp-content\/uploads\/2023\/06\/Image-2-1.jpg\" data-light-image=\"https:\/\/snowwhitemuseum.com\/wp-content\/uploads\/2023\/06\/Image-2-1.jpg\" data-splide-lazy-srcset=\"https:\/\/snowwhitemuseum.com\/wp-content\/uploads\/2023\/06\/Image-2-1.jpg 949w, https:\/\/snowwhitemuseum.com\/wp-content\/uploads\/2023\/06\/Image-2-1-300x238.jpg 300w, https:\/\/snowwhitemuseum.com\/wp-content\/uploads\/2023\/06\/Image-2-1-768x609.jpg 768w, https:\/\/snowwhitemuseum.com\/wp-content\/uploads\/2023\/06\/Image-2-1-15x12.jpg 15w\" sizes=\"auto, (max-width: 949px) 100vw, 949px\"data-id=\"3903\" class=\"wp-image-3903 skip-lazy\"\/><\/div><\/div><\/a><\/figure><\/div><\/div><\/li><li class=\"kb-slide-item kb-gallery-slide-item splide__slide\"><div class=\"kadence-blocks-gallery-item\"><div class=\"kadence-blocks-gallery-item-inner\"><figure class=\"kb-gallery-figure kb-gallery-item-has-link kadence-blocks-gallery-item-has-caption\"><a href=\"https:\/\/snowwhitemuseum.com\/wp-content\/uploads\/2023\/06\/Image-3-1.jpg\" class=\"kb-gallery-item-link\"   role=\"button\" aria-haspopup=\"dialog\"><div class=\"kb-gal-image-radius\"><div class=\"kb-gallery-image-contain kadence-blocks-gallery-intrinsic kb-gallery-image-ratio-inherit kb-has-image-ratio-inherit\" ><img loading=\"lazy\" decoding=\"async\" src=\"http:\/\/snowwhitemuseum.com\/wp-content\/uploads\/2023\/05\/page1-fr.png\"  data-splide-lazy=\"https:\/\/snowwhitemuseum.com\/wp-content\/uploads\/2023\/06\/Image-3-1.jpg\" width=\"947\" height=\"753\" alt=\"\" data-full-image=\"https:\/\/snowwhitemuseum.com\/wp-content\/uploads\/2023\/06\/Image-3-1.jpg\" data-light-image=\"https:\/\/snowwhitemuseum.com\/wp-content\/uploads\/2023\/06\/Image-3-1.jpg\" data-splide-lazy-srcset=\"https:\/\/snowwhitemuseum.com\/wp-content\/uploads\/2023\/06\/Image-3-1.jpg 947w, https:\/\/snowwhitemuseum.com\/wp-content\/uploads\/2023\/06\/Image-3-1-300x239.jpg 300w, https:\/\/snowwhitemuseum.com\/wp-content\/uploads\/2023\/06\/Image-3-1-768x611.jpg 768w, https:\/\/snowwhitemuseum.com\/wp-content\/uploads\/2023\/06\/Image-3-1-15x12.jpg 15w\" sizes=\"auto, (max-width: 947px) 100vw, 947px\"data-id=\"3904\" class=\"wp-image-3904 skip-lazy\"\/><\/div><\/div><\/a><\/figure><\/div><\/div><\/li><li class=\"kb-slide-item kb-gallery-slide-item splide__slide\"><div class=\"kadence-blocks-gallery-item\"><div class=\"kadence-blocks-gallery-item-inner\"><figure class=\"kb-gallery-figure kb-gallery-item-has-link kadence-blocks-gallery-item-has-caption\"><a href=\"https:\/\/snowwhitemuseum.com\/wp-content\/uploads\/2023\/06\/Image-4-1.jpg\" class=\"kb-gallery-item-link\"   role=\"button\" aria-haspopup=\"dialog\"><div class=\"kb-gal-image-radius\"><div class=\"kb-gallery-image-contain kadence-blocks-gallery-intrinsic kb-gallery-image-ratio-inherit kb-has-image-ratio-inherit\" ><img loading=\"lazy\" decoding=\"async\" src=\"http:\/\/snowwhitemuseum.com\/wp-content\/uploads\/2023\/05\/page1-fr.png\"  data-splide-lazy=\"https:\/\/snowwhitemuseum.com\/wp-content\/uploads\/2023\/06\/Image-4-1.jpg\" width=\"948\" height=\"753\" alt=\"\" data-full-image=\"https:\/\/snowwhitemuseum.com\/wp-content\/uploads\/2023\/06\/Image-4-1.jpg\" data-light-image=\"https:\/\/snowwhitemuseum.com\/wp-content\/uploads\/2023\/06\/Image-4-1.jpg\" data-splide-lazy-srcset=\"https:\/\/snowwhitemuseum.com\/wp-content\/uploads\/2023\/06\/Image-4-1.jpg 948w, https:\/\/snowwhitemuseum.com\/wp-content\/uploads\/2023\/06\/Image-4-1-300x238.jpg 300w, https:\/\/snowwhitemuseum.com\/wp-content\/uploads\/2023\/06\/Image-4-1-768x610.jpg 768w, https:\/\/snowwhitemuseum.com\/wp-content\/uploads\/2023\/06\/Image-4-1-15x12.jpg 15w\" sizes=\"auto, (max-width: 948px) 100vw, 948px\"data-id=\"3905\" class=\"wp-image-3905 skip-lazy\"\/><\/div><\/div><\/a><\/figure><\/div><\/div><\/li><li class=\"kb-slide-item kb-gallery-slide-item splide__slide\"><div class=\"kadence-blocks-gallery-item\"><div class=\"kadence-blocks-gallery-item-inner\"><figure class=\"kb-gallery-figure kb-gallery-item-has-link kadence-blocks-gallery-item-has-caption\"><a href=\"https:\/\/snowwhitemuseum.com\/wp-content\/uploads\/2023\/06\/1938-12-04-petit-marseillais2.jpg\" data-description=\"December 4, 1938 ad in Le Petit Marseillais\" class=\"kb-gallery-item-link\"   role=\"button\" aria-haspopup=\"dialog\"><div class=\"kb-gal-image-radius\"><div class=\"kb-gallery-image-contain kadence-blocks-gallery-intrinsic kb-gallery-image-ratio-inherit kb-has-image-ratio-inherit\" ><img loading=\"lazy\" decoding=\"async\" src=\"http:\/\/snowwhitemuseum.com\/wp-content\/uploads\/2023\/05\/page1-fr.png\"  data-splide-lazy=\"https:\/\/snowwhitemuseum.com\/wp-content\/uploads\/2023\/06\/1938-12-04-petit-marseillais2.jpg\" width=\"236\" height=\"753\" alt=\"\" data-full-image=\"https:\/\/snowwhitemuseum.com\/wp-content\/uploads\/2023\/06\/1938-12-04-petit-marseillais2.jpg\" data-light-image=\"https:\/\/snowwhitemuseum.com\/wp-content\/uploads\/2023\/06\/1938-12-04-petit-marseillais2.jpg\" data-splide-lazy-srcset=\"https:\/\/snowwhitemuseum.com\/wp-content\/uploads\/2023\/06\/1938-12-04-petit-marseillais2.jpg 236w, https:\/\/snowwhitemuseum.com\/wp-content\/uploads\/2023\/06\/1938-12-04-petit-marseillais2-94x300.jpg 94w, https:\/\/snowwhitemuseum.com\/wp-content\/uploads\/2023\/06\/1938-12-04-petit-marseillais2-4x12.jpg 4w\" sizes=\"auto, (max-width: 236px) 100vw, 236px\"data-id=\"3901\" class=\"wp-image-3901 skip-lazy\"\/><\/div><div class=\"kadence-blocks-gallery-item__caption\">Publicit\u00e9 du 4 d\u00e9cembre 1938 dans Le Petit Marseillais<\/div><\/div><\/a><\/figure><\/div><\/div><\/li><li class=\"kb-slide-item kb-gallery-slide-item splide__slide\"><div class=\"kadence-blocks-gallery-item\"><div class=\"kadence-blocks-gallery-item-inner\"><figure class=\"kb-gallery-figure kb-gallery-item-has-link kadence-blocks-gallery-item-has-caption\"><a href=\"http:\/\/snowwhitemuseum.com\/wp-content\/uploads\/2023\/06\/060_001-copie.jpg\" data-description=\"Postcard\" class=\"kb-gallery-item-link\"   role=\"button\" aria-haspopup=\"dialog\"><div class=\"kb-gal-image-radius\"><div class=\"kb-gallery-image-contain kadence-blocks-gallery-intrinsic kb-gallery-image-ratio-inherit kb-has-image-ratio-inherit\" ><img loading=\"lazy\" decoding=\"async\" src=\"http:\/\/snowwhitemuseum.com\/wp-content\/uploads\/2023\/05\/page1-fr.png\"  data-splide-lazy=\"http:\/\/snowwhitemuseum.com\/wp-content\/uploads\/2023\/06\/060_001-copie-1024x684.jpg\" width=\"1024\" height=\"684\" alt=\"\" data-full-image=\"http:\/\/snowwhitemuseum.com\/wp-content\/uploads\/2023\/06\/060_001-copie.jpg\" data-light-image=\"http:\/\/snowwhitemuseum.com\/wp-content\/uploads\/2023\/06\/060_001-copie.jpg\" data-splide-lazy-srcset=\"https:\/\/snowwhitemuseum.com\/wp-content\/uploads\/2023\/06\/060_001-copie-1024x684.jpg 1024w, https:\/\/snowwhitemuseum.com\/wp-content\/uploads\/2023\/06\/060_001-copie-300x200.jpg 300w, https:\/\/snowwhitemuseum.com\/wp-content\/uploads\/2023\/06\/060_001-copie-768x513.jpg 768w, https:\/\/snowwhitemuseum.com\/wp-content\/uploads\/2023\/06\/060_001-copie-18x12.jpg 18w, https:\/\/snowwhitemuseum.com\/wp-content\/uploads\/2023\/06\/060_001-copie.jpg 1127w\" sizes=\"auto, (max-width: 1024px) 100vw, 1024px\"data-id=\"3907\" class=\"wp-image-3907 skip-lazy\"\/><\/div><div class=\"kadence-blocks-gallery-item__caption\">Carte postale<\/div><\/div><\/a><\/figure><\/div><\/div><\/li><li class=\"kb-slide-item kb-gallery-slide-item splide__slide\"><div class=\"kadence-blocks-gallery-item\"><div class=\"kadence-blocks-gallery-item-inner\"><figure class=\"kb-gallery-figure kb-gallery-item-has-link kadence-blocks-gallery-item-has-caption\"><a href=\"http:\/\/snowwhitemuseum.com\/wp-content\/uploads\/2023\/06\/763_001-copie.jpg\" data-description=\"Blotter\" class=\"kb-gallery-item-link\"   role=\"button\" aria-haspopup=\"dialog\"><div class=\"kb-gal-image-radius\"><div class=\"kb-gallery-image-contain kadence-blocks-gallery-intrinsic kb-gallery-image-ratio-inherit kb-has-image-ratio-inherit\" ><img loading=\"lazy\" decoding=\"async\" src=\"http:\/\/snowwhitemuseum.com\/wp-content\/uploads\/2023\/05\/page1-fr.png\"  data-splide-lazy=\"http:\/\/snowwhitemuseum.com\/wp-content\/uploads\/2023\/06\/763_001-copie-1024x675.jpg\" width=\"1024\" height=\"675\" alt=\"\" data-full-image=\"http:\/\/snowwhitemuseum.com\/wp-content\/uploads\/2023\/06\/763_001-copie.jpg\" data-light-image=\"http:\/\/snowwhitemuseum.com\/wp-content\/uploads\/2023\/06\/763_001-copie.jpg\" data-splide-lazy-srcset=\"https:\/\/snowwhitemuseum.com\/wp-content\/uploads\/2023\/06\/763_001-copie-1024x675.jpg 1024w, https:\/\/snowwhitemuseum.com\/wp-content\/uploads\/2023\/06\/763_001-copie-300x198.jpg 300w, https:\/\/snowwhitemuseum.com\/wp-content\/uploads\/2023\/06\/763_001-copie-768x506.jpg 768w, https:\/\/snowwhitemuseum.com\/wp-content\/uploads\/2023\/06\/763_001-copie-18x12.jpg 18w, https:\/\/snowwhitemuseum.com\/wp-content\/uploads\/2023\/06\/763_001-copie.jpg 1143w\" sizes=\"auto, (max-width: 1024px) 100vw, 1024px\"data-id=\"3908\" class=\"wp-image-3908 skip-lazy\"\/><\/div><div class=\"kadence-blocks-gallery-item__caption\">Buvard<\/div><\/div><\/a><\/figure><\/div><\/div><\/li><\/ul><\/div><\/div><\/div><\/div>","protected":false},"excerpt":{"rendered":"<p>This 4-page catalog was printed to promote the products sold for the 1938 winter holidays in the Aux dames de France department store located at 40 to 48 rue Saint-Ferr\u00e9ol in Marseille. In 2021, after having been the address of Galeries Lafayette, it is now home to a Boulanger store. In the December 4, 1938&#8230;<\/p>","protected":false},"author":1,"featured_media":3907,"parent":1930,"menu_order":0,"comment_status":"closed","ping_status":"closed","template":"","meta":{"_kadence_starter_templates_imported_post":false,"_kad_post_transparent":"","_kad_post_title":"","_kad_post_layout":"","_kad_post_sidebar_id":"","_kad_post_content_style":"","_kad_post_vertical_padding":"","_kad_post_feature":"","_kad_post_feature_position":"","_kad_post_header":false,"_kad_post_footer":false,"_kad_post_classname":"","footnotes":""},"class_list":["post-3900","page","type-page","status-publish","has-post-thumbnail","hentry"],"aioseo_notices":[],"_links":{"self":[{"href":"https:\/\/snowwhitemuseum.com\/fr\/wp-json\/wp\/v2\/pages\/3900","targetHints":{"allow":["GET"]}}],"collection":[{"href":"https:\/\/snowwhitemuseum.com\/fr\/wp-json\/wp\/v2\/pages"}],"about":[{"href":"https:\/\/snowwhitemuseum.com\/fr\/wp-json\/wp\/v2\/types\/page"}],"author":[{"embeddable":true,"href":"https:\/\/snowwhitemuseum.com\/fr\/wp-json\/wp\/v2\/users\/1"}],"replies":[{"embeddable":true,"href":"https:\/\/snowwhitemuseum.com\/fr\/wp-json\/wp\/v2\/comments?post=3900"}],"version-history":[{"count":6,"href":"https:\/\/snowwhitemuseum.com\/fr\/wp-json\/wp\/v2\/pages\/3900\/revisions"}],"predecessor-version":[{"id":13714,"href":"https:\/\/snowwhitemuseum.com\/fr\/wp-json\/wp\/v2\/pages\/3900\/revisions\/13714"}],"up":[{"embeddable":true,"href":"https:\/\/snowwhitemuseum.com\/fr\/wp-json\/wp\/v2\/pages\/1930"}],"wp:featuredmedia":[{"embeddable":true,"href":"https:\/\/snowwhitemuseum.com\/fr\/wp-json\/wp\/v2\/media\/3907"}],"wp:attachment":[{"href":"https:\/\/snowwhitemuseum.com\/fr\/wp-json\/wp\/v2\/media?parent=3900"}],"curies":[{"name":"wp","href":"https:\/\/api.w.org\/{rel}","templated":true}]}}