{"id":3979,"date":"2023-06-25T11:11:04","date_gmt":"2023-06-25T09:11:04","guid":{"rendered":"https:\/\/snowwhitemuseum.com\/?page_id=3979"},"modified":"2026-01-04T18:33:07","modified_gmt":"2026-01-04T17:33:07","slug":"moroni-olsen","status":"publish","type":"page","link":"https:\/\/snowwhitemuseum.com\/fr\/about-the-film\/the-cast\/moroni-olsen\/","title":{"rendered":"Moroni Olsen"},"content":{"rendered":"<style>.wp-block-kadence-column.kb-section-dir-horizontal > .kt-inside-inner-col > .kt-info-box3979_d025a2-48 .kt-blocks-info-box-link-wrap{max-width:unset;}.kt-info-box3979_d025a2-48 .kt-blocks-info-box-link-wrap{padding-top:var(--global-kb-spacing-xs, 1rem);padding-right:var(--global-kb-spacing-xs, 1rem);padding-bottom:var(--global-kb-spacing-xs, 1rem);padding-left:var(--global-kb-spacing-xs, 1rem);}.kt-info-box3979_d025a2-48 .kadence-info-box-icon-container .kt-info-svg-icon, .kt-info-box3979_d025a2-48 .kt-info-svg-icon-flip, .kt-info-box3979_d025a2-48 .kt-blocks-info-box-number{font-size:50px;}.kt-info-box3979_d025a2-48 .kt-blocks-info-box-media{border-top-width:0px;border-right-width:0px;border-bottom-width:0px;border-left-width:0px;padding-top:10px;padding-right:10px;padding-bottom:10px;padding-left:10px;}.kt-info-box3979_d025a2-48 .kt-blocks-info-box-media-container{margin-top:0px;margin-right:15px;margin-bottom:0px;margin-left:15px;}.kt-info-box3979_d025a2-48 .kt-blocks-info-box-learnmore{background:transparent;border-width:0px 0px 0px 0px;padding-top:4px;padding-right:8px;padding-bottom:4px;padding-left:8px;margin-top:10px;margin-right:0px;margin-bottom:10px;margin-left:0px;}<\/style>\n<div class=\"wp-block-kadence-infobox kt-info-box3979_d025a2-48\"><div class=\"kt-blocks-info-box-link-wrap kt-blocks-info-box-media-align-top kt-info-halign-center\"><div class=\"kt-blocks-info-box-media-container\"><div class=\"kt-blocks-info-box-media kt-info-media-animate-none\"><div class=\"kadence-info-box-icon-container kt-info-icon-animate-none\"><div class=\"kadence-info-box-icon-inner-container\"><span class=\"kb-svg-icon-wrap kb-svg-icon-fe_clipboard kt-info-svg-icon\"><svg viewbox=\"0 0 24 24\"  fill=\"none\" stroke=\"currentColor\" stroke-width=\"2\" stroke-linecap=\"round\" stroke-linejoin=\"round\" xmlns=\"http:\/\/www.w3.org\/2000\/svg\"  aria-hidden=\"true\"><path d=\"M16 4h2a2 2 0 0 1 2 2v14a2 2 0 0 1-2 2H6a2 2 0 0 1-2-2V6a2 2 0 0 1 2-2h2\"\/><rect x=\"8\" y=\"2\" width=\"8\" height=\"4\" rx=\"1\" ry=\"1\"\/><\/svg><\/span><\/div><\/div><\/div><\/div><div class=\"kt-infobox-textcontent\"><h2 class=\"kt-blocks-info-box-title\">Information<\/h2><p class=\"kt-blocks-info-box-text\"><strong>Nom complet :<\/strong> Moroni Olsen<br><strong>Naissance :<\/strong> 27 juin 1889 \u00e0 Ogden, Utah<br><strong>Mort :<\/strong> 22 novembre 1954 \u00e0 Los Angeles, Californie<br><br><strong>Travail sur <em>Blanche Neige :<\/em><\/strong><br>Voix de <a href=\"https:\/\/snowwhitemuseum.com\/fr\/about-the-film\/the-cast\/the-magic-mirror\/\" title=\"Le miroir magique\">l\u2019Esclave du miroir magique<\/a> (pas au g\u00e9n\u00e9rique)<br><br><a href=\"https:\/\/snowwhitemuseum.com\/fr\/about-the-film\/the-cast\/\">Retour \u00e0 la distribution<\/a><\/p><\/div><\/div><\/div>\n\n\n<style>.kb-row-layout-id3979_ae9734-d8 > .kt-row-column-wrap{align-content:start;}:where(.kb-row-layout-id3979_ae9734-d8 > .kt-row-column-wrap) > .wp-block-kadence-column{justify-content:start;}.kb-row-layout-id3979_ae9734-d8 > .kt-row-column-wrap{column-gap:var(--global-kb-gap-md, 2rem);row-gap:var(--global-kb-gap-md, 2rem);padding-top:var(--global-kb-spacing-sm, 1.5rem);padding-bottom:var(--global-kb-spacing-sm, 1.5rem);grid-template-columns:minmax(0, 1fr) minmax(0, 2fr);}.kb-row-layout-id3979_ae9734-d8 > .kt-row-layout-overlay{opacity:0.30;}@media all and (max-width: 1024px){.kb-row-layout-id3979_ae9734-d8 > .kt-row-column-wrap{grid-template-columns:minmax(0, 1fr) minmax(0, 2fr);}}@media all and (max-width: 767px){.kb-row-layout-id3979_ae9734-d8 > .kt-row-column-wrap{grid-template-columns:minmax(0, 1fr);}}<\/style><div class=\"kb-row-layout-wrap kb-row-layout-id3979_ae9734-d8 alignnone wp-block-kadence-rowlayout\"><div class=\"kt-row-column-wrap kt-has-2-columns kt-row-layout-right-golden kt-tab-layout-inherit kt-mobile-layout-row kt-row-valign-top\">\n<style>.kadence-column3979_35294f-56 > .kt-inside-inner-col,.kadence-column3979_35294f-56 > .kt-inside-inner-col:before{border-top-left-radius:0px;border-top-right-radius:0px;border-bottom-right-radius:0px;border-bottom-left-radius:0px;}.kadence-column3979_35294f-56 > .kt-inside-inner-col{column-gap:var(--global-kb-gap-sm, 1rem);}.kadence-column3979_35294f-56 > .kt-inside-inner-col{flex-direction:column;}.kadence-column3979_35294f-56 > .kt-inside-inner-col > .aligncenter{width:100%;}.kadence-column3979_35294f-56 > .kt-inside-inner-col:before{opacity:0.3;}.kadence-column3979_35294f-56{position:relative;}@media all and (max-width: 1024px){.kadence-column3979_35294f-56 > .kt-inside-inner-col{flex-direction:column;justify-content:center;}}@media all and (max-width: 767px){.kadence-column3979_35294f-56 > .kt-inside-inner-col{flex-direction:column;justify-content:center;}}<\/style>\n<div class=\"wp-block-kadence-column kadence-column3979_35294f-56\"><div class=\"kt-inside-inner-col\">\n<figure class=\"wp-block-image size-large\"><img loading=\"lazy\" decoding=\"async\" width=\"784\" height=\"1024\" src=\"http:\/\/snowwhitemuseum.com\/wp-content\/uploads\/2023\/06\/Moroni-Olsen-1-784x1024.jpg\" alt=\"\" class=\"wp-image-3980\" srcset=\"https:\/\/snowwhitemuseum.com\/wp-content\/uploads\/2023\/06\/Moroni-Olsen-1-784x1024.jpg 784w, https:\/\/snowwhitemuseum.com\/wp-content\/uploads\/2023\/06\/Moroni-Olsen-1-230x300.jpg 230w, https:\/\/snowwhitemuseum.com\/wp-content\/uploads\/2023\/06\/Moroni-Olsen-1-768x1003.jpg 768w, https:\/\/snowwhitemuseum.com\/wp-content\/uploads\/2023\/06\/Moroni-Olsen-1-1176x1536.jpg 1176w, https:\/\/snowwhitemuseum.com\/wp-content\/uploads\/2023\/06\/Moroni-Olsen-1-9x12.jpg 9w, https:\/\/snowwhitemuseum.com\/wp-content\/uploads\/2023\/06\/Moroni-Olsen-1.jpg 1568w\" sizes=\"auto, (max-width: 784px) 100vw, 784px\" \/><figcaption class=\"wp-element-caption\">Moroni Olsen<\/figcaption><\/figure>\n<\/div><\/div>\n\n\n<style>.kadence-column3979_5a20b4-06 > .kt-inside-inner-col,.kadence-column3979_5a20b4-06 > .kt-inside-inner-col:before{border-top-left-radius:0px;border-top-right-radius:0px;border-bottom-right-radius:0px;border-bottom-left-radius:0px;}.kadence-column3979_5a20b4-06 > .kt-inside-inner-col{column-gap:var(--global-kb-gap-sm, 1rem);}.kadence-column3979_5a20b4-06 > .kt-inside-inner-col{flex-direction:column;}.kadence-column3979_5a20b4-06 > .kt-inside-inner-col > .aligncenter{width:100%;}.kadence-column3979_5a20b4-06 > .kt-inside-inner-col:before{opacity:0.3;}.kadence-column3979_5a20b4-06{position:relative;}@media all and (max-width: 1024px){.kadence-column3979_5a20b4-06 > .kt-inside-inner-col{flex-direction:column;justify-content:center;}}@media all and (max-width: 767px){.kadence-column3979_5a20b4-06 > .kt-inside-inner-col{flex-direction:column;justify-content:center;}}<\/style>\n<div class=\"wp-block-kadence-column kadence-column3979_5a20b4-06\"><div class=\"kt-inside-inner-col\">\n<p>Son lieu de naissance, le 27 juin 1889, explique le pr\u00e9nom inhabituel de Moroni Olsen : Ogden se trouve dans l'Utah, un \u00c9tat o\u00f9 la religion mormone est tr\u00e8s pr\u00e9sente. Il se trouve que, dans le Livre des Mormons, Moroni est un ange qui aurait remis \u00e0 Joseph Smith des plaques d'or. Sans surprise, le p\u00e8re de Moroni \u00e9tait un \u00e9v\u00eaque.<\/p>\n\n\n\n<p>Moroni cr\u00e9e une troupe de com\u00e9diens qui porte son nom et fait des tourn\u00e9es dans les th\u00e9\u00e2tres de Salt Lake City et des environs. Il travailla ensuite \u00e0 Broadway et commen\u00e7a sa carri\u00e8re \u00e0 Hollywood en 1934 en tant que dignitaire religieux non cr\u00e9dit\u00e9 dans <em>Trois jours chez les vivants<\/em>. L'ann\u00e9e suivante, il obtient son premier r\u00f4le cr\u00e9dit\u00e9, celui de Porthos, dans la premi\u00e8re version parl\u00e9e am\u00e9ricaine du roman <em>Les trois mousquetaires<\/em>. Son r\u00f4le suivant n'est autre que le l\u00e9gendaire Buffalo Bill face \u00e0 Barbara Stanwyck dans <em>La gloire du cirque<\/em>.<\/p>\n\n\n\n<p>En 1936, il joue John Knox dans <em>Marie Stuart<\/em> avec, parmi les figurants, <a href=\"https:\/\/snowwhitemuseum.com\/fr\/about-the-film\/foreign-adaptations-of-snow-white\/the-first-french-dubbing-of-snow-white\/jean-de-briac\/\" title=\"Jean de Briac\">Jean de Briac<\/a>. Il partage \u00e9galement l'\u00e9cran avec <a href=\"https:\/\/snowwhitemuseum.com\/fr\/about-the-film\/the-cast\/billy-gilbert\/\" title=\"Billy Gilbert\">Billy Gilbert<\/a> dans <em>Grand Jury<\/em>.<\/p>\n\n\n\n<p>En 1937, il fait une voix non cr\u00e9dit\u00e9e dans <em><em>Michel Strogoff<\/em><\/em>. Cette comp\u00e9tence lui est utile lorsqu'il est choisi pour pr\u00eater sa voix \u00e0 l'esclave du miroir magique dans <em>Blanche Neige<\/em>.<\/p>\n\n\n\n<p>L'ing\u00e9nieur du son James MacDonald a expliqu\u00e9 comment diverses astuces ont \u00e9t\u00e9 test\u00e9es afin d'obtenir la r\u00e9verb\u00e9ration n\u00e9cessaire \u00e0 la voix du miroir, comme parler avec la t\u00eate coinc\u00e9e dans une bo\u00eete. Apparemment, le dispositif qui a fonctionn\u00e9 consistait \u00e0 parler dans un tube et \u00e0 enregistrer le son qui en sortait lorsqu'il frappait une dalle de marbre.<\/p>\n\n\n\n<p>Ses r\u00f4les par la suite sont g\u00e9n\u00e9ralement mineurs, mais parfois dans des productions tr\u00e8s importantes comme <em>Les encha\u00een\u00e9s<\/em> o\u00f9 il joue un agent gouvernemental insensible oppos\u00e9 \u00e0 Cary Grant, ou <em>Le roman de Mildred Pierce<\/em> dans lequel il joue l'inspecteur Peterson. Comme <a href=\"https:\/\/snowwhitemuseum.com\/fr\/about-the-film\/the-cast\/adriana-caselotti\/\" title=\"Adriana Caselotti\">Adriana Caselotti<\/a>, on peut entendre sa voix dans <em>La vie est belle<\/em> dans le r\u00f4le d\u2019un ange. Vincente Minelli l'engage \u00e0 deux reprises pour le r\u00f4le d'Herbert Dunstan dans <em>Le p\u00e8re de la mari\u00e9e <\/em>et<em> Allons donc, papa !<\/em>. Dix-huit ans plus tard, il redevient Porthos dans <em>Les fils des mousquetaires<\/em>. Il reste actif au cin\u00e9ma et \u00e0 la t\u00e9l\u00e9vision jusqu'\u00e0 la fin.<\/p>\n\n\n\n<p>Moroni Olsen meurt d'une attaque c\u00e9r\u00e9brale le 22 novembre 1954 \u00e0 Los Angeles, en Californie.<\/p>\n<\/div><\/div>\n\n<\/div><\/div>\n\n<style>.wp-block-kadence-advancedgallery .kb-gallery-type-masonry.kb-gallery-id-3979_9cba16-3e{margin:-5px;}.kb-gallery-type-masonry.kb-gallery-id-3979_9cba16-3e .kadence-blocks-gallery-item{padding:5px;}.kb-gallery-id-3979_9cba16-3e .kadence-blocks-gallery-item .kb-gal-image-radius, .kb-gallery-id-3979_9cba16-3e .kb-slide-item .kb-gal-image-radius img{border-radius:0px 0px 0px 0px;;}.kb-gallery-caption-style-bottom.kb-gallery-id-3979_9cba16-3e .kadence-blocks-gallery-item .kadence-blocks-gallery-item-inner .kadence-blocks-gallery-item__caption, .kb-gallery-caption-style-bottom-hover.kb-gallery-id-3979_9cba16-3e .kadence-blocks-gallery-item .kadence-blocks-gallery-item-inner .kadence-blocks-gallery-item__caption{background:linear-gradient(0deg, rgba(0, 0, 0, 0.8) 0, rgba(0, 0, 0, 0) 100%);}<\/style><div class=\"kb-gallery-wrap-id-3979_9cba16-3e alignnone wp-block-kadence-advancedgallery\"><ul class=\"kb-gallery-ul kb-gallery-non-static kb-gallery-type-masonry kb-masonry-init kb-gallery-id-3979_9cba16-3e kb-gallery-caption-style-bottom-hover kb-gallery-filter-none kb-gallery-magnific-init\" data-image-filter=\"none\" data-item-selector=\".kadence-blocks-gallery-item\" data-lightbox-caption=\"true\" data-columns-xxl=\"3\" data-columns-xl=\"3\" data-columns-md=\"3\" data-columns-sm=\"2\" data-columns-xs=\"1\" data-columns-ss=\"1\"><li class=\"kadence-blocks-gallery-item\"><div class=\"kadence-blocks-gallery-item-inner\"><figure class=\"kb-gallery-figure kb-gallery-item-has-link kadence-blocks-gallery-item-has-caption\"><a href=\"https:\/\/snowwhitemuseum.com\/wp-content\/uploads\/2023\/06\/Preston-Foster-Barbara-Stanwyck-Moroni-Olsen.jpg\" data-description=\"Preston Foster, Barbara Stanwyck &amp; Moroni Olsen in Annie Oakley (1935)\" class=\"kb-gallery-item-link\"   role=\"button\" aria-haspopup=\"dialog\"><div class=\"kb-gal-image-radius\" style=\"max-width:1024px;\"><div class=\"kb-gallery-image-contain kadence-blocks-gallery-intrinsic\" style=\"padding-bottom:54%;\"><img loading=\"lazy\" decoding=\"async\" src=\"https:\/\/snowwhitemuseum.com\/wp-content\/uploads\/2023\/06\/Preston-Foster-Barbara-Stanwyck-Moroni-Olsen-1024x559.jpg\" width=\"1024\" height=\"559\" alt=\"\" data-full-image=\"https:\/\/snowwhitemuseum.com\/wp-content\/uploads\/2023\/06\/Preston-Foster-Barbara-Stanwyck-Moroni-Olsen.jpg\" data-light-image=\"https:\/\/snowwhitemuseum.com\/wp-content\/uploads\/2023\/06\/Preston-Foster-Barbara-Stanwyck-Moroni-Olsen.jpg\" data-id=\"3985\" class=\"wp-image-3985\" srcset=\"https:\/\/snowwhitemuseum.com\/wp-content\/uploads\/2023\/06\/Preston-Foster-Barbara-Stanwyck-Moroni-Olsen-1024x559.jpg 1024w, https:\/\/snowwhitemuseum.com\/wp-content\/uploads\/2023\/06\/Preston-Foster-Barbara-Stanwyck-Moroni-Olsen-300x164.jpg 300w, https:\/\/snowwhitemuseum.com\/wp-content\/uploads\/2023\/06\/Preston-Foster-Barbara-Stanwyck-Moroni-Olsen-768x419.jpg 768w, https:\/\/snowwhitemuseum.com\/wp-content\/uploads\/2023\/06\/Preston-Foster-Barbara-Stanwyck-Moroni-Olsen-18x10.jpg 18w, https:\/\/snowwhitemuseum.com\/wp-content\/uploads\/2023\/06\/Preston-Foster-Barbara-Stanwyck-Moroni-Olsen.jpg 1085w\" sizes=\"auto, (max-width: 1024px) 100vw, 1024px\" \/><\/div><div class=\"kadence-blocks-gallery-item__caption\">Preston Foster, Barbara Stanwyck &amp; Moroni Olsen in Annie Oakley (1935)<\/div><\/div><\/a><\/figure><\/div><\/li><li class=\"kadence-blocks-gallery-item\"><div class=\"kadence-blocks-gallery-item-inner\"><figure class=\"kb-gallery-figure kb-gallery-item-has-link kadence-blocks-gallery-item-has-caption\"><a href=\"https:\/\/snowwhitemuseum.com\/wp-content\/uploads\/2023\/06\/Moroni-Olsen-Leila-Hyams-Richard-Dix.jpg\" data-description=\"Moroni Olsen, Leila Hyams &amp; Richard Dix in Yellow Dust (1936)\" class=\"kb-gallery-item-link\"   role=\"button\" aria-haspopup=\"dialog\"><div class=\"kb-gal-image-radius\" style=\"max-width:1024px;\"><div class=\"kb-gallery-image-contain kadence-blocks-gallery-intrinsic\" style=\"padding-bottom:74%;\"><img loading=\"lazy\" decoding=\"async\" src=\"https:\/\/snowwhitemuseum.com\/wp-content\/uploads\/2023\/06\/Moroni-Olsen-Leila-Hyams-Richard-Dix.jpg\" width=\"1024\" height=\"767\" alt=\"\" data-full-image=\"https:\/\/snowwhitemuseum.com\/wp-content\/uploads\/2023\/06\/Moroni-Olsen-Leila-Hyams-Richard-Dix.jpg\" data-light-image=\"https:\/\/snowwhitemuseum.com\/wp-content\/uploads\/2023\/06\/Moroni-Olsen-Leila-Hyams-Richard-Dix.jpg\" data-id=\"3986\" class=\"wp-image-3986\" srcset=\"https:\/\/snowwhitemuseum.com\/wp-content\/uploads\/2023\/06\/Moroni-Olsen-Leila-Hyams-Richard-Dix.jpg 1024w, https:\/\/snowwhitemuseum.com\/wp-content\/uploads\/2023\/06\/Moroni-Olsen-Leila-Hyams-Richard-Dix-300x225.jpg 300w, https:\/\/snowwhitemuseum.com\/wp-content\/uploads\/2023\/06\/Moroni-Olsen-Leila-Hyams-Richard-Dix-768x575.jpg 768w, https:\/\/snowwhitemuseum.com\/wp-content\/uploads\/2023\/06\/Moroni-Olsen-Leila-Hyams-Richard-Dix-16x12.jpg 16w\" sizes=\"auto, (max-width: 1024px) 100vw, 1024px\" \/><\/div><div class=\"kadence-blocks-gallery-item__caption\">Moroni Olsen, Leila Hyams &amp; Richard Dix in Yellow Dust (1936)<\/div><\/div><\/a><\/figure><\/div><\/li><li class=\"kadence-blocks-gallery-item\"><div class=\"kadence-blocks-gallery-item-inner\"><figure class=\"kb-gallery-figure kb-gallery-item-has-link kadence-blocks-gallery-item-has-caption\"><a href=\"https:\/\/snowwhitemuseum.com\/wp-content\/uploads\/2023\/06\/General-Lee-Moroni-Olsen.jpg\" data-description=\"Moroni Olsen as General Lee in Santa Fe Trail (1940)\" class=\"kb-gallery-item-link\"   role=\"button\" aria-haspopup=\"dialog\"><div class=\"kb-gal-image-radius\" style=\"max-width:1024px;\"><div class=\"kb-gallery-image-contain kadence-blocks-gallery-intrinsic\" style=\"padding-bottom:66%;\"><img loading=\"lazy\" decoding=\"async\" src=\"https:\/\/snowwhitemuseum.com\/wp-content\/uploads\/2023\/06\/General-Lee-Moroni-Olsen-1024x676.jpg\" width=\"1024\" height=\"676\" alt=\"\" data-full-image=\"https:\/\/snowwhitemuseum.com\/wp-content\/uploads\/2023\/06\/General-Lee-Moroni-Olsen.jpg\" data-light-image=\"https:\/\/snowwhitemuseum.com\/wp-content\/uploads\/2023\/06\/General-Lee-Moroni-Olsen.jpg\" data-id=\"3987\" class=\"wp-image-3987\" srcset=\"https:\/\/snowwhitemuseum.com\/wp-content\/uploads\/2023\/06\/General-Lee-Moroni-Olsen-1024x676.jpg 1024w, https:\/\/snowwhitemuseum.com\/wp-content\/uploads\/2023\/06\/General-Lee-Moroni-Olsen-300x198.jpg 300w, https:\/\/snowwhitemuseum.com\/wp-content\/uploads\/2023\/06\/General-Lee-Moroni-Olsen-768x507.jpg 768w, https:\/\/snowwhitemuseum.com\/wp-content\/uploads\/2023\/06\/General-Lee-Moroni-Olsen-18x12.jpg 18w, https:\/\/snowwhitemuseum.com\/wp-content\/uploads\/2023\/06\/General-Lee-Moroni-Olsen.jpg 1283w\" sizes=\"auto, (max-width: 1024px) 100vw, 1024px\" \/><\/div><div class=\"kadence-blocks-gallery-item__caption\">Moroni Olsen dans le r\u00f4le du G\u00e9n\u00e9ral Lee dans La piste de Santa Fe (1940)<\/div><\/div><\/a><\/figure><\/div><\/li><li class=\"kadence-blocks-gallery-item\"><div class=\"kadence-blocks-gallery-item-inner\"><figure class=\"kb-gallery-figure kb-gallery-item-has-link kadence-blocks-gallery-item-has-caption\"><a href=\"https:\/\/snowwhitemuseum.com\/wp-content\/uploads\/2023\/06\/Joan-Crawford-Moroni-Olsen.jpg\" data-description=\"Joan Crawford &amp; Moroni Olsen in Mildred Pierce (1945)\" class=\"kb-gallery-item-link\"   role=\"button\" aria-haspopup=\"dialog\"><div class=\"kb-gal-image-radius\" style=\"max-width:1024px;\"><div class=\"kb-gallery-image-contain kadence-blocks-gallery-intrinsic\" style=\"padding-bottom:74%;\"><img loading=\"lazy\" decoding=\"async\" src=\"https:\/\/snowwhitemuseum.com\/wp-content\/uploads\/2023\/06\/Joan-Crawford-Moroni-Olsen-1024x760.jpg\" width=\"1024\" height=\"760\" alt=\"\" data-full-image=\"https:\/\/snowwhitemuseum.com\/wp-content\/uploads\/2023\/06\/Joan-Crawford-Moroni-Olsen.jpg\" data-light-image=\"https:\/\/snowwhitemuseum.com\/wp-content\/uploads\/2023\/06\/Joan-Crawford-Moroni-Olsen.jpg\" data-id=\"3988\" class=\"wp-image-3988\" srcset=\"https:\/\/snowwhitemuseum.com\/wp-content\/uploads\/2023\/06\/Joan-Crawford-Moroni-Olsen-1024x760.jpg 1024w, https:\/\/snowwhitemuseum.com\/wp-content\/uploads\/2023\/06\/Joan-Crawford-Moroni-Olsen-300x223.jpg 300w, https:\/\/snowwhitemuseum.com\/wp-content\/uploads\/2023\/06\/Joan-Crawford-Moroni-Olsen-768x570.jpg 768w, https:\/\/snowwhitemuseum.com\/wp-content\/uploads\/2023\/06\/Joan-Crawford-Moroni-Olsen-1536x1140.jpg 1536w, https:\/\/snowwhitemuseum.com\/wp-content\/uploads\/2023\/06\/Joan-Crawford-Moroni-Olsen-16x12.jpg 16w, https:\/\/snowwhitemuseum.com\/wp-content\/uploads\/2023\/06\/Joan-Crawford-Moroni-Olsen.jpg 1999w\" sizes=\"auto, (max-width: 1024px) 100vw, 1024px\" \/><\/div><div class=\"kadence-blocks-gallery-item__caption\">Joan Crawford &amp; Moroni Olsen in Mildred Pierce (1945)<\/div><\/div><\/a><\/figure><\/div><\/li><\/ul><\/div>","protected":false},"excerpt":{"rendered":"<p>His place of birth on June 27, 1889 explains Moroni Olsen\u2019s unusual first name: Ogden is in Utah, a state where the Mormon religion is largely prominent. It just so happens that, in the Book of Mormon, Moroni is an angel that supposedly presented Joseph Smith with golden plate. Unsurprisingly, Moroni\u2019s father was a Bishop&#8230;.<\/p>","protected":false},"author":1,"featured_media":3980,"parent":1695,"menu_order":0,"comment_status":"closed","ping_status":"closed","template":"","meta":{"_kadence_starter_templates_imported_post":false,"_kad_post_transparent":"","_kad_post_title":"","_kad_post_layout":"","_kad_post_sidebar_id":"","_kad_post_content_style":"","_kad_post_vertical_padding":"","_kad_post_feature":"","_kad_post_feature_position":"","_kad_post_header":false,"_kad_post_footer":false,"_kad_post_classname":"","footnotes":""},"class_list":["post-3979","page","type-page","status-publish","has-post-thumbnail","hentry"],"aioseo_notices":[],"_links":{"self":[{"href":"https:\/\/snowwhitemuseum.com\/fr\/wp-json\/wp\/v2\/pages\/3979","targetHints":{"allow":["GET"]}}],"collection":[{"href":"https:\/\/snowwhitemuseum.com\/fr\/wp-json\/wp\/v2\/pages"}],"about":[{"href":"https:\/\/snowwhitemuseum.com\/fr\/wp-json\/wp\/v2\/types\/page"}],"author":[{"embeddable":true,"href":"https:\/\/snowwhitemuseum.com\/fr\/wp-json\/wp\/v2\/users\/1"}],"replies":[{"embeddable":true,"href":"https:\/\/snowwhitemuseum.com\/fr\/wp-json\/wp\/v2\/comments?post=3979"}],"version-history":[{"count":11,"href":"https:\/\/snowwhitemuseum.com\/fr\/wp-json\/wp\/v2\/pages\/3979\/revisions"}],"predecessor-version":[{"id":17399,"href":"https:\/\/snowwhitemuseum.com\/fr\/wp-json\/wp\/v2\/pages\/3979\/revisions\/17399"}],"up":[{"embeddable":true,"href":"https:\/\/snowwhitemuseum.com\/fr\/wp-json\/wp\/v2\/pages\/1695"}],"wp:featuredmedia":[{"embeddable":true,"href":"https:\/\/snowwhitemuseum.com\/fr\/wp-json\/wp\/v2\/media\/3980"}],"wp:attachment":[{"href":"https:\/\/snowwhitemuseum.com\/fr\/wp-json\/wp\/v2\/media?parent=3979"}],"curies":[{"name":"wp","href":"https:\/\/api.w.org\/{rel}","templated":true}]}}