{"id":6555,"date":"2023-08-06T11:56:58","date_gmt":"2023-08-06T09:56:58","guid":{"rendered":"https:\/\/snowwhitemuseum.com\/?page_id=6555"},"modified":"2024-03-04T16:21:43","modified_gmt":"2024-03-04T15:21:43","slug":"elyane-celis","status":"publish","type":"page","link":"https:\/\/snowwhitemuseum.com\/fr\/merchandising\/records\/french-records\/elyane-celis\/","title":{"rendered":"\u00c9lyane C\u00e9lis"},"content":{"rendered":"<style>.wp-block-kadence-column.kb-section-dir-horizontal > .kt-inside-inner-col > .kt-info-box6555_bc76d5-66 .kt-blocks-info-box-link-wrap{max-width:unset;}.kt-info-box6555_bc76d5-66 .kt-blocks-info-box-link-wrap{padding-top:var(--global-kb-spacing-xs, 1rem);padding-right:var(--global-kb-spacing-xs, 1rem);padding-bottom:var(--global-kb-spacing-xs, 1rem);padding-left:var(--global-kb-spacing-xs, 1rem);}.kt-info-box6555_bc76d5-66 .kadence-info-box-icon-container .kt-info-svg-icon, .kt-info-box6555_bc76d5-66 .kt-info-svg-icon-flip, .kt-info-box6555_bc76d5-66 .kt-blocks-info-box-number{font-size:50px;}.kt-info-box6555_bc76d5-66 .kt-blocks-info-box-media{border-top-width:0px;border-right-width:0px;border-bottom-width:0px;border-left-width:0px;padding-top:10px;padding-right:10px;padding-bottom:10px;padding-left:10px;}.kt-info-box6555_bc76d5-66 .kt-blocks-info-box-media-container{margin-top:0px;margin-right:15px;margin-bottom:0px;margin-left:15px;}.kt-info-box6555_bc76d5-66 .kt-blocks-info-box-learnmore{background:transparent;border-width:0px 0px 0px 0px;padding-top:4px;padding-right:8px;padding-bottom:4px;padding-left:8px;margin-top:10px;margin-right:0px;margin-bottom:10px;margin-left:0px;}<\/style>\n<div class=\"wp-block-kadence-infobox kt-info-box6555_bc76d5-66\"><div class=\"kt-blocks-info-box-link-wrap kt-blocks-info-box-media-align-top kt-info-halign-center\"><div class=\"kt-blocks-info-box-media-container\"><div class=\"kt-blocks-info-box-media kt-info-media-animate-none\"><div class=\"kadence-info-box-icon-container kt-info-icon-animate-none\"><div class=\"kadence-info-box-icon-inner-container\"><span class=\"kb-svg-icon-wrap kb-svg-icon-fe_clipboard kt-info-svg-icon\"><svg viewBox=\"0 0 24 24\"  fill=\"none\" stroke=\"currentColor\" stroke-width=\"2\" stroke-linecap=\"round\" stroke-linejoin=\"round\" xmlns=\"http:\/\/www.w3.org\/2000\/svg\"  aria-hidden=\"true\"><path d=\"M16 4h2a2 2 0 0 1 2 2v14a2 2 0 0 1-2 2H6a2 2 0 0 1-2-2V6a2 2 0 0 1 2-2h2\"\/><rect x=\"8\" y=\"2\" width=\"8\" height=\"4\" rx=\"1\" ry=\"1\"\/><\/svg><\/span><\/div><\/div><\/div><\/div><div class=\"kt-infobox-textcontent\"><h2 class=\"kt-blocks-info-box-title\">Information<\/h2><p class=\"kt-blocks-info-box-text\"><strong>Full name:<\/strong> Yvonne Anna Julia C\u00e9lis<br\/><strong>Birth:<\/strong> April 10, 1914 in Ixelles, Belgium<br\/><strong>Death:<\/strong> June 15, 1962 in Paris, France<br\/><br\/><strong>Marriage:<\/strong><br\/>Marcel Delmas (July 6, 1935 &#8211; June 15, 1962)<br\/><br\/><strong>Job on <em>Snow White:<\/em><\/strong><br\/>Singer on the Snow White record <a href=\"https:\/\/snowwhitemuseum.com\/merchandising\/records\/french-records\/elyane-celis-gramophone-k-8149\/\" title=\"\u00c9lyane C\u00e9lis\u2019 Gramophone K-8149\">Gramophone K-8149<\/a><br\/>Snow White on <a href=\"https:\/\/snowwhitemuseum.com\/merchandising\/records\/french-records\/the-story-of-snow-white-and-the-seven-dwarfs-from-walt-disneys-film-told-and-sung-on-two-gramophone-his-masters-voice-discs\/\" title=\"The story of Snow White and the Seven Dwarfs from Walt Disney\u2019s film told and sung on two Gramophone His Master\u2019s Voice discs\">the record set SP1 &amp; SP2<\/a><\/p><\/div><\/div><\/div>\n\n\n<style>.kb-row-layout-id6555_4629ad-5d > .kt-row-column-wrap{align-content:start;}:where(.kb-row-layout-id6555_4629ad-5d > .kt-row-column-wrap) > .wp-block-kadence-column{justify-content:start;}.kb-row-layout-id6555_4629ad-5d > .kt-row-column-wrap{column-gap:var(--global-kb-gap-md, 2rem);row-gap:var(--global-kb-gap-md, 2rem);padding-top:var(--global-kb-spacing-sm, 1.5rem);padding-bottom:var(--global-kb-spacing-sm, 1.5rem);grid-template-columns:minmax(0, 1fr) minmax(0, 2fr);}.kb-row-layout-id6555_4629ad-5d > .kt-row-layout-overlay{opacity:0.30;}@media all and (max-width: 1024px){.kb-row-layout-id6555_4629ad-5d > .kt-row-column-wrap{grid-template-columns:minmax(0, 1fr) minmax(0, 2fr);}}@media all and (max-width: 767px){.kb-row-layout-id6555_4629ad-5d > .kt-row-column-wrap{grid-template-columns:minmax(0, 1fr);}}<\/style><div class=\"kb-row-layout-wrap kb-row-layout-id6555_4629ad-5d alignnone wp-block-kadence-rowlayout\"><div class=\"kt-row-column-wrap kt-has-2-columns kt-row-layout-right-golden kt-tab-layout-inherit kt-mobile-layout-row kt-row-valign-top\">\n<style>.kadence-column6555_9b2914-fd > .kt-inside-inner-col,.kadence-column6555_9b2914-fd > .kt-inside-inner-col:before{border-top-left-radius:0px;border-top-right-radius:0px;border-bottom-right-radius:0px;border-bottom-left-radius:0px;}.kadence-column6555_9b2914-fd > .kt-inside-inner-col{column-gap:var(--global-kb-gap-sm, 1rem);}.kadence-column6555_9b2914-fd > .kt-inside-inner-col{flex-direction:column;}.kadence-column6555_9b2914-fd > .kt-inside-inner-col > .aligncenter{width:100%;}.kadence-column6555_9b2914-fd > .kt-inside-inner-col:before{opacity:0.3;}.kadence-column6555_9b2914-fd{position:relative;}@media all and (max-width: 1024px){.kadence-column6555_9b2914-fd > .kt-inside-inner-col{flex-direction:column;justify-content:center;}}@media all and (max-width: 767px){.kadence-column6555_9b2914-fd > .kt-inside-inner-col{flex-direction:column;justify-content:center;}}<\/style>\n<div class=\"wp-block-kadence-column kadence-column6555_9b2914-fd\"><div class=\"kt-inside-inner-col\">\n<figure class=\"wp-block-image size-large\"><img loading=\"lazy\" decoding=\"async\" width=\"815\" height=\"1024\" src=\"http:\/\/snowwhitemuseum.com\/wp-content\/uploads\/2023\/08\/Elyane-Celis-1-815x1024.jpg\" alt=\"\" class=\"wp-image-6557\" srcset=\"https:\/\/snowwhitemuseum.com\/wp-content\/uploads\/2023\/08\/Elyane-Celis-1-815x1024.jpg 815w, https:\/\/snowwhitemuseum.com\/wp-content\/uploads\/2023\/08\/Elyane-Celis-1-239x300.jpg 239w, https:\/\/snowwhitemuseum.com\/wp-content\/uploads\/2023\/08\/Elyane-Celis-1-768x965.jpg 768w, https:\/\/snowwhitemuseum.com\/wp-content\/uploads\/2023\/08\/Elyane-Celis-1-1223x1536.jpg 1223w, https:\/\/snowwhitemuseum.com\/wp-content\/uploads\/2023\/08\/Elyane-Celis-1-10x12.jpg 10w, https:\/\/snowwhitemuseum.com\/wp-content\/uploads\/2023\/08\/Elyane-Celis-1.jpg 1274w\" sizes=\"auto, (max-width: 815px) 100vw, 815px\" \/><figcaption class=\"wp-element-caption\">\u00c9lyane C\u00e9lis<\/figcaption><\/figure>\n<\/div><\/div>\n\n\n<style>.kadence-column6555_cb5574-8f > .kt-inside-inner-col,.kadence-column6555_cb5574-8f > .kt-inside-inner-col:before{border-top-left-radius:0px;border-top-right-radius:0px;border-bottom-right-radius:0px;border-bottom-left-radius:0px;}.kadence-column6555_cb5574-8f > .kt-inside-inner-col{column-gap:var(--global-kb-gap-sm, 1rem);}.kadence-column6555_cb5574-8f > .kt-inside-inner-col{flex-direction:column;}.kadence-column6555_cb5574-8f > .kt-inside-inner-col > .aligncenter{width:100%;}.kadence-column6555_cb5574-8f > .kt-inside-inner-col:before{opacity:0.3;}.kadence-column6555_cb5574-8f{position:relative;}@media all and (max-width: 1024px){.kadence-column6555_cb5574-8f > .kt-inside-inner-col{flex-direction:column;justify-content:center;}}@media all and (max-width: 767px){.kadence-column6555_cb5574-8f > .kt-inside-inner-col{flex-direction:column;justify-content:center;}}<\/style>\n<div class=\"wp-block-kadence-column kadence-column6555_cb5574-8f\"><div class=\"kt-inside-inner-col\"><style>.wp-block-kadence-advancedheading.kt-adv-heading6555_23a8ca-89, .wp-block-kadence-advancedheading.kt-adv-heading6555_23a8ca-89[data-kb-block=\"kb-adv-heading6555_23a8ca-89\"]{font-style:normal;}.wp-block-kadence-advancedheading.kt-adv-heading6555_23a8ca-89 mark.kt-highlight, .wp-block-kadence-advancedheading.kt-adv-heading6555_23a8ca-89[data-kb-block=\"kb-adv-heading6555_23a8ca-89\"] mark.kt-highlight{font-style:normal;color:#f76a0c;-webkit-box-decoration-break:clone;box-decoration-break:clone;padding-top:0px;padding-right:0px;padding-bottom:0px;padding-left:0px;}.wp-block-kadence-advancedheading.kt-adv-heading6555_23a8ca-89 img.kb-inline-image, .wp-block-kadence-advancedheading.kt-adv-heading6555_23a8ca-89[data-kb-block=\"kb-adv-heading6555_23a8ca-89\"] img.kb-inline-image{width:150px;vertical-align:baseline;}<\/style>\n<h2 class=\"kt-adv-heading6555_23a8ca-89 wp-block-kadence-advancedheading\" data-kb-block=\"kb-adv-heading6555_23a8ca-89\">Snow White on records<\/h2>\n\n\n\n<p>\u00c9lyane C\u00e9lis had so much success performing Snow White on record in France when the film was first released, that many were under the impression that it was she who also performed the role in the film, and this belief lasted for decades. Although it was <a href=\"https:\/\/snowwhitemuseum.com\/about-the-film\/foreign-adaptations-of-snow-white\/the-first-french-dubbing-of-snow-white\/christiane-tourneur\/\" title=\"Christiane Tourneur\">Christiane Tourneur<\/a> and <a href=\"https:\/\/snowwhitemuseum.com\/about-the-film\/foreign-adaptations-of-snow-white\/the-first-french-dubbing-of-snow-white\/beatrice-hagen\/\" title=\"Beatrice Hagen\">Beatrice Hagen<\/a> who recorded the spoken and sung roles respectively, \u00c9lyane C\u00e9lis&#8217; work is not to be underestimated. She recorded not only the songs, but also<a href=\"https:\/\/snowwhitemuseum.com\/merchandising\/records\/french-records\/the-story-of-snow-white-and-the-seven-dwarfs-from-walt-disneys-film-told-and-sung-on-two-gramophone-his-masters-voice-discs\/\" title=\"The story of Snow White and the Seven Dwarfs from Walt Disney\u2019s film told and sung on two Gramophone His Master\u2019s Voice discs\"> the film&#8217;s story<\/a>, which has been reissued to this day.<\/p>\n\n\n\n<p>Let composer Henri Bourtayre sum up the singer&#8217;s life.<\/p>\n<\/div><\/div>\n\n<\/div><\/div>\n\n<style>.kb-row-layout-id6555_7793ac-9e > .kt-row-column-wrap{align-content:start;}:where(.kb-row-layout-id6555_7793ac-9e > .kt-row-column-wrap) > .wp-block-kadence-column{justify-content:start;}.kb-row-layout-id6555_7793ac-9e > .kt-row-column-wrap{column-gap:var(--global-kb-gap-md, 2rem);row-gap:var(--global-kb-gap-md, 2rem);padding-top:var(--global-kb-spacing-sm, 1.5rem);padding-bottom:var(--global-kb-spacing-sm, 1.5rem);grid-template-columns:minmax(0, 2fr) minmax(0, 1fr);}.kb-row-layout-id6555_7793ac-9e > .kt-row-layout-overlay{opacity:0.30;}@media all and (max-width: 1024px){.kb-row-layout-id6555_7793ac-9e > .kt-row-column-wrap{grid-template-columns:minmax(0, 2fr) minmax(0, 1fr);}}@media all and (max-width: 767px){.kb-row-layout-id6555_7793ac-9e > .kt-row-column-wrap{grid-template-columns:minmax(0, 1fr);}.kb-row-layout-id6555_7793ac-9e > .kt-row-column-wrap > .wp-block-kadence-column:nth-child(1 of *:not(style)){order:2;}.kb-row-layout-id6555_7793ac-9e > .kt-row-column-wrap > .wp-block-kadence-column:nth-child(2 of *:not(style)){order:1;}.kb-row-layout-id6555_7793ac-9e > .kt-row-column-wrap > .wp-block-kadence-column:nth-child(3 of *:not(style)){order:12;}.kb-row-layout-id6555_7793ac-9e > .kt-row-column-wrap > .wp-block-kadence-column:nth-child(4 of *:not(style)){order:11;}.kb-row-layout-id6555_7793ac-9e > .kt-row-column-wrap > .wp-block-kadence-column:nth-child(5 of *:not(style)){order:22;}.kb-row-layout-id6555_7793ac-9e > .kt-row-column-wrap > .wp-block-kadence-column:nth-child(6 of *:not(style)){order:21;}.kb-row-layout-id6555_7793ac-9e > .kt-row-column-wrap > .wp-block-kadence-column:nth-child(7 of *:not(style)){order:32;}.kb-row-layout-id6555_7793ac-9e > .kt-row-column-wrap > .wp-block-kadence-column:nth-child(8 of *:not(style)){order:31;}}<\/style><div class=\"kb-row-layout-wrap kb-row-layout-id6555_7793ac-9e alignnone wp-block-kadence-rowlayout\"><div class=\"kt-row-column-wrap kt-has-2-columns kt-row-layout-left-golden kt-tab-layout-inherit kt-mobile-layout-row kt-row-valign-top\">\n<style>.kadence-column6555_393175-3b > .kt-inside-inner-col,.kadence-column6555_393175-3b > .kt-inside-inner-col:before{border-top-left-radius:0px;border-top-right-radius:0px;border-bottom-right-radius:0px;border-bottom-left-radius:0px;}.kadence-column6555_393175-3b > .kt-inside-inner-col{column-gap:var(--global-kb-gap-sm, 1rem);}.kadence-column6555_393175-3b > .kt-inside-inner-col{flex-direction:column;}.kadence-column6555_393175-3b > .kt-inside-inner-col > .aligncenter{width:100%;}.kadence-column6555_393175-3b > .kt-inside-inner-col:before{opacity:0.3;}.kadence-column6555_393175-3b{position:relative;}@media all and (max-width: 1024px){.kadence-column6555_393175-3b > .kt-inside-inner-col{flex-direction:column;justify-content:center;}}@media all and (max-width: 767px){.kadence-column6555_393175-3b > .kt-inside-inner-col{flex-direction:column;justify-content:center;}}<\/style>\n<div class=\"wp-block-kadence-column kadence-column6555_393175-3b\"><div class=\"kt-inside-inner-col\"><style>.wp-block-kadence-advancedheading.kt-adv-heading6555_2fe1ed-88, .wp-block-kadence-advancedheading.kt-adv-heading6555_2fe1ed-88[data-kb-block=\"kb-adv-heading6555_2fe1ed-88\"]{font-style:normal;}.wp-block-kadence-advancedheading.kt-adv-heading6555_2fe1ed-88 mark.kt-highlight, .wp-block-kadence-advancedheading.kt-adv-heading6555_2fe1ed-88[data-kb-block=\"kb-adv-heading6555_2fe1ed-88\"] mark.kt-highlight{font-style:normal;color:#f76a0c;-webkit-box-decoration-break:clone;box-decoration-break:clone;padding-top:0px;padding-right:0px;padding-bottom:0px;padding-left:0px;}.wp-block-kadence-advancedheading.kt-adv-heading6555_2fe1ed-88 img.kb-inline-image, .wp-block-kadence-advancedheading.kt-adv-heading6555_2fe1ed-88[data-kb-block=\"kb-adv-heading6555_2fe1ed-88\"] img.kb-inline-image{width:150px;vertical-align:baseline;}<\/style>\n<h2 class=\"kt-adv-heading6555_2fe1ed-88 wp-block-kadence-advancedheading\" data-kb-block=\"kb-adv-heading6555_2fe1ed-88\">Henri Bourtayre&#8217;s tribute<\/h2>\n\n\n\n<p>Her real name was \u00c9liane Delmas, and she was born in Ixelles, Belgium, in 1914.<\/p>\n\n\n\n<p>She wanted to be a piano teacher, and sang only for pleasure. She frequented a number of amateur societies, where her extraordinary soprano voice was soon noticed and appreciated.<\/p>\n\n\n\n<p>In 1935, she was hired by Henri Varna to appear in the new Casino de Paris revue &#8220;Parade du monde&#8221; alongside Maurice Chevalier, who was the star of the show. She created the song \u201cPiroulirouli\u201d, which was a great success. She was awarded the Grand Record Award in 1935 and became a star in her own right. From then on, her successes were countless (&#8230;).<\/p>\n\n\n\n<p>In 1938, she performed the French phonographic version of the hits from Walt Disney&#8217;s &#8220;<em>Snow White and the Seven Dwarfs<\/em>&#8220;. She also created the famous Cuban tune &#8220;Maria la O&#8221; with the Lecuona Cuban Boys orchestra.<\/p>\n\n\n\n<p>Married to songwriter Marcel Delmas, she alternated between galas and operetta for many years. Her singing tour at the Music Hall was also a great show. A marvelous symphony of pink and grey. The audience discovers her seated on a huge piano, completely covered by her pink dress with frothy ruffles and a stage backdrop draped in grey velvet. She is blonde, smiling, with a bouquet of red roses in her arms. Her voice soars pure, crystalline and supple, and the enthusiastic audience bursts into applause.<\/p>\n\n\n\n<p>Her interpretations of these celestial arias from comic operas and musical films led to a long series of successes: &#8220;Beaux soirs de Vienne&#8221;, &#8220;Ciribidibin&#8221;, &#8220;Mon c\u0153ur soupire&#8221;&#8230;<\/p>\n\n\n\n<p>In 1945, at the request of Mar\u00e9chal Leclerc, her husband wrote a song for the French 2nd armored division, &#8220;Lorsque demain&#8221;. The other side of this 78 rpm, &#8220;Baisse un peu l&#8217;abat-jour&#8221;, became one of her biggest hits.<\/p>\n\n\n\n<p>Unfortunately, in 1954, she was forced to give up singing, as her health no longer allowed it.<\/p>\n\n\n\n<p>She died in 1962 in her apartment on boulevard de Clichy in Paris, close to Place Pigalle, where she lived for twenty-five years.<\/p>\n\n\n\n<p>She was &#8220;the nightingale of the music hall&#8221;.<\/p>\n<\/div><\/div>\n\n\n<style>.kadence-column6555_8cee57-4b > .kt-inside-inner-col,.kadence-column6555_8cee57-4b > .kt-inside-inner-col:before{border-top-left-radius:0px;border-top-right-radius:0px;border-bottom-right-radius:0px;border-bottom-left-radius:0px;}.kadence-column6555_8cee57-4b > .kt-inside-inner-col{column-gap:var(--global-kb-gap-sm, 1rem);}.kadence-column6555_8cee57-4b > .kt-inside-inner-col{flex-direction:column;}.kadence-column6555_8cee57-4b > .kt-inside-inner-col > .aligncenter{width:100%;}.kadence-column6555_8cee57-4b > .kt-inside-inner-col:before{opacity:0.3;}.kadence-column6555_8cee57-4b{position:relative;}@media all and (max-width: 1024px){.kadence-column6555_8cee57-4b > .kt-inside-inner-col{flex-direction:column;justify-content:center;}}@media all and (max-width: 767px){.kadence-column6555_8cee57-4b > .kt-inside-inner-col{flex-direction:column;justify-content:center;}}<\/style>\n<div class=\"wp-block-kadence-column kadence-column6555_8cee57-4b\"><div class=\"kt-inside-inner-col\">\n<figure class=\"wp-block-image size-large\"><img loading=\"lazy\" decoding=\"async\" width=\"709\" height=\"1024\" src=\"http:\/\/snowwhitemuseum.com\/wp-content\/uploads\/2023\/08\/princess-Elyane-Celis-709x1024.jpg\" alt=\"\" class=\"wp-image-6558\" srcset=\"https:\/\/snowwhitemuseum.com\/wp-content\/uploads\/2023\/08\/princess-Elyane-Celis-709x1024.jpg 709w, https:\/\/snowwhitemuseum.com\/wp-content\/uploads\/2023\/08\/princess-Elyane-Celis-208x300.jpg 208w, https:\/\/snowwhitemuseum.com\/wp-content\/uploads\/2023\/08\/princess-Elyane-Celis-768x1109.jpg 768w, https:\/\/snowwhitemuseum.com\/wp-content\/uploads\/2023\/08\/princess-Elyane-Celis-8x12.jpg 8w, https:\/\/snowwhitemuseum.com\/wp-content\/uploads\/2023\/08\/princess-Elyane-Celis.jpg 1046w\" sizes=\"auto, (max-width: 709px) 100vw, 709px\" \/><figcaption class=\"wp-element-caption\">\u00c9lyane C\u00e9lis<\/figcaption><\/figure>\n<\/div><\/div>\n\n<\/div><\/div>\n\n<style>.kb-row-layout-id6555_29729c-90 > .kt-row-column-wrap{align-content:start;}:where(.kb-row-layout-id6555_29729c-90 > .kt-row-column-wrap) > .wp-block-kadence-column{justify-content:start;}.kb-row-layout-id6555_29729c-90 > .kt-row-column-wrap{column-gap:var(--global-kb-gap-md, 2rem);row-gap:var(--global-kb-gap-md, 2rem);padding-top:var(--global-kb-spacing-sm, 1.5rem);padding-bottom:var(--global-kb-spacing-sm, 1.5rem);grid-template-columns:minmax(0, 1fr) minmax(0, 2fr);}.kb-row-layout-id6555_29729c-90 > .kt-row-layout-overlay{opacity:0.30;}@media all and (max-width: 1024px){.kb-row-layout-id6555_29729c-90 > .kt-row-column-wrap{grid-template-columns:minmax(0, 1fr) minmax(0, 2fr);}}@media all and (max-width: 767px){.kb-row-layout-id6555_29729c-90 > .kt-row-column-wrap{grid-template-columns:minmax(0, 1fr);}}<\/style><div class=\"kb-row-layout-wrap kb-row-layout-id6555_29729c-90 alignnone wp-block-kadence-rowlayout\"><div class=\"kt-row-column-wrap kt-has-2-columns kt-row-layout-right-golden kt-tab-layout-inherit kt-mobile-layout-row kt-row-valign-top\">\n<style>.kadence-column6555_4b034c-f7 > .kt-inside-inner-col,.kadence-column6555_4b034c-f7 > .kt-inside-inner-col:before{border-top-left-radius:0px;border-top-right-radius:0px;border-bottom-right-radius:0px;border-bottom-left-radius:0px;}.kadence-column6555_4b034c-f7 > .kt-inside-inner-col{column-gap:var(--global-kb-gap-sm, 1rem);}.kadence-column6555_4b034c-f7 > .kt-inside-inner-col{flex-direction:column;}.kadence-column6555_4b034c-f7 > .kt-inside-inner-col > .aligncenter{width:100%;}.kadence-column6555_4b034c-f7 > .kt-inside-inner-col:before{opacity:0.3;}.kadence-column6555_4b034c-f7{position:relative;}@media all and (max-width: 1024px){.kadence-column6555_4b034c-f7 > .kt-inside-inner-col{flex-direction:column;justify-content:center;}}@media all and (max-width: 767px){.kadence-column6555_4b034c-f7 > .kt-inside-inner-col{flex-direction:column;justify-content:center;}}<\/style>\n<div class=\"wp-block-kadence-column kadence-column6555_4b034c-f7\"><div class=\"kt-inside-inner-col\">\n<figure class=\"wp-block-image size-full\"><img loading=\"lazy\" decoding=\"async\" width=\"668\" height=\"882\" src=\"http:\/\/snowwhitemuseum.com\/wp-content\/uploads\/2023\/08\/Elyane-Celis-feather-hat.jpg\" alt=\"\" class=\"wp-image-6559\" srcset=\"https:\/\/snowwhitemuseum.com\/wp-content\/uploads\/2023\/08\/Elyane-Celis-feather-hat.jpg 668w, https:\/\/snowwhitemuseum.com\/wp-content\/uploads\/2023\/08\/Elyane-Celis-feather-hat-227x300.jpg 227w, https:\/\/snowwhitemuseum.com\/wp-content\/uploads\/2023\/08\/Elyane-Celis-feather-hat-9x12.jpg 9w\" sizes=\"auto, (max-width: 668px) 100vw, 668px\" \/><figcaption class=\"wp-element-caption\">\u00c9lyane C\u00e9lis<\/figcaption><\/figure>\n<\/div><\/div>\n\n\n<style>.kadence-column6555_5753cc-ac > .kt-inside-inner-col,.kadence-column6555_5753cc-ac > .kt-inside-inner-col:before{border-top-left-radius:0px;border-top-right-radius:0px;border-bottom-right-radius:0px;border-bottom-left-radius:0px;}.kadence-column6555_5753cc-ac > .kt-inside-inner-col{column-gap:var(--global-kb-gap-sm, 1rem);}.kadence-column6555_5753cc-ac > .kt-inside-inner-col{flex-direction:column;}.kadence-column6555_5753cc-ac > .kt-inside-inner-col > .aligncenter{width:100%;}.kadence-column6555_5753cc-ac > .kt-inside-inner-col:before{opacity:0.3;}.kadence-column6555_5753cc-ac{position:relative;}@media all and (max-width: 1024px){.kadence-column6555_5753cc-ac > .kt-inside-inner-col{flex-direction:column;justify-content:center;}}@media all and (max-width: 767px){.kadence-column6555_5753cc-ac > .kt-inside-inner-col{flex-direction:column;justify-content:center;}}<\/style>\n<div class=\"wp-block-kadence-column kadence-column6555_5753cc-ac\"><div class=\"kt-inside-inner-col\">\n<p>What Bourtayre fails to mention is that he composed the song &#8220;Baisse un peu l&#8217;abat-jour&#8221;. To add some precision, \u00c9lyane C\u00e9lis was born on April 10, 1914. After retiring from professional life, \u00c9lyane C\u00e9lis returned to television in 1960, appearing on the program Rue de la gait\u00e9, which brought together former glories of the chanson world. She died on June 15, 1962.<\/p>\n<\/div><\/div>\n\n<\/div><\/div>\n\n\n<figure class=\"wp-block-embed is-type-video is-provider-youtube wp-block-embed-youtube wp-embed-aspect-16-9 wp-has-aspect-ratio\"><div class=\"wp-block-embed__wrapper\">\n<iframe loading=\"lazy\" title=\"Elyane C\u00e9lis - Un jour mon prince viendra\" width=\"720\" height=\"405\" src=\"https:\/\/www.youtube.com\/embed\/MvG69SLHzaI?feature=oembed\" frameborder=\"0\" allow=\"accelerometer; autoplay; clipboard-write; encrypted-media; gyroscope; picture-in-picture; web-share\" allowfullscreen><\/iframe>\n<\/div><\/figure>\n","protected":false},"excerpt":{"rendered":"<p>Snow White on records \u00c9lyane C\u00e9lis had so much success performing Snow White on record in France when the film was first released, that many were under the impression that it was she who also performed the role in the film, and this belief lasted for decades. Although it was Christiane Tourneur and Beatrice Hagen&#8230;<\/p>","protected":false},"author":1,"featured_media":6556,"parent":5735,"menu_order":0,"comment_status":"closed","ping_status":"closed","template":"","meta":{"_kadence_starter_templates_imported_post":false,"_kad_post_transparent":"","_kad_post_title":"","_kad_post_layout":"","_kad_post_sidebar_id":"","_kad_post_content_style":"","_kad_post_vertical_padding":"","_kad_post_feature":"","_kad_post_feature_position":"","_kad_post_header":false,"_kad_post_footer":false,"_kad_post_classname":"","footnotes":""},"class_list":["post-6555","page","type-page","status-publish","has-post-thumbnail","hentry"],"aioseo_notices":[],"_links":{"self":[{"href":"https:\/\/snowwhitemuseum.com\/fr\/wp-json\/wp\/v2\/pages\/6555","targetHints":{"allow":["GET"]}}],"collection":[{"href":"https:\/\/snowwhitemuseum.com\/fr\/wp-json\/wp\/v2\/pages"}],"about":[{"href":"https:\/\/snowwhitemuseum.com\/fr\/wp-json\/wp\/v2\/types\/page"}],"author":[{"embeddable":true,"href":"https:\/\/snowwhitemuseum.com\/fr\/wp-json\/wp\/v2\/users\/1"}],"replies":[{"embeddable":true,"href":"https:\/\/snowwhitemuseum.com\/fr\/wp-json\/wp\/v2\/comments?post=6555"}],"version-history":[{"count":7,"href":"https:\/\/snowwhitemuseum.com\/fr\/wp-json\/wp\/v2\/pages\/6555\/revisions"}],"predecessor-version":[{"id":9505,"href":"https:\/\/snowwhitemuseum.com\/fr\/wp-json\/wp\/v2\/pages\/6555\/revisions\/9505"}],"up":[{"embeddable":true,"href":"https:\/\/snowwhitemuseum.com\/fr\/wp-json\/wp\/v2\/pages\/5735"}],"wp:featuredmedia":[{"embeddable":true,"href":"https:\/\/snowwhitemuseum.com\/fr\/wp-json\/wp\/v2\/media\/6556"}],"wp:attachment":[{"href":"https:\/\/snowwhitemuseum.com\/fr\/wp-json\/wp\/v2\/media?parent=6555"}],"curies":[{"name":"wp","href":"https:\/\/api.w.org\/{rel}","templated":true}]}}