{"id":6698,"date":"2023-08-14T13:58:02","date_gmt":"2023-08-14T11:58:02","guid":{"rendered":"https:\/\/snowwhitemuseum.com\/?page_id=6698"},"modified":"2024-12-14T15:01:30","modified_gmt":"2024-12-14T14:01:30","slug":"neue-film-welt","status":"publish","type":"page","link":"https:\/\/snowwhitemuseum.com\/fr\/merchandising\/press\/german-press\/neue-film-welt\/","title":{"rendered":"Neue Film-Welt"},"content":{"rendered":"<style>.wp-block-kadence-advancedbtn.kb-btns6698_24599e-81{gap:var(--global-kb-gap-xs, 0.5rem );justify-content:center;align-items:center;}.kt-btns6698_24599e-81 .kt-button{font-weight:normal;font-style:normal;}.kt-btns6698_24599e-81 .kt-btn-wrap-0{margin-right:5px;}.wp-block-kadence-advancedbtn.kt-btns6698_24599e-81 .kt-btn-wrap-0 .kt-button{color:#555555;border-color:#555555;}.wp-block-kadence-advancedbtn.kt-btns6698_24599e-81 .kt-btn-wrap-0 .kt-button:hover, .wp-block-kadence-advancedbtn.kt-btns6698_24599e-81 .kt-btn-wrap-0 .kt-button:focus{color:#ffffff;border-color:#444444;}.wp-block-kadence-advancedbtn.kt-btns6698_24599e-81 .kt-btn-wrap-0 .kt-button::before{display:none;}.wp-block-kadence-advancedbtn.kt-btns6698_24599e-81 .kt-btn-wrap-0 .kt-button:hover, .wp-block-kadence-advancedbtn.kt-btns6698_24599e-81 .kt-btn-wrap-0 .kt-button:focus{background:#444444;}<\/style>\n<div class=\"wp-block-kadence-advancedbtn kb-buttons-wrap kb-btns6698_24599e-81\"><style>ul.menu .wp-block-kadence-advancedbtn .kb-btn6698_04b33e-2d.kb-button{width:initial;}<\/style><a class=\"kb-button kt-button button kb-btn6698_04b33e-2d kt-btn-size-standard kt-btn-width-type-auto kb-btn-global-fill  kt-btn-has-text-true kt-btn-has-svg-false  wp-block-kadence-singlebtn\" href=\"https:\/\/snowwhitemuseum.com\/fr\/merchandising\/press\/german-press\/\"><span class=\"kt-btn-inner-text\">Retour \u00e0 la presse allemande<\/span><\/a><\/div>\n\n\n<style>.kb-row-layout-id6698_db27d5-28 > .kt-row-column-wrap{align-content:start;}:where(.kb-row-layout-id6698_db27d5-28 > .kt-row-column-wrap) > .wp-block-kadence-column{justify-content:start;}.kb-row-layout-id6698_db27d5-28 > .kt-row-column-wrap{column-gap:var(--global-kb-gap-md, 2rem);row-gap:var(--global-kb-gap-md, 2rem);padding-top:var(--global-kb-spacing-sm, 1.5rem);padding-bottom:var(--global-kb-spacing-sm, 1.5rem);grid-template-columns:minmax(0, 1fr) minmax(0, 2fr);}.kb-row-layout-id6698_db27d5-28 > .kt-row-layout-overlay{opacity:0.30;}@media all and (max-width: 1024px){.kb-row-layout-id6698_db27d5-28 > .kt-row-column-wrap{grid-template-columns:minmax(0, 1fr) minmax(0, 2fr);}}@media all and (max-width: 767px){.kb-row-layout-id6698_db27d5-28 > .kt-row-column-wrap{grid-template-columns:minmax(0, 1fr);}}<\/style><div class=\"kb-row-layout-wrap kb-row-layout-id6698_db27d5-28 alignnone wp-block-kadence-rowlayout\"><div class=\"kt-row-column-wrap kt-has-2-columns kt-row-layout-right-golden kt-tab-layout-inherit kt-mobile-layout-row kt-row-valign-top\">\n<style>.kadence-column6698_6bb061-d6 > .kt-inside-inner-col,.kadence-column6698_6bb061-d6 > .kt-inside-inner-col:before{border-top-left-radius:0px;border-top-right-radius:0px;border-bottom-right-radius:0px;border-bottom-left-radius:0px;}.kadence-column6698_6bb061-d6 > .kt-inside-inner-col{column-gap:var(--global-kb-gap-sm, 1rem);}.kadence-column6698_6bb061-d6 > .kt-inside-inner-col{flex-direction:column;}.kadence-column6698_6bb061-d6 > .kt-inside-inner-col > .aligncenter{width:100%;}.kadence-column6698_6bb061-d6 > .kt-inside-inner-col:before{opacity:0.3;}.kadence-column6698_6bb061-d6{position:relative;}@media all and (max-width: 1024px){.kadence-column6698_6bb061-d6 > .kt-inside-inner-col{flex-direction:column;justify-content:center;}}@media all and (max-width: 767px){.kadence-column6698_6bb061-d6 > .kt-inside-inner-col{flex-direction:column;justify-content:center;}}<\/style>\n<div class=\"wp-block-kadence-column kadence-column6698_6bb061-d6\"><div class=\"kt-inside-inner-col\">\n<figure class=\"wp-block-image size-full\"><img loading=\"lazy\" decoding=\"async\" width=\"525\" height=\"753\" src=\"http:\/\/snowwhitemuseum.com\/wp-content\/uploads\/2023\/08\/1950-Neue-Film-Welt-1.jpg\" alt=\"\" class=\"wp-image-6696\" srcset=\"https:\/\/snowwhitemuseum.com\/wp-content\/uploads\/2023\/08\/1950-Neue-Film-Welt-1.jpg 525w, https:\/\/snowwhitemuseum.com\/wp-content\/uploads\/2023\/08\/1950-Neue-Film-Welt-1-209x300.jpg 209w, https:\/\/snowwhitemuseum.com\/wp-content\/uploads\/2023\/08\/1950-Neue-Film-Welt-1-8x12.jpg 8w\" sizes=\"auto, (max-width: 525px) 100vw, 525px\" \/><\/figure>\n\n\n\n<figure class=\"wp-block-image size-full\"><img loading=\"lazy\" decoding=\"async\" width=\"521\" height=\"753\" src=\"http:\/\/snowwhitemuseum.com\/wp-content\/uploads\/2023\/08\/1950-Neue-Film-Welt-2.jpg\" alt=\"\" class=\"wp-image-6695\" srcset=\"https:\/\/snowwhitemuseum.com\/wp-content\/uploads\/2023\/08\/1950-Neue-Film-Welt-2.jpg 521w, https:\/\/snowwhitemuseum.com\/wp-content\/uploads\/2023\/08\/1950-Neue-Film-Welt-2-208x300.jpg 208w, https:\/\/snowwhitemuseum.com\/wp-content\/uploads\/2023\/08\/1950-Neue-Film-Welt-2-8x12.jpg 8w\" sizes=\"auto, (max-width: 521px) 100vw, 521px\" \/><\/figure>\n<\/div><\/div>\n\n\n<style>.kadence-column6698_df9222-a6 > .kt-inside-inner-col,.kadence-column6698_df9222-a6 > .kt-inside-inner-col:before{border-top-left-radius:0px;border-top-right-radius:0px;border-bottom-right-radius:0px;border-bottom-left-radius:0px;}.kadence-column6698_df9222-a6 > .kt-inside-inner-col{column-gap:var(--global-kb-gap-sm, 1rem);}.kadence-column6698_df9222-a6 > .kt-inside-inner-col{flex-direction:column;}.kadence-column6698_df9222-a6 > .kt-inside-inner-col > .aligncenter{width:100%;}.kadence-column6698_df9222-a6 > .kt-inside-inner-col:before{opacity:0.3;}.kadence-column6698_df9222-a6{position:relative;}@media all and (max-width: 1024px){.kadence-column6698_df9222-a6 > .kt-inside-inner-col{flex-direction:column;justify-content:center;}}@media all and (max-width: 767px){.kadence-column6698_df9222-a6 > .kt-inside-inner-col{flex-direction:column;justify-content:center;}}<\/style>\n<div class=\"wp-block-kadence-column kadence-column6698_df9222-a6\"><div class=\"kt-inside-inner-col\">\n<p>Dans le num\u00e9ro 4 du magazine Neue Film-Welt d\u2019avril 1950 vendu 1,50 DM, on trouve une publicit\u00e9 pleine page pour for \u201cSchneewittchen und die sieben Zwerge\u201d (<em>Blanche Neige et les sept nains<\/em>). Sous le titre, figure la phrase \u00ab Aufnahmen aus dem reizvollen, von Walt Disney gestalteten Zeichentrickfilm in Farben. \u00bb qui signifie \u00ab Plans du charmant film anim\u00e9 en couleurs par Walt Disney. \u00bb La publicit\u00e9 est publi\u00e9e \u00e0 c\u00f4t\u00e9 d\u2019un article sur le film \u00ab Der Rat der G\u00f6tter \u00bb<em>Le conseil des Dieux<\/em>), sorti le 12 mai 1950.<\/p>\n<\/div><\/div>\n\n<\/div><\/div>","protected":false},"excerpt":{"rendered":"<p>The April 1950 issue of Neue Film-Welt, sold for 1,50 DM, featured a full-page advertisement for \u201cSchneewittchen und die sieben Zwerge\u201d (Snow White and the Seven Dwarfs). Beneath the headline is the phrase &#8220;Aufnahmen aus dem reizvollen, von Walt Disney gestalteten Zeichentrickfilm in Farben,&#8221; meaning &#8220;shots from Walt Disney&#8217;s charming color animated film.&#8221; The ad&#8230;<\/p>","protected":false},"author":1,"featured_media":6695,"parent":6694,"menu_order":0,"comment_status":"closed","ping_status":"closed","template":"","meta":{"_kadence_starter_templates_imported_post":false,"_kad_post_transparent":"","_kad_post_title":"","_kad_post_layout":"","_kad_post_sidebar_id":"","_kad_post_content_style":"","_kad_post_vertical_padding":"","_kad_post_feature":"","_kad_post_feature_position":"","_kad_post_header":false,"_kad_post_footer":false,"_kad_post_classname":"","footnotes":""},"class_list":["post-6698","page","type-page","status-publish","has-post-thumbnail","hentry"],"aioseo_notices":[],"_links":{"self":[{"href":"https:\/\/snowwhitemuseum.com\/fr\/wp-json\/wp\/v2\/pages\/6698","targetHints":{"allow":["GET"]}}],"collection":[{"href":"https:\/\/snowwhitemuseum.com\/fr\/wp-json\/wp\/v2\/pages"}],"about":[{"href":"https:\/\/snowwhitemuseum.com\/fr\/wp-json\/wp\/v2\/types\/page"}],"author":[{"embeddable":true,"href":"https:\/\/snowwhitemuseum.com\/fr\/wp-json\/wp\/v2\/users\/1"}],"replies":[{"embeddable":true,"href":"https:\/\/snowwhitemuseum.com\/fr\/wp-json\/wp\/v2\/comments?post=6698"}],"version-history":[{"count":3,"href":"https:\/\/snowwhitemuseum.com\/fr\/wp-json\/wp\/v2\/pages\/6698\/revisions"}],"predecessor-version":[{"id":13361,"href":"https:\/\/snowwhitemuseum.com\/fr\/wp-json\/wp\/v2\/pages\/6698\/revisions\/13361"}],"up":[{"embeddable":true,"href":"https:\/\/snowwhitemuseum.com\/fr\/wp-json\/wp\/v2\/pages\/6694"}],"wp:featuredmedia":[{"embeddable":true,"href":"https:\/\/snowwhitemuseum.com\/fr\/wp-json\/wp\/v2\/media\/6695"}],"wp:attachment":[{"href":"https:\/\/snowwhitemuseum.com\/fr\/wp-json\/wp\/v2\/media?parent=6698"}],"curies":[{"name":"wp","href":"https:\/\/api.w.org\/{rel}","templated":true}]}}