{"id":6884,"date":"2023-08-18T16:47:07","date_gmt":"2023-08-18T14:47:07","guid":{"rendered":"https:\/\/snowwhitemuseum.com\/?page_id=6884"},"modified":"2025-01-11T16:42:23","modified_gmt":"2025-01-11T15:42:23","slug":"exhibitions","status":"publish","type":"page","link":"https:\/\/snowwhitemuseum.com\/fr\/about-the-film\/events\/exhibitions\/","title":{"rendered":"Expositions"},"content":{"rendered":"<style>.kb-row-layout-id6884_fedecf-2a > .kt-row-column-wrap{align-content:start;}:where(.kb-row-layout-id6884_fedecf-2a > .kt-row-column-wrap) > .wp-block-kadence-column{justify-content:start;}.kb-row-layout-id6884_fedecf-2a > .kt-row-column-wrap{column-gap:var(--global-kb-gap-md, 2rem);row-gap:var(--global-kb-gap-md, 2rem);padding-top:var(--global-kb-spacing-sm, 1.5rem);padding-bottom:var(--global-kb-spacing-sm, 1.5rem);}.kb-row-layout-id6884_fedecf-2a > .kt-row-column-wrap > div:not(.added-for-specificity){grid-column:initial;}.kb-row-layout-id6884_fedecf-2a > .kt-row-column-wrap{grid-template-columns:minmax(0, 1fr) minmax(0, 2fr) minmax(0, 1fr);}.kb-row-layout-id6884_fedecf-2a > .kt-row-layout-overlay{opacity:0.30;}@media all and (max-width: 1024px){.kb-row-layout-id6884_fedecf-2a > .kt-row-column-wrap > div:not(.added-for-specificity){grid-column:initial;}}@media all and (max-width: 1024px){.kb-row-layout-id6884_fedecf-2a > .kt-row-column-wrap{grid-template-columns:minmax(0, 1fr) minmax(0, 2fr) minmax(0, 1fr);}}@media all and (max-width: 767px){.kb-row-layout-id6884_fedecf-2a > .kt-row-column-wrap > div:not(.added-for-specificity){grid-column:initial;}.kb-row-layout-id6884_fedecf-2a > .kt-row-column-wrap{grid-template-columns:minmax(0, 1fr);}}<\/style><div class=\"kb-row-layout-wrap kb-row-layout-id6884_fedecf-2a alignnone wp-block-kadence-rowlayout\"><div class=\"kt-row-column-wrap kt-has-3-columns kt-row-layout-center-half kt-tab-layout-inherit kt-mobile-layout-row kt-row-valign-top\">\n<style>.kadence-column6884_e42910-2c > .kt-inside-inner-col,.kadence-column6884_e42910-2c > .kt-inside-inner-col:before{border-top-left-radius:0px;border-top-right-radius:0px;border-bottom-right-radius:0px;border-bottom-left-radius:0px;}.kadence-column6884_e42910-2c > .kt-inside-inner-col{column-gap:var(--global-kb-gap-sm, 1rem);}.kadence-column6884_e42910-2c > .kt-inside-inner-col{flex-direction:column;}.kadence-column6884_e42910-2c > .kt-inside-inner-col > .aligncenter{width:100%;}.kadence-column6884_e42910-2c > .kt-inside-inner-col:before{opacity:0.3;}.kadence-column6884_e42910-2c{position:relative;}@media all and (max-width: 1024px){.kadence-column6884_e42910-2c > .kt-inside-inner-col{flex-direction:column;justify-content:center;}}@media all and (max-width: 767px){.kadence-column6884_e42910-2c > .kt-inside-inner-col{flex-direction:column;justify-content:center;}}<\/style>\n<div class=\"wp-block-kadence-column kadence-column6884_e42910-2c\"><div class=\"kt-inside-inner-col\"><\/div><\/div>\n\n\n<style>.kadence-column6884_edabb8-5b > .kt-inside-inner-col,.kadence-column6884_edabb8-5b > .kt-inside-inner-col:before{border-top-left-radius:0px;border-top-right-radius:0px;border-bottom-right-radius:0px;border-bottom-left-radius:0px;}.kadence-column6884_edabb8-5b > .kt-inside-inner-col{column-gap:var(--global-kb-gap-sm, 1rem);}.kadence-column6884_edabb8-5b > .kt-inside-inner-col{flex-direction:column;}.kadence-column6884_edabb8-5b > .kt-inside-inner-col > .aligncenter{width:100%;}.kadence-column6884_edabb8-5b > .kt-inside-inner-col:before{opacity:0.3;}.kadence-column6884_edabb8-5b{position:relative;}@media all and (max-width: 1024px){.kadence-column6884_edabb8-5b > .kt-inside-inner-col{flex-direction:column;justify-content:center;}}@media all and (max-width: 767px){.kadence-column6884_edabb8-5b > .kt-inside-inner-col{flex-direction:column;justify-content:center;}}<\/style>\n<div class=\"wp-block-kadence-column kadence-column6884_edabb8-5b\"><div class=\"kt-inside-inner-col\"><style>.wp-block-kadence-advancedbtn.kb-btns6884_a9b7c5-0f{gap:var(--global-kb-gap-xs, 0.5rem );justify-content:center;align-items:center;}.kt-btns6884_a9b7c5-0f .kt-button{font-weight:normal;font-style:normal;}.kt-btns6884_a9b7c5-0f .kt-btn-wrap-0{margin-right:5px;}.wp-block-kadence-advancedbtn.kt-btns6884_a9b7c5-0f .kt-btn-wrap-0 .kt-button{color:#555555;border-color:#555555;}.wp-block-kadence-advancedbtn.kt-btns6884_a9b7c5-0f .kt-btn-wrap-0 .kt-button:hover, .wp-block-kadence-advancedbtn.kt-btns6884_a9b7c5-0f .kt-btn-wrap-0 .kt-button:focus{color:#ffffff;border-color:#444444;}.wp-block-kadence-advancedbtn.kt-btns6884_a9b7c5-0f .kt-btn-wrap-0 .kt-button::before{display:none;}.wp-block-kadence-advancedbtn.kt-btns6884_a9b7c5-0f .kt-btn-wrap-0 .kt-button:hover, .wp-block-kadence-advancedbtn.kt-btns6884_a9b7c5-0f .kt-btn-wrap-0 .kt-button:focus{background:#444444;}<\/style>\n<div class=\"wp-block-kadence-advancedbtn kb-buttons-wrap kb-btns6884_a9b7c5-0f\"><style>ul.menu .wp-block-kadence-advancedbtn .kb-btn6884_7eb91d-4d.kb-button{width:initial;}<\/style><a class=\"kb-button kt-button button kb-btn6884_7eb91d-4d kt-btn-size-standard kt-btn-width-type-auto kb-btn-global-fill  kt-btn-has-text-true kt-btn-has-svg-false  wp-block-kadence-singlebtn\" href=\"https:\/\/snowwhitemuseum.com\/fr\/about-the-film\/events\/\"><span class=\"kt-btn-inner-text\">Retour aux \u00c9v\u00e9nements<\/span><\/a><\/div>\n<\/div><\/div>\n\n\n<style>.kadence-column6884_917efb-36 > .kt-inside-inner-col,.kadence-column6884_917efb-36 > .kt-inside-inner-col:before{border-top-left-radius:0px;border-top-right-radius:0px;border-bottom-right-radius:0px;border-bottom-left-radius:0px;}.kadence-column6884_917efb-36 > .kt-inside-inner-col{column-gap:var(--global-kb-gap-sm, 1rem);}.kadence-column6884_917efb-36 > .kt-inside-inner-col{flex-direction:column;}.kadence-column6884_917efb-36 > .kt-inside-inner-col > .aligncenter{width:100%;}.kadence-column6884_917efb-36 > .kt-inside-inner-col:before{opacity:0.3;}.kadence-column6884_917efb-36{position:relative;}@media all and (max-width: 1024px){.kadence-column6884_917efb-36 > .kt-inside-inner-col{flex-direction:column;justify-content:center;}}@media all and (max-width: 767px){.kadence-column6884_917efb-36 > .kt-inside-inner-col{flex-direction:column;justify-content:center;}}<\/style>\n<div class=\"wp-block-kadence-column kadence-column6884_917efb-36\"><div class=\"kt-inside-inner-col\"><\/div><\/div>\n\n<\/div><\/div>\n\n\n<p>Voici les expositions sur <em>Blanche Neige et les sept nains<\/em> ou li\u00e9es au film, qui ont \u00e9t\u00e9 organis\u00e9es au fil des d\u00e9cennies et dans le monde entier.<\/p>\n\n\n<style>.wp-block-kadence-advancedgallery .kb-gallery-type-grid.kb-gallery-id-6884_b07a5f-e8{margin:-5px;}.kb-gallery-type-grid.kb-gallery-id-6884_b07a5f-e8 .kadence-blocks-gallery-item{padding:5px;}.kb-gallery-id-6884_b07a5f-e8 .kadence-blocks-gallery-item .kb-gal-image-radius, .kb-gallery-id-6884_b07a5f-e8 .kb-slide-item .kb-gal-image-radius img{border-radius:0px 0px 0px 0px;;}.kb-gallery-caption-style-cover-hover.kb-gallery-id-6884_b07a5f-e8 .kadence-blocks-gallery-item .kadence-blocks-gallery-item-inner .kadence-blocks-gallery-item__caption, .kb-gallery-caption-style-below.kb-gallery-id-6884_b07a5f-e8 .kadence-blocks-gallery-item .kadence-blocks-gallery-item-inner .kadence-blocks-gallery-item__caption{background:rgba(0, 0, 0, 0.8);}<\/style><div class=\"kb-gallery-wrap-id-6884_b07a5f-e8 alignnone wp-block-kadence-advancedgallery\" id=\"sequencesart\"><ul class=\"kb-gallery-ul kb-gallery-non-static kb-gallery-type-grid kb-gallery-id-6884_b07a5f-e8 kb-gallery-caption-style-below kb-gallery-filter-none\" data-image-filter=\"none\" data-item-selector=\".kadence-blocks-gallery-item\" data-lightbox-caption=\"true\" data-columns-xxl=\"5\" data-columns-xl=\"5\" data-columns-md=\"5\" data-columns-sm=\"4\" data-columns-xs=\"4\" data-columns-ss=\"3\"><li class=\"kadence-blocks-gallery-item\"><div class=\"kadence-blocks-gallery-item-inner\"><figure class=\"kb-gallery-figure kb-gallery-item-has-link kadence-blocks-gallery-item-has-caption\" style=\"max-width:687px;\"><a href=\"https:\/\/snowwhitemuseum.com\/fr\/about-the-film\/events\/exhibitions\/the-1946-cartoon-exhibition-in-paris\/\" class=\"kb-gallery-item-link\"  ><div class=\"kb-gal-image-radius\" style=\"max-width:687px;\"><div class=\"kb-gallery-image-contain kadence-blocks-gallery-intrinsic kb-gallery-image-ratio-inherit kb-has-image-ratio-inherit\" style=\"padding-bottom:149%;\"><img loading=\"lazy\" decoding=\"async\" src=\"https:\/\/snowwhitemuseum.com\/wp-content\/uploads\/2023\/08\/1945-12-1946-02-Exposition-du-dessin-anime-687x1024.jpg\" width=\"687\" height=\"1024\" alt=\"\" data-full-image=\"https:\/\/snowwhitemuseum.com\/wp-content\/uploads\/2023\/08\/1945-12-1946-02-Exposition-du-dessin-anime.jpg\" data-light-image=\"https:\/\/snowwhitemuseum.com\/wp-content\/uploads\/2023\/08\/1945-12-1946-02-Exposition-du-dessin-anime.jpg\" data-id=\"6885\" class=\"wp-image-6885\" srcset=\"https:\/\/snowwhitemuseum.com\/wp-content\/uploads\/2023\/08\/1945-12-1946-02-Exposition-du-dessin-anime-687x1024.jpg 687w, https:\/\/snowwhitemuseum.com\/wp-content\/uploads\/2023\/08\/1945-12-1946-02-Exposition-du-dessin-anime-201x300.jpg 201w, https:\/\/snowwhitemuseum.com\/wp-content\/uploads\/2023\/08\/1945-12-1946-02-Exposition-du-dessin-anime-768x1145.jpg 768w, https:\/\/snowwhitemuseum.com\/wp-content\/uploads\/2023\/08\/1945-12-1946-02-Exposition-du-dessin-anime-8x12.jpg 8w, https:\/\/snowwhitemuseum.com\/wp-content\/uploads\/2023\/08\/1945-12-1946-02-Exposition-du-dessin-anime.jpg 805w\" sizes=\"auto, (max-width: 687px) 100vw, 687px\" \/><\/div><\/div><div class=\"kadence-blocks-gallery-item__caption\">L\u2019Exposition du Dessin Anim\u00e9\n- 1946<\/div><\/a><\/figure><\/div><\/li><li class=\"kadence-blocks-gallery-item\"><div class=\"kadence-blocks-gallery-item-inner\"><figure class=\"kb-gallery-figure kb-gallery-item-has-link kadence-blocks-gallery-item-has-caption\" style=\"max-width:502px;\"><a href=\"https:\/\/snowwhitemuseum.com\/fr\/about-the-film\/events\/exhibitions\/exhibition-the-art-of-walt-disney-animation-studios-movement-by-nature\/\" class=\"kb-gallery-item-link\"  ><div class=\"kb-gal-image-radius\" style=\"max-width:502px;\"><div class=\"kb-gallery-image-contain kadence-blocks-gallery-intrinsic kb-gallery-image-ratio-inherit kb-has-image-ratio-inherit\" style=\"padding-bottom:150%;\"><img loading=\"lazy\" decoding=\"async\" src=\"https:\/\/snowwhitemuseum.com\/wp-content\/uploads\/2025\/01\/2016-art-ludique-movement.jpg\" width=\"502\" height=\"753\" alt=\"\" data-full-image=\"https:\/\/snowwhitemuseum.com\/wp-content\/uploads\/2025\/01\/2016-art-ludique-movement.jpg\" data-light-image=\"https:\/\/snowwhitemuseum.com\/wp-content\/uploads\/2025\/01\/2016-art-ludique-movement.jpg\" data-id=\"13967\" class=\"wp-image-13967\" srcset=\"https:\/\/snowwhitemuseum.com\/wp-content\/uploads\/2025\/01\/2016-art-ludique-movement.jpg 502w, https:\/\/snowwhitemuseum.com\/wp-content\/uploads\/2025\/01\/2016-art-ludique-movement-200x300.jpg 200w, https:\/\/snowwhitemuseum.com\/wp-content\/uploads\/2025\/01\/2016-art-ludique-movement-8x12.jpg 8w\" sizes=\"auto, (max-width: 502px) 100vw, 502px\" \/><\/div><\/div><div class=\"kadence-blocks-gallery-item__caption\">L'art des studios d'animation Walt Disney, le mouvement par nature - 2016<\/div><\/a><\/figure><\/div><\/li><\/ul><\/div>","protected":false},"excerpt":{"rendered":"<p>Here are the exhibitions on Snow White and the Seven Dwarfs or related to the film, which have been organized over the decades and around the world.<\/p>","protected":false},"author":1,"featured_media":1752,"parent":1750,"menu_order":0,"comment_status":"closed","ping_status":"closed","template":"","meta":{"_kadence_starter_templates_imported_post":false,"_kad_post_transparent":"","_kad_post_title":"","_kad_post_layout":"","_kad_post_sidebar_id":"","_kad_post_content_style":"","_kad_post_vertical_padding":"","_kad_post_feature":"","_kad_post_feature_position":"","_kad_post_header":false,"_kad_post_footer":false,"_kad_post_classname":"","footnotes":""},"class_list":["post-6884","page","type-page","status-publish","has-post-thumbnail","hentry"],"aioseo_notices":[],"_links":{"self":[{"href":"https:\/\/snowwhitemuseum.com\/fr\/wp-json\/wp\/v2\/pages\/6884","targetHints":{"allow":["GET"]}}],"collection":[{"href":"https:\/\/snowwhitemuseum.com\/fr\/wp-json\/wp\/v2\/pages"}],"about":[{"href":"https:\/\/snowwhitemuseum.com\/fr\/wp-json\/wp\/v2\/types\/page"}],"author":[{"embeddable":true,"href":"https:\/\/snowwhitemuseum.com\/fr\/wp-json\/wp\/v2\/users\/1"}],"replies":[{"embeddable":true,"href":"https:\/\/snowwhitemuseum.com\/fr\/wp-json\/wp\/v2\/comments?post=6884"}],"version-history":[{"count":5,"href":"https:\/\/snowwhitemuseum.com\/fr\/wp-json\/wp\/v2\/pages\/6884\/revisions"}],"predecessor-version":[{"id":13970,"href":"https:\/\/snowwhitemuseum.com\/fr\/wp-json\/wp\/v2\/pages\/6884\/revisions\/13970"}],"up":[{"embeddable":true,"href":"https:\/\/snowwhitemuseum.com\/fr\/wp-json\/wp\/v2\/pages\/1750"}],"wp:featuredmedia":[{"embeddable":true,"href":"https:\/\/snowwhitemuseum.com\/fr\/wp-json\/wp\/v2\/media\/1752"}],"wp:attachment":[{"href":"https:\/\/snowwhitemuseum.com\/fr\/wp-json\/wp\/v2\/media?parent=6884"}],"curies":[{"name":"wp","href":"https:\/\/api.w.org\/{rel}","templated":true}]}}