{"id":6887,"date":"2023-08-18T17:55:10","date_gmt":"2023-08-18T15:55:10","guid":{"rendered":"https:\/\/snowwhitemuseum.com\/?page_id=6887"},"modified":"2025-01-11T22:07:14","modified_gmt":"2025-01-11T21:07:14","slug":"the-1946-cartoon-exhibition-in-paris","status":"publish","type":"page","link":"https:\/\/snowwhitemuseum.com\/fr\/about-the-film\/events\/exhibitions\/the-1946-cartoon-exhibition-in-paris\/","title":{"rendered":"L\u2019Exposition du Dessin Anim\u00e9\nde Paris en 1946"},"content":{"rendered":"<style>.wp-block-kadence-column.kb-section-dir-horizontal > .kt-inside-inner-col > .kt-info-box6887_68742f-84 .kt-blocks-info-box-link-wrap{max-width:unset;}.kt-info-box6887_68742f-84 .kt-blocks-info-box-link-wrap{padding-top:var(--global-kb-spacing-xs, 1rem);padding-right:var(--global-kb-spacing-xs, 1rem);padding-bottom:var(--global-kb-spacing-xs, 1rem);padding-left:var(--global-kb-spacing-xs, 1rem);}.kt-info-box6887_68742f-84 .kadence-info-box-icon-container .kt-info-svg-icon, .kt-info-box6887_68742f-84 .kt-info-svg-icon-flip, .kt-info-box6887_68742f-84 .kt-blocks-info-box-number{font-size:50px;}.kt-info-box6887_68742f-84 .kt-blocks-info-box-media{border-top-width:0px;border-right-width:0px;border-bottom-width:0px;border-left-width:0px;padding-top:10px;padding-right:10px;padding-bottom:10px;padding-left:10px;}.kt-info-box6887_68742f-84 .kt-blocks-info-box-media-container{margin-top:0px;margin-right:15px;margin-bottom:0px;margin-left:15px;}.kt-info-box6887_68742f-84 .kt-blocks-info-box-learnmore{background:transparent;border-width:0px 0px 0px 0px;padding-top:4px;padding-right:8px;padding-bottom:4px;padding-left:8px;margin-top:10px;margin-right:0px;margin-bottom:10px;margin-left:0px;}<\/style>\n<div class=\"wp-block-kadence-infobox kt-info-box6887_68742f-84\"><div class=\"kt-blocks-info-box-link-wrap kt-blocks-info-box-media-align-top kt-info-halign-center\"><div class=\"kt-blocks-info-box-media-container\"><div class=\"kt-blocks-info-box-media kt-info-media-animate-none\"><div class=\"kadence-info-box-icon-container kt-info-icon-animate-none\"><div class=\"kadence-info-box-icon-inner-container\"><span class=\"kb-svg-icon-wrap kb-svg-icon-fas_paint-brush kt-info-svg-icon\"><svg viewBox=\"0 0 512 512\"  fill=\"currentColor\" xmlns=\"http:\/\/www.w3.org\/2000\/svg\"  aria-hidden=\"true\"><path d=\"M167.02 309.34c-40.12 2.58-76.53 17.86-97.19 72.3-2.35 6.21-8 9.98-14.59 9.98-11.11 0-45.46-27.67-55.25-34.35C0 439.62 37.93 512 128 512c75.86 0 128-43.77 128-120.19 0-3.11-.65-6.08-.97-9.13l-88.01-73.34zM457.89 0c-15.16 0-29.37 6.71-40.21 16.45C213.27 199.05 192 203.34 192 257.09c0 13.7 3.25 26.76 8.73 38.7l63.82 53.18c7.21 1.8 14.64 3.03 22.39 3.03 62.11 0 98.11-45.47 211.16-256.46 7.38-14.35 13.9-29.85 13.9-45.99C512 20.64 486 0 457.89 0z\"\/><\/svg><\/span><\/div><\/div><\/div><\/div><div class=\"kt-infobox-textcontent\"><h2 class=\"kt-blocks-info-box-title\">Information<\/h2><p class=\"kt-blocks-info-box-text\"><strong>Complete title:<\/strong> The Cartoon Exhibition<br><strong>Curator:<\/strong> Henri Langlois<br><strong>Set Designers:<\/strong> Jacques Douy &amp; Jean Castanier<br><strong>Dates:<\/strong> February 7, 1946 &#8211; ?<br><strong>Location:<\/strong> 7, avenue de Messine, Paris, then Brussels, Belgium<br><strong>Country:<\/strong> France<br><strong>Opening hours:<\/strong> from 11am until 10pm<br><br><a href=\"https:\/\/snowwhitemuseum.com\/about-the-film\/events\/exhibitions\/\" title=\"Exhibitions\">Back to Exhibitions<\/a><\/p><\/div><\/div><\/div>\n\n\n<style>.kb-row-layout-id6887_56329e-9d > .kt-row-column-wrap{align-content:start;}:where(.kb-row-layout-id6887_56329e-9d > .kt-row-column-wrap) > .wp-block-kadence-column{justify-content:start;}.kb-row-layout-id6887_56329e-9d > .kt-row-column-wrap{column-gap:var(--global-kb-gap-md, 2rem);row-gap:var(--global-kb-gap-md, 2rem);padding-top:var(--global-kb-spacing-sm, 1.5rem);padding-bottom:var(--global-kb-spacing-sm, 1.5rem);grid-template-columns:minmax(0, 1fr) minmax(0, 2fr);}.kb-row-layout-id6887_56329e-9d > .kt-row-layout-overlay{opacity:0.30;}@media all and (max-width: 1024px){.kb-row-layout-id6887_56329e-9d > .kt-row-column-wrap{grid-template-columns:minmax(0, 1fr) minmax(0, 2fr);}}@media all and (max-width: 767px){.kb-row-layout-id6887_56329e-9d > .kt-row-column-wrap{grid-template-columns:minmax(0, 1fr);}}<\/style><div class=\"kb-row-layout-wrap kb-row-layout-id6887_56329e-9d alignnone wp-block-kadence-rowlayout\"><div class=\"kt-row-column-wrap kt-has-2-columns kt-row-layout-right-golden kt-tab-layout-inherit kt-mobile-layout-row kt-row-valign-top\">\n<style>.kadence-column6887_f9fd32-10 > .kt-inside-inner-col,.kadence-column6887_f9fd32-10 > .kt-inside-inner-col:before{border-top-left-radius:0px;border-top-right-radius:0px;border-bottom-right-radius:0px;border-bottom-left-radius:0px;}.kadence-column6887_f9fd32-10 > .kt-inside-inner-col{column-gap:var(--global-kb-gap-sm, 1rem);}.kadence-column6887_f9fd32-10 > .kt-inside-inner-col{flex-direction:column;}.kadence-column6887_f9fd32-10 > .kt-inside-inner-col > .aligncenter{width:100%;}.kadence-column6887_f9fd32-10 > .kt-inside-inner-col:before{opacity:0.3;}.kadence-column6887_f9fd32-10{position:relative;}@media all and (max-width: 1024px){.kadence-column6887_f9fd32-10 > .kt-inside-inner-col{flex-direction:column;justify-content:center;}}@media all and (max-width: 767px){.kadence-column6887_f9fd32-10 > .kt-inside-inner-col{flex-direction:column;justify-content:center;}}<\/style>\n<div class=\"wp-block-kadence-column kadence-column6887_f9fd32-10\"><div class=\"kt-inside-inner-col\">\n<figure class=\"wp-block-image size-large\"><a href=\"https:\/\/snowwhitemuseum.com\/wp-content\/uploads\/2023\/08\/1945-12-1946-02-Exposition-du-dessin-anime.jpg\"><img loading=\"lazy\" decoding=\"async\" width=\"687\" height=\"1024\" src=\"http:\/\/snowwhitemuseum.com\/wp-content\/uploads\/2023\/08\/1945-12-1946-02-Exposition-du-dessin-anime-687x1024.jpg\" alt=\"\" class=\"wp-image-6885\" srcset=\"https:\/\/snowwhitemuseum.com\/wp-content\/uploads\/2023\/08\/1945-12-1946-02-Exposition-du-dessin-anime-687x1024.jpg 687w, https:\/\/snowwhitemuseum.com\/wp-content\/uploads\/2023\/08\/1945-12-1946-02-Exposition-du-dessin-anime-201x300.jpg 201w, https:\/\/snowwhitemuseum.com\/wp-content\/uploads\/2023\/08\/1945-12-1946-02-Exposition-du-dessin-anime-768x1145.jpg 768w, https:\/\/snowwhitemuseum.com\/wp-content\/uploads\/2023\/08\/1945-12-1946-02-Exposition-du-dessin-anime-8x12.jpg 8w, https:\/\/snowwhitemuseum.com\/wp-content\/uploads\/2023\/08\/1945-12-1946-02-Exposition-du-dessin-anime.jpg 805w\" sizes=\"auto, (max-width: 687px) 100vw, 687px\" \/><\/a><figcaption class=\"wp-element-caption\">The Cartoon Exhibition\nParis February 1946<\/figcaption><\/figure>\n<\/div><\/div>\n\n\n<style>.kadence-column6887_be936e-96 > .kt-inside-inner-col,.kadence-column6887_be936e-96 > .kt-inside-inner-col:before{border-top-left-radius:0px;border-top-right-radius:0px;border-bottom-right-radius:0px;border-bottom-left-radius:0px;}.kadence-column6887_be936e-96 > .kt-inside-inner-col{column-gap:var(--global-kb-gap-sm, 1rem);}.kadence-column6887_be936e-96 > .kt-inside-inner-col{flex-direction:column;}.kadence-column6887_be936e-96 > .kt-inside-inner-col > .aligncenter{width:100%;}.kadence-column6887_be936e-96 > .kt-inside-inner-col:before{opacity:0.3;}.kadence-column6887_be936e-96{position:relative;}@media all and (max-width: 1024px){.kadence-column6887_be936e-96 > .kt-inside-inner-col{flex-direction:column;justify-content:center;}}@media all and (max-width: 767px){.kadence-column6887_be936e-96 > .kt-inside-inner-col{flex-direction:column;justify-content:center;}}<\/style>\n<div class=\"wp-block-kadence-column kadence-column6887_be936e-96\"><div class=\"kt-inside-inner-col\"><style>.wp-block-kadence-advancedheading.kt-adv-heading6887_e2f46a-61, .wp-block-kadence-advancedheading.kt-adv-heading6887_e2f46a-61[data-kb-block=\"kb-adv-heading6887_e2f46a-61\"]{font-style:normal;}.wp-block-kadence-advancedheading.kt-adv-heading6887_e2f46a-61 mark.kt-highlight, .wp-block-kadence-advancedheading.kt-adv-heading6887_e2f46a-61[data-kb-block=\"kb-adv-heading6887_e2f46a-61\"] mark.kt-highlight{font-style:normal;color:#f76a0c;-webkit-box-decoration-break:clone;box-decoration-break:clone;padding-top:0px;padding-right:0px;padding-bottom:0px;padding-left:0px;}.wp-block-kadence-advancedheading.kt-adv-heading6887_e2f46a-61 img.kb-inline-image, .wp-block-kadence-advancedheading.kt-adv-heading6887_e2f46a-61[data-kb-block=\"kb-adv-heading6887_e2f46a-61\"] img.kb-inline-image{width:150px;vertical-align:baseline;}<\/style>\n<h2 class=\"kt-adv-heading6887_e2f46a-61 wp-block-kadence-advancedheading\" data-kb-block=\"kb-adv-heading6887_e2f46a-61\">The French Cinemath\u00e8que<\/h2>\n\n\n\n<p>In the aftermath of the Second World War, Henri Langlois, the legendary administrator of the Cin\u00e9math\u00e8que Fran\u00e7aise, which he had helped found 10 years earlier, organized exhibitions at the Cin\u00e9math\u00e8que at 7 avenue de Messine, 75008 Paris. The first two were closely linked and opened on February 7, 1946. If the newspaper Combat is to be believed, the electricians were still busy that day, as the installations had not yet been finalized. The first exhibition was entitled <a href=\"https:\/\/www.cinematheque.fr\/expositions-virtuelles\/langlois\/#!\/point\/4\" target=\"_blank\" rel=\"noopener nofollow\" title=\"&quot;The Cartoon Exhibition&quot;\">&#8220;The Cartoon Exhibition&#8221;<\/a>, and the second was dedicated to \u00c9mile Reynaud, considered the precursor of animated cartoons. For the occasion, his son presented his father&#8217;s films on a newly-built machine, necessary for their projection, the two &#8220;theaters&#8221; owned by \u00c9mile having been destroyed by their creator.<\/p>\n\n\n\n<p>In this exhibition, the rare animated feature films already released, and those still in the making, are given pride of place. Naturally, <em>Snow White<\/em> is among them. Surprisingly, the exhibition poster advertises the months of December to February, whereas the exhibition only opens in February, with opening hours from 11am to 10pm. However, the press reports opening times of 10am to 7pm.<\/p>\n\n\n\n<p>It seems that the exhibition was then exported to Brussels at the end of 1946.<\/p>\n\n\n\n<p>P. Robin&#8217;s article in La Cin\u00e9matographie Fran\u00e7aise of February 23, 1946 describes the exhibition. Here is the text.<\/p>\n\n\n<style>.wp-block-kadence-advancedheading.kt-adv-heading6887_f95344-28, .wp-block-kadence-advancedheading.kt-adv-heading6887_f95344-28[data-kb-block=\"kb-adv-heading6887_f95344-28\"]{font-style:normal;}.wp-block-kadence-advancedheading.kt-adv-heading6887_f95344-28 mark.kt-highlight, .wp-block-kadence-advancedheading.kt-adv-heading6887_f95344-28[data-kb-block=\"kb-adv-heading6887_f95344-28\"] mark.kt-highlight{font-style:normal;color:#f76a0c;-webkit-box-decoration-break:clone;box-decoration-break:clone;padding-top:0px;padding-right:0px;padding-bottom:0px;padding-left:0px;}.wp-block-kadence-advancedheading.kt-adv-heading6887_f95344-28 img.kb-inline-image, .wp-block-kadence-advancedheading.kt-adv-heading6887_f95344-28[data-kb-block=\"kb-adv-heading6887_f95344-28\"] img.kb-inline-image{width:150px;vertical-align:baseline;}<\/style>\n<h3 class=\"kt-adv-heading6887_f95344-28 wp-block-kadence-advancedheading\" data-kb-block=\"kb-adv-heading6887_f95344-28\">The Cin\u00e9math\u00e8que Fran\u00e7aise has opened two brilliant exhibitions devoted to \u00c9mile Reynaud and cartoons.<\/h3>\n\n\n\n<p>Two very interesting exhibitions have opened at the Cin\u00e9math\u00e8que Fran\u00e7aise, 7, avenue de Messine: &#8221; The Cartoon Exhibition &#8221; and &#8221; The Emile Reynaud Exhibition &#8220;. Both complement each other, since before cinema existed, Emile Reynaud had literally invented the &#8220;Dessin Anim\u00e9&#8221; (Cartoon) with his &#8220;Praxinoscope&#8221;.<\/p>\n\n\n\n<p>From Reynaud to Grimault, via Cohl and Disney, the Exhibition in general presents us with a synthesis of this little-known art form, which enthrals and delights young and old alike.<\/p>\n\n\n\n<p>As soon as we enter, we&#8217;re greeted by all the characters we know. Here&#8217;s Popeye and his wife, life-size &#8211; if I dare say so &#8211; in a dramatic situation and under the placid eye of a big fish, hero of a charming Disney film, while, sulking, in a corner, Donald, the eternally unlucky, ponders his misfortunes. On the left, Mickey, Minnie, Goofy, Bonzo, Pinocchio and Pluto are gracefully arranged in checkerboard cubes. On the right, in a display case, are the ancestors, the &#8220;Ph\u00e9nakisticope&#8221; discs and the magic lantern.<\/p>\n\n\n\n<p>As we begin our visit, we see a descriptive and explanatory table of the cartooning technique itself: Grimault&#8217;s studies for his next film, photos of workshops for tracing, painting, animation, etc., etc., right through to the complete shooting and realization (1). Above a display case containing Alexief&#8217;s pin board is an original Disney study for &#8220;<em>Fantasia<\/em>&#8220;.<\/p>\n\n\n\n<p>The Cohl room retraces the life and work of the precursor of cartooning, who created all types of animation: anecdotal drawings, puppet films, shadow puppets, abstract films, advertising films and educational yarns. Numerous photos and drawings illustrate all these works. We then enter the retrospective room, where photos of the most important cartoon films since their origins are on display: Mac Kay&#8217;s <em>Gertie the Dinosaur<\/em> (1908), Pat Sullivan&#8217;s Felix the Cat (1913). Paul Terry&#8217;s <em>Kingdom of Air<\/em> (1915), Disney&#8217;s <em>Skeleton Dance<\/em> (1929), <em>The Tale About Czar Durundai<\/em> (1934), <em>Snow White<\/em> (1937), <em>Pinocchio<\/em> (1938). <em>Gulliver<\/em> (1939). <em>Fantasia<\/em> (1940), <em>Victory Through Air Power<\/em> (1942), etc., etc.<\/p>\n\n\n\n<p>In an adjacent room, like a scene from the Gr\u00e9vin Wax Museum, here&#8217;s a recreation of the big scene from Painlev\u00e9&#8217;s <em>Bluebeard<\/em>, using puppets from the film, and then the carriage used by Jean Perdrix to animate the song of the same name. There are also films by Len Lye, Fischinger&#8217;s emulator, photos by AIexieff, Lotte Reininger and more&#8230;<\/p>\n\n\n\n<p>The highlight of the exhibition, however, is Jacques Damiot&#8217;s presentation of Starevitch&#8217;s puppets, including the Fox, the Cicada and the Ant, the Frog, the Lion, etc., skilfully arranged and full of life.<\/p>\n\n\n\n<p>Opposite, a panel is reserved for French Cartoons: Arcady, Grimault, Image etc., etc., with documents displayed in their most cheerful tricolor ensemble.<\/p>\n\n\n\n<p>Finally, as no exhibition on cinema would be complete without film screenings, the Cin\u00e9math\u00e8que&#8217;s small auditorium features a selection of cartoons, including a rhythmic film of Fishinger, a film by Paul Grimault, and two Mickeys, one of which, <em>Building a Building<\/em>, is a masterpiece of rhythm and comicality.<\/p>\n\n\n\n<p>The Emile Reynaud exhibition on the second floor of the Avenue de Messine showcases the work of cinema&#8217;s precursors. The Zootrope, the Thaumatrope, the Phakinescope (a plagiarism of Reynaud&#8217;s) and, above all, Reynaud&#8217;s own inventions, the Praxinoscope and Photo-sc\u00e9nographe, are on display in a very 19th-century setting. But the most beautiful piece on display is undoubtedly the tape &#8220;Pauvre Pierrot&#8221;, which was screened at the Maison de la Chimie for the Cinquantenaire. This is one of the most precious documents we currently possess on the origins of optical theater, and we owe it to the kindness of the Mus\u00e9e des Arts et M\u00e9tiers to see it. The other documents are on loan from the inventor&#8217;s sons, Paul and Andr\u00e9 Reynaud.<\/p>\n\n\n\n<p>To conclude, we reproduce the text affixed to the entrance to these exhibitions, which we feel best sums up the impression this visit made on us:<\/p>\n\n\n\n<p>&#8220;Realized before the Cinema by Emile Reynaud, brought to the screen by S. Blakeston, the cartoon seems to have arrived in 1945 with Technicolor feature films at the last stage of a formula of which Disney preceded by Pat Sullivan and Fleisher followed by Ub Irweks and Harman and Ising is the most eminent representative. The U.S.S.R. and France are looking for a new formula by talking about Emile Cohl.&#8221;<\/p>\n\n\n\n<p>It only remains for us to congratulate those who were able to interest us so well: set designers Jacques Douy and Jean Castanier and the staff of the Cin\u00e9math\u00e8que, all under the direction of Henri Langlois.<\/p>\n\n\n\n<p>P. Robin.<\/p>\n\n\n\n<p>(1) Incidentally, Walt Disney&#8217;s <em>The Reluctant Dragon<\/em> will also take us on a moving-picture tour of the various pavilions at Burbank Studios, where we&#8217;ll be able to see a cartoon film being made.<\/p>\n<\/div><\/div>\n\n<\/div><\/div>\n\n<style>.wp-block-kadence-advancedheading.kt-adv-heading6887_221185-cf, .wp-block-kadence-advancedheading.kt-adv-heading6887_221185-cf[data-kb-block=\"kb-adv-heading6887_221185-cf\"]{font-style:normal;}.wp-block-kadence-advancedheading.kt-adv-heading6887_221185-cf mark.kt-highlight, .wp-block-kadence-advancedheading.kt-adv-heading6887_221185-cf[data-kb-block=\"kb-adv-heading6887_221185-cf\"] mark.kt-highlight{font-style:normal;color:#f76a0c;-webkit-box-decoration-break:clone;box-decoration-break:clone;padding-top:0px;padding-right:0px;padding-bottom:0px;padding-left:0px;}.wp-block-kadence-advancedheading.kt-adv-heading6887_221185-cf img.kb-inline-image, .wp-block-kadence-advancedheading.kt-adv-heading6887_221185-cf[data-kb-block=\"kb-adv-heading6887_221185-cf\"] img.kb-inline-image{width:150px;vertical-align:baseline;}<\/style>\n<h2 class=\"kt-adv-heading6887_221185-cf wp-block-kadence-advancedheading\" data-kb-block=\"kb-adv-heading6887_221185-cf\">French Newsreel from March 8, 1946<\/h2>\n\n\n\n<p>On its website, the Institut national de l&#8217;audiovisuel offers <a href=\"https:\/\/www.ina.fr\/ina-eclaire-actu\/video\/afe85001358\/d-emile-cohl-a-walt-disney\" target=\"_blank\" rel=\"noopener nofollow\" title=\"\">an excerpt from the March 8, 1946 newsreel<\/a> dealing with this exhibition.<\/p>\n\n\n\n<figure class=\"wp-block-embed is-type-video is-provider-youtube wp-block-embed-youtube wp-embed-aspect-4-3 wp-has-aspect-ratio\"><div class=\"wp-block-embed__wrapper\">\n<iframe loading=\"lazy\" title=\"1946 03 08 D&#039;Emile Cohl \u00e0 Walt Disney\" width=\"720\" height=\"540\" src=\"https:\/\/www.youtube.com\/embed\/ueTbJPh-tiI?feature=oembed\" frameborder=\"0\" allow=\"accelerometer; autoplay; clipboard-write; encrypted-media; gyroscope; picture-in-picture; web-share\" referrerpolicy=\"strict-origin-when-cross-origin\" allowfullscreen><\/iframe>\n<\/div><\/figure>\n","protected":false},"excerpt":{"rendered":"<p>The French Cinemath\u00e8que In the aftermath of the Second World War, Henri Langlois, the legendary administrator of the Cin\u00e9math\u00e8que Fran\u00e7aise, which he had helped found 10 years earlier, organized exhibitions at the Cin\u00e9math\u00e8que at 7 avenue de Messine, 75008 Paris. The first two were closely linked and opened on February 7, 1946. If the newspaper&#8230;<\/p>","protected":false},"author":1,"featured_media":6885,"parent":6884,"menu_order":0,"comment_status":"closed","ping_status":"closed","template":"","meta":{"_kadence_starter_templates_imported_post":false,"_kad_post_transparent":"","_kad_post_title":"","_kad_post_layout":"","_kad_post_sidebar_id":"","_kad_post_content_style":"","_kad_post_vertical_padding":"","_kad_post_feature":"","_kad_post_feature_position":"","_kad_post_header":false,"_kad_post_footer":false,"_kad_post_classname":"","footnotes":""},"class_list":["post-6887","page","type-page","status-publish","has-post-thumbnail","hentry"],"aioseo_notices":[],"_links":{"self":[{"href":"https:\/\/snowwhitemuseum.com\/fr\/wp-json\/wp\/v2\/pages\/6887","targetHints":{"allow":["GET"]}}],"collection":[{"href":"https:\/\/snowwhitemuseum.com\/fr\/wp-json\/wp\/v2\/pages"}],"about":[{"href":"https:\/\/snowwhitemuseum.com\/fr\/wp-json\/wp\/v2\/types\/page"}],"author":[{"embeddable":true,"href":"https:\/\/snowwhitemuseum.com\/fr\/wp-json\/wp\/v2\/users\/1"}],"replies":[{"embeddable":true,"href":"https:\/\/snowwhitemuseum.com\/fr\/wp-json\/wp\/v2\/comments?post=6887"}],"version-history":[{"count":16,"href":"https:\/\/snowwhitemuseum.com\/fr\/wp-json\/wp\/v2\/pages\/6887\/revisions"}],"predecessor-version":[{"id":13971,"href":"https:\/\/snowwhitemuseum.com\/fr\/wp-json\/wp\/v2\/pages\/6887\/revisions\/13971"}],"up":[{"embeddable":true,"href":"https:\/\/snowwhitemuseum.com\/fr\/wp-json\/wp\/v2\/pages\/6884"}],"wp:featuredmedia":[{"embeddable":true,"href":"https:\/\/snowwhitemuseum.com\/fr\/wp-json\/wp\/v2\/media\/6885"}],"wp:attachment":[{"href":"https:\/\/snowwhitemuseum.com\/fr\/wp-json\/wp\/v2\/media?parent=6887"}],"curies":[{"name":"wp","href":"https:\/\/api.w.org\/{rel}","templated":true}]}}