{"id":7130,"date":"2023-09-03T13:45:43","date_gmt":"2023-09-03T11:45:43","guid":{"rendered":"https:\/\/snowwhitemuseum.com\/?page_id=7130"},"modified":"2025-05-20T22:18:03","modified_gmt":"2025-05-20T20:18:03","slug":"awards","status":"publish","type":"page","link":"https:\/\/snowwhitemuseum.com\/fr\/about-the-film\/events\/awards\/","title":{"rendered":"R\u00e9compenses"},"content":{"rendered":"<style>.kb-row-layout-id7130_d5159f-37 > .kt-row-column-wrap{align-content:start;}:where(.kb-row-layout-id7130_d5159f-37 > .kt-row-column-wrap) > .wp-block-kadence-column{justify-content:start;}.kb-row-layout-id7130_d5159f-37 > .kt-row-column-wrap{column-gap:var(--global-kb-gap-md, 2rem);row-gap:var(--global-kb-gap-md, 2rem);padding-top:var(--global-kb-spacing-sm, 1.5rem);padding-bottom:var(--global-kb-spacing-sm, 1.5rem);}.kb-row-layout-id7130_d5159f-37 > .kt-row-column-wrap > div:not(.added-for-specificity){grid-column:initial;}.kb-row-layout-id7130_d5159f-37 > .kt-row-column-wrap{grid-template-columns:minmax(0, 1fr) minmax(0, 2fr) minmax(0, 1fr);}.kb-row-layout-id7130_d5159f-37 > .kt-row-layout-overlay{opacity:0.30;}@media all and (max-width: 1024px){.kb-row-layout-id7130_d5159f-37 > .kt-row-column-wrap > div:not(.added-for-specificity){grid-column:initial;}}@media all and (max-width: 1024px){.kb-row-layout-id7130_d5159f-37 > .kt-row-column-wrap{grid-template-columns:minmax(0, 1fr) minmax(0, 2fr) minmax(0, 1fr);}}@media all and (max-width: 767px){.kb-row-layout-id7130_d5159f-37 > .kt-row-column-wrap > div:not(.added-for-specificity){grid-column:initial;}.kb-row-layout-id7130_d5159f-37 > .kt-row-column-wrap{grid-template-columns:minmax(0, 1fr);}}<\/style><div class=\"kb-row-layout-wrap kb-row-layout-id7130_d5159f-37 alignnone wp-block-kadence-rowlayout\"><div class=\"kt-row-column-wrap kt-has-3-columns kt-row-layout-center-half kt-tab-layout-inherit kt-mobile-layout-row kt-row-valign-top\">\n<style>.kadence-column7130_947695-05 > .kt-inside-inner-col,.kadence-column7130_947695-05 > .kt-inside-inner-col:before{border-top-left-radius:0px;border-top-right-radius:0px;border-bottom-right-radius:0px;border-bottom-left-radius:0px;}.kadence-column7130_947695-05 > .kt-inside-inner-col{column-gap:var(--global-kb-gap-sm, 1rem);}.kadence-column7130_947695-05 > .kt-inside-inner-col{flex-direction:column;}.kadence-column7130_947695-05 > .kt-inside-inner-col > .aligncenter{width:100%;}.kadence-column7130_947695-05 > .kt-inside-inner-col:before{opacity:0.3;}.kadence-column7130_947695-05{position:relative;}@media all and (max-width: 1024px){.kadence-column7130_947695-05 > .kt-inside-inner-col{flex-direction:column;justify-content:center;}}@media all and (max-width: 767px){.kadence-column7130_947695-05 > .kt-inside-inner-col{flex-direction:column;justify-content:center;}}<\/style>\n<div class=\"wp-block-kadence-column kadence-column7130_947695-05\"><div class=\"kt-inside-inner-col\"><\/div><\/div>\n\n\n<style>.kadence-column7130_419676-cb > .kt-inside-inner-col,.kadence-column7130_419676-cb > .kt-inside-inner-col:before{border-top-left-radius:0px;border-top-right-radius:0px;border-bottom-right-radius:0px;border-bottom-left-radius:0px;}.kadence-column7130_419676-cb > .kt-inside-inner-col{column-gap:var(--global-kb-gap-sm, 1rem);}.kadence-column7130_419676-cb > .kt-inside-inner-col{flex-direction:column;}.kadence-column7130_419676-cb > .kt-inside-inner-col > .aligncenter{width:100%;}.kadence-column7130_419676-cb > .kt-inside-inner-col:before{opacity:0.3;}.kadence-column7130_419676-cb{position:relative;}@media all and (max-width: 1024px){.kadence-column7130_419676-cb > .kt-inside-inner-col{flex-direction:column;justify-content:center;}}@media all and (max-width: 767px){.kadence-column7130_419676-cb > .kt-inside-inner-col{flex-direction:column;justify-content:center;}}<\/style>\n<div class=\"wp-block-kadence-column kadence-column7130_419676-cb\"><div class=\"kt-inside-inner-col\"><style>.wp-block-kadence-advancedbtn.kb-btns7130_66d8c1-88{gap:var(--global-kb-gap-xs, 0.5rem );justify-content:center;align-items:center;}.kt-btns7130_66d8c1-88 .kt-button{font-weight:normal;font-style:normal;}.kt-btns7130_66d8c1-88 .kt-btn-wrap-0{margin-right:5px;}.wp-block-kadence-advancedbtn.kt-btns7130_66d8c1-88 .kt-btn-wrap-0 .kt-button{color:#555555;border-color:#555555;}.wp-block-kadence-advancedbtn.kt-btns7130_66d8c1-88 .kt-btn-wrap-0 .kt-button:hover, .wp-block-kadence-advancedbtn.kt-btns7130_66d8c1-88 .kt-btn-wrap-0 .kt-button:focus{color:#ffffff;border-color:#444444;}.wp-block-kadence-advancedbtn.kt-btns7130_66d8c1-88 .kt-btn-wrap-0 .kt-button::before{display:none;}.wp-block-kadence-advancedbtn.kt-btns7130_66d8c1-88 .kt-btn-wrap-0 .kt-button:hover, .wp-block-kadence-advancedbtn.kt-btns7130_66d8c1-88 .kt-btn-wrap-0 .kt-button:focus{background:#444444;}<\/style>\n<div class=\"wp-block-kadence-advancedbtn kb-buttons-wrap kb-btns7130_66d8c1-88\"><style>ul.menu .wp-block-kadence-advancedbtn .kb-btn7130_686059-26.kb-button{width:initial;}<\/style><a class=\"kb-button kt-button button kb-btn7130_686059-26 kt-btn-size-standard kt-btn-width-type-auto kb-btn-global-fill  kt-btn-has-text-true kt-btn-has-svg-false  wp-block-kadence-singlebtn\" href=\"https:\/\/snowwhitemuseum.com\/fr\/about-the-film\/events\/\"><span class=\"kt-btn-inner-text\">Retour aux \u00c9v\u00e9nements<\/span><\/a><\/div>\n<\/div><\/div>\n\n\n<style>.kadence-column7130_77c804-f5 > .kt-inside-inner-col,.kadence-column7130_77c804-f5 > .kt-inside-inner-col:before{border-top-left-radius:0px;border-top-right-radius:0px;border-bottom-right-radius:0px;border-bottom-left-radius:0px;}.kadence-column7130_77c804-f5 > .kt-inside-inner-col{column-gap:var(--global-kb-gap-sm, 1rem);}.kadence-column7130_77c804-f5 > .kt-inside-inner-col{flex-direction:column;}.kadence-column7130_77c804-f5 > .kt-inside-inner-col > .aligncenter{width:100%;}.kadence-column7130_77c804-f5 > .kt-inside-inner-col:before{opacity:0.3;}.kadence-column7130_77c804-f5{position:relative;}@media all and (max-width: 1024px){.kadence-column7130_77c804-f5 > .kt-inside-inner-col{flex-direction:column;justify-content:center;}}@media all and (max-width: 767px){.kadence-column7130_77c804-f5 > .kt-inside-inner-col{flex-direction:column;justify-content:center;}}<\/style>\n<div class=\"wp-block-kadence-column kadence-column7130_77c804-f5\"><div class=\"kt-inside-inner-col\"><\/div><\/div>\n\n<\/div><\/div>\n\n\n<p><em>Blanche Neige et les sept nains<\/em> a remport\u00e9 de nombreux prix lors de sa sortie initiale et a \u00e9t\u00e9 r\u00e9compens\u00e9 \u00e0 plusieurs reprises par la suite. Son influence se fait \u00e9galement sentir dans plusieurs autres \u00e9v\u00e9nements connexes.<\/p>\n\n\n<style>.wp-block-kadence-advancedgallery .kb-gallery-type-grid.kb-gallery-id-7130_c6fa3c-50{margin:-5px;}.kb-gallery-type-grid.kb-gallery-id-7130_c6fa3c-50 .kadence-blocks-gallery-item{padding:5px;}.kb-gallery-id-7130_c6fa3c-50 .kadence-blocks-gallery-item .kb-gal-image-radius, .kb-gallery-id-7130_c6fa3c-50 .kb-slide-item .kb-gal-image-radius img{border-radius:0px 0px 0px 0px;;}.kb-gallery-caption-style-cover-hover.kb-gallery-id-7130_c6fa3c-50 .kadence-blocks-gallery-item .kadence-blocks-gallery-item-inner .kadence-blocks-gallery-item__caption, .kb-gallery-caption-style-below.kb-gallery-id-7130_c6fa3c-50 .kadence-blocks-gallery-item .kadence-blocks-gallery-item-inner .kadence-blocks-gallery-item__caption{background:rgba(0, 0, 0, 0.8);}<\/style><div class=\"kb-gallery-wrap-id-7130_c6fa3c-50 alignnone wp-block-kadence-advancedgallery\" id=\"sequencesart\"><ul class=\"kb-gallery-ul kb-gallery-non-static kb-gallery-type-grid kb-gallery-id-7130_c6fa3c-50 kb-gallery-caption-style-below kb-gallery-filter-none\" data-image-filter=\"none\" data-item-selector=\".kadence-blocks-gallery-item\" data-lightbox-caption=\"true\" data-columns-xxl=\"5\" data-columns-xl=\"5\" data-columns-md=\"5\" data-columns-sm=\"4\" data-columns-xs=\"4\" data-columns-ss=\"3\"><li class=\"kadence-blocks-gallery-item\"><div class=\"kadence-blocks-gallery-item-inner\"><figure class=\"kb-gallery-figure kb-gallery-item-has-link kadence-blocks-gallery-item-has-caption\" style=\"max-width:700px;\"><a href=\"https:\/\/snowwhitemuseum.com\/fr\/about-the-film\/events\/awards\/the-academy-awards\/\" class=\"kb-gallery-item-link\"  ><div class=\"kb-gal-image-radius\" style=\"max-width:700px;\"><div class=\"kb-gallery-image-contain kadence-blocks-gallery-intrinsic kb-gallery-image-ratio-inherit kb-has-image-ratio-inherit\" style=\"padding-bottom:56%;\"><img loading=\"lazy\" decoding=\"async\" src=\"https:\/\/snowwhitemuseum.com\/wp-content\/uploads\/2023\/05\/oscar-thumb.jpg\" width=\"700\" height=\"394\" alt=\"\" data-full-image=\"https:\/\/snowwhitemuseum.com\/wp-content\/uploads\/2023\/05\/oscar-thumb.jpg\" data-light-image=\"https:\/\/snowwhitemuseum.com\/wp-content\/uploads\/2023\/05\/oscar-thumb.jpg\" data-id=\"1751\" class=\"wp-image-1751\" srcset=\"https:\/\/snowwhitemuseum.com\/wp-content\/uploads\/2023\/05\/oscar-thumb.jpg 700w, https:\/\/snowwhitemuseum.com\/wp-content\/uploads\/2023\/05\/oscar-thumb-300x169.jpg 300w, https:\/\/snowwhitemuseum.com\/wp-content\/uploads\/2023\/05\/oscar-thumb-18x10.jpg 18w\" sizes=\"auto, (max-width: 700px) 100vw, 700px\" \/><\/div><\/div><div class=\"kadence-blocks-gallery-item__caption\">Les Oscars<\/div><\/a><\/figure><\/div><\/li><li class=\"kadence-blocks-gallery-item\"><div class=\"kadence-blocks-gallery-item-inner\"><figure class=\"kb-gallery-figure kadence-blocks-gallery-item-has-caption\" style=\"max-width:890px;\"><div class=\"kb-gal-image-radius\" style=\"max-width:890px;\"><div class=\"kb-gallery-image-contain kadence-blocks-gallery-intrinsic kb-gallery-image-ratio-inherit kb-has-image-ratio-inherit\" style=\"padding-bottom:56%;\"><img loading=\"lazy\" decoding=\"async\" src=\"https:\/\/snowwhitemuseum.com\/wp-content\/uploads\/2025\/05\/The-New-York-Film-Critics-Award-vignette.jpg\" width=\"890\" height=\"500\" alt=\"\" data-full-image=\"https:\/\/snowwhitemuseum.com\/wp-content\/uploads\/2025\/05\/The-New-York-Film-Critics-Award-vignette.jpg\" data-light-image=\"https:\/\/snowwhitemuseum.com\/wp-content\/uploads\/2025\/05\/The-New-York-Film-Critics-Award-vignette.jpg\" data-id=\"15458\" class=\"wp-image-15458\" srcset=\"https:\/\/snowwhitemuseum.com\/wp-content\/uploads\/2025\/05\/The-New-York-Film-Critics-Award-vignette.jpg 890w, https:\/\/snowwhitemuseum.com\/wp-content\/uploads\/2025\/05\/The-New-York-Film-Critics-Award-vignette-300x169.jpg 300w, https:\/\/snowwhitemuseum.com\/wp-content\/uploads\/2025\/05\/The-New-York-Film-Critics-Award-vignette-768x431.jpg 768w, https:\/\/snowwhitemuseum.com\/wp-content\/uploads\/2025\/05\/The-New-York-Film-Critics-Award-vignette-18x10.jpg 18w\" sizes=\"auto, (max-width: 890px) 100vw, 890px\" \/><\/div><\/div><figcaption class=\"kadence-blocks-gallery-item__caption\">Prix de la critique cin\u00e9matographique de New York<\/figcaption><\/figure><\/div><\/li><\/ul><\/div>","protected":false},"excerpt":{"rendered":"<p>Snow White and the Seven Dwarfs won many awards when it was originally released and was also honored many times after that. Its influence is also felt in several other related events.<\/p>","protected":false},"author":1,"featured_media":1751,"parent":1750,"menu_order":0,"comment_status":"closed","ping_status":"closed","template":"","meta":{"_kadence_starter_templates_imported_post":false,"_kad_post_transparent":"","_kad_post_title":"","_kad_post_layout":"","_kad_post_sidebar_id":"","_kad_post_content_style":"","_kad_post_vertical_padding":"","_kad_post_feature":"","_kad_post_feature_position":"","_kad_post_header":false,"_kad_post_footer":false,"_kad_post_classname":"","footnotes":""},"class_list":["post-7130","page","type-page","status-publish","has-post-thumbnail","hentry"],"aioseo_notices":[],"_links":{"self":[{"href":"https:\/\/snowwhitemuseum.com\/fr\/wp-json\/wp\/v2\/pages\/7130","targetHints":{"allow":["GET"]}}],"collection":[{"href":"https:\/\/snowwhitemuseum.com\/fr\/wp-json\/wp\/v2\/pages"}],"about":[{"href":"https:\/\/snowwhitemuseum.com\/fr\/wp-json\/wp\/v2\/types\/page"}],"author":[{"embeddable":true,"href":"https:\/\/snowwhitemuseum.com\/fr\/wp-json\/wp\/v2\/users\/1"}],"replies":[{"embeddable":true,"href":"https:\/\/snowwhitemuseum.com\/fr\/wp-json\/wp\/v2\/comments?post=7130"}],"version-history":[{"count":4,"href":"https:\/\/snowwhitemuseum.com\/fr\/wp-json\/wp\/v2\/pages\/7130\/revisions"}],"predecessor-version":[{"id":15460,"href":"https:\/\/snowwhitemuseum.com\/fr\/wp-json\/wp\/v2\/pages\/7130\/revisions\/15460"}],"up":[{"embeddable":true,"href":"https:\/\/snowwhitemuseum.com\/fr\/wp-json\/wp\/v2\/pages\/1750"}],"wp:featuredmedia":[{"embeddable":true,"href":"https:\/\/snowwhitemuseum.com\/fr\/wp-json\/wp\/v2\/media\/1751"}],"wp:attachment":[{"href":"https:\/\/snowwhitemuseum.com\/fr\/wp-json\/wp\/v2\/media?parent=7130"}],"curies":[{"name":"wp","href":"https:\/\/api.w.org\/{rel}","templated":true}]}}