{"id":7176,"date":"2023-09-05T13:39:28","date_gmt":"2023-09-05T11:39:28","guid":{"rendered":"https:\/\/snowwhitemuseum.com\/?page_id=7176"},"modified":"2024-06-14T15:55:51","modified_gmt":"2024-06-14T13:55:51","slug":"french-snow-white-program","status":"publish","type":"page","link":"https:\/\/snowwhitemuseum.com\/fr\/images\/programs\/french-programs\/french-snow-white-program\/","title":{"rendered":"Programme fran\u00e7ais de Blanche Neige"},"content":{"rendered":"<style>.wp-block-kadence-advancedbtn.kb-btns7176_bbc712-39{gap:var(--global-kb-gap-xs, 0.5rem );justify-content:center;align-items:center;}.kt-btns7176_bbc712-39 .kt-button{font-weight:normal;font-style:normal;}.kt-btns7176_bbc712-39 .kt-btn-wrap-0{margin-right:5px;}.wp-block-kadence-advancedbtn.kt-btns7176_bbc712-39 .kt-btn-wrap-0 .kt-button{color:#555555;border-color:#555555;}.wp-block-kadence-advancedbtn.kt-btns7176_bbc712-39 .kt-btn-wrap-0 .kt-button:hover, .wp-block-kadence-advancedbtn.kt-btns7176_bbc712-39 .kt-btn-wrap-0 .kt-button:focus{color:#ffffff;border-color:#444444;}.wp-block-kadence-advancedbtn.kt-btns7176_bbc712-39 .kt-btn-wrap-0 .kt-button::before{display:none;}.wp-block-kadence-advancedbtn.kt-btns7176_bbc712-39 .kt-btn-wrap-0 .kt-button:hover, .wp-block-kadence-advancedbtn.kt-btns7176_bbc712-39 .kt-btn-wrap-0 .kt-button:focus{background:#444444;}<\/style>\n<div class=\"wp-block-kadence-advancedbtn kb-buttons-wrap kb-btns7176_bbc712-39\"><style>ul.menu .wp-block-kadence-advancedbtn .kb-btn7176_d09a11-d3.kb-button{width:initial;}<\/style><a class=\"kb-button kt-button button kb-btn7176_d09a11-d3 kt-btn-size-standard kt-btn-width-type-auto kb-btn-global-fill  kt-btn-has-text-true kt-btn-has-svg-false  wp-block-kadence-singlebtn\" href=\"https:\/\/snowwhitemuseum.com\/fr\/images\/programs\/french-programs\/\"><span class=\"kt-btn-inner-text\">Retour aux programmes fran\u00e7ais<\/span><\/a><\/div>\n\n\n\n<p>Ce programme r\u00e9gulier \u00e9tait utilis\u00e9 dans les th\u00e9\u00e2tres fran\u00e7ais et pouvait \u00eatre achet\u00e9 pour 2 francs. Il reprend exactement le contenu du <a href=\"https:\/\/snowwhitemuseum.com\/fr\/images\/programs\/french-programs\/marignan-theater-program\/\" title=\"Programme du cin\u00e9ma Marignan\">programme du cin\u00e9ma Marignan<\/a> sans les publicit\u00e9s. Le premier article intitul\u00e9 \"Walt Disney l'enchanteur\" raconte la gen\u00e8se du film et pr\u00e9sente les personnages. \"La l\u00e9gende de Blanche Neige\" est un r\u00e9sum\u00e9 de l'histoire, et \"La musique de Blanche Neige et les sept nains\" se concentre sur la partition.<\/p>\n\n\n<style>.kb-gallery-id-7176_1fd49e-07 .kadence-blocks-gallery-item .kb-gal-image-radius, .kb-gallery-id-7176_1fd49e-07 .kb-slide-item .kb-gal-image-radius img{border-radius:0px 0px 0px 0px;;}.kb-gallery-caption-style-bottom.kb-gallery-id-7176_1fd49e-07 .kadence-blocks-gallery-item .kadence-blocks-gallery-item-inner .kadence-blocks-gallery-item__caption, .kb-gallery-caption-style-bottom-hover.kb-gallery-id-7176_1fd49e-07 .kadence-blocks-gallery-item .kadence-blocks-gallery-item-inner .kadence-blocks-gallery-item__caption{background:linear-gradient(0deg, rgba(0, 0, 0, 0.8) 0, rgba(0, 0, 0, 0) 100%);}.kb-gallery-wrap-id-7176_1fd49e-07.wp-block-kadence-advancedgallery{overflow:visible;}.kb-gallery-wrap-id-7176_1fd49e-07.wp-block-kadence-advancedgallery .kt-blocks-carousel{overflow:visible;}.kb-gallery-id-7176_1fd49e-07 .splide.kt-carousel-dotstyle-light .splide__pagination__page, .kb-gallery-id-7176_1fd49e-07 .splide.kt-carousel-dotstyle-light .splide__pagination__page.is-active{background-color:#fff;}<\/style><div class=\"kb-gallery-wrap-id-7176_1fd49e-07 alignnone wp-block-kadence-advancedgallery\"><div class=\"kb-gallery-ul kb-gallery-non-static kb-gallery-type-slider kb-gallery-id-7176_1fd49e-07 kb-gallery-caption-style-bottom-hover kb-gallery-filter-none kb-gallery-magnific-init\" data-image-filter=\"none\" data-lightbox-caption=\"true\"><div class=\"kt-blocks-carousel splide kt-carousel-container-dotstyle-light kt-carousel-arrowstyle-whiteondark kt-carousel-dotstyle-light kb-slider-group-arrow kb-slider-arrow-position-center\" data-slider-anim-speed=\"400\" data-slider-scroll=\"1\" data-slider-arrows=\"true\" data-slider-fade=\"true\" data-slider-dots=\"true\" data-slider-type=\"slider\" data-slider-hover-pause=\"false\" data-slider-auto=\"\" data-slider-speed=\"7000\" data-show-pause-button=\"false\"><div class=\"splide__track\"><ul class=\"kt-blocks-carousel-init kb-blocks-slider splide__list\"><li class=\"kb-slide-item kb-gallery-slide-item splide__slide\"><div class=\"kadence-blocks-gallery-item\"><div class=\"kadence-blocks-gallery-item-inner\"><figure class=\"kb-gallery-figure kb-gallery-item-has-link kadence-blocks-gallery-item-has-caption\"><a href=\"http:\/\/snowwhitemuseum.com\/wp-content\/uploads\/2023\/09\/French-program-01.jpg\" data-description=\"French Program - 1938\" class=\"kb-gallery-item-link\"   role=\"button\" aria-haspopup=\"dialog\"><div class=\"kb-gal-image-radius\"><div class=\"kb-gallery-image-contain kadence-blocks-gallery-intrinsic kb-gallery-image-ratio-inherit kb-has-image-ratio-inherit\" ><img loading=\"lazy\" decoding=\"async\" src=\"http:\/\/snowwhitemuseum.com\/wp-content\/uploads\/2023\/05\/page1-fr.png\"  data-splide-lazy=\"http:\/\/snowwhitemuseum.com\/wp-content\/uploads\/2023\/09\/French-program-01.jpg\" width=\"534\" height=\"753\" alt=\"\" data-full-image=\"http:\/\/snowwhitemuseum.com\/wp-content\/uploads\/2023\/09\/French-program-01.jpg\" data-light-image=\"http:\/\/snowwhitemuseum.com\/wp-content\/uploads\/2023\/09\/French-program-01.jpg\" data-splide-lazy-srcset=\"https:\/\/snowwhitemuseum.com\/wp-content\/uploads\/2023\/09\/French-program-01.jpg 534w, https:\/\/snowwhitemuseum.com\/wp-content\/uploads\/2023\/09\/French-program-01-213x300.jpg 213w, https:\/\/snowwhitemuseum.com\/wp-content\/uploads\/2023\/09\/French-program-01-9x12.jpg 9w\" sizes=\"auto, (max-width: 534px) 100vw, 534px\"data-id=\"7168\" class=\"wp-image-7168 skip-lazy\"\/><\/div><div class=\"kadence-blocks-gallery-item__caption\">Programme fran\u00e7ais - 1938<\/div><\/div><\/a><\/figure><\/div><\/div><\/li><li class=\"kb-slide-item kb-gallery-slide-item splide__slide\"><div class=\"kadence-blocks-gallery-item\"><div class=\"kadence-blocks-gallery-item-inner\"><figure class=\"kb-gallery-figure kb-gallery-item-has-link\"><a href=\"http:\/\/snowwhitemuseum.com\/wp-content\/uploads\/2023\/09\/French-program-02.jpg\" class=\"kb-gallery-item-link\"   role=\"button\" aria-haspopup=\"dialog\"><div class=\"kb-gal-image-radius\"><div class=\"kb-gallery-image-contain kadence-blocks-gallery-intrinsic kb-gallery-image-ratio-inherit kb-has-image-ratio-inherit\" ><img loading=\"lazy\" decoding=\"async\" src=\"http:\/\/snowwhitemuseum.com\/wp-content\/uploads\/2023\/05\/page1-fr.png\"  data-splide-lazy=\"http:\/\/snowwhitemuseum.com\/wp-content\/uploads\/2023\/09\/French-program-02-1024x710.jpg\" width=\"1024\" height=\"710\" alt=\"\" data-full-image=\"http:\/\/snowwhitemuseum.com\/wp-content\/uploads\/2023\/09\/French-program-02.jpg\" data-light-image=\"http:\/\/snowwhitemuseum.com\/wp-content\/uploads\/2023\/09\/French-program-02.jpg\" data-splide-lazy-srcset=\"https:\/\/snowwhitemuseum.com\/wp-content\/uploads\/2023\/09\/French-program-02-1024x710.jpg 1024w, https:\/\/snowwhitemuseum.com\/wp-content\/uploads\/2023\/09\/French-program-02-300x208.jpg 300w, https:\/\/snowwhitemuseum.com\/wp-content\/uploads\/2023\/09\/French-program-02-768x533.jpg 768w, https:\/\/snowwhitemuseum.com\/wp-content\/uploads\/2023\/09\/French-program-02-18x12.jpg 18w, https:\/\/snowwhitemuseum.com\/wp-content\/uploads\/2023\/09\/French-program-02.jpg 1086w\" sizes=\"auto, (max-width: 1024px) 100vw, 1024px\"data-id=\"7177\" class=\"wp-image-7177 skip-lazy\"\/><\/div><\/div><\/a><\/figure><\/div><\/div><\/li><li class=\"kb-slide-item kb-gallery-slide-item splide__slide\"><div class=\"kadence-blocks-gallery-item\"><div class=\"kadence-blocks-gallery-item-inner\"><figure class=\"kb-gallery-figure kb-gallery-item-has-link\"><a href=\"http:\/\/snowwhitemuseum.com\/wp-content\/uploads\/2023\/09\/French-program-03.jpg\" class=\"kb-gallery-item-link\"   role=\"button\" aria-haspopup=\"dialog\"><div class=\"kb-gal-image-radius\"><div class=\"kb-gallery-image-contain kadence-blocks-gallery-intrinsic kb-gallery-image-ratio-inherit kb-has-image-ratio-inherit\" ><img loading=\"lazy\" decoding=\"async\" src=\"http:\/\/snowwhitemuseum.com\/wp-content\/uploads\/2023\/05\/page1-fr.png\"  data-splide-lazy=\"http:\/\/snowwhitemuseum.com\/wp-content\/uploads\/2023\/09\/French-program-03-1024x711.jpg\" width=\"1024\" height=\"711\" alt=\"\" data-full-image=\"http:\/\/snowwhitemuseum.com\/wp-content\/uploads\/2023\/09\/French-program-03.jpg\" data-light-image=\"http:\/\/snowwhitemuseum.com\/wp-content\/uploads\/2023\/09\/French-program-03.jpg\" data-splide-lazy-srcset=\"https:\/\/snowwhitemuseum.com\/wp-content\/uploads\/2023\/09\/French-program-03-1024x711.jpg 1024w, https:\/\/snowwhitemuseum.com\/wp-content\/uploads\/2023\/09\/French-program-03-300x208.jpg 300w, https:\/\/snowwhitemuseum.com\/wp-content\/uploads\/2023\/09\/French-program-03-768x533.jpg 768w, https:\/\/snowwhitemuseum.com\/wp-content\/uploads\/2023\/09\/French-program-03-18x12.jpg 18w, https:\/\/snowwhitemuseum.com\/wp-content\/uploads\/2023\/09\/French-program-03.jpg 1085w\" sizes=\"auto, (max-width: 1024px) 100vw, 1024px\"data-id=\"7178\" class=\"wp-image-7178 skip-lazy\"\/><\/div><\/div><\/a><\/figure><\/div><\/div><\/li><li class=\"kb-slide-item kb-gallery-slide-item splide__slide\"><div class=\"kadence-blocks-gallery-item\"><div class=\"kadence-blocks-gallery-item-inner\"><figure class=\"kb-gallery-figure kb-gallery-item-has-link\"><a href=\"http:\/\/snowwhitemuseum.com\/wp-content\/uploads\/2023\/09\/French-program-04.jpg\" class=\"kb-gallery-item-link\"   role=\"button\" aria-haspopup=\"dialog\"><div class=\"kb-gal-image-radius\"><div class=\"kb-gallery-image-contain kadence-blocks-gallery-intrinsic kb-gallery-image-ratio-inherit kb-has-image-ratio-inherit\" ><img loading=\"lazy\" decoding=\"async\" src=\"http:\/\/snowwhitemuseum.com\/wp-content\/uploads\/2023\/05\/page1-fr.png\"  data-splide-lazy=\"http:\/\/snowwhitemuseum.com\/wp-content\/uploads\/2023\/09\/French-program-04-1024x713.jpg\" width=\"1024\" height=\"713\" alt=\"\" data-full-image=\"http:\/\/snowwhitemuseum.com\/wp-content\/uploads\/2023\/09\/French-program-04.jpg\" data-light-image=\"http:\/\/snowwhitemuseum.com\/wp-content\/uploads\/2023\/09\/French-program-04.jpg\" data-splide-lazy-srcset=\"https:\/\/snowwhitemuseum.com\/wp-content\/uploads\/2023\/09\/French-program-04-1024x713.jpg 1024w, https:\/\/snowwhitemuseum.com\/wp-content\/uploads\/2023\/09\/French-program-04-300x209.jpg 300w, https:\/\/snowwhitemuseum.com\/wp-content\/uploads\/2023\/09\/French-program-04-768x534.jpg 768w, https:\/\/snowwhitemuseum.com\/wp-content\/uploads\/2023\/09\/French-program-04-18x12.jpg 18w, https:\/\/snowwhitemuseum.com\/wp-content\/uploads\/2023\/09\/French-program-04.jpg 1082w\" sizes=\"auto, (max-width: 1024px) 100vw, 1024px\"data-id=\"7179\" class=\"wp-image-7179 skip-lazy\"\/><\/div><\/div><\/a><\/figure><\/div><\/div><\/li><li class=\"kb-slide-item kb-gallery-slide-item splide__slide\"><div class=\"kadence-blocks-gallery-item\"><div class=\"kadence-blocks-gallery-item-inner\"><figure class=\"kb-gallery-figure kb-gallery-item-has-link\"><a href=\"http:\/\/snowwhitemuseum.com\/wp-content\/uploads\/2023\/09\/French-program-06.jpg\" class=\"kb-gallery-item-link\"   role=\"button\" aria-haspopup=\"dialog\"><div class=\"kb-gal-image-radius\"><div class=\"kb-gallery-image-contain kadence-blocks-gallery-intrinsic kb-gallery-image-ratio-inherit kb-has-image-ratio-inherit\" ><img loading=\"lazy\" decoding=\"async\" src=\"http:\/\/snowwhitemuseum.com\/wp-content\/uploads\/2023\/05\/page1-fr.png\"  data-splide-lazy=\"http:\/\/snowwhitemuseum.com\/wp-content\/uploads\/2023\/09\/French-program-06-1024x712.jpg\" width=\"1024\" height=\"712\" alt=\"\" data-full-image=\"http:\/\/snowwhitemuseum.com\/wp-content\/uploads\/2023\/09\/French-program-06.jpg\" data-light-image=\"http:\/\/snowwhitemuseum.com\/wp-content\/uploads\/2023\/09\/French-program-06.jpg\" data-splide-lazy-srcset=\"https:\/\/snowwhitemuseum.com\/wp-content\/uploads\/2023\/09\/French-program-06-1024x712.jpg 1024w, https:\/\/snowwhitemuseum.com\/wp-content\/uploads\/2023\/09\/French-program-06-300x209.jpg 300w, https:\/\/snowwhitemuseum.com\/wp-content\/uploads\/2023\/09\/French-program-06-768x534.jpg 768w, https:\/\/snowwhitemuseum.com\/wp-content\/uploads\/2023\/09\/French-program-06-18x12.jpg 18w, https:\/\/snowwhitemuseum.com\/wp-content\/uploads\/2023\/09\/French-program-06.jpg 1083w\" sizes=\"auto, (max-width: 1024px) 100vw, 1024px\"data-id=\"7180\" class=\"wp-image-7180 skip-lazy\"\/><\/div><\/div><\/a><\/figure><\/div><\/div><\/li><\/ul><\/div><\/div><\/div><\/div>","protected":false},"excerpt":{"rendered":"<p>This regular program was used in French theater and could be purchased for 2 francs. It reproduces the exact content found in the Marignan program without the ads. The first article called &#8220;Walt Disney the Enchanter&#8221; tells about the genesis of the film and presents the characters. &#8220;The Legend of Snow White&#8221; is a summary&#8230;<\/p>","protected":false},"author":1,"featured_media":7168,"parent":7167,"menu_order":0,"comment_status":"closed","ping_status":"closed","template":"","meta":{"_kadence_starter_templates_imported_post":false,"_kad_post_transparent":"","_kad_post_title":"","_kad_post_layout":"","_kad_post_sidebar_id":"","_kad_post_content_style":"","_kad_post_vertical_padding":"","_kad_post_feature":"","_kad_post_feature_position":"","_kad_post_header":false,"_kad_post_footer":false,"_kad_post_classname":"","footnotes":""},"class_list":["post-7176","page","type-page","status-publish","has-post-thumbnail","hentry"],"aioseo_notices":[],"_links":{"self":[{"href":"https:\/\/snowwhitemuseum.com\/fr\/wp-json\/wp\/v2\/pages\/7176","targetHints":{"allow":["GET"]}}],"collection":[{"href":"https:\/\/snowwhitemuseum.com\/fr\/wp-json\/wp\/v2\/pages"}],"about":[{"href":"https:\/\/snowwhitemuseum.com\/fr\/wp-json\/wp\/v2\/types\/page"}],"author":[{"embeddable":true,"href":"https:\/\/snowwhitemuseum.com\/fr\/wp-json\/wp\/v2\/users\/1"}],"replies":[{"embeddable":true,"href":"https:\/\/snowwhitemuseum.com\/fr\/wp-json\/wp\/v2\/comments?post=7176"}],"version-history":[{"count":3,"href":"https:\/\/snowwhitemuseum.com\/fr\/wp-json\/wp\/v2\/pages\/7176\/revisions"}],"predecessor-version":[{"id":11128,"href":"https:\/\/snowwhitemuseum.com\/fr\/wp-json\/wp\/v2\/pages\/7176\/revisions\/11128"}],"up":[{"embeddable":true,"href":"https:\/\/snowwhitemuseum.com\/fr\/wp-json\/wp\/v2\/pages\/7167"}],"wp:featuredmedia":[{"embeddable":true,"href":"https:\/\/snowwhitemuseum.com\/fr\/wp-json\/wp\/v2\/media\/7168"}],"wp:attachment":[{"href":"https:\/\/snowwhitemuseum.com\/fr\/wp-json\/wp\/v2\/media?parent=7176"}],"curies":[{"name":"wp","href":"https:\/\/api.w.org\/{rel}","templated":true}]}}