{"id":7185,"date":"2023-09-05T14:16:39","date_gmt":"2023-09-05T12:16:39","guid":{"rendered":"https:\/\/snowwhitemuseum.com\/?page_id=7185"},"modified":"2024-06-14T15:56:00","modified_gmt":"2024-06-14T13:56:00","slug":"program-and-prime-magazine","status":"publish","type":"page","link":"https:\/\/snowwhitemuseum.com\/fr\/images\/programs\/french-programs\/program-and-prime-magazine\/","title":{"rendered":"Programme et magazine-prime"},"content":{"rendered":"<style>.wp-block-kadence-advancedbtn.kb-btns7185_e0cb30-83{gap:var(--global-kb-gap-xs, 0.5rem );justify-content:center;align-items:center;}.kt-btns7185_e0cb30-83 .kt-button{font-weight:normal;font-style:normal;}.kt-btns7185_e0cb30-83 .kt-btn-wrap-0{margin-right:5px;}.wp-block-kadence-advancedbtn.kt-btns7185_e0cb30-83 .kt-btn-wrap-0 .kt-button{color:#555555;border-color:#555555;}.wp-block-kadence-advancedbtn.kt-btns7185_e0cb30-83 .kt-btn-wrap-0 .kt-button:hover, .wp-block-kadence-advancedbtn.kt-btns7185_e0cb30-83 .kt-btn-wrap-0 .kt-button:focus{color:#ffffff;border-color:#444444;}.wp-block-kadence-advancedbtn.kt-btns7185_e0cb30-83 .kt-btn-wrap-0 .kt-button::before{display:none;}.wp-block-kadence-advancedbtn.kt-btns7185_e0cb30-83 .kt-btn-wrap-0 .kt-button:hover, .wp-block-kadence-advancedbtn.kt-btns7185_e0cb30-83 .kt-btn-wrap-0 .kt-button:focus{background:#444444;}<\/style>\n<div class=\"wp-block-kadence-advancedbtn kb-buttons-wrap kb-btns7185_e0cb30-83\"><style>ul.menu .wp-block-kadence-advancedbtn .kb-btn7185_c41782-17.kb-button{width:initial;}<\/style><a class=\"kb-button kt-button button kb-btn7185_c41782-17 kt-btn-size-standard kt-btn-width-type-auto kb-btn-global-fill  kt-btn-has-text-true kt-btn-has-svg-false  wp-block-kadence-singlebtn\" href=\"https:\/\/snowwhitemuseum.com\/fr\/images\/programs\/french-programs\/\"><span class=\"kt-btn-inner-text\">Retour aux programmes fran\u00e7ais<\/span><\/a><\/div>\n\n\n\n<p>Ce d\u00e9pliant a vraisemblablement \u00e9t\u00e9 distribu\u00e9 dans les cin\u00e9mas. Le texte est un r\u00e9sum\u00e9 de l'histoire.<\/p>\n\n\n<style>.kb-gallery-id-7185_8f2640-87 .kadence-blocks-gallery-item .kb-gal-image-radius, .kb-gallery-id-7185_8f2640-87 .kb-slide-item .kb-gal-image-radius img{border-radius:0px 0px 0px 0px;;}.kb-gallery-caption-style-bottom.kb-gallery-id-7185_8f2640-87 .kadence-blocks-gallery-item .kadence-blocks-gallery-item-inner .kadence-blocks-gallery-item__caption, .kb-gallery-caption-style-bottom-hover.kb-gallery-id-7185_8f2640-87 .kadence-blocks-gallery-item .kadence-blocks-gallery-item-inner .kadence-blocks-gallery-item__caption{background:linear-gradient(0deg, rgba(0, 0, 0, 0.8) 0, rgba(0, 0, 0, 0) 100%);}.kb-gallery-wrap-id-7185_8f2640-87.wp-block-kadence-advancedgallery{overflow:visible;}.kb-gallery-wrap-id-7185_8f2640-87.wp-block-kadence-advancedgallery .kt-blocks-carousel{overflow:visible;}.kb-gallery-id-7185_8f2640-87 .splide.kt-carousel-dotstyle-light .splide__pagination__page, .kb-gallery-id-7185_8f2640-87 .splide.kt-carousel-dotstyle-light .splide__pagination__page.is-active{background-color:#fff;}<\/style><div class=\"kb-gallery-wrap-id-7185_8f2640-87 alignnone wp-block-kadence-advancedgallery\"><div class=\"kb-gallery-ul kb-gallery-non-static kb-gallery-type-slider kb-gallery-id-7185_8f2640-87 kb-gallery-caption-style-bottom-hover kb-gallery-filter-none kb-gallery-magnific-init\" data-image-filter=\"none\" data-lightbox-caption=\"true\"><div class=\"kt-blocks-carousel splide kt-carousel-container-dotstyle-light kt-carousel-arrowstyle-whiteondark kt-carousel-dotstyle-light kb-slider-group-arrow kb-slider-arrow-position-center\" data-slider-anim-speed=\"400\" data-slider-scroll=\"1\" data-slider-arrows=\"true\" data-slider-fade=\"true\" data-slider-dots=\"true\" data-slider-type=\"slider\" data-slider-hover-pause=\"false\" data-slider-auto=\"\" data-slider-speed=\"7000\" data-show-pause-button=\"false\"><div class=\"splide__track\"><ul class=\"kt-blocks-carousel-init kb-blocks-slider splide__list\"><li class=\"kb-slide-item kb-gallery-slide-item splide__slide\"><div class=\"kadence-blocks-gallery-item\"><div class=\"kadence-blocks-gallery-item-inner\"><figure class=\"kb-gallery-figure kb-gallery-item-has-link\"><a href=\"http:\/\/snowwhitemuseum.com\/wp-content\/uploads\/2023\/09\/Programme-Blanche-Neige-01.jpg\" class=\"kb-gallery-item-link\"   role=\"button\" aria-haspopup=\"dialog\"><div class=\"kb-gal-image-radius\"><div class=\"kb-gallery-image-contain kadence-blocks-gallery-intrinsic kb-gallery-image-ratio-inherit kb-has-image-ratio-inherit\" ><img loading=\"lazy\" decoding=\"async\" src=\"http:\/\/snowwhitemuseum.com\/wp-content\/uploads\/2023\/05\/page1-fr.png\"  data-splide-lazy=\"http:\/\/snowwhitemuseum.com\/wp-content\/uploads\/2023\/09\/Programme-Blanche-Neige-01-1024x752.jpg\" width=\"1024\" height=\"752\" alt=\"\" data-full-image=\"http:\/\/snowwhitemuseum.com\/wp-content\/uploads\/2023\/09\/Programme-Blanche-Neige-01.jpg\" data-light-image=\"http:\/\/snowwhitemuseum.com\/wp-content\/uploads\/2023\/09\/Programme-Blanche-Neige-01.jpg\" data-splide-lazy-srcset=\"https:\/\/snowwhitemuseum.com\/wp-content\/uploads\/2023\/09\/Programme-Blanche-Neige-01-1024x752.jpg 1024w, https:\/\/snowwhitemuseum.com\/wp-content\/uploads\/2023\/09\/Programme-Blanche-Neige-01-300x220.jpg 300w, https:\/\/snowwhitemuseum.com\/wp-content\/uploads\/2023\/09\/Programme-Blanche-Neige-01-768x564.jpg 768w, https:\/\/snowwhitemuseum.com\/wp-content\/uploads\/2023\/09\/Programme-Blanche-Neige-01-16x12.jpg 16w, https:\/\/snowwhitemuseum.com\/wp-content\/uploads\/2023\/09\/Programme-Blanche-Neige-01.jpg 1026w\" sizes=\"auto, (max-width: 1024px) 100vw, 1024px\"data-id=\"7169\" class=\"wp-image-7169 skip-lazy\"\/><\/div><\/div><\/a><\/figure><\/div><\/div><\/li><li class=\"kb-slide-item kb-gallery-slide-item splide__slide\"><div class=\"kadence-blocks-gallery-item\"><div class=\"kadence-blocks-gallery-item-inner\"><figure class=\"kb-gallery-figure kb-gallery-item-has-link\"><a href=\"http:\/\/snowwhitemuseum.com\/wp-content\/uploads\/2023\/09\/Programme-Blanche-Neige-02.jpg\" class=\"kb-gallery-item-link\"   role=\"button\" aria-haspopup=\"dialog\"><div class=\"kb-gal-image-radius\"><div class=\"kb-gallery-image-contain kadence-blocks-gallery-intrinsic kb-gallery-image-ratio-inherit kb-has-image-ratio-inherit\" ><img loading=\"lazy\" decoding=\"async\" src=\"http:\/\/snowwhitemuseum.com\/wp-content\/uploads\/2023\/05\/page1-fr.png\"  data-splide-lazy=\"http:\/\/snowwhitemuseum.com\/wp-content\/uploads\/2023\/09\/Programme-Blanche-Neige-02-1024x750.jpg\" width=\"1024\" height=\"750\" alt=\"\" data-full-image=\"http:\/\/snowwhitemuseum.com\/wp-content\/uploads\/2023\/09\/Programme-Blanche-Neige-02.jpg\" data-light-image=\"http:\/\/snowwhitemuseum.com\/wp-content\/uploads\/2023\/09\/Programme-Blanche-Neige-02.jpg\" data-splide-lazy-srcset=\"https:\/\/snowwhitemuseum.com\/wp-content\/uploads\/2023\/09\/Programme-Blanche-Neige-02-1024x750.jpg 1024w, https:\/\/snowwhitemuseum.com\/wp-content\/uploads\/2023\/09\/Programme-Blanche-Neige-02-300x220.jpg 300w, https:\/\/snowwhitemuseum.com\/wp-content\/uploads\/2023\/09\/Programme-Blanche-Neige-02-768x563.jpg 768w, https:\/\/snowwhitemuseum.com\/wp-content\/uploads\/2023\/09\/Programme-Blanche-Neige-02-16x12.jpg 16w, https:\/\/snowwhitemuseum.com\/wp-content\/uploads\/2023\/09\/Programme-Blanche-Neige-02.jpg 1028w\" sizes=\"auto, (max-width: 1024px) 100vw, 1024px\"data-id=\"7186\" class=\"wp-image-7186 skip-lazy\"\/><\/div><\/div><\/a><\/figure><\/div><\/div><\/li><\/ul><\/div><\/div><\/div><\/div>","protected":false},"excerpt":{"rendered":"<p>Ce d\u00e9pliant a vraisemblablement \u00e9t\u00e9 distribu\u00e9 dans les cin\u00e9mas. Le texte est un r\u00e9sum\u00e9 de l'histoire.<\/p>","protected":false},"author":1,"featured_media":7170,"parent":7167,"menu_order":0,"comment_status":"closed","ping_status":"closed","template":"","meta":{"_kadence_starter_templates_imported_post":false,"_kad_post_transparent":"","_kad_post_title":"","_kad_post_layout":"","_kad_post_sidebar_id":"","_kad_post_content_style":"","_kad_post_vertical_padding":"","_kad_post_feature":"","_kad_post_feature_position":"","_kad_post_header":false,"_kad_post_footer":false,"_kad_post_classname":"","footnotes":""},"class_list":["post-7185","page","type-page","status-publish","has-post-thumbnail","hentry"],"aioseo_notices":[],"_links":{"self":[{"href":"https:\/\/snowwhitemuseum.com\/fr\/wp-json\/wp\/v2\/pages\/7185","targetHints":{"allow":["GET"]}}],"collection":[{"href":"https:\/\/snowwhitemuseum.com\/fr\/wp-json\/wp\/v2\/pages"}],"about":[{"href":"https:\/\/snowwhitemuseum.com\/fr\/wp-json\/wp\/v2\/types\/page"}],"author":[{"embeddable":true,"href":"https:\/\/snowwhitemuseum.com\/fr\/wp-json\/wp\/v2\/users\/1"}],"replies":[{"embeddable":true,"href":"https:\/\/snowwhitemuseum.com\/fr\/wp-json\/wp\/v2\/comments?post=7185"}],"version-history":[{"count":2,"href":"https:\/\/snowwhitemuseum.com\/fr\/wp-json\/wp\/v2\/pages\/7185\/revisions"}],"predecessor-version":[{"id":11129,"href":"https:\/\/snowwhitemuseum.com\/fr\/wp-json\/wp\/v2\/pages\/7185\/revisions\/11129"}],"up":[{"embeddable":true,"href":"https:\/\/snowwhitemuseum.com\/fr\/wp-json\/wp\/v2\/pages\/7167"}],"wp:featuredmedia":[{"embeddable":true,"href":"https:\/\/snowwhitemuseum.com\/fr\/wp-json\/wp\/v2\/media\/7170"}],"wp:attachment":[{"href":"https:\/\/snowwhitemuseum.com\/fr\/wp-json\/wp\/v2\/media?parent=7185"}],"curies":[{"name":"wp","href":"https:\/\/api.w.org\/{rel}","templated":true}]}}