{"id":7191,"date":"2023-09-05T14:26:29","date_gmt":"2023-09-05T12:26:29","guid":{"rendered":"https:\/\/snowwhitemuseum.com\/?page_id=7191"},"modified":"2024-06-14T15:56:09","modified_gmt":"2024-06-14T13:56:09","slug":"hanoi-majestic-program","status":"publish","type":"page","link":"https:\/\/snowwhitemuseum.com\/fr\/images\/programs\/french-programs\/hanoi-majestic-program\/","title":{"rendered":"Programme du Majestic de Hano\u00ef"},"content":{"rendered":"<style>.wp-block-kadence-advancedbtn.kb-btns7191_a4de42-a1{gap:var(--global-kb-gap-xs, 0.5rem );justify-content:center;align-items:center;}.kt-btns7191_a4de42-a1 .kt-button{font-weight:normal;font-style:normal;}.kt-btns7191_a4de42-a1 .kt-btn-wrap-0{margin-right:5px;}.wp-block-kadence-advancedbtn.kt-btns7191_a4de42-a1 .kt-btn-wrap-0 .kt-button{color:#555555;border-color:#555555;}.wp-block-kadence-advancedbtn.kt-btns7191_a4de42-a1 .kt-btn-wrap-0 .kt-button:hover, .wp-block-kadence-advancedbtn.kt-btns7191_a4de42-a1 .kt-btn-wrap-0 .kt-button:focus{color:#ffffff;border-color:#444444;}.wp-block-kadence-advancedbtn.kt-btns7191_a4de42-a1 .kt-btn-wrap-0 .kt-button::before{display:none;}.wp-block-kadence-advancedbtn.kt-btns7191_a4de42-a1 .kt-btn-wrap-0 .kt-button:hover, .wp-block-kadence-advancedbtn.kt-btns7191_a4de42-a1 .kt-btn-wrap-0 .kt-button:focus{background:#444444;}<\/style>\n<div class=\"wp-block-kadence-advancedbtn kb-buttons-wrap kb-btns7191_a4de42-a1\"><style>ul.menu .wp-block-kadence-advancedbtn .kb-btn7191_fee634-f6.kb-button{width:initial;}<\/style><a class=\"kb-button kt-button button kb-btn7191_fee634-f6 kt-btn-size-standard kt-btn-width-type-auto kb-btn-global-fill  kt-btn-has-text-true kt-btn-has-svg-false  wp-block-kadence-singlebtn\" href=\"https:\/\/snowwhitemuseum.com\/fr\/images\/programs\/french-programs\/\"><span class=\"kt-btn-inner-text\">Retour aux programmes fran\u00e7ais<\/span><\/a><\/div>\n\n\n\n<p>Ce programme, richement reli\u00e9 avec une cordelette rouge, a \u00e9t\u00e9 con\u00e7u pour la sortie fran\u00e7aise (car \u00e0 l'\u00e9poque, la France a des colonies) au cin\u00e9ma Majestic de Hano\u00ef, en Indochine, aujourd'hui le Vietnam. Le journal \"L'avenir du Tonkin\" du 4 janvier 1939 nous confirme que, la semaine pr\u00e9c\u00e9dente, probablement lors d'une pr\u00e9sentation presse, le film \"a remport\u00e9 \u00e0 Hano\u00ef un succ\u00e8s consid\u00e9rable, la salle o\u00f9 se donnait le spectacle fut prise d'assaut : et celui qui voulait avoir une place d\u00fbt aller la retenir longtemps \u00e0 l'avance.\" et surench\u00e9rit le 5 janvier avec une critique dithyrambique : \"Spectacle inoubliable, f\u00e9\u00e9rie de l'\u00e9cran, innovation sensationnelle - tout un horizon artistique qui s'\u00e9largit \u00e0 perte de vue, en des proportions ind\u00e9finies. (...) En v\u00e9rit\u00e9, nous avons assist\u00e9 \u00e0 une r\u00e9volution dans l'art du cin\u00e9ma\".<\/p>\n\n\n\n<p>Le film passa ensuite pour le public du mardi 4 au lundi 10 avril 1939, semaine durant laquelle ces luxueux programmes furent distribu\u00e9s.<\/p>\n\n\n<style>.kb-gallery-id-7191_d6d16f-a8 .kadence-blocks-gallery-item .kb-gal-image-radius, .kb-gallery-id-7191_d6d16f-a8 .kb-slide-item .kb-gal-image-radius img{border-radius:0px 0px 0px 0px;;}.kb-gallery-caption-style-bottom.kb-gallery-id-7191_d6d16f-a8 .kadence-blocks-gallery-item .kadence-blocks-gallery-item-inner .kadence-blocks-gallery-item__caption, .kb-gallery-caption-style-bottom-hover.kb-gallery-id-7191_d6d16f-a8 .kadence-blocks-gallery-item .kadence-blocks-gallery-item-inner .kadence-blocks-gallery-item__caption{background:linear-gradient(0deg, rgba(0, 0, 0, 0.8) 0, rgba(0, 0, 0, 0) 100%);}.kb-gallery-wrap-id-7191_d6d16f-a8.wp-block-kadence-advancedgallery{overflow:visible;}.kb-gallery-wrap-id-7191_d6d16f-a8.wp-block-kadence-advancedgallery .kt-blocks-carousel{overflow:visible;}.kb-gallery-id-7191_d6d16f-a8 .splide.kt-carousel-dotstyle-light .splide__pagination__page, .kb-gallery-id-7191_d6d16f-a8 .splide.kt-carousel-dotstyle-light .splide__pagination__page.is-active{background-color:#fff;}<\/style><div class=\"kb-gallery-wrap-id-7191_d6d16f-a8 alignnone wp-block-kadence-advancedgallery\"><div class=\"kb-gallery-ul kb-gallery-non-static kb-gallery-type-slider kb-gallery-id-7191_d6d16f-a8 kb-gallery-caption-style-bottom-hover kb-gallery-filter-none kb-gallery-magnific-init\" data-image-filter=\"none\" data-lightbox-caption=\"true\"><div class=\"kt-blocks-carousel splide kt-carousel-container-dotstyle-light kt-carousel-arrowstyle-whiteondark kt-carousel-dotstyle-light kb-slider-group-arrow kb-slider-arrow-position-center\" data-slider-anim-speed=\"400\" data-slider-scroll=\"1\" data-slider-arrows=\"true\" data-slider-fade=\"true\" data-slider-dots=\"true\" data-slider-type=\"slider\" data-slider-hover-pause=\"false\" data-slider-auto=\"\" data-slider-speed=\"7000\" data-show-pause-button=\"false\"><div class=\"splide__track\"><ul class=\"kt-blocks-carousel-init kb-blocks-slider splide__list\"><li class=\"kb-slide-item kb-gallery-slide-item splide__slide\"><div class=\"kadence-blocks-gallery-item\"><div class=\"kadence-blocks-gallery-item-inner\"><figure class=\"kb-gallery-figure kb-gallery-item-has-link kadence-blocks-gallery-item-has-caption\"><a href=\"http:\/\/snowwhitemuseum.com\/wp-content\/uploads\/2023\/09\/01-Cover-1.jpg\" data-description=\"Hanoi Majestic Program - 1938\" class=\"kb-gallery-item-link\"   role=\"button\" aria-haspopup=\"dialog\"><div class=\"kb-gal-image-radius\"><div class=\"kb-gallery-image-contain kadence-blocks-gallery-intrinsic kb-gallery-image-ratio-inherit kb-has-image-ratio-inherit\" ><img loading=\"lazy\" decoding=\"async\" src=\"http:\/\/snowwhitemuseum.com\/wp-content\/uploads\/2023\/05\/page1-fr.png\"  data-splide-lazy=\"http:\/\/snowwhitemuseum.com\/wp-content\/uploads\/2023\/09\/01-Cover-1.jpg\" width=\"567\" height=\"753\" alt=\"\" data-full-image=\"http:\/\/snowwhitemuseum.com\/wp-content\/uploads\/2023\/09\/01-Cover-1.jpg\" data-light-image=\"http:\/\/snowwhitemuseum.com\/wp-content\/uploads\/2023\/09\/01-Cover-1.jpg\" data-splide-lazy-srcset=\"https:\/\/snowwhitemuseum.com\/wp-content\/uploads\/2023\/09\/01-Cover-1.jpg 567w, https:\/\/snowwhitemuseum.com\/wp-content\/uploads\/2023\/09\/01-Cover-1-226x300.jpg 226w, https:\/\/snowwhitemuseum.com\/wp-content\/uploads\/2023\/09\/01-Cover-1-9x12.jpg 9w\" sizes=\"auto, (max-width: 567px) 100vw, 567px\"data-id=\"7189\" class=\"wp-image-7189 skip-lazy\"\/><\/div><div class=\"kadence-blocks-gallery-item__caption\">Programme du Majestic de Hano\u00ef - 1938<\/div><\/div><\/a><\/figure><\/div><\/div><\/li><li class=\"kb-slide-item kb-gallery-slide-item splide__slide\"><div class=\"kadence-blocks-gallery-item\"><div class=\"kadence-blocks-gallery-item-inner\"><figure class=\"kb-gallery-figure kb-gallery-item-has-link\"><a href=\"http:\/\/snowwhitemuseum.com\/wp-content\/uploads\/2023\/09\/02.jpg\" class=\"kb-gallery-item-link\"   role=\"button\" aria-haspopup=\"dialog\"><div class=\"kb-gal-image-radius\"><div class=\"kb-gallery-image-contain kadence-blocks-gallery-intrinsic kb-gallery-image-ratio-inherit kb-has-image-ratio-inherit\" ><img loading=\"lazy\" decoding=\"async\" src=\"http:\/\/snowwhitemuseum.com\/wp-content\/uploads\/2023\/05\/page1-fr.png\"  data-splide-lazy=\"http:\/\/snowwhitemuseum.com\/wp-content\/uploads\/2023\/09\/02-1024x661.jpg\" width=\"1024\" height=\"661\" alt=\"\" data-full-image=\"http:\/\/snowwhitemuseum.com\/wp-content\/uploads\/2023\/09\/02.jpg\" data-light-image=\"http:\/\/snowwhitemuseum.com\/wp-content\/uploads\/2023\/09\/02.jpg\" data-splide-lazy-srcset=\"https:\/\/snowwhitemuseum.com\/wp-content\/uploads\/2023\/09\/02-1024x661.jpg 1024w, https:\/\/snowwhitemuseum.com\/wp-content\/uploads\/2023\/09\/02-300x194.jpg 300w, https:\/\/snowwhitemuseum.com\/wp-content\/uploads\/2023\/09\/02-768x496.jpg 768w, https:\/\/snowwhitemuseum.com\/wp-content\/uploads\/2023\/09\/02-18x12.jpg 18w, https:\/\/snowwhitemuseum.com\/wp-content\/uploads\/2023\/09\/02.jpg 1166w\" sizes=\"auto, (max-width: 1024px) 100vw, 1024px\"data-id=\"7193\" class=\"wp-image-7193 skip-lazy\"\/><\/div><\/div><\/a><\/figure><\/div><\/div><\/li><li class=\"kb-slide-item kb-gallery-slide-item splide__slide\"><div class=\"kadence-blocks-gallery-item\"><div class=\"kadence-blocks-gallery-item-inner\"><figure class=\"kb-gallery-figure kb-gallery-item-has-link\"><a href=\"http:\/\/snowwhitemuseum.com\/wp-content\/uploads\/2023\/09\/03.jpg\" class=\"kb-gallery-item-link\"   role=\"button\" aria-haspopup=\"dialog\"><div class=\"kb-gal-image-radius\"><div class=\"kb-gallery-image-contain kadence-blocks-gallery-intrinsic kb-gallery-image-ratio-inherit kb-has-image-ratio-inherit\" ><img loading=\"lazy\" decoding=\"async\" src=\"http:\/\/snowwhitemuseum.com\/wp-content\/uploads\/2023\/05\/page1-fr.png\"  data-splide-lazy=\"http:\/\/snowwhitemuseum.com\/wp-content\/uploads\/2023\/09\/03-1024x704.jpg\" width=\"1024\" height=\"704\" alt=\"\" data-full-image=\"http:\/\/snowwhitemuseum.com\/wp-content\/uploads\/2023\/09\/03.jpg\" data-light-image=\"http:\/\/snowwhitemuseum.com\/wp-content\/uploads\/2023\/09\/03.jpg\" data-splide-lazy-srcset=\"https:\/\/snowwhitemuseum.com\/wp-content\/uploads\/2023\/09\/03-1024x704.jpg 1024w, https:\/\/snowwhitemuseum.com\/wp-content\/uploads\/2023\/09\/03-300x206.jpg 300w, https:\/\/snowwhitemuseum.com\/wp-content\/uploads\/2023\/09\/03-768x528.jpg 768w, https:\/\/snowwhitemuseum.com\/wp-content\/uploads\/2023\/09\/03-18x12.jpg 18w, https:\/\/snowwhitemuseum.com\/wp-content\/uploads\/2023\/09\/03.jpg 1095w\" sizes=\"auto, (max-width: 1024px) 100vw, 1024px\"data-id=\"7194\" class=\"wp-image-7194 skip-lazy\"\/><\/div><\/div><\/a><\/figure><\/div><\/div><\/li><li class=\"kb-slide-item kb-gallery-slide-item splide__slide\"><div class=\"kadence-blocks-gallery-item\"><div class=\"kadence-blocks-gallery-item-inner\"><figure class=\"kb-gallery-figure kb-gallery-item-has-link\"><a href=\"http:\/\/snowwhitemuseum.com\/wp-content\/uploads\/2023\/09\/04.jpg\" class=\"kb-gallery-item-link\"   role=\"button\" aria-haspopup=\"dialog\"><div class=\"kb-gal-image-radius\"><div class=\"kb-gallery-image-contain kadence-blocks-gallery-intrinsic kb-gallery-image-ratio-inherit kb-has-image-ratio-inherit\" ><img loading=\"lazy\" decoding=\"async\" src=\"http:\/\/snowwhitemuseum.com\/wp-content\/uploads\/2023\/05\/page1-fr.png\"  data-splide-lazy=\"http:\/\/snowwhitemuseum.com\/wp-content\/uploads\/2023\/09\/04-1024x705.jpg\" width=\"1024\" height=\"705\" alt=\"\" data-full-image=\"http:\/\/snowwhitemuseum.com\/wp-content\/uploads\/2023\/09\/04.jpg\" data-light-image=\"http:\/\/snowwhitemuseum.com\/wp-content\/uploads\/2023\/09\/04.jpg\" data-splide-lazy-srcset=\"https:\/\/snowwhitemuseum.com\/wp-content\/uploads\/2023\/09\/04-1024x705.jpg 1024w, https:\/\/snowwhitemuseum.com\/wp-content\/uploads\/2023\/09\/04-300x206.jpg 300w, https:\/\/snowwhitemuseum.com\/wp-content\/uploads\/2023\/09\/04-768x529.jpg 768w, https:\/\/snowwhitemuseum.com\/wp-content\/uploads\/2023\/09\/04-18x12.jpg 18w, https:\/\/snowwhitemuseum.com\/wp-content\/uploads\/2023\/09\/04.jpg 1094w\" sizes=\"auto, (max-width: 1024px) 100vw, 1024px\"data-id=\"7195\" class=\"wp-image-7195 skip-lazy\"\/><\/div><\/div><\/a><\/figure><\/div><\/div><\/li><li class=\"kb-slide-item kb-gallery-slide-item splide__slide\"><div class=\"kadence-blocks-gallery-item\"><div class=\"kadence-blocks-gallery-item-inner\"><figure class=\"kb-gallery-figure kb-gallery-item-has-link\"><a href=\"http:\/\/snowwhitemuseum.com\/wp-content\/uploads\/2023\/09\/05.jpg\" class=\"kb-gallery-item-link\"   role=\"button\" aria-haspopup=\"dialog\"><div class=\"kb-gal-image-radius\"><div class=\"kb-gallery-image-contain kadence-blocks-gallery-intrinsic kb-gallery-image-ratio-inherit kb-has-image-ratio-inherit\" ><img loading=\"lazy\" decoding=\"async\" src=\"http:\/\/snowwhitemuseum.com\/wp-content\/uploads\/2023\/05\/page1-fr.png\"  data-splide-lazy=\"http:\/\/snowwhitemuseum.com\/wp-content\/uploads\/2023\/09\/05.jpg\" width=\"567\" height=\"753\" alt=\"\" data-full-image=\"http:\/\/snowwhitemuseum.com\/wp-content\/uploads\/2023\/09\/05.jpg\" data-light-image=\"http:\/\/snowwhitemuseum.com\/wp-content\/uploads\/2023\/09\/05.jpg\" data-splide-lazy-srcset=\"https:\/\/snowwhitemuseum.com\/wp-content\/uploads\/2023\/09\/05.jpg 567w, https:\/\/snowwhitemuseum.com\/wp-content\/uploads\/2023\/09\/05-226x300.jpg 226w, https:\/\/snowwhitemuseum.com\/wp-content\/uploads\/2023\/09\/05-9x12.jpg 9w\" sizes=\"auto, (max-width: 567px) 100vw, 567px\"data-id=\"7192\" class=\"wp-image-7192 skip-lazy\"\/><\/div><\/div><\/a><\/figure><\/div><\/div><\/li><\/ul><\/div><\/div><\/div><\/div>","protected":false},"excerpt":{"rendered":"<p>This program, richly bound with a red cord, was designed for the original French release (because at the time, France had colonies) at the Majestic cinema in Hanoi, Indochina, now Vietnam. The newspaper &#8220;L&#8217;avenir du Tonkin&#8221; of January 4, 1939, confirms that the previous week, probably at a press screening, the film &#8220;was a great&#8230;<\/p>","protected":false},"author":1,"featured_media":7189,"parent":7167,"menu_order":0,"comment_status":"closed","ping_status":"closed","template":"","meta":{"_kadence_starter_templates_imported_post":false,"_kad_post_transparent":"","_kad_post_title":"","_kad_post_layout":"","_kad_post_sidebar_id":"","_kad_post_content_style":"","_kad_post_vertical_padding":"","_kad_post_feature":"","_kad_post_feature_position":"","_kad_post_header":false,"_kad_post_footer":false,"_kad_post_classname":"","footnotes":""},"class_list":["post-7191","page","type-page","status-publish","has-post-thumbnail","hentry"],"aioseo_notices":[],"_links":{"self":[{"href":"https:\/\/snowwhitemuseum.com\/fr\/wp-json\/wp\/v2\/pages\/7191","targetHints":{"allow":["GET"]}}],"collection":[{"href":"https:\/\/snowwhitemuseum.com\/fr\/wp-json\/wp\/v2\/pages"}],"about":[{"href":"https:\/\/snowwhitemuseum.com\/fr\/wp-json\/wp\/v2\/types\/page"}],"author":[{"embeddable":true,"href":"https:\/\/snowwhitemuseum.com\/fr\/wp-json\/wp\/v2\/users\/1"}],"replies":[{"embeddable":true,"href":"https:\/\/snowwhitemuseum.com\/fr\/wp-json\/wp\/v2\/comments?post=7191"}],"version-history":[{"count":2,"href":"https:\/\/snowwhitemuseum.com\/fr\/wp-json\/wp\/v2\/pages\/7191\/revisions"}],"predecessor-version":[{"id":11130,"href":"https:\/\/snowwhitemuseum.com\/fr\/wp-json\/wp\/v2\/pages\/7191\/revisions\/11130"}],"up":[{"embeddable":true,"href":"https:\/\/snowwhitemuseum.com\/fr\/wp-json\/wp\/v2\/pages\/7167"}],"wp:featuredmedia":[{"embeddable":true,"href":"https:\/\/snowwhitemuseum.com\/fr\/wp-json\/wp\/v2\/media\/7189"}],"wp:attachment":[{"href":"https:\/\/snowwhitemuseum.com\/fr\/wp-json\/wp\/v2\/media?parent=7191"}],"curies":[{"name":"wp","href":"https:\/\/api.w.org\/{rel}","templated":true}]}}