{"id":7209,"date":"2023-09-05T16:04:25","date_gmt":"2023-09-05T14:04:25","guid":{"rendered":"https:\/\/snowwhitemuseum.com\/?page_id=7209"},"modified":"2025-07-21T15:17:26","modified_gmt":"2025-07-21T13:17:26","slug":"brussels-eldorado-premier-program","status":"publish","type":"page","link":"https:\/\/snowwhitemuseum.com\/fr\/images\/programs\/belgian-programs\/brussels-eldorado-premier-program\/","title":{"rendered":"Programme de la premi\u00e8re belge \u00e0 l'Eldorado de Bruxelles"},"content":{"rendered":"<style>.wp-block-kadence-advancedbtn.kb-btns7209_274f0d-2a{gap:var(--global-kb-gap-xs, 0.5rem );justify-content:center;align-items:center;}.kt-btns7209_274f0d-2a .kt-button{font-weight:normal;font-style:normal;}.kt-btns7209_274f0d-2a .kt-btn-wrap-0{margin-right:5px;}.wp-block-kadence-advancedbtn.kt-btns7209_274f0d-2a .kt-btn-wrap-0 .kt-button{color:#555555;border-color:#555555;}.wp-block-kadence-advancedbtn.kt-btns7209_274f0d-2a .kt-btn-wrap-0 .kt-button:hover, .wp-block-kadence-advancedbtn.kt-btns7209_274f0d-2a .kt-btn-wrap-0 .kt-button:focus{color:#ffffff;border-color:#444444;}.wp-block-kadence-advancedbtn.kt-btns7209_274f0d-2a .kt-btn-wrap-0 .kt-button::before{display:none;}.wp-block-kadence-advancedbtn.kt-btns7209_274f0d-2a .kt-btn-wrap-0 .kt-button:hover, .wp-block-kadence-advancedbtn.kt-btns7209_274f0d-2a .kt-btn-wrap-0 .kt-button:focus{background:#444444;}<\/style>\n<div class=\"wp-block-kadence-advancedbtn kb-buttons-wrap kb-btns7209_274f0d-2a\"><style>ul.menu .wp-block-kadence-advancedbtn .kb-btn7209_684bb0-9d.kb-button{width:initial;}<\/style><a class=\"kb-button kt-button button kb-btn7209_684bb0-9d kt-btn-size-standard kt-btn-width-type-auto kb-btn-global-fill  kt-btn-has-text-true kt-btn-has-svg-false  wp-block-kadence-singlebtn\" href=\"https:\/\/snowwhitemuseum.com\/fr\/images\/programs\/belgian-programs\/\"><span class=\"kt-btn-inner-text\">Retour aux programmes belges<\/span><\/a><\/div>\n\n\n\n<p>Ce luxueux programme a \u00e9t\u00e9 r\u00e9alis\u00e9 pour la premi\u00e8re belge de <em>Blanche Neige et les sept nains<\/em> qui a eu lieu le 19 mai 1938 au th\u00e9\u00e2tre Eldorado de Bruxelles.<\/p>\n\n\n\n<p>La soir\u00e9e de gala, organis\u00e9e au profit de la caisse d'entraide de la section bruxelloise de l'association professionnelle de la presse cin\u00e9matographique belge, a \u00e9t\u00e9 honor\u00e9e par la pr\u00e9sence de Paul-Henri Spaak, Premier Ministre de Belgique, et de Hugh Gibson, ambassadeur des \u00c9tats-Unis \u00e0 Bruxelles.<\/p>\n\n\n\n<p>Le prix des places \u00e9tait le suivant : mezzanines \u00e0 50 francs, loges \u00e0 30 francs, fauteuils \u00e0 20 francs, seconds fauteuils \u00e0 15 francs et balcons \u00e0 10 francs.<\/p>\n\n\n\n<p>Le journal \"La nation belge\" d\u00e9crit la soir\u00e9e ainsi, dans son article du 20 mai 1938 intitul\u00e9 \"Le gala Blanche Neige\" :<\/p>\n\n\n\n<p>Le gala de la, presse Cin\u00e9matographique Belge, au cours duquel a \u00e9t\u00e9 pr\u00e9sent\u00e9 le dessin anim\u00e9 de Walt Disney <em>Blanche Neige<\/em> s'est d\u00e9roul\u00e9 jeudi soir, \u00e0 l\u2019Eldorado. La vaste salle \u00e9tait comble et l'on remarquait parmi la foule de nombreuses personnalit\u00e9s du monde des lettres et des arts, de la diplomatie. MM. Mackenzie, premier secr\u00e9taire de l'ambassade de Grande-Bretagne ; Walde et Gilbert, premier attach\u00e9 de l'ambassade des \u00c9tats-Unis \u00e9taient notamment pr\u00e9sents.<\/p>\n\n\n\n<p>La premi\u00e8re partie du programme comportait une bande d\u2019actualit\u00e9 et deux num\u00e9ros de la s\u00e9rie de <em>La Marche du temps<\/em> consacr\u00e9s, le premier, \u00e0 l'arm\u00e9e am\u00e9ricaine ; le second au vin.<\/p>\n\n\n\n<p>Pendant les quelques minutes d\u2019entracte, M. Herbet Delport, pr\u00e9sident   de la section bruxelloise de l'Association de la Presse Cin\u00e9matographique, pronon\u00e7a une br\u00e8ve allocution par laquelle il remercia la soci\u00e9t\u00e9 qui a bien voulu pr\u00eater le film pour cette soir\u00e9e et M. Swalens, qui mit la salle \u00e0 la disposition du Comit\u00e9 organisateur. M. Delport remercia aussi aimablement le public venu nombreux assister \u00e0 ce gala.<\/p>\n\n\n\n<p>Ce fut ensuite la vision d'une extraordinaire et quasi g\u00e9niale f\u00e9erie qui laissa sous son charme tr\u00e8s prenant la foule des spectateurs qui marqu\u00e8rent leur enthousiasme par de longs applaudissements.<\/p>\n\n\n<style>.wp-block-kadence-advancedgallery .kb-gallery-type-masonry.kb-gallery-id-7209_4b631a-e9{margin:-5px;}.kb-gallery-type-masonry.kb-gallery-id-7209_4b631a-e9 .kadence-blocks-gallery-item{padding:5px;}.kb-gallery-id-7209_4b631a-e9 .kadence-blocks-gallery-item .kb-gal-image-radius, .kb-gallery-id-7209_4b631a-e9 .kb-slide-item .kb-gal-image-radius img{border-radius:0px 0px 0px 0px;;}.kb-gallery-caption-style-bottom.kb-gallery-id-7209_4b631a-e9 .kadence-blocks-gallery-item .kadence-blocks-gallery-item-inner .kadence-blocks-gallery-item__caption, .kb-gallery-caption-style-bottom-hover.kb-gallery-id-7209_4b631a-e9 .kadence-blocks-gallery-item .kadence-blocks-gallery-item-inner .kadence-blocks-gallery-item__caption{background:linear-gradient(0deg, rgba(0, 0, 0, 0.8) 0, rgba(0, 0, 0, 0) 100%);}<\/style><div class=\"kb-gallery-wrap-id-7209_4b631a-e9 alignnone wp-block-kadence-advancedgallery\"><ul class=\"kb-gallery-ul kb-gallery-non-static kb-gallery-type-masonry kb-masonry-init kb-gallery-id-7209_4b631a-e9 kb-gallery-caption-style-bottom-hover kb-gallery-filter-none kb-gallery-magnific-init\" data-image-filter=\"none\" data-item-selector=\".kadence-blocks-gallery-item\" data-lightbox-caption=\"true\" data-columns-xxl=\"3\" data-columns-xl=\"3\" data-columns-md=\"3\" data-columns-sm=\"2\" data-columns-xs=\"1\" data-columns-ss=\"1\"><li class=\"kadence-blocks-gallery-item\"><div class=\"kadence-blocks-gallery-item-inner\"><figure class=\"kb-gallery-figure kb-gallery-item-has-link\"><a href=\"http:\/\/snowwhitemuseum.com\/wp-content\/uploads\/2023\/09\/01-Belgian-program.jpg\" class=\"kb-gallery-item-link\"   role=\"button\" aria-haspopup=\"dialog\"><div class=\"kb-gal-image-radius\" style=\"max-width:746px;\"><div class=\"kb-gallery-image-contain kadence-blocks-gallery-intrinsic\" style=\"padding-bottom:137%;\"><img loading=\"lazy\" decoding=\"async\" src=\"http:\/\/snowwhitemuseum.com\/wp-content\/uploads\/2023\/09\/01-Belgian-program-746x1024.jpg\" width=\"746\" height=\"1024\" alt=\"\" data-full-image=\"http:\/\/snowwhitemuseum.com\/wp-content\/uploads\/2023\/09\/01-Belgian-program.jpg\" data-light-image=\"http:\/\/snowwhitemuseum.com\/wp-content\/uploads\/2023\/09\/01-Belgian-program.jpg\" data-id=\"7201\" class=\"wp-image-7201\" srcset=\"https:\/\/snowwhitemuseum.com\/wp-content\/uploads\/2023\/09\/01-Belgian-program-746x1024.jpg 746w, https:\/\/snowwhitemuseum.com\/wp-content\/uploads\/2023\/09\/01-Belgian-program-219x300.jpg 219w, https:\/\/snowwhitemuseum.com\/wp-content\/uploads\/2023\/09\/01-Belgian-program-768x1054.jpg 768w, https:\/\/snowwhitemuseum.com\/wp-content\/uploads\/2023\/09\/01-Belgian-program-9x12.jpg 9w, https:\/\/snowwhitemuseum.com\/wp-content\/uploads\/2023\/09\/01-Belgian-program.jpg 1048w\" sizes=\"auto, (max-width: 746px) 100vw, 746px\" \/><\/div><\/div><\/a><\/figure><\/div><\/li><li class=\"kadence-blocks-gallery-item\"><div class=\"kadence-blocks-gallery-item-inner\"><figure class=\"kb-gallery-figure kb-gallery-item-has-link\"><a href=\"http:\/\/snowwhitemuseum.com\/wp-content\/uploads\/2023\/09\/02-Belgian-program.jpg\" class=\"kb-gallery-item-link\"   role=\"button\" aria-haspopup=\"dialog\"><div class=\"kb-gal-image-radius\" style=\"max-width:679px;\"><div class=\"kb-gallery-image-contain kadence-blocks-gallery-intrinsic\" style=\"padding-bottom:150%;\"><img loading=\"lazy\" decoding=\"async\" src=\"http:\/\/snowwhitemuseum.com\/wp-content\/uploads\/2023\/09\/02-Belgian-program-679x1024.jpg\" width=\"679\" height=\"1024\" alt=\"\" data-full-image=\"http:\/\/snowwhitemuseum.com\/wp-content\/uploads\/2023\/09\/02-Belgian-program.jpg\" data-light-image=\"http:\/\/snowwhitemuseum.com\/wp-content\/uploads\/2023\/09\/02-Belgian-program.jpg\" data-id=\"7210\" class=\"wp-image-7210\" srcset=\"https:\/\/snowwhitemuseum.com\/wp-content\/uploads\/2023\/09\/02-Belgian-program-679x1024.jpg 679w, https:\/\/snowwhitemuseum.com\/wp-content\/uploads\/2023\/09\/02-Belgian-program-199x300.jpg 199w, https:\/\/snowwhitemuseum.com\/wp-content\/uploads\/2023\/09\/02-Belgian-program-768x1158.jpg 768w, https:\/\/snowwhitemuseum.com\/wp-content\/uploads\/2023\/09\/02-Belgian-program-8x12.jpg 8w, https:\/\/snowwhitemuseum.com\/wp-content\/uploads\/2023\/09\/02-Belgian-program.jpg 996w\" sizes=\"auto, (max-width: 679px) 100vw, 679px\" \/><\/div><\/div><\/a><\/figure><\/div><\/li><li class=\"kadence-blocks-gallery-item\"><div class=\"kadence-blocks-gallery-item-inner\"><figure class=\"kb-gallery-figure kb-gallery-item-has-link\"><a href=\"http:\/\/snowwhitemuseum.com\/wp-content\/uploads\/2023\/09\/03-Belgian-program.jpg\" class=\"kb-gallery-item-link\"   role=\"button\" aria-haspopup=\"dialog\"><div class=\"kb-gal-image-radius\" style=\"max-width:544px;\"><div class=\"kb-gallery-image-contain kadence-blocks-gallery-intrinsic\" style=\"padding-bottom:188%;\"><img loading=\"lazy\" decoding=\"async\" src=\"http:\/\/snowwhitemuseum.com\/wp-content\/uploads\/2023\/09\/03-Belgian-program-544x1024.jpg\" width=\"544\" height=\"1024\" alt=\"\" data-full-image=\"http:\/\/snowwhitemuseum.com\/wp-content\/uploads\/2023\/09\/03-Belgian-program.jpg\" data-light-image=\"http:\/\/snowwhitemuseum.com\/wp-content\/uploads\/2023\/09\/03-Belgian-program.jpg\" data-id=\"7211\" class=\"wp-image-7211\" srcset=\"https:\/\/snowwhitemuseum.com\/wp-content\/uploads\/2023\/09\/03-Belgian-program-544x1024.jpg 544w, https:\/\/snowwhitemuseum.com\/wp-content\/uploads\/2023\/09\/03-Belgian-program-159x300.jpg 159w, https:\/\/snowwhitemuseum.com\/wp-content\/uploads\/2023\/09\/03-Belgian-program-768x1445.jpg 768w, https:\/\/snowwhitemuseum.com\/wp-content\/uploads\/2023\/09\/03-Belgian-program-816x1536.jpg 816w, https:\/\/snowwhitemuseum.com\/wp-content\/uploads\/2023\/09\/03-Belgian-program-6x12.jpg 6w, https:\/\/snowwhitemuseum.com\/wp-content\/uploads\/2023\/09\/03-Belgian-program.jpg 954w\" sizes=\"auto, (max-width: 544px) 100vw, 544px\" \/><\/div><\/div><\/a><\/figure><\/div><\/li><\/ul><\/div>","protected":false},"excerpt":{"rendered":"<p>This luxurious program was made for the Belgian premiere of Snow White and the Seven Dwarfs which took place on May 19, 1938 at the Eldorado Theater of Brussels. The gala evening, organized for the profit of the mutual aid fund of the Brussels section of the professional association of the Belgian film press, was&#8230;<\/p>","protected":false},"author":1,"featured_media":7201,"parent":7200,"menu_order":0,"comment_status":"closed","ping_status":"closed","template":"","meta":{"_kadence_starter_templates_imported_post":false,"_kad_post_transparent":"","_kad_post_title":"","_kad_post_layout":"","_kad_post_sidebar_id":"","_kad_post_content_style":"","_kad_post_vertical_padding":"","_kad_post_feature":"","_kad_post_feature_position":"","_kad_post_header":false,"_kad_post_footer":false,"_kad_post_classname":"","footnotes":""},"class_list":["post-7209","page","type-page","status-publish","has-post-thumbnail","hentry"],"aioseo_notices":[],"_links":{"self":[{"href":"https:\/\/snowwhitemuseum.com\/fr\/wp-json\/wp\/v2\/pages\/7209","targetHints":{"allow":["GET"]}}],"collection":[{"href":"https:\/\/snowwhitemuseum.com\/fr\/wp-json\/wp\/v2\/pages"}],"about":[{"href":"https:\/\/snowwhitemuseum.com\/fr\/wp-json\/wp\/v2\/types\/page"}],"author":[{"embeddable":true,"href":"https:\/\/snowwhitemuseum.com\/fr\/wp-json\/wp\/v2\/users\/1"}],"replies":[{"embeddable":true,"href":"https:\/\/snowwhitemuseum.com\/fr\/wp-json\/wp\/v2\/comments?post=7209"}],"version-history":[{"count":7,"href":"https:\/\/snowwhitemuseum.com\/fr\/wp-json\/wp\/v2\/pages\/7209\/revisions"}],"predecessor-version":[{"id":16161,"href":"https:\/\/snowwhitemuseum.com\/fr\/wp-json\/wp\/v2\/pages\/7209\/revisions\/16161"}],"up":[{"embeddable":true,"href":"https:\/\/snowwhitemuseum.com\/fr\/wp-json\/wp\/v2\/pages\/7200"}],"wp:featuredmedia":[{"embeddable":true,"href":"https:\/\/snowwhitemuseum.com\/fr\/wp-json\/wp\/v2\/media\/7201"}],"wp:attachment":[{"href":"https:\/\/snowwhitemuseum.com\/fr\/wp-json\/wp\/v2\/media?parent=7209"}],"curies":[{"name":"wp","href":"https:\/\/api.w.org\/{rel}","templated":true}]}}