{"id":7215,"date":"2023-09-05T16:09:58","date_gmt":"2023-09-05T14:09:58","guid":{"rendered":"https:\/\/snowwhitemuseum.com\/?page_id=7215"},"modified":"2024-06-14T15:57:22","modified_gmt":"2024-06-14T13:57:22","slug":"brussels-eldorado-premiere-engagement-program","status":"publish","type":"page","link":"https:\/\/snowwhitemuseum.com\/fr\/images\/programs\/belgian-programs\/brussels-eldorado-premiere-engagement-program\/","title":{"rendered":"Programme de la premi\u00e8re exclusivit\u00e9 belge"},"content":{"rendered":"<style>.wp-block-kadence-advancedbtn.kb-btns7215_733b4e-64{gap:var(--global-kb-gap-xs, 0.5rem );justify-content:center;align-items:center;}.kt-btns7215_733b4e-64 .kt-button{font-weight:normal;font-style:normal;}.kt-btns7215_733b4e-64 .kt-btn-wrap-0{margin-right:5px;}.wp-block-kadence-advancedbtn.kt-btns7215_733b4e-64 .kt-btn-wrap-0 .kt-button{color:#555555;border-color:#555555;}.wp-block-kadence-advancedbtn.kt-btns7215_733b4e-64 .kt-btn-wrap-0 .kt-button:hover, .wp-block-kadence-advancedbtn.kt-btns7215_733b4e-64 .kt-btn-wrap-0 .kt-button:focus{color:#ffffff;border-color:#444444;}.wp-block-kadence-advancedbtn.kt-btns7215_733b4e-64 .kt-btn-wrap-0 .kt-button::before{display:none;}.wp-block-kadence-advancedbtn.kt-btns7215_733b4e-64 .kt-btn-wrap-0 .kt-button:hover, .wp-block-kadence-advancedbtn.kt-btns7215_733b4e-64 .kt-btn-wrap-0 .kt-button:focus{background:#444444;}<\/style>\n<div class=\"wp-block-kadence-advancedbtn kb-buttons-wrap kb-btns7215_733b4e-64\"><style>ul.menu .wp-block-kadence-advancedbtn .kb-btn7215_d7ef1f-49.kb-button{width:initial;}<\/style><a class=\"kb-button kt-button button kb-btn7215_d7ef1f-49 kt-btn-size-standard kt-btn-width-type-auto kb-btn-global-fill  kt-btn-has-text-true kt-btn-has-svg-false  wp-block-kadence-singlebtn\" href=\"https:\/\/snowwhitemuseum.com\/fr\/images\/programs\/belgian-programs\/\"><span class=\"kt-btn-inner-text\">Retour aux programmes belges<\/span><\/a><\/div>\n\n\n\n<p>Ce programme a \u00e9t\u00e9 r\u00e9alis\u00e9 pour la premi\u00e8re exclusivit\u00e9 belge de <em>Blanche Neige et les sept nains<\/em> qui a eu lieu \u00e0 partir du 19 mai 1938 au cin\u00e9ma Eldorado de Bruxelles. Un carton rouge s\u00e9par\u00e9 inclus dans le programme fait la publicit\u00e9 du magasin de musique Opera Corner o\u00f9 les disques de <em>Blanche Neige<\/em> peuvent \u00eatre achet\u00e9s.<\/p>\n\n\n<style>.kb-gallery-id-7215_119673-55 .kadence-blocks-gallery-item .kb-gal-image-radius, .kb-gallery-id-7215_119673-55 .kb-slide-item .kb-gal-image-radius img{border-radius:0px 0px 0px 0px;;}.kb-gallery-caption-style-bottom.kb-gallery-id-7215_119673-55 .kadence-blocks-gallery-item .kadence-blocks-gallery-item-inner .kadence-blocks-gallery-item__caption, .kb-gallery-caption-style-bottom-hover.kb-gallery-id-7215_119673-55 .kadence-blocks-gallery-item .kadence-blocks-gallery-item-inner .kadence-blocks-gallery-item__caption{background:linear-gradient(0deg, rgba(0, 0, 0, 0.8) 0, rgba(0, 0, 0, 0) 100%);}.kb-gallery-wrap-id-7215_119673-55.wp-block-kadence-advancedgallery{overflow:visible;}.kb-gallery-wrap-id-7215_119673-55.wp-block-kadence-advancedgallery .kt-blocks-carousel{overflow:visible;}.kb-gallery-id-7215_119673-55 .splide.kt-carousel-dotstyle-light .splide__pagination__page, .kb-gallery-id-7215_119673-55 .splide.kt-carousel-dotstyle-light .splide__pagination__page.is-active{background-color:#fff;}<\/style><div class=\"kb-gallery-wrap-id-7215_119673-55 alignnone wp-block-kadence-advancedgallery\"><div class=\"kb-gallery-ul kb-gallery-non-static kb-gallery-type-slider kb-gallery-id-7215_119673-55 kb-gallery-caption-style-bottom-hover kb-gallery-filter-none kb-gallery-magnific-init\" data-image-filter=\"none\" data-lightbox-caption=\"true\"><div class=\"kt-blocks-carousel splide kt-carousel-container-dotstyle-light kt-carousel-arrowstyle-whiteondark kt-carousel-dotstyle-light kb-slider-group-arrow kb-slider-arrow-position-center\" data-slider-anim-speed=\"400\" data-slider-scroll=\"1\" data-slider-arrows=\"true\" data-slider-fade=\"true\" data-slider-dots=\"true\" data-slider-type=\"slider\" data-slider-hover-pause=\"false\" data-slider-auto=\"\" data-slider-speed=\"7000\" data-show-pause-button=\"false\"><div class=\"splide__track\"><ul class=\"kt-blocks-carousel-init kb-blocks-slider splide__list\"><li class=\"kb-slide-item kb-gallery-slide-item splide__slide\"><div class=\"kadence-blocks-gallery-item\"><div class=\"kadence-blocks-gallery-item-inner\"><figure class=\"kb-gallery-figure kb-gallery-item-has-link\"><a href=\"http:\/\/snowwhitemuseum.com\/wp-content\/uploads\/2023\/09\/1938-05-19-Eldorado-program-01.jpg\" class=\"kb-gallery-item-link\"   role=\"button\" aria-haspopup=\"dialog\"><div class=\"kb-gal-image-radius\"><div class=\"kb-gallery-image-contain kadence-blocks-gallery-intrinsic kb-gallery-image-ratio-inherit kb-has-image-ratio-inherit\" ><img loading=\"lazy\" decoding=\"async\" src=\"http:\/\/snowwhitemuseum.com\/wp-content\/uploads\/2023\/05\/page1-fr.png\"  data-splide-lazy=\"http:\/\/snowwhitemuseum.com\/wp-content\/uploads\/2023\/09\/1938-05-19-Eldorado-program-01.jpg\" width=\"482\" height=\"753\" alt=\"\" data-full-image=\"http:\/\/snowwhitemuseum.com\/wp-content\/uploads\/2023\/09\/1938-05-19-Eldorado-program-01.jpg\" data-light-image=\"http:\/\/snowwhitemuseum.com\/wp-content\/uploads\/2023\/09\/1938-05-19-Eldorado-program-01.jpg\" data-splide-lazy-srcset=\"https:\/\/snowwhitemuseum.com\/wp-content\/uploads\/2023\/09\/1938-05-19-Eldorado-program-01.jpg 482w, https:\/\/snowwhitemuseum.com\/wp-content\/uploads\/2023\/09\/1938-05-19-Eldorado-program-01-192x300.jpg 192w, https:\/\/snowwhitemuseum.com\/wp-content\/uploads\/2023\/09\/1938-05-19-Eldorado-program-01-8x12.jpg 8w\" sizes=\"auto, (max-width: 482px) 100vw, 482px\"data-id=\"7202\" class=\"wp-image-7202 skip-lazy\"\/><\/div><\/div><\/a><\/figure><\/div><\/div><\/li><li class=\"kb-slide-item kb-gallery-slide-item splide__slide\"><div class=\"kadence-blocks-gallery-item\"><div class=\"kadence-blocks-gallery-item-inner\"><figure class=\"kb-gallery-figure kb-gallery-item-has-link\"><a href=\"http:\/\/snowwhitemuseum.com\/wp-content\/uploads\/2023\/09\/1938-05-19-Eldorado-program-02.jpg\" class=\"kb-gallery-item-link\"   role=\"button\" aria-haspopup=\"dialog\"><div class=\"kb-gal-image-radius\"><div class=\"kb-gallery-image-contain kadence-blocks-gallery-intrinsic kb-gallery-image-ratio-inherit kb-has-image-ratio-inherit\" ><img loading=\"lazy\" decoding=\"async\" src=\"http:\/\/snowwhitemuseum.com\/wp-content\/uploads\/2023\/05\/page1-fr.png\"  data-splide-lazy=\"http:\/\/snowwhitemuseum.com\/wp-content\/uploads\/2023\/09\/1938-05-19-Eldorado-program-02.jpg\" width=\"957\" height=\"753\" alt=\"\" data-full-image=\"http:\/\/snowwhitemuseum.com\/wp-content\/uploads\/2023\/09\/1938-05-19-Eldorado-program-02.jpg\" data-light-image=\"http:\/\/snowwhitemuseum.com\/wp-content\/uploads\/2023\/09\/1938-05-19-Eldorado-program-02.jpg\" data-splide-lazy-srcset=\"https:\/\/snowwhitemuseum.com\/wp-content\/uploads\/2023\/09\/1938-05-19-Eldorado-program-02.jpg 957w, https:\/\/snowwhitemuseum.com\/wp-content\/uploads\/2023\/09\/1938-05-19-Eldorado-program-02-300x236.jpg 300w, https:\/\/snowwhitemuseum.com\/wp-content\/uploads\/2023\/09\/1938-05-19-Eldorado-program-02-768x604.jpg 768w, https:\/\/snowwhitemuseum.com\/wp-content\/uploads\/2023\/09\/1938-05-19-Eldorado-program-02-15x12.jpg 15w\" sizes=\"auto, (max-width: 957px) 100vw, 957px\"data-id=\"7216\" class=\"wp-image-7216 skip-lazy\"\/><\/div><\/div><\/a><\/figure><\/div><\/div><\/li><li class=\"kb-slide-item kb-gallery-slide-item splide__slide\"><div class=\"kadence-blocks-gallery-item\"><div class=\"kadence-blocks-gallery-item-inner\"><figure class=\"kb-gallery-figure kb-gallery-item-has-link\"><a href=\"http:\/\/snowwhitemuseum.com\/wp-content\/uploads\/2023\/09\/1938-05-19-Eldorado-program-03.jpg\" class=\"kb-gallery-item-link\"   role=\"button\" aria-haspopup=\"dialog\"><div class=\"kb-gal-image-radius\"><div class=\"kb-gallery-image-contain kadence-blocks-gallery-intrinsic kb-gallery-image-ratio-inherit kb-has-image-ratio-inherit\" ><img loading=\"lazy\" decoding=\"async\" src=\"http:\/\/snowwhitemuseum.com\/wp-content\/uploads\/2023\/05\/page1-fr.png\"  data-splide-lazy=\"http:\/\/snowwhitemuseum.com\/wp-content\/uploads\/2023\/09\/1938-05-19-Eldorado-program-03.jpg\" width=\"956\" height=\"753\" alt=\"\" data-full-image=\"http:\/\/snowwhitemuseum.com\/wp-content\/uploads\/2023\/09\/1938-05-19-Eldorado-program-03.jpg\" data-light-image=\"http:\/\/snowwhitemuseum.com\/wp-content\/uploads\/2023\/09\/1938-05-19-Eldorado-program-03.jpg\" data-splide-lazy-srcset=\"https:\/\/snowwhitemuseum.com\/wp-content\/uploads\/2023\/09\/1938-05-19-Eldorado-program-03.jpg 956w, https:\/\/snowwhitemuseum.com\/wp-content\/uploads\/2023\/09\/1938-05-19-Eldorado-program-03-300x236.jpg 300w, https:\/\/snowwhitemuseum.com\/wp-content\/uploads\/2023\/09\/1938-05-19-Eldorado-program-03-768x605.jpg 768w, https:\/\/snowwhitemuseum.com\/wp-content\/uploads\/2023\/09\/1938-05-19-Eldorado-program-03-15x12.jpg 15w\" sizes=\"auto, (max-width: 956px) 100vw, 956px\"data-id=\"7217\" class=\"wp-image-7217 skip-lazy\"\/><\/div><\/div><\/a><\/figure><\/div><\/div><\/li><li class=\"kb-slide-item kb-gallery-slide-item splide__slide\"><div class=\"kadence-blocks-gallery-item\"><div class=\"kadence-blocks-gallery-item-inner\"><figure class=\"kb-gallery-figure kb-gallery-item-has-link\"><a href=\"http:\/\/snowwhitemuseum.com\/wp-content\/uploads\/2023\/09\/1938-05-19-Eldorado-program-04.jpg\" class=\"kb-gallery-item-link\"   role=\"button\" aria-haspopup=\"dialog\"><div class=\"kb-gal-image-radius\"><div class=\"kb-gallery-image-contain kadence-blocks-gallery-intrinsic kb-gallery-image-ratio-inherit kb-has-image-ratio-inherit\" ><img loading=\"lazy\" decoding=\"async\" src=\"http:\/\/snowwhitemuseum.com\/wp-content\/uploads\/2023\/05\/page1-fr.png\"  data-splide-lazy=\"http:\/\/snowwhitemuseum.com\/wp-content\/uploads\/2023\/09\/1938-05-19-Eldorado-program-04.jpg\" width=\"959\" height=\"753\" alt=\"\" data-full-image=\"http:\/\/snowwhitemuseum.com\/wp-content\/uploads\/2023\/09\/1938-05-19-Eldorado-program-04.jpg\" data-light-image=\"http:\/\/snowwhitemuseum.com\/wp-content\/uploads\/2023\/09\/1938-05-19-Eldorado-program-04.jpg\" data-splide-lazy-srcset=\"https:\/\/snowwhitemuseum.com\/wp-content\/uploads\/2023\/09\/1938-05-19-Eldorado-program-04.jpg 959w, https:\/\/snowwhitemuseum.com\/wp-content\/uploads\/2023\/09\/1938-05-19-Eldorado-program-04-300x236.jpg 300w, https:\/\/snowwhitemuseum.com\/wp-content\/uploads\/2023\/09\/1938-05-19-Eldorado-program-04-768x603.jpg 768w, https:\/\/snowwhitemuseum.com\/wp-content\/uploads\/2023\/09\/1938-05-19-Eldorado-program-04-15x12.jpg 15w\" sizes=\"auto, (max-width: 959px) 100vw, 959px\"data-id=\"7218\" class=\"wp-image-7218 skip-lazy\"\/><\/div><\/div><\/a><\/figure><\/div><\/div><\/li><li class=\"kb-slide-item kb-gallery-slide-item splide__slide\"><div class=\"kadence-blocks-gallery-item\"><div class=\"kadence-blocks-gallery-item-inner\"><figure class=\"kb-gallery-figure kb-gallery-item-has-link\"><a href=\"http:\/\/snowwhitemuseum.com\/wp-content\/uploads\/2023\/09\/1938-05-19-Eldorado-program-05.jpg\" class=\"kb-gallery-item-link\"   role=\"button\" aria-haspopup=\"dialog\"><div class=\"kb-gal-image-radius\"><div class=\"kb-gallery-image-contain kadence-blocks-gallery-intrinsic kb-gallery-image-ratio-inherit kb-has-image-ratio-inherit\" ><img loading=\"lazy\" decoding=\"async\" src=\"http:\/\/snowwhitemuseum.com\/wp-content\/uploads\/2023\/05\/page1-fr.png\"  data-splide-lazy=\"http:\/\/snowwhitemuseum.com\/wp-content\/uploads\/2023\/09\/1938-05-19-Eldorado-program-05.jpg\" width=\"960\" height=\"753\" alt=\"\" data-full-image=\"http:\/\/snowwhitemuseum.com\/wp-content\/uploads\/2023\/09\/1938-05-19-Eldorado-program-05.jpg\" data-light-image=\"http:\/\/snowwhitemuseum.com\/wp-content\/uploads\/2023\/09\/1938-05-19-Eldorado-program-05.jpg\" data-splide-lazy-srcset=\"https:\/\/snowwhitemuseum.com\/wp-content\/uploads\/2023\/09\/1938-05-19-Eldorado-program-05.jpg 960w, https:\/\/snowwhitemuseum.com\/wp-content\/uploads\/2023\/09\/1938-05-19-Eldorado-program-05-300x235.jpg 300w, https:\/\/snowwhitemuseum.com\/wp-content\/uploads\/2023\/09\/1938-05-19-Eldorado-program-05-768x602.jpg 768w, https:\/\/snowwhitemuseum.com\/wp-content\/uploads\/2023\/09\/1938-05-19-Eldorado-program-05-15x12.jpg 15w\" sizes=\"auto, (max-width: 960px) 100vw, 960px\"data-id=\"7219\" class=\"wp-image-7219 skip-lazy\"\/><\/div><\/div><\/a><\/figure><\/div><\/div><\/li><li class=\"kb-slide-item kb-gallery-slide-item splide__slide\"><div class=\"kadence-blocks-gallery-item\"><div class=\"kadence-blocks-gallery-item-inner\"><figure class=\"kb-gallery-figure kb-gallery-item-has-link\"><a href=\"http:\/\/snowwhitemuseum.com\/wp-content\/uploads\/2023\/09\/1938-05-19-Eldorado-program-06.jpg\" class=\"kb-gallery-item-link\"   role=\"button\" aria-haspopup=\"dialog\"><div class=\"kb-gal-image-radius\"><div class=\"kb-gallery-image-contain kadence-blocks-gallery-intrinsic kb-gallery-image-ratio-inherit kb-has-image-ratio-inherit\" ><img loading=\"lazy\" decoding=\"async\" src=\"http:\/\/snowwhitemuseum.com\/wp-content\/uploads\/2023\/05\/page1-fr.png\"  data-splide-lazy=\"http:\/\/snowwhitemuseum.com\/wp-content\/uploads\/2023\/09\/1938-05-19-Eldorado-program-06.jpg\" width=\"960\" height=\"753\" alt=\"\" data-full-image=\"http:\/\/snowwhitemuseum.com\/wp-content\/uploads\/2023\/09\/1938-05-19-Eldorado-program-06.jpg\" data-light-image=\"http:\/\/snowwhitemuseum.com\/wp-content\/uploads\/2023\/09\/1938-05-19-Eldorado-program-06.jpg\" data-splide-lazy-srcset=\"https:\/\/snowwhitemuseum.com\/wp-content\/uploads\/2023\/09\/1938-05-19-Eldorado-program-06.jpg 960w, https:\/\/snowwhitemuseum.com\/wp-content\/uploads\/2023\/09\/1938-05-19-Eldorado-program-06-300x235.jpg 300w, https:\/\/snowwhitemuseum.com\/wp-content\/uploads\/2023\/09\/1938-05-19-Eldorado-program-06-768x602.jpg 768w, https:\/\/snowwhitemuseum.com\/wp-content\/uploads\/2023\/09\/1938-05-19-Eldorado-program-06-15x12.jpg 15w\" sizes=\"auto, (max-width: 960px) 100vw, 960px\"data-id=\"7220\" class=\"wp-image-7220 skip-lazy\"\/><\/div><\/div><\/a><\/figure><\/div><\/div><\/li><li class=\"kb-slide-item kb-gallery-slide-item splide__slide\"><div class=\"kadence-blocks-gallery-item\"><div class=\"kadence-blocks-gallery-item-inner\"><figure class=\"kb-gallery-figure kb-gallery-item-has-link\"><a href=\"http:\/\/snowwhitemuseum.com\/wp-content\/uploads\/2023\/09\/1938-05-19-Eldorado-program-07.jpg\" class=\"kb-gallery-item-link\"   role=\"button\" aria-haspopup=\"dialog\"><div class=\"kb-gal-image-radius\"><div class=\"kb-gallery-image-contain kadence-blocks-gallery-intrinsic kb-gallery-image-ratio-inherit kb-has-image-ratio-inherit\" ><img loading=\"lazy\" decoding=\"async\" src=\"http:\/\/snowwhitemuseum.com\/wp-content\/uploads\/2023\/05\/page1-fr.png\"  data-splide-lazy=\"http:\/\/snowwhitemuseum.com\/wp-content\/uploads\/2023\/09\/1938-05-19-Eldorado-program-07.jpg\" width=\"963\" height=\"753\" alt=\"\" data-full-image=\"http:\/\/snowwhitemuseum.com\/wp-content\/uploads\/2023\/09\/1938-05-19-Eldorado-program-07.jpg\" data-light-image=\"http:\/\/snowwhitemuseum.com\/wp-content\/uploads\/2023\/09\/1938-05-19-Eldorado-program-07.jpg\" data-splide-lazy-srcset=\"https:\/\/snowwhitemuseum.com\/wp-content\/uploads\/2023\/09\/1938-05-19-Eldorado-program-07.jpg 963w, https:\/\/snowwhitemuseum.com\/wp-content\/uploads\/2023\/09\/1938-05-19-Eldorado-program-07-300x235.jpg 300w, https:\/\/snowwhitemuseum.com\/wp-content\/uploads\/2023\/09\/1938-05-19-Eldorado-program-07-768x601.jpg 768w, https:\/\/snowwhitemuseum.com\/wp-content\/uploads\/2023\/09\/1938-05-19-Eldorado-program-07-15x12.jpg 15w\" sizes=\"auto, (max-width: 963px) 100vw, 963px\"data-id=\"7221\" class=\"wp-image-7221 skip-lazy\"\/><\/div><\/div><\/a><\/figure><\/div><\/div><\/li><li class=\"kb-slide-item kb-gallery-slide-item splide__slide\"><div class=\"kadence-blocks-gallery-item\"><div class=\"kadence-blocks-gallery-item-inner\"><figure class=\"kb-gallery-figure kb-gallery-item-has-link\"><a href=\"http:\/\/snowwhitemuseum.com\/wp-content\/uploads\/2023\/09\/1938-05-19-Eldorado-program-08.jpg\" class=\"kb-gallery-item-link\"   role=\"button\" aria-haspopup=\"dialog\"><div class=\"kb-gal-image-radius\"><div class=\"kb-gallery-image-contain kadence-blocks-gallery-intrinsic kb-gallery-image-ratio-inherit kb-has-image-ratio-inherit\" ><img loading=\"lazy\" decoding=\"async\" src=\"http:\/\/snowwhitemuseum.com\/wp-content\/uploads\/2023\/05\/page1-fr.png\"  data-splide-lazy=\"http:\/\/snowwhitemuseum.com\/wp-content\/uploads\/2023\/09\/1938-05-19-Eldorado-program-08.jpg\" width=\"475\" height=\"753\" alt=\"\" data-full-image=\"http:\/\/snowwhitemuseum.com\/wp-content\/uploads\/2023\/09\/1938-05-19-Eldorado-program-08.jpg\" data-light-image=\"http:\/\/snowwhitemuseum.com\/wp-content\/uploads\/2023\/09\/1938-05-19-Eldorado-program-08.jpg\" data-splide-lazy-srcset=\"https:\/\/snowwhitemuseum.com\/wp-content\/uploads\/2023\/09\/1938-05-19-Eldorado-program-08.jpg 475w, https:\/\/snowwhitemuseum.com\/wp-content\/uploads\/2023\/09\/1938-05-19-Eldorado-program-08-189x300.jpg 189w, https:\/\/snowwhitemuseum.com\/wp-content\/uploads\/2023\/09\/1938-05-19-Eldorado-program-08-8x12.jpg 8w\" sizes=\"auto, (max-width: 475px) 100vw, 475px\"data-id=\"7222\" class=\"wp-image-7222 skip-lazy\"\/><\/div><\/div><\/a><\/figure><\/div><\/div><\/li><li class=\"kb-slide-item kb-gallery-slide-item splide__slide\"><div class=\"kadence-blocks-gallery-item\"><div class=\"kadence-blocks-gallery-item-inner\"><figure class=\"kb-gallery-figure kb-gallery-item-has-link\"><a href=\"http:\/\/snowwhitemuseum.com\/wp-content\/uploads\/2023\/09\/1938-05-19-Eldorado-program-09.jpg\" class=\"kb-gallery-item-link\"   role=\"button\" aria-haspopup=\"dialog\"><div class=\"kb-gal-image-radius\"><div class=\"kb-gallery-image-contain kadence-blocks-gallery-intrinsic kb-gallery-image-ratio-inherit kb-has-image-ratio-inherit\" ><img loading=\"lazy\" decoding=\"async\" src=\"http:\/\/snowwhitemuseum.com\/wp-content\/uploads\/2023\/05\/page1-fr.png\"  data-splide-lazy=\"http:\/\/snowwhitemuseum.com\/wp-content\/uploads\/2023\/09\/1938-05-19-Eldorado-program-09.jpg\" width=\"497\" height=\"753\" alt=\"\" data-full-image=\"http:\/\/snowwhitemuseum.com\/wp-content\/uploads\/2023\/09\/1938-05-19-Eldorado-program-09.jpg\" data-light-image=\"http:\/\/snowwhitemuseum.com\/wp-content\/uploads\/2023\/09\/1938-05-19-Eldorado-program-09.jpg\" data-splide-lazy-srcset=\"https:\/\/snowwhitemuseum.com\/wp-content\/uploads\/2023\/09\/1938-05-19-Eldorado-program-09.jpg 497w, https:\/\/snowwhitemuseum.com\/wp-content\/uploads\/2023\/09\/1938-05-19-Eldorado-program-09-198x300.jpg 198w, https:\/\/snowwhitemuseum.com\/wp-content\/uploads\/2023\/09\/1938-05-19-Eldorado-program-09-8x12.jpg 8w\" sizes=\"auto, (max-width: 497px) 100vw, 497px\"data-id=\"7223\" class=\"wp-image-7223 skip-lazy\"\/><\/div><\/div><\/a><\/figure><\/div><\/div><\/li><\/ul><\/div><\/div><\/div><\/div>","protected":false},"excerpt":{"rendered":"<p>This program was made for the Belgian premiere Engagement of Snow White and the Seven Dwarfs which took place from May 19, 1938 at the Eldorado Theater of Brussels. A separate red leaflet included in the program advertises the music shop Opera Corner where the Snow White records can be purchased.<\/p>","protected":false},"author":1,"featured_media":7202,"parent":7200,"menu_order":0,"comment_status":"closed","ping_status":"closed","template":"","meta":{"_kadence_starter_templates_imported_post":false,"_kad_post_transparent":"","_kad_post_title":"","_kad_post_layout":"","_kad_post_sidebar_id":"","_kad_post_content_style":"","_kad_post_vertical_padding":"","_kad_post_feature":"","_kad_post_feature_position":"","_kad_post_header":false,"_kad_post_footer":false,"_kad_post_classname":"","footnotes":""},"class_list":["post-7215","page","type-page","status-publish","has-post-thumbnail","hentry"],"aioseo_notices":[],"_links":{"self":[{"href":"https:\/\/snowwhitemuseum.com\/fr\/wp-json\/wp\/v2\/pages\/7215","targetHints":{"allow":["GET"]}}],"collection":[{"href":"https:\/\/snowwhitemuseum.com\/fr\/wp-json\/wp\/v2\/pages"}],"about":[{"href":"https:\/\/snowwhitemuseum.com\/fr\/wp-json\/wp\/v2\/types\/page"}],"author":[{"embeddable":true,"href":"https:\/\/snowwhitemuseum.com\/fr\/wp-json\/wp\/v2\/users\/1"}],"replies":[{"embeddable":true,"href":"https:\/\/snowwhitemuseum.com\/fr\/wp-json\/wp\/v2\/comments?post=7215"}],"version-history":[{"count":2,"href":"https:\/\/snowwhitemuseum.com\/fr\/wp-json\/wp\/v2\/pages\/7215\/revisions"}],"predecessor-version":[{"id":11132,"href":"https:\/\/snowwhitemuseum.com\/fr\/wp-json\/wp\/v2\/pages\/7215\/revisions\/11132"}],"up":[{"embeddable":true,"href":"https:\/\/snowwhitemuseum.com\/fr\/wp-json\/wp\/v2\/pages\/7200"}],"wp:featuredmedia":[{"embeddable":true,"href":"https:\/\/snowwhitemuseum.com\/fr\/wp-json\/wp\/v2\/media\/7202"}],"wp:attachment":[{"href":"https:\/\/snowwhitemuseum.com\/fr\/wp-json\/wp\/v2\/media?parent=7215"}],"curies":[{"name":"wp","href":"https:\/\/api.w.org\/{rel}","templated":true}]}}