{"id":7225,"date":"2023-09-05T18:06:18","date_gmt":"2023-09-05T16:06:18","guid":{"rendered":"https:\/\/snowwhitemuseum.com\/?page_id=7225"},"modified":"2024-06-14T15:57:31","modified_gmt":"2024-06-14T13:57:31","slug":"liege-palace-snow-white-program","status":"publish","type":"page","link":"https:\/\/snowwhitemuseum.com\/fr\/images\/programs\/belgian-programs\/liege-palace-snow-white-program\/","title":{"rendered":"Programme Blanche Neige du Palace de Li\u00e8ge"},"content":{"rendered":"<style>.wp-block-kadence-advancedbtn.kb-btns7225_012248-1f{gap:var(--global-kb-gap-xs, 0.5rem );justify-content:center;align-items:center;}.kt-btns7225_012248-1f .kt-button{font-weight:normal;font-style:normal;}.kt-btns7225_012248-1f .kt-btn-wrap-0{margin-right:5px;}.wp-block-kadence-advancedbtn.kt-btns7225_012248-1f .kt-btn-wrap-0 .kt-button{color:#555555;border-color:#555555;}.wp-block-kadence-advancedbtn.kt-btns7225_012248-1f .kt-btn-wrap-0 .kt-button:hover, .wp-block-kadence-advancedbtn.kt-btns7225_012248-1f .kt-btn-wrap-0 .kt-button:focus{color:#ffffff;border-color:#444444;}.wp-block-kadence-advancedbtn.kt-btns7225_012248-1f .kt-btn-wrap-0 .kt-button::before{display:none;}.wp-block-kadence-advancedbtn.kt-btns7225_012248-1f .kt-btn-wrap-0 .kt-button:hover, .wp-block-kadence-advancedbtn.kt-btns7225_012248-1f .kt-btn-wrap-0 .kt-button:focus{background:#444444;}<\/style>\n<div class=\"wp-block-kadence-advancedbtn kb-buttons-wrap kb-btns7225_012248-1f\"><style>ul.menu .wp-block-kadence-advancedbtn .kb-btn7225_dc9f7d-f1.kb-button{width:initial;}<\/style><a class=\"kb-button kt-button button kb-btn7225_dc9f7d-f1 kt-btn-size-standard kt-btn-width-type-auto kb-btn-global-fill  kt-btn-has-text-true kt-btn-has-svg-false  wp-block-kadence-singlebtn\" href=\"https:\/\/snowwhitemuseum.com\/fr\/images\/programs\/belgian-programs\/\"><span class=\"kt-btn-inner-text\">Retour aux programmes belges<\/span><\/a><\/div>\n\n\n<style>.kb-row-layout-id7225_e9bc5c-3f > .kt-row-column-wrap{align-content:start;}:where(.kb-row-layout-id7225_e9bc5c-3f > .kt-row-column-wrap) > .wp-block-kadence-column{justify-content:start;}.kb-row-layout-id7225_e9bc5c-3f > .kt-row-column-wrap{column-gap:var(--global-kb-gap-md, 2rem);row-gap:var(--global-kb-gap-md, 2rem);padding-top:var(--global-kb-spacing-sm, 1.5rem);padding-bottom:var(--global-kb-spacing-sm, 1.5rem);grid-template-columns:minmax(0, 1fr) minmax(0, 2fr);}.kb-row-layout-id7225_e9bc5c-3f > .kt-row-layout-overlay{opacity:0.30;}@media all and (max-width: 1024px){.kb-row-layout-id7225_e9bc5c-3f > .kt-row-column-wrap{grid-template-columns:minmax(0, 1fr) minmax(0, 2fr);}}@media all and (max-width: 767px){.kb-row-layout-id7225_e9bc5c-3f > .kt-row-column-wrap{grid-template-columns:minmax(0, 1fr);}}<\/style><div class=\"kb-row-layout-wrap kb-row-layout-id7225_e9bc5c-3f alignnone wp-block-kadence-rowlayout\"><div class=\"kt-row-column-wrap kt-has-2-columns kt-row-layout-right-golden kt-tab-layout-inherit kt-mobile-layout-row kt-row-valign-top\">\n<style>.kadence-column7225_5dea9b-b4 > .kt-inside-inner-col,.kadence-column7225_5dea9b-b4 > .kt-inside-inner-col:before{border-top-left-radius:0px;border-top-right-radius:0px;border-bottom-right-radius:0px;border-bottom-left-radius:0px;}.kadence-column7225_5dea9b-b4 > .kt-inside-inner-col{column-gap:var(--global-kb-gap-sm, 1rem);}.kadence-column7225_5dea9b-b4 > .kt-inside-inner-col{flex-direction:column;}.kadence-column7225_5dea9b-b4 > .kt-inside-inner-col > .aligncenter{width:100%;}.kadence-column7225_5dea9b-b4 > .kt-inside-inner-col:before{opacity:0.3;}.kadence-column7225_5dea9b-b4{position:relative;}@media all and (max-width: 1024px){.kadence-column7225_5dea9b-b4 > .kt-inside-inner-col{flex-direction:column;justify-content:center;}}@media all and (max-width: 767px){.kadence-column7225_5dea9b-b4 > .kt-inside-inner-col{flex-direction:column;justify-content:center;}}<\/style>\n<div class=\"wp-block-kadence-column kadence-column7225_5dea9b-b4\"><div class=\"kt-inside-inner-col\">\n<figure class=\"wp-block-image size-full\"><img loading=\"lazy\" decoding=\"async\" width=\"485\" height=\"753\" src=\"http:\/\/snowwhitemuseum.com\/wp-content\/uploads\/2023\/09\/1938-10-07-Liege-Palace-film-program-01.jpg\" alt=\"\" class=\"wp-image-7203\" srcset=\"https:\/\/snowwhitemuseum.com\/wp-content\/uploads\/2023\/09\/1938-10-07-Liege-Palace-film-program-01.jpg 485w, https:\/\/snowwhitemuseum.com\/wp-content\/uploads\/2023\/09\/1938-10-07-Liege-Palace-film-program-01-193x300.jpg 193w, https:\/\/snowwhitemuseum.com\/wp-content\/uploads\/2023\/09\/1938-10-07-Liege-Palace-film-program-01-8x12.jpg 8w\" sizes=\"auto, (max-width: 485px) 100vw, 485px\" \/><\/figure>\n<\/div><\/div>\n\n\n<style>.kadence-column7225_e4e00c-07 > .kt-inside-inner-col,.kadence-column7225_e4e00c-07 > .kt-inside-inner-col:before{border-top-left-radius:0px;border-top-right-radius:0px;border-bottom-right-radius:0px;border-bottom-left-radius:0px;}.kadence-column7225_e4e00c-07 > .kt-inside-inner-col{column-gap:var(--global-kb-gap-sm, 1rem);}.kadence-column7225_e4e00c-07 > .kt-inside-inner-col{flex-direction:column;}.kadence-column7225_e4e00c-07 > .kt-inside-inner-col > .aligncenter{width:100%;}.kadence-column7225_e4e00c-07 > .kt-inside-inner-col:before{opacity:0.3;}.kadence-column7225_e4e00c-07{position:relative;}@media all and (max-width: 1024px){.kadence-column7225_e4e00c-07 > .kt-inside-inner-col{flex-direction:column;justify-content:center;}}@media all and (max-width: 767px){.kadence-column7225_e4e00c-07 > .kt-inside-inner-col{flex-direction:column;justify-content:center;}}<\/style>\n<div class=\"wp-block-kadence-column kadence-column7225_e4e00c-07\"><div class=\"kt-inside-inner-col\">\n<p>Ce programme a \u00e9t\u00e9 r\u00e9alis\u00e9 pour le cin\u00e9ma Palace de Li\u00e8ge \u00e0 l'occasion de la sortie, le 7 octobre 1938, de <em>Blanche Neige et les sept nains<\/em>. Le prix des places varie de 3 \u00e0 10 francs et les enfants paient moiti\u00e9 prix. Le programme des soir\u00e9es du 7 au 13 octobre est le suivant :<\/p>\n\n\n\n<ol class=\"wp-block-list\">\n<li>La valse de Waltdteufeld jou\u00e9e \u00e0 l'orgue du th\u00e9\u00e2tre par M. Oury<\/li>\n\n\n\n<li>\u00ab La Favorite \u00bb de Donizetti par le Grand Orchestre du Palace, sous la direction de Marcel Dorssers. Chanteur principal : Pierre Francson.<\/li>\n\n\n\n<li><em>\u00c0 la poursuite d'un c\u0153ur<\/em> avec Fay Wray et Ralph Bellamy<\/li>\n\n\n\n<li>Sur sc\u00e8ne, le grand fantaisiste Prior, vedette des disques Path\u00e9 et Maning et Clas, les prestigieux funambules am\u00e9ricains.<\/li>\n\n\n\n<li>Les actualit\u00e9s internationales<\/li>\n\n\n\n<li><em>Blanche Neige et les sept nains<\/em><\/li>\n\n\n\n<li>Retraite aux orgues par M. Oury<\/li>\n<\/ol>\n\n\n\n<p>Le prochain film projet\u00e9 sur l'\u00e9cran sera <em>Quadrille<\/em>, r\u00e9alis\u00e9 par Sacha Guitry qui joue \u00e9galement dans le film.<\/p>\n<\/div><\/div>\n\n<\/div><\/div>\n\n<style>.kb-gallery-id-7225_8c7751-ba .kadence-blocks-gallery-item .kb-gal-image-radius, .kb-gallery-id-7225_8c7751-ba .kb-slide-item .kb-gal-image-radius img{border-radius:0px 0px 0px 0px;;}.kb-gallery-caption-style-bottom.kb-gallery-id-7225_8c7751-ba .kadence-blocks-gallery-item .kadence-blocks-gallery-item-inner .kadence-blocks-gallery-item__caption, .kb-gallery-caption-style-bottom-hover.kb-gallery-id-7225_8c7751-ba .kadence-blocks-gallery-item .kadence-blocks-gallery-item-inner .kadence-blocks-gallery-item__caption{background:linear-gradient(0deg, rgba(0, 0, 0, 0.8) 0, rgba(0, 0, 0, 0) 100%);}.kb-gallery-wrap-id-7225_8c7751-ba.wp-block-kadence-advancedgallery{overflow:visible;}.kb-gallery-wrap-id-7225_8c7751-ba.wp-block-kadence-advancedgallery .kt-blocks-carousel{overflow:visible;}.kb-gallery-id-7225_8c7751-ba .splide.kt-carousel-dotstyle-light .splide__pagination__page, .kb-gallery-id-7225_8c7751-ba .splide.kt-carousel-dotstyle-light .splide__pagination__page.is-active{background-color:#fff;}<\/style><div class=\"kb-gallery-wrap-id-7225_8c7751-ba alignnone wp-block-kadence-advancedgallery\"><div class=\"kb-gallery-ul kb-gallery-non-static kb-gallery-type-slider kb-gallery-id-7225_8c7751-ba kb-gallery-caption-style-bottom-hover kb-gallery-filter-none kb-gallery-magnific-init\" data-image-filter=\"none\" data-lightbox-caption=\"true\"><div class=\"kt-blocks-carousel splide kt-carousel-container-dotstyle-light kt-carousel-arrowstyle-whiteondark kt-carousel-dotstyle-light kb-slider-group-arrow kb-slider-arrow-position-center\" data-slider-anim-speed=\"400\" data-slider-scroll=\"1\" data-slider-arrows=\"true\" data-slider-fade=\"true\" data-slider-dots=\"true\" data-slider-type=\"slider\" data-slider-hover-pause=\"false\" data-slider-auto=\"\" data-slider-speed=\"7000\" data-show-pause-button=\"false\"><div class=\"splide__track\"><ul class=\"kt-blocks-carousel-init kb-blocks-slider splide__list\"><li class=\"kb-slide-item kb-gallery-slide-item splide__slide\"><div class=\"kadence-blocks-gallery-item\"><div class=\"kadence-blocks-gallery-item-inner\"><figure class=\"kb-gallery-figure kb-gallery-item-has-link\"><a href=\"http:\/\/snowwhitemuseum.com\/wp-content\/uploads\/2023\/09\/1938-10-07-Liege-Palace-film-program-01.jpg\" class=\"kb-gallery-item-link\"   role=\"button\" aria-haspopup=\"dialog\"><div class=\"kb-gal-image-radius\"><div class=\"kb-gallery-image-contain kadence-blocks-gallery-intrinsic kb-gallery-image-ratio-inherit kb-has-image-ratio-inherit\" ><img loading=\"lazy\" decoding=\"async\" src=\"http:\/\/snowwhitemuseum.com\/wp-content\/uploads\/2023\/05\/page1-fr.png\"  data-splide-lazy=\"http:\/\/snowwhitemuseum.com\/wp-content\/uploads\/2023\/09\/1938-10-07-Liege-Palace-film-program-01.jpg\" width=\"485\" height=\"753\" alt=\"\" data-full-image=\"http:\/\/snowwhitemuseum.com\/wp-content\/uploads\/2023\/09\/1938-10-07-Liege-Palace-film-program-01.jpg\" data-light-image=\"http:\/\/snowwhitemuseum.com\/wp-content\/uploads\/2023\/09\/1938-10-07-Liege-Palace-film-program-01.jpg\" data-splide-lazy-srcset=\"https:\/\/snowwhitemuseum.com\/wp-content\/uploads\/2023\/09\/1938-10-07-Liege-Palace-film-program-01.jpg 485w, https:\/\/snowwhitemuseum.com\/wp-content\/uploads\/2023\/09\/1938-10-07-Liege-Palace-film-program-01-193x300.jpg 193w, https:\/\/snowwhitemuseum.com\/wp-content\/uploads\/2023\/09\/1938-10-07-Liege-Palace-film-program-01-8x12.jpg 8w\" sizes=\"auto, (max-width: 485px) 100vw, 485px\"data-id=\"7203\" class=\"wp-image-7203 skip-lazy\"\/><\/div><\/div><\/a><\/figure><\/div><\/div><\/li><li class=\"kb-slide-item kb-gallery-slide-item splide__slide\"><div class=\"kadence-blocks-gallery-item\"><div class=\"kadence-blocks-gallery-item-inner\"><figure class=\"kb-gallery-figure kb-gallery-item-has-link\"><a href=\"http:\/\/snowwhitemuseum.com\/wp-content\/uploads\/2023\/09\/1938-10-07-Liege-Palace-film-program-02.jpg\" class=\"kb-gallery-item-link\"   role=\"button\" aria-haspopup=\"dialog\"><div class=\"kb-gal-image-radius\"><div class=\"kb-gallery-image-contain kadence-blocks-gallery-intrinsic kb-gallery-image-ratio-inherit kb-has-image-ratio-inherit\" ><img loading=\"lazy\" decoding=\"async\" src=\"http:\/\/snowwhitemuseum.com\/wp-content\/uploads\/2023\/05\/page1-fr.png\"  data-splide-lazy=\"http:\/\/snowwhitemuseum.com\/wp-content\/uploads\/2023\/09\/1938-10-07-Liege-Palace-film-program-02.jpg\" width=\"985\" height=\"753\" alt=\"\" data-full-image=\"http:\/\/snowwhitemuseum.com\/wp-content\/uploads\/2023\/09\/1938-10-07-Liege-Palace-film-program-02.jpg\" data-light-image=\"http:\/\/snowwhitemuseum.com\/wp-content\/uploads\/2023\/09\/1938-10-07-Liege-Palace-film-program-02.jpg\" data-splide-lazy-srcset=\"https:\/\/snowwhitemuseum.com\/wp-content\/uploads\/2023\/09\/1938-10-07-Liege-Palace-film-program-02.jpg 985w, https:\/\/snowwhitemuseum.com\/wp-content\/uploads\/2023\/09\/1938-10-07-Liege-Palace-film-program-02-300x229.jpg 300w, https:\/\/snowwhitemuseum.com\/wp-content\/uploads\/2023\/09\/1938-10-07-Liege-Palace-film-program-02-768x587.jpg 768w, https:\/\/snowwhitemuseum.com\/wp-content\/uploads\/2023\/09\/1938-10-07-Liege-Palace-film-program-02-16x12.jpg 16w\" sizes=\"auto, (max-width: 985px) 100vw, 985px\"data-id=\"7228\" class=\"wp-image-7228 skip-lazy\"\/><\/div><\/div><\/a><\/figure><\/div><\/div><\/li><li class=\"kb-slide-item kb-gallery-slide-item splide__slide\"><div class=\"kadence-blocks-gallery-item\"><div class=\"kadence-blocks-gallery-item-inner\"><figure class=\"kb-gallery-figure kb-gallery-item-has-link\"><a href=\"http:\/\/snowwhitemuseum.com\/wp-content\/uploads\/2023\/09\/1938-10-07-Liege-Palace-film-program-03.jpg\" class=\"kb-gallery-item-link\"   role=\"button\" aria-haspopup=\"dialog\"><div class=\"kb-gal-image-radius\"><div class=\"kb-gallery-image-contain kadence-blocks-gallery-intrinsic kb-gallery-image-ratio-inherit kb-has-image-ratio-inherit\" ><img loading=\"lazy\" decoding=\"async\" src=\"http:\/\/snowwhitemuseum.com\/wp-content\/uploads\/2023\/05\/page1-fr.png\"  data-splide-lazy=\"http:\/\/snowwhitemuseum.com\/wp-content\/uploads\/2023\/09\/1938-10-07-Liege-Palace-film-program-03.jpg\" width=\"966\" height=\"753\" alt=\"\" data-full-image=\"http:\/\/snowwhitemuseum.com\/wp-content\/uploads\/2023\/09\/1938-10-07-Liege-Palace-film-program-03.jpg\" data-light-image=\"http:\/\/snowwhitemuseum.com\/wp-content\/uploads\/2023\/09\/1938-10-07-Liege-Palace-film-program-03.jpg\" data-splide-lazy-srcset=\"https:\/\/snowwhitemuseum.com\/wp-content\/uploads\/2023\/09\/1938-10-07-Liege-Palace-film-program-03.jpg 966w, https:\/\/snowwhitemuseum.com\/wp-content\/uploads\/2023\/09\/1938-10-07-Liege-Palace-film-program-03-300x234.jpg 300w, https:\/\/snowwhitemuseum.com\/wp-content\/uploads\/2023\/09\/1938-10-07-Liege-Palace-film-program-03-768x599.jpg 768w, https:\/\/snowwhitemuseum.com\/wp-content\/uploads\/2023\/09\/1938-10-07-Liege-Palace-film-program-03-15x12.jpg 15w\" sizes=\"auto, (max-width: 966px) 100vw, 966px\"data-id=\"7229\" class=\"wp-image-7229 skip-lazy\"\/><\/div><\/div><\/a><\/figure><\/div><\/div><\/li><li class=\"kb-slide-item kb-gallery-slide-item splide__slide\"><div class=\"kadence-blocks-gallery-item\"><div class=\"kadence-blocks-gallery-item-inner\"><figure class=\"kb-gallery-figure kb-gallery-item-has-link\"><a href=\"http:\/\/snowwhitemuseum.com\/wp-content\/uploads\/2023\/09\/1938-10-07-Liege-Palace-film-program-04.jpg\" class=\"kb-gallery-item-link\"   role=\"button\" aria-haspopup=\"dialog\"><div class=\"kb-gal-image-radius\"><div class=\"kb-gallery-image-contain kadence-blocks-gallery-intrinsic kb-gallery-image-ratio-inherit kb-has-image-ratio-inherit\" ><img loading=\"lazy\" decoding=\"async\" src=\"http:\/\/snowwhitemuseum.com\/wp-content\/uploads\/2023\/05\/page1-fr.png\"  data-splide-lazy=\"http:\/\/snowwhitemuseum.com\/wp-content\/uploads\/2023\/09\/1938-10-07-Liege-Palace-film-program-04.jpg\" width=\"975\" height=\"753\" alt=\"\" data-full-image=\"http:\/\/snowwhitemuseum.com\/wp-content\/uploads\/2023\/09\/1938-10-07-Liege-Palace-film-program-04.jpg\" data-light-image=\"http:\/\/snowwhitemuseum.com\/wp-content\/uploads\/2023\/09\/1938-10-07-Liege-Palace-film-program-04.jpg\" data-splide-lazy-srcset=\"https:\/\/snowwhitemuseum.com\/wp-content\/uploads\/2023\/09\/1938-10-07-Liege-Palace-film-program-04.jpg 975w, https:\/\/snowwhitemuseum.com\/wp-content\/uploads\/2023\/09\/1938-10-07-Liege-Palace-film-program-04-300x232.jpg 300w, https:\/\/snowwhitemuseum.com\/wp-content\/uploads\/2023\/09\/1938-10-07-Liege-Palace-film-program-04-768x593.jpg 768w, https:\/\/snowwhitemuseum.com\/wp-content\/uploads\/2023\/09\/1938-10-07-Liege-Palace-film-program-04-16x12.jpg 16w\" sizes=\"auto, (max-width: 975px) 100vw, 975px\"data-id=\"7230\" class=\"wp-image-7230 skip-lazy\"\/><\/div><\/div><\/a><\/figure><\/div><\/div><\/li><li class=\"kb-slide-item kb-gallery-slide-item splide__slide\"><div class=\"kadence-blocks-gallery-item\"><div class=\"kadence-blocks-gallery-item-inner\"><figure class=\"kb-gallery-figure kb-gallery-item-has-link\"><a href=\"http:\/\/snowwhitemuseum.com\/wp-content\/uploads\/2023\/09\/1938-10-07-Liege-Palace-film-program-05.jpg\" class=\"kb-gallery-item-link\"   role=\"button\" aria-haspopup=\"dialog\"><div class=\"kb-gal-image-radius\"><div class=\"kb-gallery-image-contain kadence-blocks-gallery-intrinsic kb-gallery-image-ratio-inherit kb-has-image-ratio-inherit\" ><img loading=\"lazy\" decoding=\"async\" src=\"http:\/\/snowwhitemuseum.com\/wp-content\/uploads\/2023\/05\/page1-fr.png\"  data-splide-lazy=\"http:\/\/snowwhitemuseum.com\/wp-content\/uploads\/2023\/09\/1938-10-07-Liege-Palace-film-program-05.jpg\" width=\"973\" height=\"753\" alt=\"\" data-full-image=\"http:\/\/snowwhitemuseum.com\/wp-content\/uploads\/2023\/09\/1938-10-07-Liege-Palace-film-program-05.jpg\" data-light-image=\"http:\/\/snowwhitemuseum.com\/wp-content\/uploads\/2023\/09\/1938-10-07-Liege-Palace-film-program-05.jpg\" data-splide-lazy-srcset=\"https:\/\/snowwhitemuseum.com\/wp-content\/uploads\/2023\/09\/1938-10-07-Liege-Palace-film-program-05.jpg 973w, https:\/\/snowwhitemuseum.com\/wp-content\/uploads\/2023\/09\/1938-10-07-Liege-Palace-film-program-05-300x232.jpg 300w, https:\/\/snowwhitemuseum.com\/wp-content\/uploads\/2023\/09\/1938-10-07-Liege-Palace-film-program-05-768x594.jpg 768w, https:\/\/snowwhitemuseum.com\/wp-content\/uploads\/2023\/09\/1938-10-07-Liege-Palace-film-program-05-16x12.jpg 16w\" sizes=\"auto, (max-width: 973px) 100vw, 973px\"data-id=\"7231\" class=\"wp-image-7231 skip-lazy\"\/><\/div><\/div><\/a><\/figure><\/div><\/div><\/li><li class=\"kb-slide-item kb-gallery-slide-item splide__slide\"><div class=\"kadence-blocks-gallery-item\"><div class=\"kadence-blocks-gallery-item-inner\"><figure class=\"kb-gallery-figure kb-gallery-item-has-link\"><a href=\"http:\/\/snowwhitemuseum.com\/wp-content\/uploads\/2023\/09\/1938-10-07-Liege-Palace-film-program-06.jpg\" class=\"kb-gallery-item-link\"   role=\"button\" aria-haspopup=\"dialog\"><div class=\"kb-gal-image-radius\"><div class=\"kb-gallery-image-contain kadence-blocks-gallery-intrinsic kb-gallery-image-ratio-inherit kb-has-image-ratio-inherit\" ><img loading=\"lazy\" decoding=\"async\" src=\"http:\/\/snowwhitemuseum.com\/wp-content\/uploads\/2023\/05\/page1-fr.png\"  data-splide-lazy=\"http:\/\/snowwhitemuseum.com\/wp-content\/uploads\/2023\/09\/1938-10-07-Liege-Palace-film-program-06.jpg\" width=\"972\" height=\"753\" alt=\"\" data-full-image=\"http:\/\/snowwhitemuseum.com\/wp-content\/uploads\/2023\/09\/1938-10-07-Liege-Palace-film-program-06.jpg\" data-light-image=\"http:\/\/snowwhitemuseum.com\/wp-content\/uploads\/2023\/09\/1938-10-07-Liege-Palace-film-program-06.jpg\" data-splide-lazy-srcset=\"https:\/\/snowwhitemuseum.com\/wp-content\/uploads\/2023\/09\/1938-10-07-Liege-Palace-film-program-06.jpg 972w, https:\/\/snowwhitemuseum.com\/wp-content\/uploads\/2023\/09\/1938-10-07-Liege-Palace-film-program-06-300x232.jpg 300w, https:\/\/snowwhitemuseum.com\/wp-content\/uploads\/2023\/09\/1938-10-07-Liege-Palace-film-program-06-768x595.jpg 768w, https:\/\/snowwhitemuseum.com\/wp-content\/uploads\/2023\/09\/1938-10-07-Liege-Palace-film-program-06-15x12.jpg 15w\" sizes=\"auto, (max-width: 972px) 100vw, 972px\"data-id=\"7232\" class=\"wp-image-7232 skip-lazy\"\/><\/div><\/div><\/a><\/figure><\/div><\/div><\/li><li class=\"kb-slide-item kb-gallery-slide-item splide__slide\"><div class=\"kadence-blocks-gallery-item\"><div class=\"kadence-blocks-gallery-item-inner\"><figure class=\"kb-gallery-figure kb-gallery-item-has-link\"><a href=\"http:\/\/snowwhitemuseum.com\/wp-content\/uploads\/2023\/09\/1938-10-07-Liege-Palace-film-program-07.jpg\" class=\"kb-gallery-item-link\"   role=\"button\" aria-haspopup=\"dialog\"><div class=\"kb-gal-image-radius\"><div class=\"kb-gallery-image-contain kadence-blocks-gallery-intrinsic kb-gallery-image-ratio-inherit kb-has-image-ratio-inherit\" ><img loading=\"lazy\" decoding=\"async\" src=\"http:\/\/snowwhitemuseum.com\/wp-content\/uploads\/2023\/05\/page1-fr.png\"  data-splide-lazy=\"http:\/\/snowwhitemuseum.com\/wp-content\/uploads\/2023\/09\/1938-10-07-Liege-Palace-film-program-07.jpg\" width=\"484\" height=\"753\" alt=\"\" data-full-image=\"http:\/\/snowwhitemuseum.com\/wp-content\/uploads\/2023\/09\/1938-10-07-Liege-Palace-film-program-07.jpg\" data-light-image=\"http:\/\/snowwhitemuseum.com\/wp-content\/uploads\/2023\/09\/1938-10-07-Liege-Palace-film-program-07.jpg\" data-splide-lazy-srcset=\"https:\/\/snowwhitemuseum.com\/wp-content\/uploads\/2023\/09\/1938-10-07-Liege-Palace-film-program-07.jpg 484w, https:\/\/snowwhitemuseum.com\/wp-content\/uploads\/2023\/09\/1938-10-07-Liege-Palace-film-program-07-193x300.jpg 193w, https:\/\/snowwhitemuseum.com\/wp-content\/uploads\/2023\/09\/1938-10-07-Liege-Palace-film-program-07-8x12.jpg 8w\" sizes=\"auto, (max-width: 484px) 100vw, 484px\"data-id=\"7227\" class=\"wp-image-7227 skip-lazy\"\/><\/div><\/div><\/a><\/figure><\/div><\/div><\/li><\/ul><\/div><\/div><\/div><\/div>","protected":false},"excerpt":{"rendered":"<p>This program was made for Liege&#8217;s Palace Theater for the October 7, 1938 release of Snow White and the Seven Dwarfs. Prices of seats range from 3 to 10 francs and children pay half price. The program of the evenings from October 7 to October 13 goes: The next film to be shown on the&#8230;<\/p>","protected":false},"author":1,"featured_media":7203,"parent":7200,"menu_order":0,"comment_status":"closed","ping_status":"closed","template":"","meta":{"_kadence_starter_templates_imported_post":false,"_kad_post_transparent":"","_kad_post_title":"","_kad_post_layout":"","_kad_post_sidebar_id":"","_kad_post_content_style":"","_kad_post_vertical_padding":"","_kad_post_feature":"","_kad_post_feature_position":"","_kad_post_header":false,"_kad_post_footer":false,"_kad_post_classname":"","footnotes":""},"class_list":["post-7225","page","type-page","status-publish","has-post-thumbnail","hentry"],"aioseo_notices":[],"_links":{"self":[{"href":"https:\/\/snowwhitemuseum.com\/fr\/wp-json\/wp\/v2\/pages\/7225","targetHints":{"allow":["GET"]}}],"collection":[{"href":"https:\/\/snowwhitemuseum.com\/fr\/wp-json\/wp\/v2\/pages"}],"about":[{"href":"https:\/\/snowwhitemuseum.com\/fr\/wp-json\/wp\/v2\/types\/page"}],"author":[{"embeddable":true,"href":"https:\/\/snowwhitemuseum.com\/fr\/wp-json\/wp\/v2\/users\/1"}],"replies":[{"embeddable":true,"href":"https:\/\/snowwhitemuseum.com\/fr\/wp-json\/wp\/v2\/comments?post=7225"}],"version-history":[{"count":3,"href":"https:\/\/snowwhitemuseum.com\/fr\/wp-json\/wp\/v2\/pages\/7225\/revisions"}],"predecessor-version":[{"id":11133,"href":"https:\/\/snowwhitemuseum.com\/fr\/wp-json\/wp\/v2\/pages\/7225\/revisions\/11133"}],"up":[{"embeddable":true,"href":"https:\/\/snowwhitemuseum.com\/fr\/wp-json\/wp\/v2\/pages\/7200"}],"wp:featuredmedia":[{"embeddable":true,"href":"https:\/\/snowwhitemuseum.com\/fr\/wp-json\/wp\/v2\/media\/7203"}],"wp:attachment":[{"href":"https:\/\/snowwhitemuseum.com\/fr\/wp-json\/wp\/v2\/media?parent=7225"}],"curies":[{"name":"wp","href":"https:\/\/api.w.org\/{rel}","templated":true}]}}