{"id":7450,"date":"2023-09-30T09:15:58","date_gmt":"2023-09-30T07:15:58","guid":{"rendered":"https:\/\/snowwhitemuseum.com\/?page_id=7450"},"modified":"2026-01-11T11:15:18","modified_gmt":"2026-01-11T10:15:18","slug":"references-to-snow-white-from-other-studios","status":"publish","type":"page","link":"https:\/\/snowwhitemuseum.com\/fr\/about-the-film\/sequels\/references-to-snow-white-from-other-studios\/","title":{"rendered":"R\u00e9f\u00e9rences \u00e0 Blanche Neige d'autres studios"},"content":{"rendered":"<style>.kb-row-layout-id7450_e6aa73-05 > .kt-row-column-wrap{align-content:start;}:where(.kb-row-layout-id7450_e6aa73-05 > .kt-row-column-wrap) > .wp-block-kadence-column{justify-content:start;}.kb-row-layout-id7450_e6aa73-05 > .kt-row-column-wrap{column-gap:var(--global-kb-gap-md, 2rem);row-gap:var(--global-kb-gap-md, 2rem);padding-top:var(--global-kb-spacing-sm, 1.5rem);padding-bottom:var(--global-kb-spacing-sm, 1.5rem);}.kb-row-layout-id7450_e6aa73-05 > .kt-row-column-wrap > div:not(.added-for-specificity){grid-column:initial;}.kb-row-layout-id7450_e6aa73-05 > .kt-row-column-wrap{grid-template-columns:minmax(0, 1fr) minmax(0, 2fr) minmax(0, 1fr);}.kb-row-layout-id7450_e6aa73-05 > .kt-row-layout-overlay{opacity:0.30;}@media all and (max-width: 1024px){.kb-row-layout-id7450_e6aa73-05 > .kt-row-column-wrap > div:not(.added-for-specificity){grid-column:initial;}}@media all and (max-width: 1024px){.kb-row-layout-id7450_e6aa73-05 > .kt-row-column-wrap{grid-template-columns:minmax(0, 1fr) minmax(0, 2fr) minmax(0, 1fr);}}@media all and (max-width: 767px){.kb-row-layout-id7450_e6aa73-05 > .kt-row-column-wrap > div:not(.added-for-specificity){grid-column:initial;}.kb-row-layout-id7450_e6aa73-05 > .kt-row-column-wrap{grid-template-columns:minmax(0, 1fr);}}<\/style><div class=\"kb-row-layout-wrap kb-row-layout-id7450_e6aa73-05 alignnone wp-block-kadence-rowlayout\"><div class=\"kt-row-column-wrap kt-has-3-columns kt-row-layout-center-half kt-tab-layout-inherit kt-mobile-layout-row kt-row-valign-top\">\n<style>.kadence-column7450_c9d185-ff > .kt-inside-inner-col,.kadence-column7450_c9d185-ff > .kt-inside-inner-col:before{border-top-left-radius:0px;border-top-right-radius:0px;border-bottom-right-radius:0px;border-bottom-left-radius:0px;}.kadence-column7450_c9d185-ff > .kt-inside-inner-col{column-gap:var(--global-kb-gap-sm, 1rem);}.kadence-column7450_c9d185-ff > .kt-inside-inner-col{flex-direction:column;}.kadence-column7450_c9d185-ff > .kt-inside-inner-col > .aligncenter{width:100%;}.kadence-column7450_c9d185-ff > .kt-inside-inner-col:before{opacity:0.3;}.kadence-column7450_c9d185-ff{position:relative;}@media all and (max-width: 1024px){.kadence-column7450_c9d185-ff > .kt-inside-inner-col{flex-direction:column;justify-content:center;}}@media all and (max-width: 767px){.kadence-column7450_c9d185-ff > .kt-inside-inner-col{flex-direction:column;justify-content:center;}}<\/style>\n<div class=\"wp-block-kadence-column kadence-column7450_c9d185-ff\"><div class=\"kt-inside-inner-col\"><\/div><\/div>\n\n\n<style>.kadence-column7450_1bcd3a-b6 > .kt-inside-inner-col,.kadence-column7450_1bcd3a-b6 > .kt-inside-inner-col:before{border-top-left-radius:0px;border-top-right-radius:0px;border-bottom-right-radius:0px;border-bottom-left-radius:0px;}.kadence-column7450_1bcd3a-b6 > .kt-inside-inner-col{column-gap:var(--global-kb-gap-sm, 1rem);}.kadence-column7450_1bcd3a-b6 > .kt-inside-inner-col{flex-direction:column;}.kadence-column7450_1bcd3a-b6 > .kt-inside-inner-col > .aligncenter{width:100%;}.kadence-column7450_1bcd3a-b6 > .kt-inside-inner-col:before{opacity:0.3;}.kadence-column7450_1bcd3a-b6{position:relative;}@media all and (max-width: 1024px){.kadence-column7450_1bcd3a-b6 > .kt-inside-inner-col{flex-direction:column;justify-content:center;}}@media all and (max-width: 767px){.kadence-column7450_1bcd3a-b6 > .kt-inside-inner-col{flex-direction:column;justify-content:center;}}<\/style>\n<div class=\"wp-block-kadence-column kadence-column7450_1bcd3a-b6\"><div class=\"kt-inside-inner-col\"><style>.wp-block-kadence-advancedbtn.kb-btns7450_3a6a80-bf{gap:var(--global-kb-gap-xs, 0.5rem );justify-content:center;align-items:center;}.kt-btns7450_3a6a80-bf .kt-button{font-weight:normal;font-style:normal;}.kt-btns7450_3a6a80-bf .kt-btn-wrap-0{margin-right:5px;}.wp-block-kadence-advancedbtn.kt-btns7450_3a6a80-bf .kt-btn-wrap-0 .kt-button{color:#555555;border-color:#555555;}.wp-block-kadence-advancedbtn.kt-btns7450_3a6a80-bf .kt-btn-wrap-0 .kt-button:hover, .wp-block-kadence-advancedbtn.kt-btns7450_3a6a80-bf .kt-btn-wrap-0 .kt-button:focus{color:#ffffff;border-color:#444444;}.wp-block-kadence-advancedbtn.kt-btns7450_3a6a80-bf .kt-btn-wrap-0 .kt-button::before{display:none;}.wp-block-kadence-advancedbtn.kt-btns7450_3a6a80-bf .kt-btn-wrap-0 .kt-button:hover, .wp-block-kadence-advancedbtn.kt-btns7450_3a6a80-bf .kt-btn-wrap-0 .kt-button:focus{background:#444444;}<\/style>\n<div class=\"wp-block-kadence-advancedbtn kb-buttons-wrap kb-btns7450_3a6a80-bf\"><style>ul.menu .wp-block-kadence-advancedbtn .kb-btn7450_d1b9d4-a3.kb-button{width:initial;}<\/style><a class=\"kb-button kt-button button kb-btn7450_d1b9d4-a3 kt-btn-size-standard kt-btn-width-type-auto kb-btn-global-fill  kt-btn-has-text-true kt-btn-has-svg-false  wp-block-kadence-singlebtn\" href=\"https:\/\/snowwhitemuseum.com\/fr\/about-the-film\/sequels\/\"><span class=\"kt-btn-inner-text\">Retour aux suites<\/span><\/a><\/div>\n<\/div><\/div>\n\n\n<style>.kadence-column7450_5836a7-32 > .kt-inside-inner-col,.kadence-column7450_5836a7-32 > .kt-inside-inner-col:before{border-top-left-radius:0px;border-top-right-radius:0px;border-bottom-right-radius:0px;border-bottom-left-radius:0px;}.kadence-column7450_5836a7-32 > .kt-inside-inner-col{column-gap:var(--global-kb-gap-sm, 1rem);}.kadence-column7450_5836a7-32 > .kt-inside-inner-col{flex-direction:column;}.kadence-column7450_5836a7-32 > .kt-inside-inner-col > .aligncenter{width:100%;}.kadence-column7450_5836a7-32 > .kt-inside-inner-col:before{opacity:0.3;}.kadence-column7450_5836a7-32{position:relative;}@media all and (max-width: 1024px){.kadence-column7450_5836a7-32 > .kt-inside-inner-col{flex-direction:column;justify-content:center;}}@media all and (max-width: 767px){.kadence-column7450_5836a7-32 > .kt-inside-inner-col{flex-direction:column;justify-content:center;}}<\/style>\n<div class=\"wp-block-kadence-column kadence-column7450_5836a7-32\"><div class=\"kt-inside-inner-col\"><\/div><\/div>\n\n<\/div><\/div>\n\n\n<p>M\u00eame en dehors des studios Walt Disney, depuis la sortie de <em>Blanche Neige et les sept nains<\/em> jusqu'\u00e0 aujourd'hui, le film a \u00e9t\u00e9 une source d'inspiration et, dans les limites du droit d'auteur, des personnages ou des points de l'intrigue sont \u00e9voqu\u00e9s dans de nombreuses productions concurrentes ult\u00e9rieures. En fait, peu d'adaptations des contes de Grimm \u00e9chappent totalement \u00e0 l'influence du film d'animation.<\/p>\n\n\n<style>.wp-block-kadence-advancedgallery .kb-gallery-type-grid.kb-gallery-id-7450_3ba604-dc{margin:-5px;}.kb-gallery-type-grid.kb-gallery-id-7450_3ba604-dc .kadence-blocks-gallery-item{padding:5px;}.kb-gallery-id-7450_3ba604-dc .kadence-blocks-gallery-item .kb-gal-image-radius, .kb-gallery-id-7450_3ba604-dc .kb-slide-item .kb-gal-image-radius img{border-radius:0px 0px 0px 0px;;}.kb-gallery-caption-style-cover-hover.kb-gallery-id-7450_3ba604-dc .kadence-blocks-gallery-item .kadence-blocks-gallery-item-inner .kadence-blocks-gallery-item__caption, .kb-gallery-caption-style-below.kb-gallery-id-7450_3ba604-dc .kadence-blocks-gallery-item .kadence-blocks-gallery-item-inner .kadence-blocks-gallery-item__caption{background:rgba(0, 0, 0, 0.8);}<\/style><div class=\"kb-gallery-wrap-id-7450_3ba604-dc alignnone wp-block-kadence-advancedgallery\" id=\"sequencesart\"><ul class=\"kb-gallery-ul kb-gallery-non-static kb-gallery-type-grid kb-gallery-id-7450_3ba604-dc kb-gallery-caption-style-below kb-gallery-filter-none\" data-image-filter=\"none\" data-item-selector=\".kadence-blocks-gallery-item\" data-lightbox-caption=\"true\" data-columns-xxl=\"5\" data-columns-xl=\"5\" data-columns-md=\"5\" data-columns-sm=\"4\" data-columns-xs=\"4\" data-columns-ss=\"3\"><li class=\"kadence-blocks-gallery-item\"><div class=\"kadence-blocks-gallery-item-inner\"><figure class=\"kb-gallery-figure kb-gallery-item-has-link kadence-blocks-gallery-item-has-caption\"><a href=\"https:\/\/snowwhitemuseum.com\/fr\/about-the-film\/sequels\/references-to-snow-white-from-other-studios\/schneewittchen-und-die-sieben-zwerge-1955\/\" class=\"kb-gallery-item-link\"  ><div class=\"kb-gal-image-radius\"><div class=\"kb-gallery-image-contain kadence-blocks-gallery-intrinsic kb-gallery-image-ratio-land32 kb-has-image-ratio-land32\" ><img loading=\"lazy\" decoding=\"async\" src=\"https:\/\/snowwhitemuseum.com\/wp-content\/uploads\/2024\/11\/Snow-white-vignette-1024x683.jpg\" width=\"1024\" height=\"683\" alt=\"\" data-full-image=\"https:\/\/snowwhitemuseum.com\/wp-content\/uploads\/2024\/11\/Snow-white-vignette.jpg\" data-light-image=\"https:\/\/snowwhitemuseum.com\/wp-content\/uploads\/2024\/11\/Snow-white-vignette.jpg\" data-id=\"13110\" class=\"wp-image-13110\" srcset=\"https:\/\/snowwhitemuseum.com\/wp-content\/uploads\/2024\/11\/Snow-white-vignette-1024x683.jpg 1024w, https:\/\/snowwhitemuseum.com\/wp-content\/uploads\/2024\/11\/Snow-white-vignette-300x200.jpg 300w, https:\/\/snowwhitemuseum.com\/wp-content\/uploads\/2024\/11\/Snow-white-vignette-768x512.jpg 768w, https:\/\/snowwhitemuseum.com\/wp-content\/uploads\/2024\/11\/Snow-white-vignette-18x12.jpg 18w, https:\/\/snowwhitemuseum.com\/wp-content\/uploads\/2024\/11\/Snow-white-vignette.jpg 1129w\" sizes=\"auto, (max-width: 1024px) 100vw, 1024px\" \/><\/div><\/div><div class=\"kadence-blocks-gallery-item__caption\">Schneewittchen und die sieben Zwerge (1955)<\/div><\/a><\/figure><\/div><\/li><li class=\"kadence-blocks-gallery-item\"><div class=\"kadence-blocks-gallery-item-inner\"><figure class=\"kb-gallery-figure kb-gallery-item-has-link kadence-blocks-gallery-item-has-caption\"><a href=\"https:\/\/snowwhitemuseum.com\/fr\/about-the-film\/sequels\/references-to-snow-white-from-other-studios\/the-parisian\/\" class=\"kb-gallery-item-link\"  ><div class=\"kb-gal-image-radius\"><div class=\"kb-gallery-image-contain kadence-blocks-gallery-intrinsic kb-gallery-image-ratio-land32 kb-has-image-ratio-land32\" ><img loading=\"lazy\" decoding=\"async\" src=\"https:\/\/snowwhitemuseum.com\/wp-content\/uploads\/2026\/01\/Brigitte-Bardot-1024x747.jpg\" width=\"1024\" height=\"747\" alt=\"\" data-full-image=\"https:\/\/snowwhitemuseum.com\/wp-content\/uploads\/2026\/01\/Brigitte-Bardot.jpg\" data-light-image=\"https:\/\/snowwhitemuseum.com\/wp-content\/uploads\/2026\/01\/Brigitte-Bardot.jpg\" data-id=\"17434\" class=\"wp-image-17434\" srcset=\"https:\/\/snowwhitemuseum.com\/wp-content\/uploads\/2026\/01\/Brigitte-Bardot-1024x747.jpg 1024w, https:\/\/snowwhitemuseum.com\/wp-content\/uploads\/2026\/01\/Brigitte-Bardot-300x219.jpg 300w, https:\/\/snowwhitemuseum.com\/wp-content\/uploads\/2026\/01\/Brigitte-Bardot-768x560.jpg 768w, https:\/\/snowwhitemuseum.com\/wp-content\/uploads\/2026\/01\/Brigitte-Bardot-16x12.jpg 16w, https:\/\/snowwhitemuseum.com\/wp-content\/uploads\/2026\/01\/Brigitte-Bardot.jpg 1032w\" sizes=\"auto, (max-width: 1024px) 100vw, 1024px\" \/><\/div><\/div><div class=\"kadence-blocks-gallery-item__caption\">The Parisian (1957)<\/div><\/a><\/figure><\/div><\/li><li class=\"kadence-blocks-gallery-item\"><div class=\"kadence-blocks-gallery-item-inner\"><figure class=\"kb-gallery-figure kb-gallery-item-has-link kadence-blocks-gallery-item-has-caption\"><a href=\"https:\/\/snowwhitemuseum.com\/fr\/about-the-film\/sequels\/references-to-snow-white-from-other-studios\/snow-white-and-the-three-stooges\/\" class=\"kb-gallery-item-link\"  ><div class=\"kb-gal-image-radius\"><div class=\"kb-gallery-image-contain kadence-blocks-gallery-intrinsic kb-gallery-image-ratio-land32 kb-has-image-ratio-land32\" ><img loading=\"lazy\" decoding=\"async\" src=\"https:\/\/snowwhitemuseum.com\/wp-content\/uploads\/2024\/09\/The-Three-Stooges-thumbnail.jpg\" width=\"974\" height=\"548\" alt=\"\" data-full-image=\"https:\/\/snowwhitemuseum.com\/wp-content\/uploads\/2024\/09\/The-Three-Stooges-thumbnail.jpg\" data-light-image=\"https:\/\/snowwhitemuseum.com\/wp-content\/uploads\/2024\/09\/The-Three-Stooges-thumbnail.jpg\" data-id=\"12312\" class=\"wp-image-12312\" srcset=\"https:\/\/snowwhitemuseum.com\/wp-content\/uploads\/2024\/09\/The-Three-Stooges-thumbnail.jpg 974w, https:\/\/snowwhitemuseum.com\/wp-content\/uploads\/2024\/09\/The-Three-Stooges-thumbnail-300x169.jpg 300w, https:\/\/snowwhitemuseum.com\/wp-content\/uploads\/2024\/09\/The-Three-Stooges-thumbnail-768x432.jpg 768w, https:\/\/snowwhitemuseum.com\/wp-content\/uploads\/2024\/09\/The-Three-Stooges-thumbnail-18x10.jpg 18w\" sizes=\"auto, (max-width: 974px) 100vw, 974px\" \/><\/div><\/div><div class=\"kadence-blocks-gallery-item__caption\">Blanche Neige et les trois stooges<\/div><\/a><\/figure><\/div><\/li><li class=\"kadence-blocks-gallery-item\"><div class=\"kadence-blocks-gallery-item-inner\"><figure class=\"kb-gallery-figure kb-gallery-item-has-link kadence-blocks-gallery-item-has-caption\"><a href=\"https:\/\/snowwhitemuseum.com\/fr\/about-the-film\/sequels\/references-to-snow-white-from-other-studios\/pamuk-prenses-ve-yedi-cuceler-1971-snow-white-turkish-remake\/\" class=\"kb-gallery-item-link\"  ><div class=\"kb-gal-image-radius\"><div class=\"kb-gallery-image-contain kadence-blocks-gallery-intrinsic kb-gallery-image-ratio-land32 kb-has-image-ratio-land32\" ><img loading=\"lazy\" decoding=\"async\" src=\"https:\/\/snowwhitemuseum.com\/wp-content\/uploads\/2024\/07\/Pamuk-Prenses-ve-Yedi-Cuceler-1971-Snow-White-Turkish-remake.jpg\" width=\"459\" height=\"259\" alt=\"\" data-full-image=\"https:\/\/snowwhitemuseum.com\/wp-content\/uploads\/2024\/07\/Pamuk-Prenses-ve-Yedi-Cuceler-1971-Snow-White-Turkish-remake.jpg\" data-light-image=\"https:\/\/snowwhitemuseum.com\/wp-content\/uploads\/2024\/07\/Pamuk-Prenses-ve-Yedi-Cuceler-1971-Snow-White-Turkish-remake.jpg\" data-id=\"11842\" class=\"wp-image-11842\" srcset=\"https:\/\/snowwhitemuseum.com\/wp-content\/uploads\/2024\/07\/Pamuk-Prenses-ve-Yedi-Cuceler-1971-Snow-White-Turkish-remake.jpg 459w, https:\/\/snowwhitemuseum.com\/wp-content\/uploads\/2024\/07\/Pamuk-Prenses-ve-Yedi-Cuceler-1971-Snow-White-Turkish-remake-300x169.jpg 300w, https:\/\/snowwhitemuseum.com\/wp-content\/uploads\/2024\/07\/Pamuk-Prenses-ve-Yedi-Cuceler-1971-Snow-White-Turkish-remake-18x10.jpg 18w\" sizes=\"auto, (max-width: 459px) 100vw, 459px\" \/><\/div><\/div><div class=\"kadence-blocks-gallery-item__caption\">Le conte fabuleux de Blanche Neige (1971) Remake turque<\/div><\/a><\/figure><\/div><\/li><li class=\"kadence-blocks-gallery-item\"><div class=\"kadence-blocks-gallery-item-inner\"><figure class=\"kb-gallery-figure kb-gallery-item-has-link kadence-blocks-gallery-item-has-caption\"><a href=\"https:\/\/snowwhitemuseum.com\/fr\/about-the-film\/sequels\/references-to-snow-white-from-other-studios\/annie-hall\/\" class=\"kb-gallery-item-link\"  ><div class=\"kb-gal-image-radius\"><div class=\"kb-gallery-image-contain kadence-blocks-gallery-intrinsic kb-gallery-image-ratio-land32 kb-has-image-ratio-land32\" ><img loading=\"lazy\" decoding=\"async\" src=\"https:\/\/snowwhitemuseum.com\/wp-content\/uploads\/2023\/09\/Annie-hall-wicked-queen.jpg\" width=\"500\" height=\"516\" alt=\"\" data-full-image=\"https:\/\/snowwhitemuseum.com\/wp-content\/uploads\/2023\/09\/Annie-hall-wicked-queen.jpg\" data-light-image=\"https:\/\/snowwhitemuseum.com\/wp-content\/uploads\/2023\/09\/Annie-hall-wicked-queen.jpg\" data-id=\"7451\" class=\"wp-image-7451\" srcset=\"https:\/\/snowwhitemuseum.com\/wp-content\/uploads\/2023\/09\/Annie-hall-wicked-queen.jpg 500w, https:\/\/snowwhitemuseum.com\/wp-content\/uploads\/2023\/09\/Annie-hall-wicked-queen-291x300.jpg 291w, https:\/\/snowwhitemuseum.com\/wp-content\/uploads\/2023\/09\/Annie-hall-wicked-queen-12x12.jpg 12w\" sizes=\"auto, (max-width: 500px) 100vw, 500px\" \/><\/div><\/div><div class=\"kadence-blocks-gallery-item__caption\">Annie Hall<\/div><\/a><\/figure><\/div><\/li><li class=\"kadence-blocks-gallery-item\"><div class=\"kadence-blocks-gallery-item-inner\"><figure class=\"kb-gallery-figure kb-gallery-item-has-link kadence-blocks-gallery-item-has-caption\"><a href=\"https:\/\/snowwhitemuseum.com\/fr\/about-the-film\/sequels\/references-to-snow-white-from-other-studios\/nine-to-five\/\" class=\"kb-gallery-item-link\"  ><div class=\"kb-gal-image-radius\"><div class=\"kb-gallery-image-contain kadence-blocks-gallery-intrinsic kb-gallery-image-ratio-land32 kb-has-image-ratio-land32\" ><img loading=\"lazy\" decoding=\"async\" src=\"https:\/\/snowwhitemuseum.com\/wp-content\/uploads\/2025\/07\/Nine-to-Five-Lily-Tomlin-1024x557.jpg\" width=\"1024\" height=\"557\" alt=\"\" data-full-image=\"https:\/\/snowwhitemuseum.com\/wp-content\/uploads\/2025\/07\/Nine-to-Five-Lily-Tomlin.jpg\" data-light-image=\"https:\/\/snowwhitemuseum.com\/wp-content\/uploads\/2025\/07\/Nine-to-Five-Lily-Tomlin.jpg\" data-id=\"16316\" class=\"wp-image-16316\" srcset=\"https:\/\/snowwhitemuseum.com\/wp-content\/uploads\/2025\/07\/Nine-to-Five-Lily-Tomlin-1024x557.jpg 1024w, https:\/\/snowwhitemuseum.com\/wp-content\/uploads\/2025\/07\/Nine-to-Five-Lily-Tomlin-300x163.jpg 300w, https:\/\/snowwhitemuseum.com\/wp-content\/uploads\/2025\/07\/Nine-to-Five-Lily-Tomlin-768x417.jpg 768w, https:\/\/snowwhitemuseum.com\/wp-content\/uploads\/2025\/07\/Nine-to-Five-Lily-Tomlin-18x10.jpg 18w, https:\/\/snowwhitemuseum.com\/wp-content\/uploads\/2025\/07\/Nine-to-Five-Lily-Tomlin.jpg 1080w\" sizes=\"auto, (max-width: 1024px) 100vw, 1024px\" \/><\/div><\/div><div class=\"kadence-blocks-gallery-item__caption\">Comment se d\u00e9barrasser de son patron (1980)<\/div><\/a><\/figure><\/div><\/li><li class=\"kadence-blocks-gallery-item\"><div class=\"kadence-blocks-gallery-item-inner\"><figure class=\"kb-gallery-figure kb-gallery-item-has-link kadence-blocks-gallery-item-has-caption\"><a href=\"https:\/\/snowwhitemuseum.com\/fr\/about-the-film\/sequels\/references-to-snow-white-from-other-studios\/she-sees-dwarfs-everywhere\/\" class=\"kb-gallery-item-link\"  ><div class=\"kb-gal-image-radius\"><div class=\"kb-gallery-image-contain kadence-blocks-gallery-intrinsic kb-gallery-image-ratio-land32 kb-has-image-ratio-land32\" ><img loading=\"lazy\" decoding=\"async\" src=\"https:\/\/snowwhitemuseum.com\/wp-content\/uploads\/2023\/09\/Elle-voit-des-nains-partout-thumbnail.jpg\" width=\"800\" height=\"500\" alt=\"\" data-full-image=\"https:\/\/snowwhitemuseum.com\/wp-content\/uploads\/2023\/09\/Elle-voit-des-nains-partout-thumbnail.jpg\" data-light-image=\"https:\/\/snowwhitemuseum.com\/wp-content\/uploads\/2023\/09\/Elle-voit-des-nains-partout-thumbnail.jpg\" data-id=\"7454\" class=\"wp-image-7454\" srcset=\"https:\/\/snowwhitemuseum.com\/wp-content\/uploads\/2023\/09\/Elle-voit-des-nains-partout-thumbnail.jpg 800w, https:\/\/snowwhitemuseum.com\/wp-content\/uploads\/2023\/09\/Elle-voit-des-nains-partout-thumbnail-300x188.jpg 300w, https:\/\/snowwhitemuseum.com\/wp-content\/uploads\/2023\/09\/Elle-voit-des-nains-partout-thumbnail-768x480.jpg 768w, https:\/\/snowwhitemuseum.com\/wp-content\/uploads\/2023\/09\/Elle-voit-des-nains-partout-thumbnail-18x12.jpg 18w\" sizes=\"auto, (max-width: 800px) 100vw, 800px\" \/><\/div><\/div><div class=\"kadence-blocks-gallery-item__caption\">Elle voit des nains partout !<\/div><\/a><\/figure><\/div><\/li><li class=\"kadence-blocks-gallery-item\"><div class=\"kadence-blocks-gallery-item-inner\"><figure class=\"kb-gallery-figure kb-gallery-item-has-link kadence-blocks-gallery-item-has-caption\"><a href=\"https:\/\/snowwhitemuseum.com\/fr\/about-the-film\/sequels\/references-to-snow-white-from-other-studios\/the-magical-princess-gigi\/\" class=\"kb-gallery-item-link\"  ><div class=\"kb-gal-image-radius\"><div class=\"kb-gallery-image-contain kadence-blocks-gallery-intrinsic kb-gallery-image-ratio-land32 kb-has-image-ratio-land32\" ><img loading=\"lazy\" decoding=\"async\" src=\"https:\/\/snowwhitemuseum.com\/wp-content\/uploads\/2023\/10\/Snow-White-Minky-Momo.jpg\" width=\"734\" height=\"753\" alt=\"\" data-full-image=\"https:\/\/snowwhitemuseum.com\/wp-content\/uploads\/2023\/10\/Snow-White-Minky-Momo.jpg\" data-light-image=\"https:\/\/snowwhitemuseum.com\/wp-content\/uploads\/2023\/10\/Snow-White-Minky-Momo.jpg\" data-id=\"7882\" class=\"wp-image-7882\" srcset=\"https:\/\/snowwhitemuseum.com\/wp-content\/uploads\/2023\/10\/Snow-White-Minky-Momo.jpg 734w, https:\/\/snowwhitemuseum.com\/wp-content\/uploads\/2023\/10\/Snow-White-Minky-Momo-292x300.jpg 292w, https:\/\/snowwhitemuseum.com\/wp-content\/uploads\/2023\/10\/Snow-White-Minky-Momo-12x12.jpg 12w\" sizes=\"auto, (max-width: 734px) 100vw, 734px\" \/><\/div><\/div><div class=\"kadence-blocks-gallery-item__caption\">Gigi<\/div><\/a><\/figure><\/div><\/li><li class=\"kadence-blocks-gallery-item\"><div class=\"kadence-blocks-gallery-item-inner\"><figure class=\"kb-gallery-figure kb-gallery-item-has-link kadence-blocks-gallery-item-has-caption\"><a href=\"https:\/\/snowwhitemuseum.com\/fr\/about-the-film\/sequels\/references-to-snow-white-from-other-studios\/gremlins\/\" class=\"kb-gallery-item-link\"  ><div class=\"kb-gal-image-radius\"><div class=\"kb-gallery-image-contain kadence-blocks-gallery-intrinsic kb-gallery-image-ratio-land32 kb-has-image-ratio-land32\" ><img loading=\"lazy\" decoding=\"async\" src=\"https:\/\/snowwhitemuseum.com\/wp-content\/uploads\/2023\/09\/gremlins-snow-white-1024x577.jpg\" width=\"1024\" height=\"577\" alt=\"\" data-full-image=\"https:\/\/snowwhitemuseum.com\/wp-content\/uploads\/2023\/09\/gremlins-snow-white.jpg\" data-light-image=\"https:\/\/snowwhitemuseum.com\/wp-content\/uploads\/2023\/09\/gremlins-snow-white.jpg\" data-id=\"7452\" class=\"wp-image-7452\" srcset=\"https:\/\/snowwhitemuseum.com\/wp-content\/uploads\/2023\/09\/gremlins-snow-white-1024x577.jpg 1024w, https:\/\/snowwhitemuseum.com\/wp-content\/uploads\/2023\/09\/gremlins-snow-white-300x169.jpg 300w, https:\/\/snowwhitemuseum.com\/wp-content\/uploads\/2023\/09\/gremlins-snow-white-768x433.jpg 768w, https:\/\/snowwhitemuseum.com\/wp-content\/uploads\/2023\/09\/gremlins-snow-white-1536x866.jpg 1536w, https:\/\/snowwhitemuseum.com\/wp-content\/uploads\/2023\/09\/gremlins-snow-white-18x10.jpg 18w, https:\/\/snowwhitemuseum.com\/wp-content\/uploads\/2023\/09\/gremlins-snow-white.jpg 1916w\" sizes=\"auto, (max-width: 1024px) 100vw, 1024px\" \/><\/div><\/div><div class=\"kadence-blocks-gallery-item__caption\">Gremlins<\/div><\/a><\/figure><\/div><\/li><li class=\"kadence-blocks-gallery-item\"><div class=\"kadence-blocks-gallery-item-inner\"><figure class=\"kb-gallery-figure kb-gallery-item-has-link kadence-blocks-gallery-item-has-caption\"><a href=\"https:\/\/snowwhitemuseum.com\/fr\/about-the-film\/sequels\/references-to-snow-white-from-other-studios\/happily-ever-after\/\" class=\"kb-gallery-item-link\"  ><div class=\"kb-gal-image-radius\"><div class=\"kb-gallery-image-contain kadence-blocks-gallery-intrinsic kb-gallery-image-ratio-land32 kb-has-image-ratio-land32\" ><img loading=\"lazy\" decoding=\"async\" src=\"http:\/\/snowwhitemuseum.com\/wp-content\/uploads\/2023\/05\/chateau-hante-thumb.jpg\" width=\"700\" height=\"394\" alt=\"\" data-full-image=\"https:\/\/snowwhitemuseum.com\/wp-content\/uploads\/2023\/05\/happily-ever-after-thumb.jpg\" data-light-image=\"https:\/\/snowwhitemuseum.com\/wp-content\/uploads\/2023\/05\/happily-ever-after-thumb.jpg\" data-id=\"1766\" class=\"wp-image-1766\" srcset=\"https:\/\/snowwhitemuseum.com\/wp-content\/uploads\/2023\/05\/chateau-hante-thumb.jpg 847w, https:\/\/snowwhitemuseum.com\/wp-content\/uploads\/2023\/05\/chateau-hante-thumb-300x169.jpg 300w, https:\/\/snowwhitemuseum.com\/wp-content\/uploads\/2023\/05\/chateau-hante-thumb-768x433.jpg 768w, https:\/\/snowwhitemuseum.com\/wp-content\/uploads\/2023\/05\/chateau-hante-thumb-18x10.jpg 18w\" sizes=\"auto, (max-width: 700px) 100vw, 700px\" \/><\/div><\/div><div class=\"kadence-blocks-gallery-item__caption\">Blanche Neige et le ch\u00e2teau hant\u00e9<\/div><\/a><\/figure><\/div><\/li><\/ul><\/div>","protected":false},"excerpt":{"rendered":"<p>Even outside the Walt Disney studios, from the release of Snow White and the Seven Dwarfs to the present day, the film has been a source of inspiration and, within the limits of copyright, characters or plot points are evoked in many subsequent competing productions. In fact, few adaptations of Grimm&#8217;s fairy tales escape the&#8230;<\/p>","protected":false},"author":1,"featured_media":1766,"parent":1757,"menu_order":0,"comment_status":"closed","ping_status":"closed","template":"","meta":{"_kadence_starter_templates_imported_post":false,"_kad_post_transparent":"","_kad_post_title":"","_kad_post_layout":"","_kad_post_sidebar_id":"","_kad_post_content_style":"","_kad_post_vertical_padding":"","_kad_post_feature":"","_kad_post_feature_position":"","_kad_post_header":false,"_kad_post_footer":false,"_kad_post_classname":"","footnotes":""},"class_list":["post-7450","page","type-page","status-publish","has-post-thumbnail","hentry"],"aioseo_notices":[],"_links":{"self":[{"href":"https:\/\/snowwhitemuseum.com\/fr\/wp-json\/wp\/v2\/pages\/7450","targetHints":{"allow":["GET"]}}],"collection":[{"href":"https:\/\/snowwhitemuseum.com\/fr\/wp-json\/wp\/v2\/pages"}],"about":[{"href":"https:\/\/snowwhitemuseum.com\/fr\/wp-json\/wp\/v2\/types\/page"}],"author":[{"embeddable":true,"href":"https:\/\/snowwhitemuseum.com\/fr\/wp-json\/wp\/v2\/users\/1"}],"replies":[{"embeddable":true,"href":"https:\/\/snowwhitemuseum.com\/fr\/wp-json\/wp\/v2\/comments?post=7450"}],"version-history":[{"count":14,"href":"https:\/\/snowwhitemuseum.com\/fr\/wp-json\/wp\/v2\/pages\/7450\/revisions"}],"predecessor-version":[{"id":17435,"href":"https:\/\/snowwhitemuseum.com\/fr\/wp-json\/wp\/v2\/pages\/7450\/revisions\/17435"}],"up":[{"embeddable":true,"href":"https:\/\/snowwhitemuseum.com\/fr\/wp-json\/wp\/v2\/pages\/1757"}],"wp:featuredmedia":[{"embeddable":true,"href":"https:\/\/snowwhitemuseum.com\/fr\/wp-json\/wp\/v2\/media\/1766"}],"wp:attachment":[{"href":"https:\/\/snowwhitemuseum.com\/fr\/wp-json\/wp\/v2\/media?parent=7450"}],"curies":[{"name":"wp","href":"https:\/\/api.w.org\/{rel}","templated":true}]}}