{"id":8095,"date":"2023-11-03T18:28:01","date_gmt":"2023-11-03T17:28:01","guid":{"rendered":"https:\/\/snowwhitemuseum.com\/?page_id=8095"},"modified":"2025-09-13T10:52:13","modified_gmt":"2025-09-13T08:52:13","slug":"the-third-french-dubbing-of-snow-white","status":"publish","type":"page","link":"https:\/\/snowwhitemuseum.com\/fr\/about-the-film\/foreign-adaptations-of-snow-white\/the-third-french-dubbing-of-snow-white\/","title":{"rendered":"Le troisi\u00e8me doublage fran\u00e7ais de Blanche Neige"},"content":{"rendered":"<style>.wp-block-kadence-column.kb-section-dir-horizontal > .kt-inside-inner-col > .kt-info-box8095_4c2d8e-eb .kt-blocks-info-box-link-wrap{max-width:unset;}.kt-info-box8095_4c2d8e-eb .kt-blocks-info-box-link-wrap{padding-top:var(--global-kb-spacing-xs, 1rem);padding-right:var(--global-kb-spacing-xs, 1rem);padding-bottom:var(--global-kb-spacing-xs, 1rem);padding-left:var(--global-kb-spacing-xs, 1rem);}.kt-info-box8095_4c2d8e-eb .kadence-info-box-icon-container .kt-info-svg-icon, .kt-info-box8095_4c2d8e-eb .kt-info-svg-icon-flip, .kt-info-box8095_4c2d8e-eb .kt-blocks-info-box-number{font-size:50px;}.kt-info-box8095_4c2d8e-eb .kt-blocks-info-box-media{border-top-width:0px;border-right-width:0px;border-bottom-width:0px;border-left-width:0px;padding-top:10px;padding-right:10px;padding-bottom:10px;padding-left:10px;}.kt-info-box8095_4c2d8e-eb .kt-blocks-info-box-media-container{margin-top:0px;margin-right:15px;margin-bottom:0px;margin-left:15px;}.kt-info-box8095_4c2d8e-eb .kt-blocks-info-box-learnmore{background:transparent;border-width:0px 0px 0px 0px;padding-top:4px;padding-right:8px;padding-bottom:4px;padding-left:8px;margin-top:10px;margin-right:0px;margin-bottom:10px;margin-left:0px;}<\/style>\n<div class=\"wp-block-kadence-infobox kt-info-box8095_4c2d8e-eb\"><div class=\"kt-blocks-info-box-link-wrap kt-blocks-info-box-media-align-top kt-info-halign-center\"><div class=\"kt-blocks-info-box-media-container\"><div class=\"kt-blocks-info-box-media kt-info-media-animate-none\"><div class=\"kadence-info-box-icon-container kt-info-icon-animate-none\"><div class=\"kadence-info-box-icon-inner-container\"><span class=\"kb-svg-icon-wrap kb-svg-icon-fe_film kt-info-svg-icon\"><svg viewBox=\"0 0 24 24\"  fill=\"none\" stroke=\"currentColor\" stroke-width=\"2\" stroke-linecap=\"round\" stroke-linejoin=\"round\" xmlns=\"http:\/\/www.w3.org\/2000\/svg\"  aria-hidden=\"true\"><rect x=\"2\" y=\"2\" width=\"20\" height=\"20\" rx=\"2.18\" ry=\"2.18\"\/><line x1=\"7\" y1=\"2\" x2=\"7\" y2=\"22\"\/><line x1=\"17\" y1=\"2\" x2=\"17\" y2=\"22\"\/><line x1=\"2\" y1=\"12\" x2=\"22\" y2=\"12\"\/><line x1=\"2\" y1=\"7\" x2=\"7\" y2=\"7\"\/><line x1=\"2\" y1=\"17\" x2=\"7\" y2=\"17\"\/><line x1=\"17\" y1=\"17\" x2=\"22\" y2=\"17\"\/><line x1=\"17\" y1=\"7\" x2=\"22\" y2=\"7\"\/><\/svg><\/span><\/div><\/div><\/div><\/div><div class=\"kt-infobox-textcontent\"><h2 class=\"kt-blocks-info-box-title\">Production information<\/h2><p class=\"kt-blocks-info-box-text\"><strong>Creative supervisors:<\/strong> Daisy Nichols &amp; Boualem Lamhene<br><strong>Production Manager:<\/strong> Dalila Mesli<br><strong>Artistic Director:<\/strong> Barbara Tissier<br><strong>Musical Director:<\/strong> Georges Costa<br><strong>Adapter:<\/strong> ?<br><strong>Dialogue sound engineer:<\/strong> Vincent Demortain<br><strong>Song sound engineer:<\/strong> Thierry Gault<br><strong>Dubbing company:<\/strong> Cinephase<br><br>Cast<br><strong>Snow White (Dialogues):<\/strong> <a href=\"https:\/\/snowwhitemuseum.com\/about-the-film\/foreign-adaptations-of-snow-white\/the-third-french-dubbing-of-snow-white\/valerie-siclay\/\" title=\"Val\u00e9rie Siclay\">Val\u00e9rie Siclay<\/a><br><strong>Snow White (Singing):<\/strong> <a href=\"https:\/\/snowwhitemuseum.com\/about-the-film\/foreign-adaptations-of-snow-white\/the-third-french-dubbing-of-snow-white\/rachel-pignot\/\" title=\"Rachel Pignot\">Rachel Pignot<\/a><br><strong>The Queen:<\/strong> Sylvie Genty<br><strong>The Hag:<\/strong> <a href=\"https:\/\/snowwhitemuseum.com\/about-the-film\/foreign-adaptations-of-snow-white\/the-third-french-dubbing-of-snow-white\/katy-vail\/\" title=\"Katy Vail\">Katy Vail<\/a><br><strong>The Prince (Dialogues):<\/strong> Pierre Tessier<br><strong>The Prince (Singing):<\/strong> Olivier Cantore<br><strong>The Slave in the Magic Mirror:<\/strong> Jean-Claude Balard<br><strong>The Huntsman:<\/strong> Marc Alfos<br><strong>Doc:<\/strong> Jean-Claude Donda<br><strong>Grumpy:<\/strong> G\u00e9rard Rinaldi<br><strong>Happy:<\/strong> <a href=\"https:\/\/jlhorwitz.com\/\" target=\"_blank\" rel=\"noopener nofollow\" title=\"\">Jean-Loup Horwitz<\/a><br><strong>Sleepy:<\/strong> Patrice Dozier<br><strong>Bashful:<\/strong> Michel Mella<br><strong>Sneezy:<\/strong> Bernard Alane<br><strong>Singers and Chorus:<\/strong> Jean Stout, Michel Barouille, Michel Costa, Georges Costa, Olivier Constantin, Jacques Mercier, Francine Chantereau, Dominique Poulain, Graziella Madrigal.<br><strong>2009 Narrator:<\/strong> Philippe Catoire<br><br>This information was compiled from the work of Fran\u00e7ois Justamand (La Gazette du Doublage), R\u00e9mi Car\u00e9mel (<a href=\"http:\/\/danslombredesstudios.blogspot.com\/2012\/02\/fiches-voxographiques-disney-1ere.html\" target=\"_blank\" rel=\"noopener\" title=\"Dans l'ombre des studios (In French)\">Dans l&#8217;ombre des studios<\/a>), and Olikos (Les Grands Classiques).<br><br><a href=\"https:\/\/snowwhitemuseum.com\/about-the-film\/foreign-adaptations-of-snow-white\/\">Back to Foreign adaptations<\/a><\/p><\/div><\/div><\/div>\n\n\n<style>.kb-row-layout-id8095_4a54f0-89 > .kt-row-column-wrap{align-content:start;}:where(.kb-row-layout-id8095_4a54f0-89 > .kt-row-column-wrap) > .wp-block-kadence-column{justify-content:start;}.kb-row-layout-id8095_4a54f0-89 > .kt-row-column-wrap{column-gap:var(--global-kb-gap-md, 2rem);row-gap:var(--global-kb-gap-md, 2rem);padding-top:var(--global-kb-spacing-sm, 1.5rem);padding-bottom:var(--global-kb-spacing-sm, 1.5rem);grid-template-columns:minmax(0, 1fr) minmax(0, 2fr);}.kb-row-layout-id8095_4a54f0-89 > .kt-row-layout-overlay{opacity:0.30;}@media all and (max-width: 1024px){.kb-row-layout-id8095_4a54f0-89 > .kt-row-column-wrap{grid-template-columns:minmax(0, 1fr) minmax(0, 2fr);}}@media all and (max-width: 767px){.kb-row-layout-id8095_4a54f0-89 > .kt-row-column-wrap{grid-template-columns:minmax(0, 1fr);}}<\/style><div class=\"kb-row-layout-wrap kb-row-layout-id8095_4a54f0-89 alignnone wp-block-kadence-rowlayout\"><div class=\"kt-row-column-wrap kt-has-2-columns kt-row-layout-right-golden kt-tab-layout-inherit kt-mobile-layout-row kt-row-valign-top\">\n<style>.kadence-column8095_0ca08a-29 > .kt-inside-inner-col,.kadence-column8095_0ca08a-29 > .kt-inside-inner-col:before{border-top-left-radius:0px;border-top-right-radius:0px;border-bottom-right-radius:0px;border-bottom-left-radius:0px;}.kadence-column8095_0ca08a-29 > .kt-inside-inner-col{column-gap:var(--global-kb-gap-sm, 1rem);}.kadence-column8095_0ca08a-29 > .kt-inside-inner-col{flex-direction:column;}.kadence-column8095_0ca08a-29 > .kt-inside-inner-col > .aligncenter{width:100%;}.kadence-column8095_0ca08a-29 > .kt-inside-inner-col:before{opacity:0.3;}.kadence-column8095_0ca08a-29{position:relative;}@media all and (max-width: 1024px){.kadence-column8095_0ca08a-29 > .kt-inside-inner-col{flex-direction:column;justify-content:center;}}@media all and (max-width: 767px){.kadence-column8095_0ca08a-29 > .kt-inside-inner-col{flex-direction:column;justify-content:center;}}<\/style>\n<div class=\"wp-block-kadence-column kadence-column8095_0ca08a-29\"><div class=\"kt-inside-inner-col\">\n<figure class=\"wp-block-image size-full\"><img loading=\"lazy\" decoding=\"async\" width=\"309\" height=\"495\" src=\"http:\/\/snowwhitemuseum.com\/wp-content\/uploads\/2023\/10\/2001-11-27-Canadian-edition-platine-DVD.jpg\" alt=\"\" class=\"wp-image-7652\" srcset=\"https:\/\/snowwhitemuseum.com\/wp-content\/uploads\/2023\/10\/2001-11-27-Canadian-edition-platine-DVD.jpg 309w, https:\/\/snowwhitemuseum.com\/wp-content\/uploads\/2023\/10\/2001-11-27-Canadian-edition-platine-DVD-187x300.jpg 187w, https:\/\/snowwhitemuseum.com\/wp-content\/uploads\/2023\/10\/2001-11-27-Canadian-edition-platine-DVD-7x12.jpg 7w\" sizes=\"auto, (max-width: 309px) 100vw, 309px\" \/><\/figure>\n<\/div><\/div>\n\n\n<style>.kadence-column8095_f7c605-9f > .kt-inside-inner-col,.kadence-column8095_f7c605-9f > .kt-inside-inner-col:before{border-top-left-radius:0px;border-top-right-radius:0px;border-bottom-right-radius:0px;border-bottom-left-radius:0px;}.kadence-column8095_f7c605-9f > .kt-inside-inner-col{column-gap:var(--global-kb-gap-sm, 1rem);}.kadence-column8095_f7c605-9f > .kt-inside-inner-col{flex-direction:column;}.kadence-column8095_f7c605-9f > .kt-inside-inner-col > .aligncenter{width:100%;}.kadence-column8095_f7c605-9f > .kt-inside-inner-col:before{opacity:0.3;}.kadence-column8095_f7c605-9f{position:relative;}@media all and (max-width: 1024px){.kadence-column8095_f7c605-9f > .kt-inside-inner-col{flex-direction:column;justify-content:center;}}@media all and (max-width: 767px){.kadence-column8095_f7c605-9f > .kt-inside-inner-col{flex-direction:column;justify-content:center;}}<\/style>\n<div class=\"wp-block-kadence-column kadence-column8095_f7c605-9f\"><div class=\"kt-inside-inner-col\"><style>.wp-block-kadence-advancedheading.kt-adv-heading8095_48a2c9-fa, .wp-block-kadence-advancedheading.kt-adv-heading8095_48a2c9-fa[data-kb-block=\"kb-adv-heading8095_48a2c9-fa\"]{font-style:normal;}.wp-block-kadence-advancedheading.kt-adv-heading8095_48a2c9-fa mark.kt-highlight, .wp-block-kadence-advancedheading.kt-adv-heading8095_48a2c9-fa[data-kb-block=\"kb-adv-heading8095_48a2c9-fa\"] mark.kt-highlight{font-style:normal;color:#f76a0c;-webkit-box-decoration-break:clone;box-decoration-break:clone;padding-top:0px;padding-right:0px;padding-bottom:0px;padding-left:0px;}.wp-block-kadence-advancedheading.kt-adv-heading8095_48a2c9-fa img.kb-inline-image, .wp-block-kadence-advancedheading.kt-adv-heading8095_48a2c9-fa[data-kb-block=\"kb-adv-heading8095_48a2c9-fa\"] img.kb-inline-image{width:150px;vertical-align:baseline;}<\/style>\n<h2 class=\"kt-adv-heading8095_48a2c9-fa wp-block-kadence-advancedheading\" data-kb-block=\"kb-adv-heading8095_48a2c9-fa\">The Digital Era<\/h2>\n\n\n\n<p>With the film about to be released in DVD format, the company has two options: restore one of the two existing French versions, in the manner of the original English track, or record a third one. A number of factors will favor the second option.<\/p>\n\n\n\n<p>Indeed, restoring <a href=\"https:\/\/snowwhitemuseum.com\/about-the-film\/foreign-adaptations-of-snow-white\/the-first-french-dubbing-of-snow-white\/\" title=\"The First French dubbing of Snow White\">the first French version<\/a> is not desirable: provided a complete copy is still available in the archives, we&#8217;ve seen that the quality is worse than that of the English version, both technically and in terms of translation, and in any case, nobody remembers it.<\/p>\n\n\n\n<p>Restoring <a href=\"https:\/\/snowwhitemuseum.com\/about-the-film\/foreign-adaptations-of-snow-white\/the-second-french-dubbing-of-snow-white\/\" title=\"The Second French dubbing of Snow White\">the second version<\/a> makes more sense: the technical quality is aging, and we&#8217;ve seen that it had its limits when mixed in Dolby Surround in 1992: there&#8217;s only one final mono track, and extending it requires adding reverb (as on the CD marketed at the time). The ideal technical solution is to re-record everything that can be re-recorded.<\/p>\n\n\n\n<p>What&#8217;s more, an unprecedented legal problem intervened in the meantime: lead performer <a href=\"https:\/\/snowwhitemuseum.com\/about-the-film\/the-cast\/lucie-dolene\/\" title=\"Lucie Dol\u00e8ne\">Lucie Dol\u00e8ne<\/a> took legal action to claim her share of the profits from sales of the VHS cassette in France. Since then, all her roles in Disney productions have been scrupulously re-recorded, even if it means changing only a few minutes of a film (<em>The Jungle Book<\/em>,<em> Beauty and the Beast<\/em>, etc.). Problem: in the case of <em>Snow White<\/em>, she plays the lead role, and replacing only her part, apart from being technically risky, makes no sense.<\/p>\n\n\n\n<p>It was decided to record a new French version. But, unlike the 1962 release, the advantages of this version, namely a clearer, more intelligible sound, were completely ignored. The weight of the decades of viewers who had grown up with the previous version over the last 40 years decided not only the marketing aspect of this release (the change is rarely mentioned), but also the artistic aspect (the watchword, as expressed in the press, is to stick as closely as possible to <a href=\"https:\/\/snowwhitemuseum.com\/about-the-film\/foreign-adaptations-of-snow-white\/the-second-french-dubbing-of-snow-white\/\" title=\"The Second French dubbing of Snow White\">the second French version<\/a> to erase the feeling of difference).<\/p>\n<\/div><\/div>\n\n<\/div><\/div>\n\n<style>.kb-row-layout-id8095_deced1-75 > .kt-row-column-wrap{align-content:start;}:where(.kb-row-layout-id8095_deced1-75 > .kt-row-column-wrap) > .wp-block-kadence-column{justify-content:start;}.kb-row-layout-id8095_deced1-75 > .kt-row-column-wrap{column-gap:var(--global-kb-gap-md, 2rem);row-gap:var(--global-kb-gap-md, 2rem);padding-top:var(--global-kb-spacing-sm, 1.5rem);padding-bottom:var(--global-kb-spacing-sm, 1.5rem);grid-template-columns:minmax(0, 2fr) minmax(0, 1fr);}.kb-row-layout-id8095_deced1-75 > .kt-row-layout-overlay{opacity:0.30;}@media all and (max-width: 1024px){.kb-row-layout-id8095_deced1-75 > .kt-row-column-wrap{grid-template-columns:minmax(0, 2fr) minmax(0, 1fr);}}@media all and (max-width: 767px){.kb-row-layout-id8095_deced1-75 > .kt-row-column-wrap{grid-template-columns:minmax(0, 1fr);}.kb-row-layout-id8095_deced1-75 > .kt-row-column-wrap > .wp-block-kadence-column:nth-child(1 of *:not(style)){order:2;}.kb-row-layout-id8095_deced1-75 > .kt-row-column-wrap > .wp-block-kadence-column:nth-child(2 of *:not(style)){order:1;}.kb-row-layout-id8095_deced1-75 > .kt-row-column-wrap > .wp-block-kadence-column:nth-child(3 of *:not(style)){order:12;}.kb-row-layout-id8095_deced1-75 > .kt-row-column-wrap > .wp-block-kadence-column:nth-child(4 of *:not(style)){order:11;}.kb-row-layout-id8095_deced1-75 > .kt-row-column-wrap > .wp-block-kadence-column:nth-child(5 of *:not(style)){order:22;}.kb-row-layout-id8095_deced1-75 > .kt-row-column-wrap > .wp-block-kadence-column:nth-child(6 of *:not(style)){order:21;}.kb-row-layout-id8095_deced1-75 > .kt-row-column-wrap > .wp-block-kadence-column:nth-child(7 of *:not(style)){order:32;}.kb-row-layout-id8095_deced1-75 > .kt-row-column-wrap > .wp-block-kadence-column:nth-child(8 of *:not(style)){order:31;}}<\/style><div class=\"kb-row-layout-wrap kb-row-layout-id8095_deced1-75 alignnone wp-block-kadence-rowlayout\"><div class=\"kt-row-column-wrap kt-has-2-columns kt-row-layout-left-golden kt-tab-layout-inherit kt-mobile-layout-row kt-row-valign-top\">\n<style>.kadence-column8095_3d71f9-79 > .kt-inside-inner-col,.kadence-column8095_3d71f9-79 > .kt-inside-inner-col:before{border-top-left-radius:0px;border-top-right-radius:0px;border-bottom-right-radius:0px;border-bottom-left-radius:0px;}.kadence-column8095_3d71f9-79 > .kt-inside-inner-col{column-gap:var(--global-kb-gap-sm, 1rem);}.kadence-column8095_3d71f9-79 > .kt-inside-inner-col{flex-direction:column;}.kadence-column8095_3d71f9-79 > .kt-inside-inner-col > .aligncenter{width:100%;}.kadence-column8095_3d71f9-79 > .kt-inside-inner-col:before{opacity:0.3;}.kadence-column8095_3d71f9-79{position:relative;}@media all and (max-width: 1024px){.kadence-column8095_3d71f9-79 > .kt-inside-inner-col{flex-direction:column;justify-content:center;}}@media all and (max-width: 767px){.kadence-column8095_3d71f9-79 > .kt-inside-inner-col{flex-direction:column;justify-content:center;}}<\/style>\n<div class=\"wp-block-kadence-column kadence-column8095_3d71f9-79\"><div class=\"kt-inside-inner-col\"><style>.wp-block-kadence-advancedheading.kt-adv-heading8095_def12a-06, .wp-block-kadence-advancedheading.kt-adv-heading8095_def12a-06[data-kb-block=\"kb-adv-heading8095_def12a-06\"]{font-style:normal;}.wp-block-kadence-advancedheading.kt-adv-heading8095_def12a-06 mark.kt-highlight, .wp-block-kadence-advancedheading.kt-adv-heading8095_def12a-06[data-kb-block=\"kb-adv-heading8095_def12a-06\"] mark.kt-highlight{font-style:normal;color:#f76a0c;-webkit-box-decoration-break:clone;box-decoration-break:clone;padding-top:0px;padding-right:0px;padding-bottom:0px;padding-left:0px;}.wp-block-kadence-advancedheading.kt-adv-heading8095_def12a-06 img.kb-inline-image, .wp-block-kadence-advancedheading.kt-adv-heading8095_def12a-06[data-kb-block=\"kb-adv-heading8095_def12a-06\"] img.kb-inline-image{width:150px;vertical-align:baseline;}<\/style>\n<h2 class=\"kt-adv-heading8095_def12a-06 wp-block-kadence-advancedheading\" data-kb-block=\"kb-adv-heading8095_def12a-06\">Cast &amp; Crew<\/h2>\n\n\n\n<p>And yet, in addition to its modernity, this version is far from being without charm. It is directed by two masters of the craft, Barbara Tissier for the acting, and Georges Costa for the singing. The former is the unforgettable voice of <em>Princess Sarah<\/em>, Cameron Diaz and many others. The latter, along with his brother, has been revolutionizing music in variety and television since the 1970s. You&#8217;ll hear them in a multitude of theme songs they composed and performed (Like the French version of <em>Maude<\/em>, <em>Maguy<\/em>,&#8230;). And Michel&#8217;s daughter Karine sings for Disney on a regular basis. As a matter of fact, she was one of the two finalists for the role of Snow White. To find out more, <a href=\"http:\/\/danslombredesstudios.blogspot.com\/2012\/08\/georges-et-michel-costa-musique-magique.html\" title=\"read R\u00e9mi Car\u00e9mel's interview on his website Dans l'ombre des studios (In French)\">read R\u00e9mi Car\u00e9mel&#8217;s interview on his website Dans l&#8217;ombre des studios (In French)<\/a>.<\/p>\n\n\n\n<p>Despite the obvious desire to copy the previous effort, this version retains its own identity. Forced and coerced, first of all, since only a certain percentage of the previous translation can legally be used when duplicating. The vast majority of song lyrics fall within this quota. The rest of the dialogue is re-translated.<\/p>\n\n\n\n<p>Whether we like it or not, the interpretation is subtly different. Although not as youthful as <a href=\"https:\/\/snowwhitemuseum.com\/about-the-film\/the-cast\/christiane-tourneur\/\" title=\"Christiane Tourneur\">Christiane Tourneur<\/a>&#8216;s, the voice of <a href=\"https:\/\/snowwhitemuseum.com\/about-the-film\/foreign-adaptations-of-snow-white\/the-third-french-dubbing-of-snow-white\/valerie-siclay\/\" title=\"Val\u00e9rie Siclay\">Val\u00e9rie Siclay<\/a> is closer to that of a young girl than to the almost maternal figure conveyed by the voice of <a href=\"https:\/\/snowwhitemuseum.com\/about-the-film\/the-cast\/lucie-dolene\/\" title=\"Lucie Dol\u00e8ne\">Lucie Dol\u00e8ne<\/a>.<\/p>\n\n\n\n<p>All in all, it has to be said that, despite the pitfalls of the exercise (modernizing a soundtrack over 60 years old while preserving the period features), this is a very fine piece of work.<\/p>\n\n\n\n<p>A touching detail: among the chorus members of the third French version is Olivier Constantin, son of <a href=\"https:\/\/snowwhitemuseum.com\/about-the-film\/the-cast\/lucie-dolene\/\" title=\"Lucie Dol\u00e8ne\">Lucie Dol\u00e8ne<\/a>, the Snow White of <a href=\"https:\/\/snowwhitemuseum.com\/about-the-film\/foreign-adaptations-of-snow-white\/the-second-french-dubbing-of-snow-white\/\" title=\"The Second French dubbing of Snow White\">the second version<\/a>.<\/p>\n\n\n\n<p>In 2009, as the film comes out on Blu-ray with a new restoration, the studio decides to use only the original English versions of the main title and various inserts. A decision that has been kept to this day despite the fact that new restorations were done since. That meant that actor Philippe Catoire had to record a narration to be heard over the music for <a href=\"https:\/\/snowwhitemuseum.com\/images\/production-art\/sequence-1a-credits-and-storybook\/\" title=\"Sequence 1A \u2013 Credits and Storybook\">the book scene<\/a> and the &#8220;seasons&#8221; scene.<\/p>\n<\/div><\/div>\n\n\n<style>.kadence-column8095_950252-a0 > .kt-inside-inner-col,.kadence-column8095_950252-a0 > .kt-inside-inner-col:before{border-top-left-radius:0px;border-top-right-radius:0px;border-bottom-right-radius:0px;border-bottom-left-radius:0px;}.kadence-column8095_950252-a0 > .kt-inside-inner-col{column-gap:var(--global-kb-gap-sm, 1rem);}.kadence-column8095_950252-a0 > .kt-inside-inner-col{flex-direction:column;}.kadence-column8095_950252-a0 > .kt-inside-inner-col > .aligncenter{width:100%;}.kadence-column8095_950252-a0 > .kt-inside-inner-col:before{opacity:0.3;}.kadence-column8095_950252-a0{position:relative;}@media all and (max-width: 1024px){.kadence-column8095_950252-a0 > .kt-inside-inner-col{flex-direction:column;justify-content:center;}}@media all and (max-width: 767px){.kadence-column8095_950252-a0 > .kt-inside-inner-col{flex-direction:column;justify-content:center;}}<\/style>\n<div class=\"wp-block-kadence-column kadence-column8095_950252-a0\"><div class=\"kt-inside-inner-col\">\n<figure class=\"wp-block-image size-full\"><img loading=\"lazy\" decoding=\"async\" width=\"333\" height=\"500\" src=\"http:\/\/snowwhitemuseum.com\/wp-content\/uploads\/2023\/11\/Rachel-Pignot-red.jpg\" alt=\"\" class=\"wp-image-8099\" srcset=\"https:\/\/snowwhitemuseum.com\/wp-content\/uploads\/2023\/11\/Rachel-Pignot-red.jpg 333w, https:\/\/snowwhitemuseum.com\/wp-content\/uploads\/2023\/11\/Rachel-Pignot-red-200x300.jpg 200w, https:\/\/snowwhitemuseum.com\/wp-content\/uploads\/2023\/11\/Rachel-Pignot-red-8x12.jpg 8w\" sizes=\"auto, (max-width: 333px) 100vw, 333px\" \/><figcaption class=\"wp-element-caption\">Rachel Pignot<\/figcaption><\/figure>\n<\/div><\/div>\n\n<\/div><\/div>","protected":false},"excerpt":{"rendered":"<p>The Digital Era With the film about to be released in DVD format, the company has two options: restore one of the two existing French versions, in the manner of the original English track, or record a third one. A number of factors will favor the second option. Indeed, restoring the first French version is&#8230;<\/p>","protected":false},"author":1,"featured_media":7652,"parent":7008,"menu_order":0,"comment_status":"closed","ping_status":"closed","template":"","meta":{"_kadence_starter_templates_imported_post":false,"_kad_post_transparent":"","_kad_post_title":"","_kad_post_layout":"","_kad_post_sidebar_id":"","_kad_post_content_style":"","_kad_post_vertical_padding":"","_kad_post_feature":"","_kad_post_feature_position":"","_kad_post_header":false,"_kad_post_footer":false,"_kad_post_classname":"","footnotes":""},"class_list":["post-8095","page","type-page","status-publish","has-post-thumbnail","hentry"],"aioseo_notices":[],"_links":{"self":[{"href":"https:\/\/snowwhitemuseum.com\/fr\/wp-json\/wp\/v2\/pages\/8095","targetHints":{"allow":["GET"]}}],"collection":[{"href":"https:\/\/snowwhitemuseum.com\/fr\/wp-json\/wp\/v2\/pages"}],"about":[{"href":"https:\/\/snowwhitemuseum.com\/fr\/wp-json\/wp\/v2\/types\/page"}],"author":[{"embeddable":true,"href":"https:\/\/snowwhitemuseum.com\/fr\/wp-json\/wp\/v2\/users\/1"}],"replies":[{"embeddable":true,"href":"https:\/\/snowwhitemuseum.com\/fr\/wp-json\/wp\/v2\/comments?post=8095"}],"version-history":[{"count":15,"href":"https:\/\/snowwhitemuseum.com\/fr\/wp-json\/wp\/v2\/pages\/8095\/revisions"}],"predecessor-version":[{"id":16811,"href":"https:\/\/snowwhitemuseum.com\/fr\/wp-json\/wp\/v2\/pages\/8095\/revisions\/16811"}],"up":[{"embeddable":true,"href":"https:\/\/snowwhitemuseum.com\/fr\/wp-json\/wp\/v2\/pages\/7008"}],"wp:featuredmedia":[{"embeddable":true,"href":"https:\/\/snowwhitemuseum.com\/fr\/wp-json\/wp\/v2\/media\/7652"}],"wp:attachment":[{"href":"https:\/\/snowwhitemuseum.com\/fr\/wp-json\/wp\/v2\/media?parent=8095"}],"curies":[{"name":"wp","href":"https:\/\/api.w.org\/{rel}","templated":true}]}}