{"id":8232,"date":"2023-11-20T17:37:46","date_gmt":"2023-11-20T16:37:46","guid":{"rendered":"https:\/\/snowwhitemuseum.com\/?page_id=8232"},"modified":"2023-11-20T17:37:46","modified_gmt":"2023-11-20T16:37:46","slug":"elizabeth-mulliner","status":"publish","type":"page","link":"https:\/\/snowwhitemuseum.com\/fr\/merchandising\/records\/american-records\/selections-from-walt-disneys-feature-production-by-lyn-murray-decca-a-368\/elizabeth-mulliner\/","title":{"rendered":"Elizabeth Mulliner"},"content":{"rendered":"<style>.kb-row-layout-id8232_50ae57-f1 > .kt-row-column-wrap{align-content:start;}:where(.kb-row-layout-id8232_50ae57-f1 > .kt-row-column-wrap) > .wp-block-kadence-column{justify-content:start;}.kb-row-layout-id8232_50ae57-f1 > .kt-row-column-wrap{column-gap:var(--global-kb-gap-md, 2rem);row-gap:var(--global-kb-gap-md, 2rem);padding-top:var(--global-kb-spacing-sm, 1.5rem);padding-bottom:var(--global-kb-spacing-sm, 1.5rem);grid-template-columns:minmax(0, 1fr) minmax(0, 2fr);}.kb-row-layout-id8232_50ae57-f1 > .kt-row-layout-overlay{opacity:0.30;}@media all and (max-width: 1024px){.kb-row-layout-id8232_50ae57-f1 > .kt-row-column-wrap{grid-template-columns:minmax(0, 1fr) minmax(0, 2fr);}}@media all and (max-width: 767px){.kb-row-layout-id8232_50ae57-f1 > .kt-row-column-wrap{grid-template-columns:minmax(0, 1fr);}}<\/style><div class=\"kb-row-layout-wrap kb-row-layout-id8232_50ae57-f1 alignnone wp-block-kadence-rowlayout\"><div class=\"kt-row-column-wrap kt-has-2-columns kt-row-layout-right-golden kt-tab-layout-inherit kt-mobile-layout-row kt-row-valign-top\">\n<style>.kadence-column8232_9fa2ca-c5 > .kt-inside-inner-col,.kadence-column8232_9fa2ca-c5 > .kt-inside-inner-col:before{border-top-left-radius:0px;border-top-right-radius:0px;border-bottom-right-radius:0px;border-bottom-left-radius:0px;}.kadence-column8232_9fa2ca-c5 > .kt-inside-inner-col{column-gap:var(--global-kb-gap-sm, 1rem);}.kadence-column8232_9fa2ca-c5 > .kt-inside-inner-col{flex-direction:column;}.kadence-column8232_9fa2ca-c5 > .kt-inside-inner-col > .aligncenter{width:100%;}.kadence-column8232_9fa2ca-c5 > .kt-inside-inner-col:before{opacity:0.3;}.kadence-column8232_9fa2ca-c5{position:relative;}@media all and (max-width: 1024px){.kadence-column8232_9fa2ca-c5 > .kt-inside-inner-col{flex-direction:column;justify-content:center;}}@media all and (max-width: 767px){.kadence-column8232_9fa2ca-c5 > .kt-inside-inner-col{flex-direction:column;justify-content:center;}}<\/style>\n<div class=\"wp-block-kadence-column kadence-column8232_9fa2ca-c5\"><div class=\"kt-inside-inner-col\">\n<figure class=\"wp-block-image size-full\"><img loading=\"lazy\" decoding=\"async\" width=\"489\" height=\"536\" src=\"http:\/\/snowwhitemuseum.com\/wp-content\/uploads\/2023\/11\/Elizabeth-Mulliner-1944.jpg\" alt=\"\" class=\"wp-image-8233\" srcset=\"https:\/\/snowwhitemuseum.com\/wp-content\/uploads\/2023\/11\/Elizabeth-Mulliner-1944.jpg 489w, https:\/\/snowwhitemuseum.com\/wp-content\/uploads\/2023\/11\/Elizabeth-Mulliner-1944-274x300.jpg 274w, https:\/\/snowwhitemuseum.com\/wp-content\/uploads\/2023\/11\/Elizabeth-Mulliner-1944-11x12.jpg 11w\" sizes=\"auto, (max-width: 489px) 100vw, 489px\" \/><\/figure>\n<\/div><\/div>\n\n\n<style>.kadence-column8232_44e1ae-58 > .kt-inside-inner-col,.kadence-column8232_44e1ae-58 > .kt-inside-inner-col:before{border-top-left-radius:0px;border-top-right-radius:0px;border-bottom-right-radius:0px;border-bottom-left-radius:0px;}.kadence-column8232_44e1ae-58 > .kt-inside-inner-col{column-gap:var(--global-kb-gap-sm, 1rem);}.kadence-column8232_44e1ae-58 > .kt-inside-inner-col{flex-direction:column;}.kadence-column8232_44e1ae-58 > .kt-inside-inner-col > .aligncenter{width:100%;}.kadence-column8232_44e1ae-58 > .kt-inside-inner-col:before{opacity:0.3;}.kadence-column8232_44e1ae-58{position:relative;}@media all and (max-width: 1024px){.kadence-column8232_44e1ae-58 > .kt-inside-inner-col{flex-direction:column;justify-content:center;}}@media all and (max-width: 767px){.kadence-column8232_44e1ae-58 > .kt-inside-inner-col{flex-direction:column;justify-content:center;}}<\/style>\n<div class=\"wp-block-kadence-column kadence-column8232_44e1ae-58\"><div class=\"kt-inside-inner-col\">\n<p>Elizabeth Josephine Mulliner \u00e9tait une chanteuse, \u00e9pouse de Norman Kador Luboff, c\u00e9l\u00e8bre chef d'orchestre et compositeur, depuis le 6 novembre 1944.<\/p>\n\n\n\n<p>Elle chante une chanson sur <a href=\"https:\/\/snowwhitemuseum.com\/fr\/merchandising\/records\/american-records\/selections-from-walt-disneys-feature-production-by-lyn-murray-decca-a-368\/\" title=\"S\u00e9lections de la production de Walt Disney par Lyn Murray (Decca A 368)\">l'album Decca A 368 de 1944 consacr\u00e9 \u00e0 Blanche Neige<\/a>: Some Day My Prince Will Come, avec un ch\u0153ur de jeunes filles. Le livret de cet album la d\u00e9crit ainsi :<\/p>\n\n\n\n<p>Betty, comme tout le monde l'appelle, a commenc\u00e9 sa carri\u00e8re professionnelle en tant que chanteuse alors qu'elle \u00e9tait encore \u00e9tudiante \u00e0 l'universit\u00e9 de Syracuse. Elle a fait partie de l'\u00e9quipe de WFBL et WSYR et a \u00e9t\u00e9 soliste de l'orchestre symphonique de Syracuse. Mais ce n'\u00e9tait qu'un d\u00e9but pour Betty.<\/p>\n\n\n\n<p>Elle a chant\u00e9 au Radio City Music Hall de New York et, en tant que soliste, elle a particip\u00e9 \u00e0 de nombreuses \u00e9missions de radio de renom : \"The Gay Nineties Revue\", \"The Cavalcade of America\", \"The Army Hour\", \"The Hit Parade\", \"The Album of Familiar Music\" et \"The American Melody Hour\".<\/p>\n\n\n\n<p>Sa voix, contrairement \u00e0 celle de nombreux autres solistes, est si bien modul\u00e9e qu'elle se marie parfaitement avec les autres dans le chant choral. Ce talent, associ\u00e9 \u00e0 sa remarquable \"pr\u00e9sence au micro\", lui a valu l'admiration enthousiaste de coll\u00e8gues radiodiffuseurs tels que <a href=\"https:\/\/snowwhitemuseum.com\/fr\/merchandising\/records\/american-records\/selections-from-walt-disneys-feature-production-by-lyn-murray-decca-a-368\/lyn-murray\/\" title=\"Lyn Murray\">Lyn Murray<\/a>, ainsi que celle du public de la radio.<\/p>\n<\/div><\/div>\n\n<\/div><\/div>","protected":false},"excerpt":{"rendered":"<p>Elizabeth Josephine Mulliner was a singer, the spouse of Norman Kador Luboff, famous conductor and composer, since November 6, 1944. She sings a song on the 1944 Snow White Decca album A 368: Some Day My Prince Will Come, with a girl choir. The booklet on this album described her so: Betty, as everyone calls&#8230;<\/p>","protected":false},"author":1,"featured_media":8233,"parent":8192,"menu_order":0,"comment_status":"closed","ping_status":"closed","template":"","meta":{"_kadence_starter_templates_imported_post":false,"_kad_post_transparent":"","_kad_post_title":"","_kad_post_layout":"","_kad_post_sidebar_id":"","_kad_post_content_style":"","_kad_post_vertical_padding":"","_kad_post_feature":"","_kad_post_feature_position":"","_kad_post_header":false,"_kad_post_footer":false,"_kad_post_classname":"","footnotes":""},"class_list":["post-8232","page","type-page","status-publish","has-post-thumbnail","hentry"],"aioseo_notices":[],"_links":{"self":[{"href":"https:\/\/snowwhitemuseum.com\/fr\/wp-json\/wp\/v2\/pages\/8232","targetHints":{"allow":["GET"]}}],"collection":[{"href":"https:\/\/snowwhitemuseum.com\/fr\/wp-json\/wp\/v2\/pages"}],"about":[{"href":"https:\/\/snowwhitemuseum.com\/fr\/wp-json\/wp\/v2\/types\/page"}],"author":[{"embeddable":true,"href":"https:\/\/snowwhitemuseum.com\/fr\/wp-json\/wp\/v2\/users\/1"}],"replies":[{"embeddable":true,"href":"https:\/\/snowwhitemuseum.com\/fr\/wp-json\/wp\/v2\/comments?post=8232"}],"version-history":[{"count":1,"href":"https:\/\/snowwhitemuseum.com\/fr\/wp-json\/wp\/v2\/pages\/8232\/revisions"}],"predecessor-version":[{"id":8234,"href":"https:\/\/snowwhitemuseum.com\/fr\/wp-json\/wp\/v2\/pages\/8232\/revisions\/8234"}],"up":[{"embeddable":true,"href":"https:\/\/snowwhitemuseum.com\/fr\/wp-json\/wp\/v2\/pages\/8192"}],"wp:featuredmedia":[{"embeddable":true,"href":"https:\/\/snowwhitemuseum.com\/fr\/wp-json\/wp\/v2\/media\/8233"}],"wp:attachment":[{"href":"https:\/\/snowwhitemuseum.com\/fr\/wp-json\/wp\/v2\/media?parent=8232"}],"curies":[{"name":"wp","href":"https:\/\/api.w.org\/{rel}","templated":true}]}}