{"id":8236,"date":"2023-11-20T17:57:45","date_gmt":"2023-11-20T16:57:45","guid":{"rendered":"https:\/\/snowwhitemuseum.com\/?page_id=8236"},"modified":"2023-11-20T17:57:45","modified_gmt":"2023-11-20T16:57:45","slug":"harrison-knox","status":"publish","type":"page","link":"https:\/\/snowwhitemuseum.com\/fr\/merchandising\/records\/american-records\/selections-from-walt-disneys-feature-production-by-lyn-murray-decca-a-368\/harrison-knox\/","title":{"rendered":"Harrison Knox"},"content":{"rendered":"<style>.kb-row-layout-id8236_870063-55 > .kt-row-column-wrap{align-content:start;}:where(.kb-row-layout-id8236_870063-55 > .kt-row-column-wrap) > .wp-block-kadence-column{justify-content:start;}.kb-row-layout-id8236_870063-55 > .kt-row-column-wrap{column-gap:var(--global-kb-gap-md, 2rem);row-gap:var(--global-kb-gap-md, 2rem);padding-top:var(--global-kb-spacing-sm, 1.5rem);padding-bottom:var(--global-kb-spacing-sm, 1.5rem);grid-template-columns:minmax(0, 1fr) minmax(0, 2fr);}.kb-row-layout-id8236_870063-55 > .kt-row-layout-overlay{opacity:0.30;}@media all and (max-width: 1024px){.kb-row-layout-id8236_870063-55 > .kt-row-column-wrap{grid-template-columns:minmax(0, 1fr) minmax(0, 2fr);}}@media all and (max-width: 767px){.kb-row-layout-id8236_870063-55 > .kt-row-column-wrap{grid-template-columns:minmax(0, 1fr);}}<\/style><div class=\"kb-row-layout-wrap kb-row-layout-id8236_870063-55 alignnone wp-block-kadence-rowlayout\"><div class=\"kt-row-column-wrap kt-has-2-columns kt-row-layout-right-golden kt-tab-layout-inherit kt-mobile-layout-row kt-row-valign-top\">\n<style>.kadence-column8236_45dc8e-46 > .kt-inside-inner-col,.kadence-column8236_45dc8e-46 > .kt-inside-inner-col:before{border-top-left-radius:0px;border-top-right-radius:0px;border-bottom-right-radius:0px;border-bottom-left-radius:0px;}.kadence-column8236_45dc8e-46 > .kt-inside-inner-col{column-gap:var(--global-kb-gap-sm, 1rem);}.kadence-column8236_45dc8e-46 > .kt-inside-inner-col{flex-direction:column;}.kadence-column8236_45dc8e-46 > .kt-inside-inner-col > .aligncenter{width:100%;}.kadence-column8236_45dc8e-46 > .kt-inside-inner-col:before{opacity:0.3;}.kadence-column8236_45dc8e-46{position:relative;}@media all and (max-width: 1024px){.kadence-column8236_45dc8e-46 > .kt-inside-inner-col{flex-direction:column;justify-content:center;}}@media all and (max-width: 767px){.kadence-column8236_45dc8e-46 > .kt-inside-inner-col{flex-direction:column;justify-content:center;}}<\/style>\n<div class=\"wp-block-kadence-column kadence-column8236_45dc8e-46\"><div class=\"kt-inside-inner-col\">\n<figure class=\"wp-block-image size-full\"><img loading=\"lazy\" decoding=\"async\" width=\"794\" height=\"849\" src=\"http:\/\/snowwhitemuseum.com\/wp-content\/uploads\/2023\/11\/Harrison-Knox-1944.jpg\" alt=\"\" class=\"wp-image-8237\" srcset=\"https:\/\/snowwhitemuseum.com\/wp-content\/uploads\/2023\/11\/Harrison-Knox-1944.jpg 794w, https:\/\/snowwhitemuseum.com\/wp-content\/uploads\/2023\/11\/Harrison-Knox-1944-281x300.jpg 281w, https:\/\/snowwhitemuseum.com\/wp-content\/uploads\/2023\/11\/Harrison-Knox-1944-768x821.jpg 768w, https:\/\/snowwhitemuseum.com\/wp-content\/uploads\/2023\/11\/Harrison-Knox-1944-11x12.jpg 11w\" sizes=\"auto, (max-width: 794px) 100vw, 794px\" \/><\/figure>\n<\/div><\/div>\n\n\n<style>.kadence-column8236_a550da-86 > .kt-inside-inner-col,.kadence-column8236_a550da-86 > .kt-inside-inner-col:before{border-top-left-radius:0px;border-top-right-radius:0px;border-bottom-right-radius:0px;border-bottom-left-radius:0px;}.kadence-column8236_a550da-86 > .kt-inside-inner-col{column-gap:var(--global-kb-gap-sm, 1rem);}.kadence-column8236_a550da-86 > .kt-inside-inner-col{flex-direction:column;}.kadence-column8236_a550da-86 > .kt-inside-inner-col > .aligncenter{width:100%;}.kadence-column8236_a550da-86 > .kt-inside-inner-col:before{opacity:0.3;}.kadence-column8236_a550da-86{position:relative;}@media all and (max-width: 1024px){.kadence-column8236_a550da-86 > .kt-inside-inner-col{flex-direction:column;justify-content:center;}}@media all and (max-width: 767px){.kadence-column8236_a550da-86 > .kt-inside-inner-col{flex-direction:column;justify-content:center;}}<\/style>\n<div class=\"wp-block-kadence-column kadence-column8236_a550da-86\"><div class=\"kt-inside-inner-col\">\n<p>Harrison Knox \u00e9tait un t\u00e9nor. Il chante une chanson <a href=\"https:\/\/snowwhitemuseum.com\/fr\/merchandising\/records\/american-records\/selections-from-walt-disneys-feature-production-by-lyn-murray-decca-a-368\/\" title=\"S\u00e9lections de la production de Walt Disney par Lyn Murray (Decca A 368)\">l'album Decca A 368 de 1944 consacr\u00e9 \u00e0 Blanche Neige<\/a>: One Song. Le livret de cet album le d\u00e9crit ainsi :<\/p>\n\n\n\n<p>Vous avez entendu Harrison Knox dans certaines des \u00e9missions de radio les plus populaires. C'est principalement gr\u00e2ce \u00e0 la radiodiffusion qu'il a connu le succ\u00e8s.<\/p>\n\n\n\n<p>N\u00e9 dans une petite ville de l'Illinois, il entre \u00e0 l'universit\u00e9 de l'Ohio Wesleyan pour \u00e9tudier les sciences. Mais il a rapidement chang\u00e9 d'orientation et d'universit\u00e9, et a finalement obtenu un dipl\u00f4me du Northwestern University College of Music. Il s'est d'abord produit en tant que soliste avec le University Glee Club et avec le \"A Cappella Choir\" du doyen Peter Christian Lutkin.<\/p>\n\n\n\n<p>Apr\u00e8s avoir obtenu son dipl\u00f4me, il est arriv\u00e9 \u00e0 New York et a imm\u00e9diatement commenc\u00e9 \u00e0 travailler \u00e0 la radio. Il a particip\u00e9 \u00e0 des \u00e9missions aussi c\u00e9l\u00e8bres que celles de Schaefer Beer et Squibb. \"The Prudential Family Hour\" l'a pr\u00e9sent\u00e9 en tant que soliste et en duo avec Gladys Swarthout. Actuellement, on peut l'entendre dans \"Prince Matchabelli's Stradivari Concert\" et, sous le nom de William Chester, dans le programme de Bourjois.<\/p>\n\n\n\n<p>M. Knox est extr\u00eamement modeste \u00e0 propos de lui-m\u00eame et de ses r\u00e9alisations, une attitude qui conf\u00e8re \u00e0 sa personnalit\u00e9 un int\u00e9r\u00eat et un charme inhabituels.<\/p>\n<\/div><\/div>\n\n<\/div><\/div>","protected":false},"excerpt":{"rendered":"<p>Harrison Knox was a tenor. He sings a song on the 1944 Snow White Decca album A 368: One Song. The booklet on this album described him so: You have heard Harrison Knox on the air in some of the most popular radio shows. His success has come mainly through broadcasting. Born in a small&#8230;<\/p>","protected":false},"author":1,"featured_media":8237,"parent":8192,"menu_order":0,"comment_status":"closed","ping_status":"closed","template":"","meta":{"_kadence_starter_templates_imported_post":false,"_kad_post_transparent":"","_kad_post_title":"","_kad_post_layout":"","_kad_post_sidebar_id":"","_kad_post_content_style":"","_kad_post_vertical_padding":"","_kad_post_feature":"","_kad_post_feature_position":"","_kad_post_header":false,"_kad_post_footer":false,"_kad_post_classname":"","footnotes":""},"class_list":["post-8236","page","type-page","status-publish","has-post-thumbnail","hentry"],"aioseo_notices":[],"_links":{"self":[{"href":"https:\/\/snowwhitemuseum.com\/fr\/wp-json\/wp\/v2\/pages\/8236","targetHints":{"allow":["GET"]}}],"collection":[{"href":"https:\/\/snowwhitemuseum.com\/fr\/wp-json\/wp\/v2\/pages"}],"about":[{"href":"https:\/\/snowwhitemuseum.com\/fr\/wp-json\/wp\/v2\/types\/page"}],"author":[{"embeddable":true,"href":"https:\/\/snowwhitemuseum.com\/fr\/wp-json\/wp\/v2\/users\/1"}],"replies":[{"embeddable":true,"href":"https:\/\/snowwhitemuseum.com\/fr\/wp-json\/wp\/v2\/comments?post=8236"}],"version-history":[{"count":1,"href":"https:\/\/snowwhitemuseum.com\/fr\/wp-json\/wp\/v2\/pages\/8236\/revisions"}],"predecessor-version":[{"id":8238,"href":"https:\/\/snowwhitemuseum.com\/fr\/wp-json\/wp\/v2\/pages\/8236\/revisions\/8238"}],"up":[{"embeddable":true,"href":"https:\/\/snowwhitemuseum.com\/fr\/wp-json\/wp\/v2\/pages\/8192"}],"wp:featuredmedia":[{"embeddable":true,"href":"https:\/\/snowwhitemuseum.com\/fr\/wp-json\/wp\/v2\/media\/8237"}],"wp:attachment":[{"href":"https:\/\/snowwhitemuseum.com\/fr\/wp-json\/wp\/v2\/media?parent=8236"}],"curies":[{"name":"wp","href":"https:\/\/api.w.org\/{rel}","templated":true}]}}