{"id":8240,"date":"2023-11-20T18:22:08","date_gmt":"2023-11-20T17:22:08","guid":{"rendered":"https:\/\/snowwhitemuseum.com\/?page_id=8240"},"modified":"2023-11-20T18:22:09","modified_gmt":"2023-11-20T17:22:09","slug":"audrey-marsh","status":"publish","type":"page","link":"https:\/\/snowwhitemuseum.com\/fr\/merchandising\/records\/american-records\/selections-from-walt-disneys-feature-production-by-lyn-murray-decca-a-368\/audrey-marsh\/","title":{"rendered":"Audrey Marsh"},"content":{"rendered":"<style>.kb-row-layout-id8240_c590c3-e9 > .kt-row-column-wrap{align-content:start;}:where(.kb-row-layout-id8240_c590c3-e9 > .kt-row-column-wrap) > .wp-block-kadence-column{justify-content:start;}.kb-row-layout-id8240_c590c3-e9 > .kt-row-column-wrap{column-gap:var(--global-kb-gap-md, 2rem);row-gap:var(--global-kb-gap-md, 2rem);padding-top:var(--global-kb-spacing-sm, 1.5rem);padding-bottom:var(--global-kb-spacing-sm, 1.5rem);grid-template-columns:minmax(0, 1fr) minmax(0, 2fr);}.kb-row-layout-id8240_c590c3-e9 > .kt-row-layout-overlay{opacity:0.30;}@media all and (max-width: 1024px){.kb-row-layout-id8240_c590c3-e9 > .kt-row-column-wrap{grid-template-columns:minmax(0, 1fr) minmax(0, 2fr);}}@media all and (max-width: 767px){.kb-row-layout-id8240_c590c3-e9 > .kt-row-column-wrap{grid-template-columns:minmax(0, 1fr);}}<\/style><div class=\"kb-row-layout-wrap kb-row-layout-id8240_c590c3-e9 alignnone wp-block-kadence-rowlayout\"><div class=\"kt-row-column-wrap kt-has-2-columns kt-row-layout-right-golden kt-tab-layout-inherit kt-mobile-layout-row kt-row-valign-top\">\n<style>.kadence-column8240_89dffc-ca > .kt-inside-inner-col,.kadence-column8240_89dffc-ca > .kt-inside-inner-col:before{border-top-left-radius:0px;border-top-right-radius:0px;border-bottom-right-radius:0px;border-bottom-left-radius:0px;}.kadence-column8240_89dffc-ca > .kt-inside-inner-col{column-gap:var(--global-kb-gap-sm, 1rem);}.kadence-column8240_89dffc-ca > .kt-inside-inner-col{flex-direction:column;}.kadence-column8240_89dffc-ca > .kt-inside-inner-col > .aligncenter{width:100%;}.kadence-column8240_89dffc-ca > .kt-inside-inner-col:before{opacity:0.3;}.kadence-column8240_89dffc-ca{position:relative;}@media all and (max-width: 1024px){.kadence-column8240_89dffc-ca > .kt-inside-inner-col{flex-direction:column;justify-content:center;}}@media all and (max-width: 767px){.kadence-column8240_89dffc-ca > .kt-inside-inner-col{flex-direction:column;justify-content:center;}}<\/style>\n<div class=\"wp-block-kadence-column kadence-column8240_89dffc-ca\"><div class=\"kt-inside-inner-col\">\n<figure class=\"wp-block-image size-full\"><img loading=\"lazy\" decoding=\"async\" width=\"760\" height=\"808\" src=\"http:\/\/snowwhitemuseum.com\/wp-content\/uploads\/2023\/11\/Audrey-Marsh-1944.jpg\" alt=\"\" class=\"wp-image-8241\" srcset=\"https:\/\/snowwhitemuseum.com\/wp-content\/uploads\/2023\/11\/Audrey-Marsh-1944.jpg 760w, https:\/\/snowwhitemuseum.com\/wp-content\/uploads\/2023\/11\/Audrey-Marsh-1944-282x300.jpg 282w, https:\/\/snowwhitemuseum.com\/wp-content\/uploads\/2023\/11\/Audrey-Marsh-1944-11x12.jpg 11w\" sizes=\"auto, (max-width: 760px) 100vw, 760px\" \/><\/figure>\n<\/div><\/div>\n\n\n<style>.kadence-column8240_1b9ebd-2c > .kt-inside-inner-col,.kadence-column8240_1b9ebd-2c > .kt-inside-inner-col:before{border-top-left-radius:0px;border-top-right-radius:0px;border-bottom-right-radius:0px;border-bottom-left-radius:0px;}.kadence-column8240_1b9ebd-2c > .kt-inside-inner-col{column-gap:var(--global-kb-gap-sm, 1rem);}.kadence-column8240_1b9ebd-2c > .kt-inside-inner-col{flex-direction:column;}.kadence-column8240_1b9ebd-2c > .kt-inside-inner-col > .aligncenter{width:100%;}.kadence-column8240_1b9ebd-2c > .kt-inside-inner-col:before{opacity:0.3;}.kadence-column8240_1b9ebd-2c{position:relative;}@media all and (max-width: 1024px){.kadence-column8240_1b9ebd-2c > .kt-inside-inner-col{flex-direction:column;justify-content:center;}}@media all and (max-width: 767px){.kadence-column8240_1b9ebd-2c > .kt-inside-inner-col{flex-direction:column;justify-content:center;}}<\/style>\n<div class=\"wp-block-kadence-column kadence-column8240_1b9ebd-2c\"><div class=\"kt-inside-inner-col\">\n<p>Audrey Marsh \u00e9tait une chanteuse. N\u00e9e Audrey Lois Zellman le 18 mars 1911 \u00e0 New York, elle \u00e9pouse Theodore Glenn Monk en 1935 et devient la m\u00e8re de Meredith Monk en 1942. Elle est d\u00e9c\u00e9d\u00e9e \u00e0 Palm Springs, en Californie, le 13 d\u00e9cembre 2009. Elle a souvent \u00e9t\u00e9 sollicit\u00e9e pour chanter dans des publicit\u00e9s dans les ann\u00e9es 1940 et 1950. La New York Public Library propose <a href=\"https:\/\/archives.nypl.org\/mus\/20395\" target=\"_blank\" rel=\"noopener nofollow\" title=\"\">un r\u00e9sum\u00e9 complet de sa carri\u00e8re.<\/a>.<\/p>\n\n\n\n<p>Elle chante une chanson sur <a href=\"https:\/\/snowwhitemuseum.com\/fr\/merchandising\/records\/american-records\/selections-from-walt-disneys-feature-production-by-lyn-murray-decca-a-368\/\" title=\"S\u00e9lections de la production de Walt Disney par Lyn Murray (Decca A 368)\">l'album Decca A 368 de 1944 consacr\u00e9 \u00e0 Blanche Neige<\/a>: I'm Wishing, avec un ch\u0153ur de femmes. Le livret de cet album la d\u00e9crit ainsi :<\/p>\n\n\n\n<p>Audrey Marsh, l'une des enfants de New York, a grandi dans la grande ville en \u00e9tudiant l'art dramatique m\u00eame lorsqu'elle \u00e9tait \u00e0 l'\u00e9cole publique. Elle a trouv\u00e9 le chemin du succ\u00e8s facilement, car elle a commenc\u00e9 dans le th\u00e9\u00e2tre en tant que \"Mrs. Cohen\" dans \"Abie's Irish Rose\". Elle s'est r\u00e9v\u00e9l\u00e9e si bonne dans ce r\u00f4le qu'elle a gravi les \u00e9chelons de la distribution jusqu'au r\u00f4le de \"Rosemary\", le premier r\u00f4le f\u00e9minin.<\/p>\n\n\n\n<p>Apr\u00e8s cela, elle parcourt Broadway \u00e0 la recherche d'un emploi et le trouve finalement de l'autre c\u00f4t\u00e9 de la rivi\u00e8re, \u00e0 Hoboken, o\u00f9 elle joue dans \"After Dark\" de Christopher Morley. Certains membres de la troupe l'ont entendue chanter et l'ont encourag\u00e9e \u00e0 passer une audition aupr\u00e8s d'un \u00e9diteur de musique local. C'est sa voix qui, en 1929, l'am\u00e8ne \u00e0 nouveau \u00e0 traverser la rivi\u00e8re, mais cette fois pour appara\u00eetre dans un programme sponsoris\u00e9, \"Gold Strand\".<\/p>\n\n\n\n<p>La d\u00e9licieuse Audrey, gr\u00e2ce \u00e0 une autodiscipline experte, r\u00e9ussit une entreprise dans laquelle beaucoup de chanteurs \u00e9chouent. Elle a chang\u00e9 la tessiture de sa voix de soprano \u00e0 contralto et, ce faisant, a consid\u00e9rablement augment\u00e9 sa qualit\u00e9 merveilleusement riche.<\/p>\n\n\n\n<p>Cette jolie blonde aux yeux bleus a de nombreuses passions, parmi lesquelles le ping-pong, la danse et la cuisine.<\/p>\n<\/div><\/div>\n\n<\/div><\/div>","protected":false},"excerpt":{"rendered":"<p>Audrey Marsh was a singer. Born Audrey Lois Zellman on March 18, 1911 in New York City, she married Theodore Glenn Monk in 1935 and became the mother of Meredith Monk in 1942. She died in Palm Springs, California on December 13, 2009. She was often asked to sing in commercials in the 1940s and&#8230;<\/p>","protected":false},"author":1,"featured_media":8241,"parent":8192,"menu_order":0,"comment_status":"closed","ping_status":"closed","template":"","meta":{"_kadence_starter_templates_imported_post":false,"_kad_post_transparent":"","_kad_post_title":"","_kad_post_layout":"","_kad_post_sidebar_id":"","_kad_post_content_style":"","_kad_post_vertical_padding":"","_kad_post_feature":"","_kad_post_feature_position":"","_kad_post_header":false,"_kad_post_footer":false,"_kad_post_classname":"","footnotes":""},"class_list":["post-8240","page","type-page","status-publish","has-post-thumbnail","hentry"],"aioseo_notices":[],"_links":{"self":[{"href":"https:\/\/snowwhitemuseum.com\/fr\/wp-json\/wp\/v2\/pages\/8240","targetHints":{"allow":["GET"]}}],"collection":[{"href":"https:\/\/snowwhitemuseum.com\/fr\/wp-json\/wp\/v2\/pages"}],"about":[{"href":"https:\/\/snowwhitemuseum.com\/fr\/wp-json\/wp\/v2\/types\/page"}],"author":[{"embeddable":true,"href":"https:\/\/snowwhitemuseum.com\/fr\/wp-json\/wp\/v2\/users\/1"}],"replies":[{"embeddable":true,"href":"https:\/\/snowwhitemuseum.com\/fr\/wp-json\/wp\/v2\/comments?post=8240"}],"version-history":[{"count":1,"href":"https:\/\/snowwhitemuseum.com\/fr\/wp-json\/wp\/v2\/pages\/8240\/revisions"}],"predecessor-version":[{"id":8242,"href":"https:\/\/snowwhitemuseum.com\/fr\/wp-json\/wp\/v2\/pages\/8240\/revisions\/8242"}],"up":[{"embeddable":true,"href":"https:\/\/snowwhitemuseum.com\/fr\/wp-json\/wp\/v2\/pages\/8192"}],"wp:featuredmedia":[{"embeddable":true,"href":"https:\/\/snowwhitemuseum.com\/fr\/wp-json\/wp\/v2\/media\/8241"}],"wp:attachment":[{"href":"https:\/\/snowwhitemuseum.com\/fr\/wp-json\/wp\/v2\/media?parent=8240"}],"curies":[{"name":"wp","href":"https:\/\/api.w.org\/{rel}","templated":true}]}}