{"id":8244,"date":"2023-11-21T08:59:55","date_gmt":"2023-11-21T07:59:55","guid":{"rendered":"https:\/\/snowwhitemuseum.com\/?page_id=8244"},"modified":"2023-11-21T08:59:55","modified_gmt":"2023-11-21T07:59:55","slug":"the-andy-love-four","status":"publish","type":"page","link":"https:\/\/snowwhitemuseum.com\/fr\/merchandising\/records\/american-records\/selections-from-walt-disneys-feature-production-by-lyn-murray-decca-a-368\/the-andy-love-four\/","title":{"rendered":"Les Andy Love Four"},"content":{"rendered":"<style>.kb-row-layout-id8244_e9e097-52 > .kt-row-column-wrap{align-content:start;}:where(.kb-row-layout-id8244_e9e097-52 > .kt-row-column-wrap) > .wp-block-kadence-column{justify-content:start;}.kb-row-layout-id8244_e9e097-52 > .kt-row-column-wrap{column-gap:var(--global-kb-gap-md, 2rem);row-gap:var(--global-kb-gap-md, 2rem);padding-top:var(--global-kb-spacing-sm, 1.5rem);padding-bottom:var(--global-kb-spacing-sm, 1.5rem);grid-template-columns:minmax(0, 1fr) minmax(0, 2fr);}.kb-row-layout-id8244_e9e097-52 > .kt-row-layout-overlay{opacity:0.30;}@media all and (max-width: 1024px){.kb-row-layout-id8244_e9e097-52 > .kt-row-column-wrap{grid-template-columns:minmax(0, 1fr) minmax(0, 2fr);}}@media all and (max-width: 767px){.kb-row-layout-id8244_e9e097-52 > .kt-row-column-wrap{grid-template-columns:minmax(0, 1fr);}}<\/style><div class=\"kb-row-layout-wrap kb-row-layout-id8244_e9e097-52 alignnone wp-block-kadence-rowlayout\"><div class=\"kt-row-column-wrap kt-has-2-columns kt-row-layout-right-golden kt-tab-layout-inherit kt-mobile-layout-row kt-row-valign-top\">\n<style>.kadence-column8244_ea5e0b-71 > .kt-inside-inner-col,.kadence-column8244_ea5e0b-71 > .kt-inside-inner-col:before{border-top-left-radius:0px;border-top-right-radius:0px;border-bottom-right-radius:0px;border-bottom-left-radius:0px;}.kadence-column8244_ea5e0b-71 > .kt-inside-inner-col{column-gap:var(--global-kb-gap-sm, 1rem);}.kadence-column8244_ea5e0b-71 > .kt-inside-inner-col{flex-direction:column;}.kadence-column8244_ea5e0b-71 > .kt-inside-inner-col > .aligncenter{width:100%;}.kadence-column8244_ea5e0b-71 > .kt-inside-inner-col:before{opacity:0.3;}.kadence-column8244_ea5e0b-71{position:relative;}@media all and (max-width: 1024px){.kadence-column8244_ea5e0b-71 > .kt-inside-inner-col{flex-direction:column;justify-content:center;}}@media all and (max-width: 767px){.kadence-column8244_ea5e0b-71 > .kt-inside-inner-col{flex-direction:column;justify-content:center;}}<\/style>\n<div class=\"wp-block-kadence-column kadence-column8244_ea5e0b-71\"><div class=\"kt-inside-inner-col\">\n<figure class=\"wp-block-image size-full\"><img loading=\"lazy\" decoding=\"async\" width=\"800\" height=\"860\" src=\"http:\/\/snowwhitemuseum.com\/wp-content\/uploads\/2023\/11\/The-Andy-Love-Four-1944.jpg\" alt=\"\" class=\"wp-image-8245\" srcset=\"https:\/\/snowwhitemuseum.com\/wp-content\/uploads\/2023\/11\/The-Andy-Love-Four-1944.jpg 800w, https:\/\/snowwhitemuseum.com\/wp-content\/uploads\/2023\/11\/The-Andy-Love-Four-1944-279x300.jpg 279w, https:\/\/snowwhitemuseum.com\/wp-content\/uploads\/2023\/11\/The-Andy-Love-Four-1944-768x826.jpg 768w, https:\/\/snowwhitemuseum.com\/wp-content\/uploads\/2023\/11\/The-Andy-Love-Four-1944-11x12.jpg 11w\" sizes=\"auto, (max-width: 800px) 100vw, 800px\" \/><\/figure>\n<\/div><\/div>\n\n\n<style>.kadence-column8244_7c2c8d-fb > .kt-inside-inner-col,.kadence-column8244_7c2c8d-fb > .kt-inside-inner-col:before{border-top-left-radius:0px;border-top-right-radius:0px;border-bottom-right-radius:0px;border-bottom-left-radius:0px;}.kadence-column8244_7c2c8d-fb > .kt-inside-inner-col{column-gap:var(--global-kb-gap-sm, 1rem);}.kadence-column8244_7c2c8d-fb > .kt-inside-inner-col{flex-direction:column;}.kadence-column8244_7c2c8d-fb > .kt-inside-inner-col > .aligncenter{width:100%;}.kadence-column8244_7c2c8d-fb > .kt-inside-inner-col:before{opacity:0.3;}.kadence-column8244_7c2c8d-fb{position:relative;}@media all and (max-width: 1024px){.kadence-column8244_7c2c8d-fb > .kt-inside-inner-col{flex-direction:column;justify-content:center;}}@media all and (max-width: 767px){.kadence-column8244_7c2c8d-fb > .kt-inside-inner-col{flex-direction:column;justify-content:center;}}<\/style>\n<div class=\"wp-block-kadence-column kadence-column8244_7c2c8d-fb\"><div class=\"kt-inside-inner-col\">\n<p>The Andy Love Four \u00e9tait un groupe de chanteurs de 1944 \u00e0 1948 dirig\u00e9 par Andy Love, n\u00e9 Andrew Jackson Love en 1911 (1982). Les membres comprennent Robert Wacker (1909-1985), Dorothy Lanham, n\u00e9e Dorothy Dee McCarty (1917-2015), future \u00e9pouse d'Andy Love, et Johnny Smedberg, n\u00e9 John Henry Smedberg (1911-1979).<\/p>\n\n\n\n<p>Ils chantent une chanson sur <a href=\"https:\/\/snowwhitemuseum.com\/fr\/merchandising\/records\/american-records\/selections-from-walt-disneys-feature-production-by-lyn-murray-decca-a-368\/\" title=\"S\u00e9lections de la production de Walt Disney par Lyn Murray (Decca A 368)\">l'album Decca A 368 de 1944 consacr\u00e9 \u00e0 Blanche Neige<\/a>: Buddle-Uddle-Um-Dum, avec <a href=\"https:\/\/snowwhitemuseum.com\/fr\/merchandising\/records\/american-records\/selections-from-walt-disneys-feature-production-by-lyn-murray-decca-a-368\/evelyn-knight\/\" title=\"Evelyn Knight\">Evelyn Knight<\/a>. Le livret de cet album les d\u00e9crit ainsi :<\/p>\n\n\n\n<p>Andy Love est un jeune homme tr\u00e8s agr\u00e9able et sympathique. En fait, il est si sympathique que lui et les membres de son groupe chantent ensemble depuis 12 ans - un v\u00e9ritable record.<\/p>\n\n\n\n<p>It all started in 1932\u2014during the height of the depression. Before that, Andy had sung only for his own pleasure and for that of his friends\u2014he was studying medicine at the University of Wisconsin. The stockmarket &#8220;crash&#8221; changed Andy&#8217;s mind and he decided to put his voice to work for him. He joined Paul Whiteman&#8217;s band along with two former schoolmates, one of whom, Bob Wacker, is still with him. Shortly after this, Gene and Dorothy Lanham joined him and together they became a part of Ray Noble&#8217;s orchestra. Today, Johnny Smedberg is now a member of the quartet taking Gene&#8217;s place as the latter is in the armed forces.<\/p>\n\n\n\n<p>C'est apr\u00e8s leur apparition avec Ray Noble qu'Andy Love a entam\u00e9 la partie \"diff\u00e9rente\" de sa carri\u00e8re. Depuis plusieurs ann\u00e9es, il diffuse et \u00e9crit de nombreux \"jingles\" commerciaux que vous entendez sur les ondes. Sa premi\u00e8re apparition \u00e0 ce titre a eu lieu dans le cadre de l'\u00e9mission Pepsi-Cola. Il a ensuite \u00e9crit des \"annonces publicitaires\" pour Lifebuoy, Ruppert Beer, Rinso, Virginia Darc et d'autres. Il \u00e9crivait les jingles, produisait les \u00e9missions, et lui et son quatuor faisaient les voix et les effets sonores. Les \"Quatre\" sont apparus dans 250 publicit\u00e9s et Love en a \u00e9crit environ 75. Une autre \u00e9mission dans laquelle il est apparu et qu'il aimait bien \u00e9tait le programme Campbell's Soup avec Lanny Ross. \u00c0 l'heure actuelle, on peut entendre les Andy Love Four dans les \u00e9missions de Stage Door Canteen.<\/p>\n\n\n\n<p>Andy Love et son groupe font un travail tr\u00e8s int\u00e9ressant et passionnant pour la t\u00e9l\u00e9vision. Love \u00e9crit, produit et r\u00e9alise des spots publicitaires. Connaissant intimement les membres de son quatuor, il est pass\u00e9 ma\u00eetre dans l'art d'interpr\u00e9ter le message publicitaire du sponsor dans des dramatisations int\u00e9ressantes, qui se vendent bien et qui sont artistiquement correctes. Il r\u00e9alise aussi bien des \u00e9missions de t\u00e9l\u00e9vision en direct que des animations ou des dessins anim\u00e9s. Il pense que l'avenir de la t\u00e9l\u00e9vision est immense et il est tr\u00e8s heureux d'avoir l'occasion d'y participer d\u00e8s le d\u00e9but.<\/p>\n<\/div><\/div>\n\n<\/div><\/div>","protected":false},"excerpt":{"rendered":"<p>The Andy Love Four was a singing group from 1944 to 1948 lead by Andy Love, n\u00e9 Andrew Jackson Love in 1911 (1982). Members include Robert Wacker (1909-1985), Dorothy Lanham, n\u00e9 Dorothy Dee McCarty (1917-2015), future wife of Andy Love, and Johnny Smedberg, n\u00e9 John Henry Smedberg (1911-1979). They sing a song on the 1944&#8230;<\/p>","protected":false},"author":1,"featured_media":8245,"parent":8192,"menu_order":0,"comment_status":"closed","ping_status":"closed","template":"","meta":{"_kadence_starter_templates_imported_post":false,"_kad_post_transparent":"","_kad_post_title":"","_kad_post_layout":"","_kad_post_sidebar_id":"","_kad_post_content_style":"","_kad_post_vertical_padding":"","_kad_post_feature":"","_kad_post_feature_position":"","_kad_post_header":false,"_kad_post_footer":false,"_kad_post_classname":"","footnotes":""},"class_list":["post-8244","page","type-page","status-publish","has-post-thumbnail","hentry"],"aioseo_notices":[],"_links":{"self":[{"href":"https:\/\/snowwhitemuseum.com\/fr\/wp-json\/wp\/v2\/pages\/8244","targetHints":{"allow":["GET"]}}],"collection":[{"href":"https:\/\/snowwhitemuseum.com\/fr\/wp-json\/wp\/v2\/pages"}],"about":[{"href":"https:\/\/snowwhitemuseum.com\/fr\/wp-json\/wp\/v2\/types\/page"}],"author":[{"embeddable":true,"href":"https:\/\/snowwhitemuseum.com\/fr\/wp-json\/wp\/v2\/users\/1"}],"replies":[{"embeddable":true,"href":"https:\/\/snowwhitemuseum.com\/fr\/wp-json\/wp\/v2\/comments?post=8244"}],"version-history":[{"count":1,"href":"https:\/\/snowwhitemuseum.com\/fr\/wp-json\/wp\/v2\/pages\/8244\/revisions"}],"predecessor-version":[{"id":8246,"href":"https:\/\/snowwhitemuseum.com\/fr\/wp-json\/wp\/v2\/pages\/8244\/revisions\/8246"}],"up":[{"embeddable":true,"href":"https:\/\/snowwhitemuseum.com\/fr\/wp-json\/wp\/v2\/pages\/8192"}],"wp:featuredmedia":[{"embeddable":true,"href":"https:\/\/snowwhitemuseum.com\/fr\/wp-json\/wp\/v2\/media\/8245"}],"wp:attachment":[{"href":"https:\/\/snowwhitemuseum.com\/fr\/wp-json\/wp\/v2\/media?parent=8244"}],"curies":[{"name":"wp","href":"https:\/\/api.w.org\/{rel}","templated":true}]}}