{"id":8474,"date":"2023-12-11T21:57:49","date_gmt":"2023-12-11T20:57:49","guid":{"rendered":"https:\/\/snowwhitemuseum.com\/?page_id=8474"},"modified":"2025-04-30T10:12:59","modified_gmt":"2025-04-30T08:12:59","slug":"the-story-of-snow-white-and-the-seven-dwarfs-7-egf-135-m","status":"publish","type":"page","link":"https:\/\/snowwhitemuseum.com\/fr\/merchandising\/records\/french-records\/the-story-of-snow-white-and-the-seven-dwarfs-7-egf-135-m\/","title":{"rendered":"L'histoire de Blanche Neige et les sept nains (7 EGF 135 M)"},"content":{"rendered":"<style>.wp-block-kadence-column.kb-section-dir-horizontal > .kt-inside-inner-col > .kt-info-box8474_217004-33 .kt-blocks-info-box-link-wrap{max-width:unset;}.kt-info-box8474_217004-33 .kt-blocks-info-box-link-wrap{border-top:0px solid transparent;border-right:0px solid transparent;border-bottom:0px solid transparent;border-left:0px solid transparent;padding-top:var(--global-kb-spacing-xs, 1rem);padding-right:var(--global-kb-spacing-xs, 1rem);padding-bottom:var(--global-kb-spacing-xs, 1rem);padding-left:var(--global-kb-spacing-xs, 1rem);}.kt-info-box8474_217004-33 .kadence-info-box-icon-container .kt-info-svg-icon, .kt-info-box8474_217004-33 .kt-info-svg-icon-flip, .kt-info-box8474_217004-33 .kt-blocks-info-box-number{font-size:50px;}.kt-info-box8474_217004-33 .kt-blocks-info-box-media{border-color:var(--global-palette7, #eeeeee);border-top-width:0px;border-right-width:0px;border-bottom-width:0px;border-left-width:0px;padding-top:10px;padding-right:10px;padding-bottom:10px;padding-left:10px;}.kt-info-box8474_217004-33 .kt-blocks-info-box-media-container{margin-top:0px;margin-right:15px;margin-bottom:0px;margin-left:15px;}.kt-info-box8474_217004-33 .kt-infobox-textcontent h2.kt-blocks-info-box-title{padding-top:0px;padding-right:0px;padding-bottom:0px;padding-left:0px;margin-top:5px;margin-right:0px;margin-bottom:10px;margin-left:0px;}.kt-info-box8474_217004-33 .kt-blocks-info-box-learnmore{background:transparent;border-width:0px 0px 0px 0px;padding-top:4px;padding-right:8px;padding-bottom:4px;padding-left:8px;margin-top:10px;margin-right:0px;margin-bottom:10px;margin-left:0px;}@media all and (max-width: 1024px){.kt-info-box8474_217004-33 .kt-blocks-info-box-link-wrap{border-top:0px solid transparent;border-right:0px solid transparent;border-bottom:0px solid transparent;border-left:0px solid transparent;}}@media all and (max-width: 767px){.kt-info-box8474_217004-33 .kt-blocks-info-box-link-wrap{border-top:0px solid transparent;border-right:0px solid transparent;border-bottom:0px solid transparent;border-left:0px solid transparent;}}<\/style>\n<div class=\"wp-block-kadence-infobox kt-info-box8474_217004-33\"><div class=\"kt-blocks-info-box-link-wrap kt-blocks-info-box-media-align-top kt-info-halign-center\"><div class=\"kt-blocks-info-box-media-container\"><div class=\"kt-blocks-info-box-media kt-info-media-animate-none\"><div class=\"kadence-info-box-icon-container kt-info-icon-animate-none\"><div class=\"kadence-info-box-icon-inner-container\"><span class=\"kb-svg-icon-wrap kb-svg-icon-fe_music kt-info-svg-icon\"><svg viewBox=\"0 0 24 24\"  fill=\"none\" stroke=\"currentColor\" stroke-width=\"2\" stroke-linecap=\"round\" stroke-linejoin=\"round\" xmlns=\"http:\/\/www.w3.org\/2000\/svg\"  aria-hidden=\"true\"><path d=\"M9 17H5a2 2 0 0 0-2 2 2 2 0 0 0 2 2h2a2 2 0 0 0 2-2zm12-2h-4a2 2 0 0 0-2 2 2 2 0 0 0 2 2h2a2 2 0 0 0 2-2z\"\/><polyline points=\"9 17 9 5 21 3 21 15\"\/><\/svg><\/span><\/div><\/div><\/div><\/div><div class=\"kt-infobox-textcontent\"><h2 class=\"kt-blocks-info-box-title\">Production information<\/h2><p class=\"kt-blocks-info-box-text\"><strong>Album produced by<\/strong> A. Thomazeau and P. Beyer<br><strong>Record production number:<\/strong> 7 EGF 135 M\u00e9dium<br><strong>Release date:<\/strong> 1955<br><strong>Country of production:<\/strong> France<br><strong>Format:<\/strong> monophonic<br><strong>Orchestra conducted by<\/strong> Marcel Cariven<br><strong>Composed by<\/strong> <a href=\"https:\/\/snowwhitemuseum.com\/about-the-film\/main-titles\/frank-churchill\/\" title=\"Frank Churchill\">Frank Churchill<\/a>, <a href=\"https:\/\/snowwhitemuseum.com\/about-the-film\/main-titles\/leigh-harline\/\" title=\"Leigh Harline\">Leigh Harline<\/a>, <a href=\"https:\/\/snowwhitemuseum.com\/about-the-film\/main-titles\/larry-morey\/\" title=\"Larry Morey\">Larry Morey<\/a>, and <a href=\"https:\/\/snowwhitemuseum.com\/about-the-film\/main-titles\/paul-j-smith\/\">Paul J. Smith<\/a><br><strong>French lyrics by<\/strong> <a href=\"https:\/\/snowwhitemuseum.com\/about-the-film\/foreign-adaptations-of-snow-white\/the-first-french-dubbing-of-snow-white\/marcel-ventura\/\" title=\"Marcel Ventura\">Marcel Ventura<\/a> and Alfred A. Fatio<br><br>Cast<br><strong>Snow White:<\/strong> <a href=\"https:\/\/snowwhitemuseum.com\/merchandising\/records\/french-records\/elyane-celis\/\" title=\"\u00c9lyane C\u00e9lis\">\u00c9lyane C\u00e9lis<\/a><br><strong>Prince:<\/strong> Robert Buguet<br><strong>Narrator:<\/strong> <a href=\"https:\/\/snowwhitemuseum.com\/merchandising\/records\/french-records\/adrien-lamy\/\" title=\"Adrien Lamy\">Adrien Lamy<\/a><br><br>By authorization of Walt Disney Mickey Mouse SA.<br><br><a href=\"https:\/\/snowwhitemuseum.com\/merchandising\/records\/french-records\/\" title=\"French Records\">Back to French Records<\/a><\/p><\/div><\/div><\/div>\n\n\n<style>.kb-row-layout-id8474_44fedb-cd > .kt-row-column-wrap{align-content:start;}:where(.kb-row-layout-id8474_44fedb-cd > .kt-row-column-wrap) > .wp-block-kadence-column{justify-content:start;}.kb-row-layout-id8474_44fedb-cd > .kt-row-column-wrap{column-gap:var(--global-kb-gap-md, 2rem);row-gap:var(--global-kb-gap-md, 2rem);padding-top:var(--global-kb-spacing-sm, 1.5rem);padding-bottom:var(--global-kb-spacing-sm, 1.5rem);grid-template-columns:minmax(0, 1fr) minmax(0, 2fr);}.kb-row-layout-id8474_44fedb-cd > .kt-row-layout-overlay{opacity:0.30;}@media all and (max-width: 1024px){.kb-row-layout-id8474_44fedb-cd > .kt-row-column-wrap{grid-template-columns:minmax(0, 1fr) minmax(0, 2fr);}}@media all and (max-width: 767px){.kb-row-layout-id8474_44fedb-cd > .kt-row-column-wrap{grid-template-columns:minmax(0, 1fr);}}<\/style><div class=\"kb-row-layout-wrap kb-row-layout-id8474_44fedb-cd alignnone wp-block-kadence-rowlayout\"><div class=\"kt-row-column-wrap kt-has-2-columns kt-row-layout-right-golden kt-tab-layout-inherit kt-mobile-layout-row kt-row-valign-top\">\n<style>.kadence-column8474_f22044-51 > .kt-inside-inner-col,.kadence-column8474_f22044-51 > .kt-inside-inner-col:before{border-top-left-radius:0px;border-top-right-radius:0px;border-bottom-right-radius:0px;border-bottom-left-radius:0px;}.kadence-column8474_f22044-51 > .kt-inside-inner-col{column-gap:var(--global-kb-gap-sm, 1rem);}.kadence-column8474_f22044-51 > .kt-inside-inner-col{flex-direction:column;}.kadence-column8474_f22044-51 > .kt-inside-inner-col > .aligncenter{width:100%;}.kadence-column8474_f22044-51 > .kt-inside-inner-col:before{opacity:0.3;}.kadence-column8474_f22044-51{position:relative;}@media all and (max-width: 1024px){.kadence-column8474_f22044-51 > .kt-inside-inner-col{flex-direction:column;justify-content:center;}}@media all and (max-width: 767px){.kadence-column8474_f22044-51 > .kt-inside-inner-col{flex-direction:column;justify-content:center;}}<\/style>\n<div class=\"wp-block-kadence-column kadence-column8474_f22044-51\"><div class=\"kt-inside-inner-col\">\n<figure class=\"wp-block-image size-full\"><img loading=\"lazy\" decoding=\"async\" width=\"756\" height=\"753\" src=\"http:\/\/snowwhitemuseum.com\/wp-content\/uploads\/2023\/12\/01-1955-lamy-1-copie.jpg\" alt=\"\" class=\"wp-image-8467\" srcset=\"https:\/\/snowwhitemuseum.com\/wp-content\/uploads\/2023\/12\/01-1955-lamy-1-copie.jpg 756w, https:\/\/snowwhitemuseum.com\/wp-content\/uploads\/2023\/12\/01-1955-lamy-1-copie-300x300.jpg 300w, https:\/\/snowwhitemuseum.com\/wp-content\/uploads\/2023\/12\/01-1955-lamy-1-copie-150x150.jpg 150w, https:\/\/snowwhitemuseum.com\/wp-content\/uploads\/2023\/12\/01-1955-lamy-1-copie-12x12.jpg 12w\" sizes=\"auto, (max-width: 756px) 100vw, 756px\" \/><\/figure>\n<\/div><\/div>\n\n\n<style>.kadence-column8474_8f6819-9a > .kt-inside-inner-col,.kadence-column8474_8f6819-9a > .kt-inside-inner-col:before{border-top-left-radius:0px;border-top-right-radius:0px;border-bottom-right-radius:0px;border-bottom-left-radius:0px;}.kadence-column8474_8f6819-9a > .kt-inside-inner-col{column-gap:var(--global-kb-gap-sm, 1rem);}.kadence-column8474_8f6819-9a > .kt-inside-inner-col{flex-direction:column;}.kadence-column8474_8f6819-9a > .kt-inside-inner-col > .aligncenter{width:100%;}.kadence-column8474_8f6819-9a > .kt-inside-inner-col:before{opacity:0.3;}.kadence-column8474_8f6819-9a{position:relative;}@media all and (max-width: 1024px){.kadence-column8474_8f6819-9a > .kt-inside-inner-col{flex-direction:column;justify-content:center;}}@media all and (max-width: 767px){.kadence-column8474_8f6819-9a > .kt-inside-inner-col{flex-direction:column;justify-content:center;}}<\/style>\n<div class=\"wp-block-kadence-column kadence-column8474_8f6819-9a\"><div class=\"kt-inside-inner-col\"><style>.wp-block-kadence-advancedheading.kt-adv-heading8474_9a6a4a-9c, .wp-block-kadence-advancedheading.kt-adv-heading8474_9a6a4a-9c[data-kb-block=\"kb-adv-heading8474_9a6a4a-9c\"]{font-style:normal;}.wp-block-kadence-advancedheading.kt-adv-heading8474_9a6a4a-9c mark.kt-highlight, .wp-block-kadence-advancedheading.kt-adv-heading8474_9a6a4a-9c[data-kb-block=\"kb-adv-heading8474_9a6a4a-9c\"] mark.kt-highlight{font-style:normal;color:#f76a0c;-webkit-box-decoration-break:clone;box-decoration-break:clone;padding-top:0px;padding-right:0px;padding-bottom:0px;padding-left:0px;}.wp-block-kadence-advancedheading.kt-adv-heading8474_9a6a4a-9c img.kb-inline-image, .wp-block-kadence-advancedheading.kt-adv-heading8474_9a6a4a-9c[data-kb-block=\"kb-adv-heading8474_9a6a4a-9c\"] img.kb-inline-image{width:150px;vertical-align:baseline;}<\/style>\n<h2 class=\"kt-adv-heading8474_9a6a4a-9c wp-block-kadence-advancedheading\" data-kb-block=\"kb-adv-heading8474_9a6a4a-9c\">A 45-rpm reissue<\/h2>\n\n\n\n<p>This single disc is the 1955 reissue of<a href=\"https:\/\/snowwhitemuseum.com\/merchandising\/records\/french-records\/the-story-of-snow-white-and-the-seven-dwarfs-from-walt-disneys-film-told-and-sung-on-two-gramophone-his-masters-voice-discs\/\" title=\"The story of Snow White and the Seven Dwarfs from Walt Disney\u2019s film told and sung on two Gramophone His Master\u2019s Voice discs\"> the original 1938 French album<\/a> of the story of <em>Snow White<\/em>. The new reference is 7 EGF 135 M\u00e9dium. The back cover features an ad for another record: the story of <em>Peter Pan<\/em> with Math\u00e9 Alt\u00e9ry and Claude Dupuy.<\/p>\n<\/div><\/div>\n\n<\/div><\/div>\n\n<style>.wp-block-kadence-advancedheading.kt-adv-heading8474_a3bb9c-75, .wp-block-kadence-advancedheading.kt-adv-heading8474_a3bb9c-75[data-kb-block=\"kb-adv-heading8474_a3bb9c-75\"]{font-style:normal;}.wp-block-kadence-advancedheading.kt-adv-heading8474_a3bb9c-75 mark.kt-highlight, .wp-block-kadence-advancedheading.kt-adv-heading8474_a3bb9c-75[data-kb-block=\"kb-adv-heading8474_a3bb9c-75\"] mark.kt-highlight{font-style:normal;color:#f76a0c;-webkit-box-decoration-break:clone;box-decoration-break:clone;padding-top:0px;padding-right:0px;padding-bottom:0px;padding-left:0px;}.wp-block-kadence-advancedheading.kt-adv-heading8474_a3bb9c-75 img.kb-inline-image, .wp-block-kadence-advancedheading.kt-adv-heading8474_a3bb9c-75[data-kb-block=\"kb-adv-heading8474_a3bb9c-75\"] img.kb-inline-image{width:150px;vertical-align:baseline;}<\/style>\n<h2 class=\"kt-adv-heading8474_a3bb9c-75 wp-block-kadence-advancedheading\" data-kb-block=\"kb-adv-heading8474_a3bb9c-75\">The Album<\/h2>\n\n\n<style>.kb-gallery-id-8474_eb829c-5c .kadence-blocks-gallery-item .kb-gal-image-radius, .kb-gallery-id-8474_eb829c-5c .kb-slide-item .kb-gal-image-radius img{border-radius:0px 0px 0px 0px;;}.kb-gallery-wrap-id-8474_eb829c-5c.wp-block-kadence-advancedgallery{overflow:visible;}.kb-gallery-wrap-id-8474_eb829c-5c.wp-block-kadence-advancedgallery .kt-blocks-carousel{overflow:visible;}.kb-gallery-id-8474_eb829c-5c .splide.kt-carousel-dotstyle-light .splide__pagination__page, .kb-gallery-id-8474_eb829c-5c .splide.kt-carousel-dotstyle-light .splide__pagination__page.is-active{background-color:#fff;}<\/style><div class=\"kb-gallery-wrap-id-8474_eb829c-5c alignnone wp-block-kadence-advancedgallery\"><div class=\"kb-gallery-ul kb-gallery-non-static kb-gallery-type-slider kb-gallery-id-8474_eb829c-5c kb-gallery-caption-style-bottom-hover kb-gallery-filter-none kb-gallery-magnific-init\" data-image-filter=\"none\" data-lightbox-caption=\"true\"><div class=\"kt-blocks-carousel splide kt-carousel-container-dotstyle-light kt-carousel-arrowstyle-whiteondark kt-carousel-dotstyle-light kb-slider-group-arrow kb-slider-arrow-position-center\" data-slider-anim-speed=\"400\" data-slider-scroll=\"1\" data-slider-arrows=\"true\" data-slider-fade=\"true\" data-slider-dots=\"true\" data-slider-type=\"slider\" data-slider-hover-pause=\"false\" data-slider-auto=\"1\" data-slider-speed=\"7000\" data-show-pause-button=\"false\"><div class=\"splide__track\"><ul class=\"kt-blocks-carousel-init kb-blocks-slider splide__list\"><li class=\"kb-slide-item kb-gallery-slide-item splide__slide\"><div class=\"kadence-blocks-gallery-item\"><div class=\"kadence-blocks-gallery-item-inner\"><figure class=\"kb-gallery-figure kb-gallery-item-has-link kadence-blocks-gallery-item-hide-caption\"><a href=\"http:\/\/snowwhitemuseum.com\/wp-content\/uploads\/2023\/12\/01-1955-lamy-1-copie.jpg\" data-description=\"The story of Snow White and the Seven Dwarfs (7 EGF 135 M) 1955\" class=\"kb-gallery-item-link\"   role=\"button\" aria-haspopup=\"dialog\"><div class=\"kb-gal-image-radius\"><div class=\"kb-gallery-image-contain kadence-blocks-gallery-intrinsic kb-gallery-image-ratio-inherit kb-has-image-ratio-inherit\" ><img loading=\"lazy\" decoding=\"async\" src=\"http:\/\/snowwhitemuseum.com\/wp-content\/uploads\/2023\/12\/01-1955-lamy-1-copie.jpg\" width=\"756\" height=\"753\" alt=\"\" data-full-image=\"http:\/\/snowwhitemuseum.com\/wp-content\/uploads\/2023\/12\/01-1955-lamy-1-copie.jpg\" data-light-image=\"http:\/\/snowwhitemuseum.com\/wp-content\/uploads\/2023\/12\/01-1955-lamy-1-copie.jpg\" data-id=\"8467\" class=\"wp-image-8467 skip-lazy\" srcset=\"https:\/\/snowwhitemuseum.com\/wp-content\/uploads\/2023\/12\/01-1955-lamy-1-copie.jpg 756w, https:\/\/snowwhitemuseum.com\/wp-content\/uploads\/2023\/12\/01-1955-lamy-1-copie-300x300.jpg 300w, https:\/\/snowwhitemuseum.com\/wp-content\/uploads\/2023\/12\/01-1955-lamy-1-copie-150x150.jpg 150w, https:\/\/snowwhitemuseum.com\/wp-content\/uploads\/2023\/12\/01-1955-lamy-1-copie-12x12.jpg 12w\" sizes=\"auto, (max-width: 756px) 100vw, 756px\" \/><\/div><\/div><\/a><\/figure><\/div><\/div><\/li><li class=\"kb-slide-item kb-gallery-slide-item splide__slide\"><div class=\"kadence-blocks-gallery-item\"><div class=\"kadence-blocks-gallery-item-inner\"><figure class=\"kb-gallery-figure kb-gallery-item-has-link kadence-blocks-gallery-item-hide-caption\"><a href=\"http:\/\/snowwhitemuseum.com\/wp-content\/uploads\/2023\/12\/01-1955-lamy-2-copie.jpg\" class=\"kb-gallery-item-link\"   role=\"button\" aria-haspopup=\"dialog\"><div class=\"kb-gal-image-radius\"><div class=\"kb-gallery-image-contain kadence-blocks-gallery-intrinsic kb-gallery-image-ratio-inherit kb-has-image-ratio-inherit\" ><img loading=\"lazy\" decoding=\"async\" src=\"http:\/\/snowwhitemuseum.com\/wp-content\/uploads\/2023\/12\/01-1955-lamy-2-copie.jpg\" width=\"766\" height=\"753\" alt=\"\" data-full-image=\"http:\/\/snowwhitemuseum.com\/wp-content\/uploads\/2023\/12\/01-1955-lamy-2-copie.jpg\" data-light-image=\"http:\/\/snowwhitemuseum.com\/wp-content\/uploads\/2023\/12\/01-1955-lamy-2-copie.jpg\" data-id=\"8476\" class=\"wp-image-8476 skip-lazy\" srcset=\"https:\/\/snowwhitemuseum.com\/wp-content\/uploads\/2023\/12\/01-1955-lamy-2-copie.jpg 766w, https:\/\/snowwhitemuseum.com\/wp-content\/uploads\/2023\/12\/01-1955-lamy-2-copie-300x295.jpg 300w, https:\/\/snowwhitemuseum.com\/wp-content\/uploads\/2023\/12\/01-1955-lamy-2-copie-12x12.jpg 12w\" sizes=\"auto, (max-width: 766px) 100vw, 766px\" \/><\/div><\/div><\/a><\/figure><\/div><\/div><\/li><\/ul><\/div><\/div><\/div><\/div>\n\n<style>.wp-block-kadence-advancedheading.kt-adv-heading8474_962df7-1c, .wp-block-kadence-advancedheading.kt-adv-heading8474_962df7-1c[data-kb-block=\"kb-adv-heading8474_962df7-1c\"]{font-style:normal;}.wp-block-kadence-advancedheading.kt-adv-heading8474_962df7-1c mark.kt-highlight, .wp-block-kadence-advancedheading.kt-adv-heading8474_962df7-1c[data-kb-block=\"kb-adv-heading8474_962df7-1c\"] mark.kt-highlight{font-style:normal;color:#f76a0c;-webkit-box-decoration-break:clone;box-decoration-break:clone;padding-top:0px;padding-right:0px;padding-bottom:0px;padding-left:0px;}.wp-block-kadence-advancedheading.kt-adv-heading8474_962df7-1c img.kb-inline-image, .wp-block-kadence-advancedheading.kt-adv-heading8474_962df7-1c[data-kb-block=\"kb-adv-heading8474_962df7-1c\"] img.kb-inline-image{width:150px;vertical-align:baseline;}<\/style>\n<h2 class=\"kt-adv-heading8474_962df7-1c wp-block-kadence-advancedheading\" data-kb-block=\"kb-adv-heading8474_962df7-1c\">Track listing<\/h2>\n\n\n\n<ul class=\"wp-block-list\">\n<li>Side 1 &#8211; Part 1 &amp; Part 2 &#8211; 7 TLA 270 (6:38)<\/li>\n\n\n\n<li>Side 2 &#8211; Part 3 &amp; Part 4 &#8211; 7 TLA 271 (6:24)<\/li>\n<\/ul>\n","protected":false},"excerpt":{"rendered":"<p>A 45-rpm reissue This single disc is the 1955 reissue of the original 1938 French album of the story of Snow White. The new reference is 7 EGF 135 M\u00e9dium. The back cover features an ad for another record: the story of Peter Pan with Math\u00e9 Alt\u00e9ry and Claude Dupuy. The Album Track listing<\/p>","protected":false},"author":1,"featured_media":8467,"parent":5735,"menu_order":0,"comment_status":"closed","ping_status":"closed","template":"","meta":{"_kadence_starter_templates_imported_post":false,"_kad_post_transparent":"","_kad_post_title":"","_kad_post_layout":"","_kad_post_sidebar_id":"","_kad_post_content_style":"","_kad_post_vertical_padding":"","_kad_post_feature":"","_kad_post_feature_position":"","_kad_post_header":false,"_kad_post_footer":false,"_kad_post_classname":"","footnotes":""},"class_list":["post-8474","page","type-page","status-publish","has-post-thumbnail","hentry"],"aioseo_notices":[],"_links":{"self":[{"href":"https:\/\/snowwhitemuseum.com\/fr\/wp-json\/wp\/v2\/pages\/8474","targetHints":{"allow":["GET"]}}],"collection":[{"href":"https:\/\/snowwhitemuseum.com\/fr\/wp-json\/wp\/v2\/pages"}],"about":[{"href":"https:\/\/snowwhitemuseum.com\/fr\/wp-json\/wp\/v2\/types\/page"}],"author":[{"embeddable":true,"href":"https:\/\/snowwhitemuseum.com\/fr\/wp-json\/wp\/v2\/users\/1"}],"replies":[{"embeddable":true,"href":"https:\/\/snowwhitemuseum.com\/fr\/wp-json\/wp\/v2\/comments?post=8474"}],"version-history":[{"count":13,"href":"https:\/\/snowwhitemuseum.com\/fr\/wp-json\/wp\/v2\/pages\/8474\/revisions"}],"predecessor-version":[{"id":15328,"href":"https:\/\/snowwhitemuseum.com\/fr\/wp-json\/wp\/v2\/pages\/8474\/revisions\/15328"}],"up":[{"embeddable":true,"href":"https:\/\/snowwhitemuseum.com\/fr\/wp-json\/wp\/v2\/pages\/5735"}],"wp:featuredmedia":[{"embeddable":true,"href":"https:\/\/snowwhitemuseum.com\/fr\/wp-json\/wp\/v2\/media\/8467"}],"wp:attachment":[{"href":"https:\/\/snowwhitemuseum.com\/fr\/wp-json\/wp\/v2\/media?parent=8474"}],"curies":[{"name":"wp","href":"https:\/\/api.w.org\/{rel}","templated":true}]}}