{"id":8733,"date":"2024-01-21T13:54:16","date_gmt":"2024-01-21T12:54:16","guid":{"rendered":"https:\/\/snowwhitemuseum.com\/?page_id=8733"},"modified":"2024-01-21T13:54:16","modified_gmt":"2024-01-21T12:54:16","slug":"rachel-pignot","status":"publish","type":"page","link":"https:\/\/snowwhitemuseum.com\/fr\/about-the-film\/foreign-adaptations-of-snow-white\/the-third-french-dubbing-of-snow-white\/rachel-pignot\/","title":{"rendered":"Rachel Pignot"},"content":{"rendered":"<style>.wp-block-kadence-column.kb-section-dir-horizontal > .kt-inside-inner-col > .kt-info-box8733_6000d3-8b .kt-blocks-info-box-link-wrap{max-width:unset;}.kt-info-box8733_6000d3-8b .kt-blocks-info-box-link-wrap{padding-top:var(--global-kb-spacing-xs, 1rem);padding-right:var(--global-kb-spacing-xs, 1rem);padding-bottom:var(--global-kb-spacing-xs, 1rem);padding-left:var(--global-kb-spacing-xs, 1rem);}.kt-info-box8733_6000d3-8b .kadence-info-box-icon-container .kt-info-svg-icon, .kt-info-box8733_6000d3-8b .kt-info-svg-icon-flip, .kt-info-box8733_6000d3-8b .kt-blocks-info-box-number{font-size:50px;}.kt-info-box8733_6000d3-8b .kt-blocks-info-box-media{border-top-width:0px;border-right-width:0px;border-bottom-width:0px;border-left-width:0px;padding-top:10px;padding-right:10px;padding-bottom:10px;padding-left:10px;}.kt-info-box8733_6000d3-8b .kt-blocks-info-box-media-container{margin-top:0px;margin-right:15px;margin-bottom:0px;margin-left:15px;}.kt-info-box8733_6000d3-8b .kt-blocks-info-box-learnmore{background:transparent;border-width:0px 0px 0px 0px;padding-top:4px;padding-right:8px;padding-bottom:4px;padding-left:8px;margin-top:10px;margin-right:0px;margin-bottom:10px;margin-left:0px;}<\/style>\n<div class=\"wp-block-kadence-infobox kt-info-box8733_6000d3-8b\"><div class=\"kt-blocks-info-box-link-wrap kt-blocks-info-box-media-align-top kt-info-halign-center\"><div class=\"kt-blocks-info-box-media-container\"><div class=\"kt-blocks-info-box-media kt-info-media-animate-none\"><div class=\"kadence-info-box-icon-container kt-info-icon-animate-none\"><div class=\"kadence-info-box-icon-inner-container\"><span class=\"kb-svg-icon-wrap kb-svg-icon-fe_clipboard kt-info-svg-icon\"><svg viewbox=\"0 0 24 24\"  fill=\"none\" stroke=\"currentColor\" stroke-width=\"2\" stroke-linecap=\"round\" stroke-linejoin=\"round\" xmlns=\"http:\/\/www.w3.org\/2000\/svg\"  aria-hidden=\"true\"><path d=\"M16 4h2a2 2 0 0 1 2 2v14a2 2 0 0 1-2 2H6a2 2 0 0 1-2-2V6a2 2 0 0 1 2-2h2\"\/><rect x=\"8\" y=\"2\" width=\"8\" height=\"4\" rx=\"1\" ry=\"1\"\/><\/svg><\/span><\/div><\/div><\/div><\/div><div class=\"kt-infobox-textcontent\"><h2 class=\"kt-blocks-info-box-title\">Information<\/h2><p class=\"kt-blocks-info-box-text\"><strong>Nom complet :<\/strong> Rachel Pignot<br\/><strong>Naissance :<\/strong> 3 mai 1979<br\/><br\/><strong>Travail sur <em>Blanche Neige :<\/em><\/strong><br\/>Voix chant\u00e9e de Blanche Neige dans <a href=\"https:\/\/snowwhitemuseum.com\/fr\/about-the-film\/foreign-adaptations-of-snow-white\/the-third-french-dubbing-of-snow-white\/\" title=\"Le troisi\u00e8me doublage fran\u00e7ais de Blanche Neige\">le troisi\u00e8me doublage fran\u00e7ais du film de 2001<\/a><br\/>Voix de Blanche Neige dans la version fran\u00e7aise de <em><a href=\"https:\/\/snowwhitemuseum.com\/fr\/about-the-film\/sequels\/references-to-snow-white-in-walt-disney-productions\/once-upon-a-studio\/\" title=\"Il \u00e9tait une fois un studio\">Il \u00e9tait une fois un studio<\/a><\/em><\/p><\/div><\/div><\/div>\n\n\n<style>.kb-row-layout-id8733_179efd-06 > .kt-row-column-wrap{align-content:start;}:where(.kb-row-layout-id8733_179efd-06 > .kt-row-column-wrap) > .wp-block-kadence-column{justify-content:start;}.kb-row-layout-id8733_179efd-06 > .kt-row-column-wrap{column-gap:var(--global-kb-gap-md, 2rem);row-gap:var(--global-kb-gap-md, 2rem);padding-top:var(--global-kb-spacing-sm, 1.5rem);padding-bottom:var(--global-kb-spacing-sm, 1.5rem);grid-template-columns:minmax(0, 1fr) minmax(0, 2fr);}.kb-row-layout-id8733_179efd-06 > .kt-row-layout-overlay{opacity:0.30;}@media all and (max-width: 1024px){.kb-row-layout-id8733_179efd-06 > .kt-row-column-wrap{grid-template-columns:minmax(0, 1fr) minmax(0, 2fr);}}@media all and (max-width: 767px){.kb-row-layout-id8733_179efd-06 > .kt-row-column-wrap{grid-template-columns:minmax(0, 1fr);}}<\/style><div class=\"kb-row-layout-wrap kb-row-layout-id8733_179efd-06 alignnone wp-block-kadence-rowlayout\"><div class=\"kt-row-column-wrap kt-has-2-columns kt-row-layout-right-golden kt-tab-layout-inherit kt-mobile-layout-row kt-row-valign-top\">\n<style>.kadence-column8733_dd1e98-e1 > .kt-inside-inner-col,.kadence-column8733_dd1e98-e1 > .kt-inside-inner-col:before{border-top-left-radius:0px;border-top-right-radius:0px;border-bottom-right-radius:0px;border-bottom-left-radius:0px;}.kadence-column8733_dd1e98-e1 > .kt-inside-inner-col{column-gap:var(--global-kb-gap-sm, 1rem);}.kadence-column8733_dd1e98-e1 > .kt-inside-inner-col{flex-direction:column;}.kadence-column8733_dd1e98-e1 > .kt-inside-inner-col > .aligncenter{width:100%;}.kadence-column8733_dd1e98-e1 > .kt-inside-inner-col:before{opacity:0.3;}.kadence-column8733_dd1e98-e1{position:relative;}@media all and (max-width: 1024px){.kadence-column8733_dd1e98-e1 > .kt-inside-inner-col{flex-direction:column;justify-content:center;}}@media all and (max-width: 767px){.kadence-column8733_dd1e98-e1 > .kt-inside-inner-col{flex-direction:column;justify-content:center;}}<\/style>\n<div class=\"wp-block-kadence-column kadence-column8733_dd1e98-e1\"><div class=\"kt-inside-inner-col\">\n<figure class=\"wp-block-image size-full\"><img loading=\"lazy\" decoding=\"async\" width=\"333\" height=\"500\" src=\"http:\/\/snowwhitemuseum.com\/wp-content\/uploads\/2023\/11\/Rachel-Pignot-red.jpg\" alt=\"\" class=\"wp-image-8099\" srcset=\"https:\/\/snowwhitemuseum.com\/wp-content\/uploads\/2023\/11\/Rachel-Pignot-red.jpg 333w, https:\/\/snowwhitemuseum.com\/wp-content\/uploads\/2023\/11\/Rachel-Pignot-red-200x300.jpg 200w, https:\/\/snowwhitemuseum.com\/wp-content\/uploads\/2023\/11\/Rachel-Pignot-red-8x12.jpg 8w\" sizes=\"auto, (max-width: 333px) 100vw, 333px\" \/><figcaption class=\"wp-element-caption\">Rachel Pignot<\/figcaption><\/figure>\n<\/div><\/div>\n\n\n<style>.kadence-column8733_f2718c-01 > .kt-inside-inner-col,.kadence-column8733_f2718c-01 > .kt-inside-inner-col:before{border-top-left-radius:0px;border-top-right-radius:0px;border-bottom-right-radius:0px;border-bottom-left-radius:0px;}.kadence-column8733_f2718c-01 > .kt-inside-inner-col{column-gap:var(--global-kb-gap-sm, 1rem);}.kadence-column8733_f2718c-01 > .kt-inside-inner-col{flex-direction:column;}.kadence-column8733_f2718c-01 > .kt-inside-inner-col > .aligncenter{width:100%;}.kadence-column8733_f2718c-01 > .kt-inside-inner-col:before{opacity:0.3;}.kadence-column8733_f2718c-01{position:relative;}@media all and (max-width: 1024px){.kadence-column8733_f2718c-01 > .kt-inside-inner-col{flex-direction:column;justify-content:center;}}@media all and (max-width: 767px){.kadence-column8733_f2718c-01 > .kt-inside-inner-col{flex-direction:column;justify-content:center;}}<\/style>\n<div class=\"wp-block-kadence-column kadence-column8733_f2718c-01\"><div class=\"kt-inside-inner-col\">\n<p>Rachel Pignot, une artiste fran\u00e7aise polyvalente n\u00e9e le 3 mai 1979, a apport\u00e9 une contribution significative au monde de la musique et du divertissement. Forte d'une riche exp\u00e9rience dans le chant, la com\u00e9die et le doublage, elle a fa\u00e7onn\u00e9 une carri\u00e8re polyvalente qui s'\u00e9tend sur des d\u00e9cennies.<\/p>\n\n\n\n<p>Rachel est n\u00e9e dans une famille profond\u00e9ment ancr\u00e9e dans les arts du spectacle. Sa m\u00e8re, Julie Ravix, est une actrice, tandis que son p\u00e8re, Yves Pignot, est non seulement acteur mais aussi metteur en sc\u00e8ne. Cette connexion familiale avec le monde du th\u00e9\u00e2tre et du divertissement a probablement jou\u00e9 un r\u00f4le essentiel dans la formation des premiers centres d'int\u00e9r\u00eat de Rachel.<\/p>\n\n\n\n<p>D\u00e8s son plus jeune \u00e2ge, Rachel s'est plong\u00e9e dans le monde de la musique, \u00e9tudiant le chant pour perfectionner ses talents vocaux. Sa passion pour la sc\u00e8ne l'a conduite \u00e0 rejoindre la distribution de diverses productions musicales, marquant le d\u00e9but de son parcours dans l'industrie du divertissement. Une participation notable fut celle dans la com\u00e9die musicale \"Rom\u00e9o et Juliette\", une production qui lui a permis de mettre en avant son talent vocal et de poser les bases de ses futures entreprises.<\/p>\n\n\n\n<p>Au fur et \u00e0 mesure de sa carri\u00e8re, Rachel est devenue une artiste recherch\u00e9e dans la sc\u00e8ne musicale fran\u00e7aise. Elle a ensuite particip\u00e9 \u00e0 des productions telles que \"Le Prince et le Pauvre\", \"Sister Act\", \"Dreyfus\", \"Les Mis\u00e9rables\", \"Jack, l'\u00e9ventreur de Whitechapel\" et \"Chance\". Sa capacit\u00e9 \u00e0 se plonger dans des r\u00f4les divers a d\u00e9montr\u00e9 sa polyvalence et l'a impos\u00e9e comme une artiste exceptionnelle.<\/p>\n\n\n\n<p>En plus de ses r\u00e9alisations sur sc\u00e8ne, Rachel s'est aventur\u00e9e dans la co-\u00e9criture de plusieurs spectacles. En collaboration avec Rapha\u00ebl Callandreau, elle a co-\u00e9crit \"Naturellement belle\" et \"Les Frangines chantent les S\u0153urs Etienne\" avec sa s\u0153ur Rosalie Symon. Ces collaborations cr\u00e9atives ont mis en lumi\u00e8re le talent de Rachel non seulement en tant qu'artiste, mais aussi en tant que force cr\u00e9atrice en coulisses.<\/p>\n<\/div><\/div>\n\n<\/div><\/div>\n\n<style>.kb-row-layout-id8733_057ee9-a2 > .kt-row-column-wrap{align-content:start;}:where(.kb-row-layout-id8733_057ee9-a2 > .kt-row-column-wrap) > .wp-block-kadence-column{justify-content:start;}.kb-row-layout-id8733_057ee9-a2 > .kt-row-column-wrap{column-gap:var(--global-kb-gap-md, 2rem);row-gap:var(--global-kb-gap-md, 2rem);padding-top:var(--global-kb-spacing-sm, 1.5rem);padding-bottom:var(--global-kb-spacing-sm, 1.5rem);grid-template-columns:minmax(0, 2fr) minmax(0, 1fr);}.kb-row-layout-id8733_057ee9-a2 > .kt-row-layout-overlay{opacity:0.30;}@media all and (max-width: 1024px){.kb-row-layout-id8733_057ee9-a2 > .kt-row-column-wrap{grid-template-columns:minmax(0, 2fr) minmax(0, 1fr);}}@media all and (max-width: 767px){.kb-row-layout-id8733_057ee9-a2 > .kt-row-column-wrap{grid-template-columns:minmax(0, 1fr);}.kb-row-layout-id8733_057ee9-a2 > .kt-row-column-wrap > .wp-block-kadence-column:nth-child(1 of *:not(style)){order:2;}.kb-row-layout-id8733_057ee9-a2 > .kt-row-column-wrap > .wp-block-kadence-column:nth-child(2 of *:not(style)){order:1;}.kb-row-layout-id8733_057ee9-a2 > .kt-row-column-wrap > .wp-block-kadence-column:nth-child(3 of *:not(style)){order:12;}.kb-row-layout-id8733_057ee9-a2 > .kt-row-column-wrap > .wp-block-kadence-column:nth-child(4 of *:not(style)){order:11;}.kb-row-layout-id8733_057ee9-a2 > .kt-row-column-wrap > .wp-block-kadence-column:nth-child(5 of *:not(style)){order:22;}.kb-row-layout-id8733_057ee9-a2 > .kt-row-column-wrap > .wp-block-kadence-column:nth-child(6 of *:not(style)){order:21;}.kb-row-layout-id8733_057ee9-a2 > .kt-row-column-wrap > .wp-block-kadence-column:nth-child(7 of *:not(style)){order:32;}.kb-row-layout-id8733_057ee9-a2 > .kt-row-column-wrap > .wp-block-kadence-column:nth-child(8 of *:not(style)){order:31;}}<\/style><div class=\"kb-row-layout-wrap kb-row-layout-id8733_057ee9-a2 alignnone wp-block-kadence-rowlayout\"><div class=\"kt-row-column-wrap kt-has-2-columns kt-row-layout-left-golden kt-tab-layout-inherit kt-mobile-layout-row kt-row-valign-top\">\n<style>.kadence-column8733_6c4bdc-e4 > .kt-inside-inner-col,.kadence-column8733_6c4bdc-e4 > .kt-inside-inner-col:before{border-top-left-radius:0px;border-top-right-radius:0px;border-bottom-right-radius:0px;border-bottom-left-radius:0px;}.kadence-column8733_6c4bdc-e4 > .kt-inside-inner-col{column-gap:var(--global-kb-gap-sm, 1rem);}.kadence-column8733_6c4bdc-e4 > .kt-inside-inner-col{flex-direction:column;}.kadence-column8733_6c4bdc-e4 > .kt-inside-inner-col > .aligncenter{width:100%;}.kadence-column8733_6c4bdc-e4 > .kt-inside-inner-col:before{opacity:0.3;}.kadence-column8733_6c4bdc-e4{position:relative;}@media all and (max-width: 1024px){.kadence-column8733_6c4bdc-e4 > .kt-inside-inner-col{flex-direction:column;justify-content:center;}}@media all and (max-width: 767px){.kadence-column8733_6c4bdc-e4 > .kt-inside-inner-col{flex-direction:column;justify-content:center;}}<\/style>\n<div class=\"wp-block-kadence-column kadence-column8733_6c4bdc-e4\"><div class=\"kt-inside-inner-col\">\n<p>La renomm\u00e9e de Rachel dans l'industrie du divertissement s'est \u00e9tendue au doublage, o\u00f9 sa voix envo\u00fbtante a trouv\u00e9 un nouveau moyen d'expression. En 2001, elle a d\u00e9croch\u00e9 son premier r\u00f4le de doublage, et ce n'\u00e9tait pas un r\u00f4le ordinaire, c'\u00e9tait le personnage \u00e9ponyme de <em>Blanche Neige<\/em>. Cela a marqu\u00e9 le d\u00e9but de son association avec les productions Disney, notamment \" <em><a href=\"https:\/\/snowwhitemuseum.com\/fr\/about-the-film\/sequels\/references-to-snow-white-in-walt-disney-productions\/once-upon-a-studio\/\" title=\"Il \u00e9tait une fois un studio\"><em><a href=\"https:\/\/snowwhitemuseum.com\/fr\/about-the-film\/sequels\/references-to-snow-white-in-walt-disney-productions\/once-upon-a-studio\/\" title=\"Il \u00e9tait une fois un studio\">Il \u00e9tait une fois un studio<\/a><\/em><\/a><\/em> \" et son travail vocal pour la princesse Giselle dans \"<em>Il \u00e9tait une fois<\/em>\u201d et \u201c<em>Il \u00e9tait une fois 2<\/em>\". Elle est \u00e9galement la voix de Blanche Neige dans \"<em>Shrek Le Troisi\u00e8me<\/em>.&#8221;<\/p>\n\n\n\n<p>Pour le r\u00f4le de Blanche Neige, Rachel se souvient d'avoir \u00e9t\u00e9 en comp\u00e9tition avec Karine Costa, la ni\u00e8ce du directeur musical Georges Costa, qui l'a finalement choisie pour sa tonalit\u00e9 plus classique.<\/p>\n\n\n\n<p>Sa d\u00e9votion \u00e0 son art \u00e9tait \u00e9galement \u00e9vidente dans l'approche m\u00e9ticuleuse qu'elle adoptait pour ses r\u00f4les de doublage. Par exemple, lors de la chanson \"Un jour mon Prince viendra\", Rachel veillait \u00e0 ce que son chant s'aligne parfaitement avec les mouvements des l\u00e8vres de Blanche Neige, d\u00e9montrant son souci du d\u00e9tail et son engagement envers une interpr\u00e9tation authentique.<\/p>\n\n\n\n<p>Au-del\u00e0 de ses contributions dans le domaine du doublage et des com\u00e9dies musicales, le talent de Rachel s'est \u00e9tendu au grand \u00e9cran. Les spectateurs ont eu l'occasion de l'apercevoir dans le film \"<em>Br\u00e8ves de comptoir<\/em>\", o\u00f9 elle incarnait le r\u00f4le d'une chanteuse alsacienne.<\/p>\n\n\n\n<p>Alors que sa carri\u00e8re continuait \u00e0 prosp\u00e9rer, Rachel est rest\u00e9e profond\u00e9ment attach\u00e9e \u00e0 ses racines Disney, se produisant fr\u00e9quemment sur sc\u00e8ne avec des chansons Disney. Que ce soit lors de concerts \u00e0 th\u00e8me organis\u00e9s par son ami R\u00e9mi Car\u00e9mel ou en captivant directement le public \u00e0 Disneyland Paris, elle a continu\u00e9 \u00e0 partager son amour des m\u00e9lodies intemporelles de Disney.<\/p>\n\n\n\n<p>En 2024, Rachel a une fois de plus d\u00e9montr\u00e9 son engagement envers le th\u00e9\u00e2tre musical en participant \u00e0 la production de Rapha\u00ebl Callandreau, \"Le puzzle de Cerb\u00e8re\". Sa passion durable pour les arts et sa capacit\u00e9 \u00e0 passer sans effort entre les diff\u00e9rentes facettes de l'industrie du divertissement consolident l'h\u00e9ritage de Rachel Pignot en tant qu'artiste fran\u00e7aise polyvalente et accomplie.<\/p>\n<\/div><\/div>\n\n\n<style>.kadence-column8733_b3a39b-f9 > .kt-inside-inner-col,.kadence-column8733_b3a39b-f9 > .kt-inside-inner-col:before{border-top-left-radius:0px;border-top-right-radius:0px;border-bottom-right-radius:0px;border-bottom-left-radius:0px;}.kadence-column8733_b3a39b-f9 > .kt-inside-inner-col{column-gap:var(--global-kb-gap-sm, 1rem);}.kadence-column8733_b3a39b-f9 > .kt-inside-inner-col{flex-direction:column;}.kadence-column8733_b3a39b-f9 > .kt-inside-inner-col > .aligncenter{width:100%;}.kadence-column8733_b3a39b-f9 > .kt-inside-inner-col:before{opacity:0.3;}.kadence-column8733_b3a39b-f9{position:relative;}@media all and (max-width: 1024px){.kadence-column8733_b3a39b-f9 > .kt-inside-inner-col{flex-direction:column;justify-content:center;}}@media all and (max-width: 767px){.kadence-column8733_b3a39b-f9 > .kt-inside-inner-col{flex-direction:column;justify-content:center;}}<\/style>\n<div class=\"wp-block-kadence-column kadence-column8733_b3a39b-f9\"><div class=\"kt-inside-inner-col\">\n<figure class=\"wp-block-image size-full\"><img loading=\"lazy\" decoding=\"async\" width=\"384\" height=\"512\" src=\"http:\/\/snowwhitemuseum.com\/wp-content\/uploads\/2024\/01\/2023-11-03-Rachel-Pignot-and-Snow-White.jpg\" alt=\"\" class=\"wp-image-8734\" srcset=\"https:\/\/snowwhitemuseum.com\/wp-content\/uploads\/2024\/01\/2023-11-03-Rachel-Pignot-and-Snow-White.jpg 384w, https:\/\/snowwhitemuseum.com\/wp-content\/uploads\/2024\/01\/2023-11-03-Rachel-Pignot-and-Snow-White-225x300.jpg 225w, https:\/\/snowwhitemuseum.com\/wp-content\/uploads\/2024\/01\/2023-11-03-Rachel-Pignot-and-Snow-White-9x12.jpg 9w\" sizes=\"auto, (max-width: 384px) 100vw, 384px\" \/><figcaption class=\"wp-element-caption\">Rachel Pignot et Blanche Neige en 2023<\/figcaption><\/figure>\n<\/div><\/div>\n\n<\/div><\/div>\n\n<style>.kb-row-layout-id8733_8925f9-57 > .kt-row-column-wrap{align-content:start;}:where(.kb-row-layout-id8733_8925f9-57 > .kt-row-column-wrap) > .wp-block-kadence-column{justify-content:start;}.kb-row-layout-id8733_8925f9-57 > .kt-row-column-wrap{column-gap:var(--global-kb-gap-md, 2rem);row-gap:var(--global-kb-gap-md, 2rem);padding-top:var(--global-kb-spacing-sm, 1.5rem);padding-bottom:var(--global-kb-spacing-sm, 1.5rem);}.kb-row-layout-id8733_8925f9-57 > .kt-row-column-wrap > div:not(.added-for-specificity){grid-column:initial;}.kb-row-layout-id8733_8925f9-57 > .kt-row-column-wrap{grid-template-columns:minmax(0, 1fr) minmax(0, 3fr) minmax(0, 1fr);}.kb-row-layout-id8733_8925f9-57 > .kt-row-layout-overlay{opacity:0.30;}@media all and (max-width: 1024px){.kb-row-layout-id8733_8925f9-57 > .kt-row-column-wrap > div:not(.added-for-specificity){grid-column:initial;}}@media all and (max-width: 1024px){.kb-row-layout-id8733_8925f9-57 > .kt-row-column-wrap{grid-template-columns:minmax(0, 1fr) minmax(0, 3fr) minmax(0, 1fr);}}@media all and (max-width: 767px){.kb-row-layout-id8733_8925f9-57 > .kt-row-column-wrap > div:not(.added-for-specificity){grid-column:initial;}.kb-row-layout-id8733_8925f9-57 > .kt-row-column-wrap{grid-template-columns:minmax(0, 1fr);}}<\/style><div class=\"kb-row-layout-wrap kb-row-layout-id8733_8925f9-57 alignnone wp-block-kadence-rowlayout\"><div class=\"kt-row-column-wrap kt-has-3-columns kt-row-layout-center-wide kt-tab-layout-inherit kt-mobile-layout-row kt-row-valign-top\">\n<style>.kadence-column8733_d1dfae-07 > .kt-inside-inner-col,.kadence-column8733_d1dfae-07 > .kt-inside-inner-col:before{border-top-left-radius:0px;border-top-right-radius:0px;border-bottom-right-radius:0px;border-bottom-left-radius:0px;}.kadence-column8733_d1dfae-07 > .kt-inside-inner-col{column-gap:var(--global-kb-gap-sm, 1rem);}.kadence-column8733_d1dfae-07 > .kt-inside-inner-col{flex-direction:column;}.kadence-column8733_d1dfae-07 > .kt-inside-inner-col > .aligncenter{width:100%;}.kadence-column8733_d1dfae-07 > .kt-inside-inner-col:before{opacity:0.3;}.kadence-column8733_d1dfae-07{position:relative;}@media all and (max-width: 1024px){.kadence-column8733_d1dfae-07 > .kt-inside-inner-col{flex-direction:column;justify-content:center;}}@media all and (max-width: 767px){.kadence-column8733_d1dfae-07 > .kt-inside-inner-col{flex-direction:column;justify-content:center;}}<\/style>\n<div class=\"wp-block-kadence-column kadence-column8733_d1dfae-07\"><div class=\"kt-inside-inner-col\"><\/div><\/div>\n\n\n<style>.kadence-column8733_d1520e-a6 > .kt-inside-inner-col,.kadence-column8733_d1520e-a6 > .kt-inside-inner-col:before{border-top-left-radius:0px;border-top-right-radius:0px;border-bottom-right-radius:0px;border-bottom-left-radius:0px;}.kadence-column8733_d1520e-a6 > .kt-inside-inner-col{column-gap:var(--global-kb-gap-sm, 1rem);}.kadence-column8733_d1520e-a6 > .kt-inside-inner-col{flex-direction:column;}.kadence-column8733_d1520e-a6 > .kt-inside-inner-col > .aligncenter{width:100%;}.kadence-column8733_d1520e-a6 > .kt-inside-inner-col:before{opacity:0.3;}.kadence-column8733_d1520e-a6{position:relative;}@media all and (max-width: 1024px){.kadence-column8733_d1520e-a6 > .kt-inside-inner-col{flex-direction:column;justify-content:center;}}@media all and (max-width: 767px){.kadence-column8733_d1520e-a6 > .kt-inside-inner-col{flex-direction:column;justify-content:center;}}<\/style>\n<div class=\"wp-block-kadence-column kadence-column8733_d1520e-a6\"><div class=\"kt-inside-inner-col\">\n<figure class=\"wp-block-embed is-type-video is-provider-youtube wp-block-embed-youtube wp-embed-aspect-16-9 wp-has-aspect-ratio\"><div class=\"wp-block-embed__wrapper\">\n<iframe loading=\"lazy\" title=\"Rachel Pignot chante &quot;Un jour mon prince viendra&quot;\" width=\"720\" height=\"405\" src=\"https:\/\/www.youtube.com\/embed\/jKVfEy2LB5M?feature=oembed\" frameborder=\"0\" allow=\"accelerometer; autoplay; clipboard-write; encrypted-media; gyroscope; picture-in-picture; web-share\" allowfullscreen><\/iframe>\n<\/div><\/figure>\n<\/div><\/div>\n\n\n<style>.kadence-column8733_bbd317-db > .kt-inside-inner-col,.kadence-column8733_bbd317-db > .kt-inside-inner-col:before{border-top-left-radius:0px;border-top-right-radius:0px;border-bottom-right-radius:0px;border-bottom-left-radius:0px;}.kadence-column8733_bbd317-db > .kt-inside-inner-col{column-gap:var(--global-kb-gap-sm, 1rem);}.kadence-column8733_bbd317-db > .kt-inside-inner-col{flex-direction:column;}.kadence-column8733_bbd317-db > .kt-inside-inner-col > .aligncenter{width:100%;}.kadence-column8733_bbd317-db > .kt-inside-inner-col:before{opacity:0.3;}.kadence-column8733_bbd317-db{position:relative;}@media all and (max-width: 1024px){.kadence-column8733_bbd317-db > .kt-inside-inner-col{flex-direction:column;justify-content:center;}}@media all and (max-width: 767px){.kadence-column8733_bbd317-db > .kt-inside-inner-col{flex-direction:column;justify-content:center;}}<\/style>\n<div class=\"wp-block-kadence-column kadence-column8733_bbd317-db\"><div class=\"kt-inside-inner-col\"><\/div><\/div>\n\n<\/div><\/div>","protected":false},"excerpt":{"rendered":"<p>Rachel Pignot, a versatile French artist born on May 3, 1979, has made significant contributions to the world of music and entertainment. With a rich background in singing, acting, and dubbing, she has carved out a multifaceted career that spans decades. Rachel was born into a family deeply rooted in the performing arts. Her mother,&#8230;<\/p>","protected":false},"author":1,"featured_media":8099,"parent":8095,"menu_order":0,"comment_status":"closed","ping_status":"closed","template":"","meta":{"_kadence_starter_templates_imported_post":false,"_kad_post_transparent":"","_kad_post_title":"","_kad_post_layout":"","_kad_post_sidebar_id":"","_kad_post_content_style":"","_kad_post_vertical_padding":"","_kad_post_feature":"","_kad_post_feature_position":"","_kad_post_header":false,"_kad_post_footer":false,"_kad_post_classname":"","footnotes":""},"class_list":["post-8733","page","type-page","status-publish","has-post-thumbnail","hentry"],"aioseo_notices":[],"_links":{"self":[{"href":"https:\/\/snowwhitemuseum.com\/fr\/wp-json\/wp\/v2\/pages\/8733","targetHints":{"allow":["GET"]}}],"collection":[{"href":"https:\/\/snowwhitemuseum.com\/fr\/wp-json\/wp\/v2\/pages"}],"about":[{"href":"https:\/\/snowwhitemuseum.com\/fr\/wp-json\/wp\/v2\/types\/page"}],"author":[{"embeddable":true,"href":"https:\/\/snowwhitemuseum.com\/fr\/wp-json\/wp\/v2\/users\/1"}],"replies":[{"embeddable":true,"href":"https:\/\/snowwhitemuseum.com\/fr\/wp-json\/wp\/v2\/comments?post=8733"}],"version-history":[{"count":2,"href":"https:\/\/snowwhitemuseum.com\/fr\/wp-json\/wp\/v2\/pages\/8733\/revisions"}],"predecessor-version":[{"id":8737,"href":"https:\/\/snowwhitemuseum.com\/fr\/wp-json\/wp\/v2\/pages\/8733\/revisions\/8737"}],"up":[{"embeddable":true,"href":"https:\/\/snowwhitemuseum.com\/fr\/wp-json\/wp\/v2\/pages\/8095"}],"wp:featuredmedia":[{"embeddable":true,"href":"https:\/\/snowwhitemuseum.com\/fr\/wp-json\/wp\/v2\/media\/8099"}],"wp:attachment":[{"href":"https:\/\/snowwhitemuseum.com\/fr\/wp-json\/wp\/v2\/media?parent=8733"}],"curies":[{"name":"wp","href":"https:\/\/api.w.org\/{rel}","templated":true}]}}