{"id":9837,"date":"2024-03-09T17:36:58","date_gmt":"2024-03-09T16:36:58","guid":{"rendered":"https:\/\/snowwhitemuseum.com\/?page_id=9837"},"modified":"2026-01-04T10:40:23","modified_gmt":"2026-01-04T09:40:23","slug":"pinto-colvig","status":"publish","type":"page","link":"https:\/\/snowwhitemuseum.com\/fr\/about-the-film\/the-cast\/pinto-colvig\/","title":{"rendered":"Pinto Colvig"},"content":{"rendered":"<style>.wp-block-kadence-column.kb-section-dir-horizontal > .kt-inside-inner-col > .kt-info-box9837_022f0d-46 .kt-blocks-info-box-link-wrap{max-width:unset;}.kt-info-box9837_022f0d-46 .kt-blocks-info-box-link-wrap{padding-top:var(--global-kb-spacing-xs, 1rem);padding-right:var(--global-kb-spacing-xs, 1rem);padding-bottom:var(--global-kb-spacing-xs, 1rem);padding-left:var(--global-kb-spacing-xs, 1rem);}.kt-info-box9837_022f0d-46 .kadence-info-box-icon-container .kt-info-svg-icon, .kt-info-box9837_022f0d-46 .kt-info-svg-icon-flip, .kt-info-box9837_022f0d-46 .kt-blocks-info-box-number{font-size:50px;}.kt-info-box9837_022f0d-46 .kt-blocks-info-box-media{border-top-width:0px;border-right-width:0px;border-bottom-width:0px;border-left-width:0px;padding-top:10px;padding-right:10px;padding-bottom:10px;padding-left:10px;}.kt-info-box9837_022f0d-46 .kt-blocks-info-box-media-container{margin-top:0px;margin-right:15px;margin-bottom:0px;margin-left:15px;}.kt-info-box9837_022f0d-46 .kt-blocks-info-box-learnmore{background:transparent;border-width:0px 0px 0px 0px;padding-top:4px;padding-right:8px;padding-bottom:4px;padding-left:8px;margin-top:10px;margin-right:0px;margin-bottom:10px;margin-left:0px;}<\/style>\n<div class=\"wp-block-kadence-infobox kt-info-box9837_022f0d-46\"><div class=\"kt-blocks-info-box-link-wrap kt-blocks-info-box-media-align-top kt-info-halign-center\"><div class=\"kt-blocks-info-box-media-container\"><div class=\"kt-blocks-info-box-media kt-info-media-animate-none\"><div class=\"kadence-info-box-icon-container kt-info-icon-animate-none\"><div class=\"kadence-info-box-icon-inner-container\"><span class=\"kb-svg-icon-wrap kb-svg-icon-fe_clipboard kt-info-svg-icon\"><svg viewbox=\"0 0 24 24\"  fill=\"none\" stroke=\"currentColor\" stroke-width=\"2\" stroke-linecap=\"round\" stroke-linejoin=\"round\" xmlns=\"http:\/\/www.w3.org\/2000\/svg\"  aria-hidden=\"true\"><path d=\"M16 4h2a2 2 0 0 1 2 2v14a2 2 0 0 1-2 2H6a2 2 0 0 1-2-2V6a2 2 0 0 1 2-2h2\"\/><rect x=\"8\" y=\"2\" width=\"8\" height=\"4\" rx=\"1\" ry=\"1\"\/><\/svg><\/span><\/div><\/div><\/div><\/div><div class=\"kt-infobox-textcontent\"><h2 class=\"kt-blocks-info-box-title\">Information<\/h2><p class=\"kt-blocks-info-box-text\"><strong>Nom complet :<\/strong> Vance DeBar Colvig Sr.<br><strong>Naissance :<\/strong> 11 septembre 1892 \u00e0 Jacksonville, Oregon<br><strong>Mort :<\/strong> 3 octobre 1967 \u00e0 Los Angeles, Californie<br><br><strong>Mariages :<\/strong><br>Margaret Bourke Slavin (1916\u20131950)<br>Peggy Bernice Allaire (1952 - 3 octobre 1967)<br><br><strong>Documents de production le mentionnant :<\/strong><br><a href=\"https:\/\/snowwhitemuseum.com\/fr\/about-the-film\/the-story\/production-documents\/story-conference-of-10-09-1934-suggestions-and-notes-on-snow-white\/\" title=\"R\u00e9union de sc\u00e9narisation du 09\/10\/1934 : Suggestions et notes sur Blanche Neige\">R\u00e9union de sc\u00e9narisation du 09\/10\/1934 : Suggestions et notes sur Blanche Neige<\/a><br><a href=\"https:\/\/snowwhitemuseum.com\/fr\/about-the-film\/the-story\/production-documents\/production-notes-on-snow-white-11-25-1935\/\">Notes de production sur Blanche Neige (25\/11\/1935)<\/a><br><a href=\"https:\/\/snowwhitemuseum.com\/fr\/about-the-film\/the-story\/production-documents\/story-notes-of-12-15-1935-dwarfs-entertaining-snowwhite-sequence\/\" title=\"Notes sur sc\u00e9nario du 15\/12\/1935 : s\u00e9quence des nains divertissant Blanche Neige\">Notes sur sc\u00e9nario du 15\/12\/1935 : s\u00e9quence des nains divertissant Blanche Neige<\/a><br><br><strong>Travail sur <em>Blanche Neige :<\/em><\/strong><br>Sc\u00e9nariste (pas au g\u00e9n\u00e9rique)<br>Voix de <a href=\"https:\/\/snowwhitemuseum.com\/fr\/about-the-film\/the-cast\/grumpy\/\" title=\"Grincheux\">Grincheux<\/a> et <a href=\"https:\/\/snowwhitemuseum.com\/fr\/about-the-film\/the-cast\/sleepy\/\" title=\"Dormeur\">Dormeur<\/a> (pas au g\u00e9n\u00e9rique)<br>Voix de Prof dans <a href=\"https:\/\/snowwhitemuseum.com\/fr\/about-the-film\/sequels\/seven-wise-dwarfs\/\" title=\"7 nains malins\">7 nains malins<\/a> (pas au g\u00e9n\u00e9rique)<br>Voix de <a href=\"https:\/\/snowwhitemuseum.com\/fr\/about-the-film\/the-cast\/grumpy\/\" title=\"Grincheux\">Grincheux<\/a> dans <a href=\"https:\/\/snowwhitemuseum.com\/fr\/about-the-film\/events\/radio-programs\/the-railroad-hour\/\" title=\"L&#039;heure du chemin de fer\">L'heure du chemin de fer<\/a><br>Voix de <a href=\"https:\/\/snowwhitemuseum.com\/fr\/about-the-film\/the-cast\/grumpy\/\" title=\"Grincheux\">Grincheux<\/a> dans <a href=\"https:\/\/snowwhitemuseum.com\/fr\/about-the-film\/events\/radio-programs\/snow-white-and-charlie-mccarthy-on-the-chase-and-sanborn-hour\/\" title=\"Blanche Neige et Charlie McCarthy \u00e0 l&#039;Heure de Chase et Sanborn\">L'heure de Chase et Sanborn<\/a><br><br><a href=\"https:\/\/snowwhitemuseum.com\/fr\/about-the-film\/the-cast\/\">Retour \u00e0 la distribution<\/a><\/p><\/div><\/div><\/div>\n\n\n<style>.kb-row-layout-id9837_c2999f-2c > .kt-row-column-wrap{align-content:start;}:where(.kb-row-layout-id9837_c2999f-2c > .kt-row-column-wrap) > .wp-block-kadence-column{justify-content:start;}.kb-row-layout-id9837_c2999f-2c > .kt-row-column-wrap{column-gap:var(--global-kb-gap-md, 2rem);row-gap:var(--global-kb-gap-md, 2rem);padding-top:var(--global-kb-spacing-sm, 1.5rem);padding-bottom:var(--global-kb-spacing-sm, 1.5rem);grid-template-columns:minmax(0, 1fr) minmax(0, 2fr);}.kb-row-layout-id9837_c2999f-2c > .kt-row-layout-overlay{opacity:0.30;}@media all and (max-width: 1024px){.kb-row-layout-id9837_c2999f-2c > .kt-row-column-wrap{grid-template-columns:minmax(0, 1fr) minmax(0, 2fr);}}@media all and (max-width: 767px){.kb-row-layout-id9837_c2999f-2c > .kt-row-column-wrap{grid-template-columns:minmax(0, 1fr);}}<\/style><div class=\"kb-row-layout-wrap kb-row-layout-id9837_c2999f-2c alignnone wp-block-kadence-rowlayout\"><div class=\"kt-row-column-wrap kt-has-2-columns kt-row-layout-right-golden kt-tab-layout-inherit kt-mobile-layout-row kt-row-valign-top\">\n<style>.kadence-column9837_211be0-96 > .kt-inside-inner-col,.kadence-column9837_211be0-96 > .kt-inside-inner-col:before{border-top-left-radius:0px;border-top-right-radius:0px;border-bottom-right-radius:0px;border-bottom-left-radius:0px;}.kadence-column9837_211be0-96 > .kt-inside-inner-col{column-gap:var(--global-kb-gap-sm, 1rem);}.kadence-column9837_211be0-96 > .kt-inside-inner-col{flex-direction:column;}.kadence-column9837_211be0-96 > .kt-inside-inner-col > .aligncenter{width:100%;}.kadence-column9837_211be0-96 > .kt-inside-inner-col:before{opacity:0.3;}.kadence-column9837_211be0-96{position:relative;}@media all and (max-width: 1024px){.kadence-column9837_211be0-96 > .kt-inside-inner-col{flex-direction:column;justify-content:center;}}@media all and (max-width: 767px){.kadence-column9837_211be0-96 > .kt-inside-inner-col{flex-direction:column;justify-content:center;}}<\/style>\n<div class=\"wp-block-kadence-column kadence-column9837_211be0-96\"><div class=\"kt-inside-inner-col\"><div class=\"wp-block-image\">\n<figure class=\"aligncenter size-full\"><img loading=\"lazy\" decoding=\"async\" width=\"144\" height=\"189\" src=\"https:\/\/snowwhitemuseum.com\/wp-content\/uploads\/2024\/11\/Pinto-Colvig-portrait.jpg\" alt=\"\" class=\"wp-image-12711\" srcset=\"https:\/\/snowwhitemuseum.com\/wp-content\/uploads\/2024\/11\/Pinto-Colvig-portrait.jpg 144w, https:\/\/snowwhitemuseum.com\/wp-content\/uploads\/2024\/11\/Pinto-Colvig-portrait-9x12.jpg 9w\" sizes=\"auto, (max-width: 144px) 100vw, 144px\" \/><figcaption class=\"wp-element-caption\">Pinto Colvig<\/figcaption><\/figure>\n<\/div><\/div><\/div>\n\n\n<style>.kadence-column9837_3ae81e-af > .kt-inside-inner-col,.kadence-column9837_3ae81e-af > .kt-inside-inner-col:before{border-top-left-radius:0px;border-top-right-radius:0px;border-bottom-right-radius:0px;border-bottom-left-radius:0px;}.kadence-column9837_3ae81e-af > .kt-inside-inner-col{column-gap:var(--global-kb-gap-sm, 1rem);}.kadence-column9837_3ae81e-af > .kt-inside-inner-col{flex-direction:column;}.kadence-column9837_3ae81e-af > .kt-inside-inner-col > .aligncenter{width:100%;}.kadence-column9837_3ae81e-af > .kt-inside-inner-col:before{opacity:0.3;}.kadence-column9837_3ae81e-af{position:relative;}@media all and (max-width: 1024px){.kadence-column9837_3ae81e-af > .kt-inside-inner-col{flex-direction:column;justify-content:center;}}@media all and (max-width: 767px){.kadence-column9837_3ae81e-af > .kt-inside-inner-col{flex-direction:column;justify-content:center;}}<\/style>\n<div class=\"wp-block-kadence-column kadence-column9837_3ae81e-af\"><div class=\"kt-inside-inner-col\">\n<p>Dans *The Film Daily* du 16 juin 1938, un article annonce l'embauche de Pinto Colvig par Leon Schlesinger pour travailler sur les Looney Tunes et les Merry Melodies. \u00ab\u202fPinto a travaill\u00e9 chez Disney pendant six ans.\u202f\u00bb<\/p>\n\n\n\n<p>En effet, apr\u00e8s avoir pr\u00eat\u00e9 sa voix \u00e0 Grincheux et Dormeur, ce clown et c\u00e9l\u00e8bre voix de Dingo quitte le studio et cr\u00e9e le personnage de Gabby dans le premier long m\u00e9trage de Paramount, <em>Les voyages de Gulliver<\/em>. Il devient aussi la voix de Brutus dans les dessins anim\u00e9s de Popeye, et bien d\u2019autres encore. Il revient bient\u00f4t aux studios Disney.<\/p>\n\n\n\n<p>Pinto a \u00e9galement travaill\u00e9 comme sc\u00e9nariste sur <em>Blanche Neige et les sept nains<\/em> et il accompagnait <a href=\"https:\/\/snowwhitemuseum.com\/fr\/about-the-film\/the-cast\/adriana-caselotti\/\" title=\"Adriana Caselotti\">Adriana Caselotti<\/a> lors de tourn\u00e9es promotionnelles pour les films Disney. Ils ont m\u00eame tourn\u00e9 un court m\u00e9trage ensemble intitul\u00e9 <em>La femme du clochard<\/em>.<\/p>\n<\/div><\/div>\n\n<\/div><\/div>","protected":false},"excerpt":{"rendered":"<p>In The Film Daily of June 16, 1938, an article announces the hiring of Pinto Colvig by Leon Schlesinger to work on Looney Tunes and Merry Melodies. &#8220;Pinto was with Disney for six years.&#8221; Indeed after he voices Grumpy and Sleepy, this clown and famous voice of Goofy left the studio and created the part&#8230;<\/p>","protected":false},"author":1,"featured_media":9838,"parent":1695,"menu_order":0,"comment_status":"closed","ping_status":"closed","template":"","meta":{"_kadence_starter_templates_imported_post":false,"_kad_post_transparent":"","_kad_post_title":"","_kad_post_layout":"","_kad_post_sidebar_id":"","_kad_post_content_style":"","_kad_post_vertical_padding":"","_kad_post_feature":"","_kad_post_feature_position":"","_kad_post_header":false,"_kad_post_footer":false,"_kad_post_classname":"","footnotes":""},"class_list":["post-9837","page","type-page","status-publish","has-post-thumbnail","hentry"],"aioseo_notices":[],"_links":{"self":[{"href":"https:\/\/snowwhitemuseum.com\/fr\/wp-json\/wp\/v2\/pages\/9837","targetHints":{"allow":["GET"]}}],"collection":[{"href":"https:\/\/snowwhitemuseum.com\/fr\/wp-json\/wp\/v2\/pages"}],"about":[{"href":"https:\/\/snowwhitemuseum.com\/fr\/wp-json\/wp\/v2\/types\/page"}],"author":[{"embeddable":true,"href":"https:\/\/snowwhitemuseum.com\/fr\/wp-json\/wp\/v2\/users\/1"}],"replies":[{"embeddable":true,"href":"https:\/\/snowwhitemuseum.com\/fr\/wp-json\/wp\/v2\/comments?post=9837"}],"version-history":[{"count":11,"href":"https:\/\/snowwhitemuseum.com\/fr\/wp-json\/wp\/v2\/pages\/9837\/revisions"}],"predecessor-version":[{"id":17365,"href":"https:\/\/snowwhitemuseum.com\/fr\/wp-json\/wp\/v2\/pages\/9837\/revisions\/17365"}],"up":[{"embeddable":true,"href":"https:\/\/snowwhitemuseum.com\/fr\/wp-json\/wp\/v2\/pages\/1695"}],"wp:featuredmedia":[{"embeddable":true,"href":"https:\/\/snowwhitemuseum.com\/fr\/wp-json\/wp\/v2\/media\/9838"}],"wp:attachment":[{"href":"https:\/\/snowwhitemuseum.com\/fr\/wp-json\/wp\/v2\/media?parent=9837"}],"curies":[{"name":"wp","href":"https:\/\/api.w.org\/{rel}","templated":true}]}}