{"id":9903,"date":"2024-03-10T11:05:33","date_gmt":"2024-03-10T10:05:33","guid":{"rendered":"https:\/\/snowwhitemuseum.com\/?page_id=9903"},"modified":"2025-09-24T08:36:36","modified_gmt":"2025-09-24T06:36:36","slug":"perce-pearce","status":"publish","type":"page","link":"https:\/\/snowwhitemuseum.com\/fr\/about-the-film\/main-titles\/perce-pearce\/","title":{"rendered":"Perce Pearce"},"content":{"rendered":"<style>.wp-block-kadence-column.kb-section-dir-horizontal > .kt-inside-inner-col > .kt-info-box9903_27e4b2-c1 .kt-blocks-info-box-link-wrap{max-width:unset;}.kt-info-box9903_27e4b2-c1 .kt-blocks-info-box-link-wrap{padding-top:var(--global-kb-spacing-xs, 1rem);padding-right:var(--global-kb-spacing-xs, 1rem);padding-bottom:var(--global-kb-spacing-xs, 1rem);padding-left:var(--global-kb-spacing-xs, 1rem);}.kt-info-box9903_27e4b2-c1 .kadence-info-box-icon-container .kt-info-svg-icon, .kt-info-box9903_27e4b2-c1 .kt-info-svg-icon-flip, .kt-info-box9903_27e4b2-c1 .kt-blocks-info-box-number{font-size:50px;}.kt-info-box9903_27e4b2-c1 .kt-blocks-info-box-media{border-top-width:0px;border-right-width:0px;border-bottom-width:0px;border-left-width:0px;padding-top:10px;padding-right:10px;padding-bottom:10px;padding-left:10px;}.kt-info-box9903_27e4b2-c1 .kt-blocks-info-box-media-container{margin-top:0px;margin-right:15px;margin-bottom:0px;margin-left:15px;}.kt-info-box9903_27e4b2-c1 .kt-blocks-info-box-learnmore{background:transparent;border-width:0px 0px 0px 0px;padding-top:4px;padding-right:8px;padding-bottom:4px;padding-left:8px;margin-top:10px;margin-right:0px;margin-bottom:10px;margin-left:0px;}<\/style>\n<div class=\"wp-block-kadence-infobox kt-info-box9903_27e4b2-c1\"><div class=\"kt-blocks-info-box-link-wrap kt-blocks-info-box-media-align-top kt-info-halign-center\"><div class=\"kt-blocks-info-box-media-container\"><div class=\"kt-blocks-info-box-media kt-info-media-animate-none\"><div class=\"kadence-info-box-icon-container kt-info-icon-animate-none\"><div class=\"kadence-info-box-icon-inner-container\"><span class=\"kb-svg-icon-wrap kb-svg-icon-fe_clipboard kt-info-svg-icon\"><svg viewbox=\"0 0 24 24\"  fill=\"none\" stroke=\"currentColor\" stroke-width=\"2\" stroke-linecap=\"round\" stroke-linejoin=\"round\" xmlns=\"http:\/\/www.w3.org\/2000\/svg\"  aria-hidden=\"true\"><path d=\"M16 4h2a2 2 0 0 1 2 2v14a2 2 0 0 1-2 2H6a2 2 0 0 1-2-2V6a2 2 0 0 1 2-2h2\"\/><rect x=\"8\" y=\"2\" width=\"8\" height=\"4\" rx=\"1\" ry=\"1\"\/><\/svg><\/span><\/div><\/div><\/div><\/div><div class=\"kt-infobox-textcontent\"><h2 class=\"kt-blocks-info-box-title\">Information<\/h2><p class=\"kt-blocks-info-box-text\"><strong>Nom complet :<\/strong> Percival Cooke Pearce Jr.<br><strong>Naissance :<\/strong> 17 septembre 1899 \u00e0 Waukegan, Illinois<br><strong>Mort :<\/strong> 4 juillet 1955 \u00e0 Londres, Angleterre<br><br><strong>Mariage :<\/strong><br>June Herrig Swan (13 avril 1930 - 4 juillet 1955)<br><br><strong>A travaill\u00e9 au studio Disney entre :<\/strong><br>1935 &#8211; 1955<br><br><strong>Travail sur <em>Blanche Neige :<\/em><\/strong><br>R\u00e9alisation des s\u00e9quences <a href=\"https:\/\/snowwhitemuseum.com\/fr\/images\/production-art\/sequence-2a-snow-white-and-the-prince-in-the-garden\/\" title=\"S\u00e9quence 2A - Blanche Neige et le Prince au jardin\">2A<\/a>, <a href=\"https:\/\/snowwhitemuseum.com\/fr\/images\/production-art\/sequence-3a-snow-white-and-huntsman-snow-white-into-woods\/\" title=\"Sequence 3A \u2013 Snow White and Huntsman \u2013 Snow White into Woods\">3A<\/a>, <a href=\"https:\/\/snowwhitemuseum.com\/fr\/images\/production-art\/sequence-3b-snow-white-meets-animals\/\" title=\"S\u00e9quence 3B - Blanche-Neige rencontre les animaux\">3B<\/a>, <a href=\"https:\/\/snowwhitemuseum.com\/fr\/images\/production-art\/sequence-3c-snow-white-discovers-dwarfs-house\/\" title=\"Sequence 3C \u2013 Snow White Discovers Dwarfs\u2019 House\">3C<\/a>, <a href=\"https:\/\/snowwhitemuseum.com\/fr\/images\/production-art\/sequence-3d-snow-white-and-animals-clean-house\/\" title=\"Sequence 3D \u2013 Snow White and Animals Clean House\">3D<\/a>, <a href=\"https:\/\/snowwhitemuseum.com\/fr\/images\/production-art\/sequence-4a-dwarfs-at-mine\/\" title=\"Sequence 4A \u2013 Dwarfs at Mine\">4A<\/a>, <a href=\"https:\/\/snowwhitemuseum.com\/fr\/images\/production-art\/sequence-4c-snow-white-discovers-bedroom\/\" title=\"Sequence 4C \u2013 Snow White Discovers Bedroom\">4C<\/a>, <a href=\"https:\/\/snowwhitemuseum.com\/fr\/images\/production-art\/sequence-4d-spooks\/\" title=\"Sequence 4D \u2013 Spooks\">4D<\/a>, <a href=\"https:\/\/snowwhitemuseum.com\/fr\/images\/production-art\/sequence-5a-bedroom\/\" title=\"la s\u00e9quence 5A\">5A<\/a>, <a href=\"https:\/\/snowwhitemuseum.com\/fr\/images\/production-art\/sequence-5b-snow-white-tells-dwarfs-to-wash\/\" title=\"Sequence 5B \u2013 Snow White Tells Dwarfs to Wash\">5B<\/a>, <a href=\"https:\/\/snowwhitemuseum.com\/fr\/images\/production-art\/sequence-6a-dwarfs-at-tub-washing\/\" title=\"Sequence 6A \u2013 Dwarfs at Tub Washing\">6A<\/a>, <a href=\"https:\/\/snowwhitemuseum.com\/fr\/images\/production-art\/sequence-6b-soup-sequence\/\" title=\"Sequence 6B \u2013 Soup Sequence\">6B<\/a>, <a href=\"https:\/\/snowwhitemuseum.com\/fr\/images\/production-art\/sequence-10a-dwarfs-leave-for-mine\/\" title=\"Sequence 10A \u2013 Dwarfs Leave for Mine\">10A<\/a>.<br>Mod\u00e8le pour <a href=\"https:\/\/snowwhitemuseum.com\/fr\/about-the-film\/the-cast\/doc\/\" title=\"Prof\">Prof<\/a> et les nains<br><br><a href=\"https:\/\/snowwhitemuseum.com\/fr\/about-the-film\/main-titles\/\">Retour au G\u00e9n\u00e9rique<\/a><\/p><\/div><\/div><\/div>\n\n\n<style>.kb-row-layout-id9903_2b00f6-1e > .kt-row-column-wrap{align-content:start;}:where(.kb-row-layout-id9903_2b00f6-1e > .kt-row-column-wrap) > .wp-block-kadence-column{justify-content:start;}.kb-row-layout-id9903_2b00f6-1e > .kt-row-column-wrap{column-gap:var(--global-kb-gap-md, 2rem);row-gap:var(--global-kb-gap-md, 2rem);padding-top:var(--global-kb-spacing-sm, 1.5rem);padding-bottom:var(--global-kb-spacing-sm, 1.5rem);grid-template-columns:minmax(0, 1fr) minmax(0, 2fr);}.kb-row-layout-id9903_2b00f6-1e > .kt-row-layout-overlay{opacity:0.30;}@media all and (max-width: 1024px){.kb-row-layout-id9903_2b00f6-1e > .kt-row-column-wrap{grid-template-columns:minmax(0, 1fr) minmax(0, 2fr);}}@media all and (max-width: 767px){.kb-row-layout-id9903_2b00f6-1e > .kt-row-column-wrap{grid-template-columns:minmax(0, 1fr);}}<\/style><div class=\"kb-row-layout-wrap kb-row-layout-id9903_2b00f6-1e alignnone wp-block-kadence-rowlayout\"><div class=\"kt-row-column-wrap kt-has-2-columns kt-row-layout-right-golden kt-tab-layout-inherit kt-mobile-layout-row kt-row-valign-top\">\n<style>.kadence-column9903_15b8a2-2a > .kt-inside-inner-col,.kadence-column9903_15b8a2-2a > .kt-inside-inner-col:before{border-top-left-radius:0px;border-top-right-radius:0px;border-bottom-right-radius:0px;border-bottom-left-radius:0px;}.kadence-column9903_15b8a2-2a > .kt-inside-inner-col{column-gap:var(--global-kb-gap-sm, 1rem);}.kadence-column9903_15b8a2-2a > .kt-inside-inner-col{flex-direction:column;}.kadence-column9903_15b8a2-2a > .kt-inside-inner-col > .aligncenter{width:100%;}.kadence-column9903_15b8a2-2a > .kt-inside-inner-col:before{opacity:0.3;}.kadence-column9903_15b8a2-2a{position:relative;}@media all and (max-width: 1024px){.kadence-column9903_15b8a2-2a > .kt-inside-inner-col{flex-direction:column;justify-content:center;}}@media all and (max-width: 767px){.kadence-column9903_15b8a2-2a > .kt-inside-inner-col{flex-direction:column;justify-content:center;}}<\/style>\n<div class=\"wp-block-kadence-column kadence-column9903_15b8a2-2a\"><div class=\"kt-inside-inner-col\">\n<figure class=\"wp-block-image size-large\"><img loading=\"lazy\" decoding=\"async\" width=\"681\" height=\"1024\" src=\"https:\/\/snowwhitemuseum.com\/wp-content\/uploads\/2024\/03\/Perce-Pearce-portrait-681x1024.jpg\" alt=\"\" class=\"wp-image-9918\" srcset=\"https:\/\/snowwhitemuseum.com\/wp-content\/uploads\/2024\/03\/Perce-Pearce-portrait-681x1024.jpg 681w, https:\/\/snowwhitemuseum.com\/wp-content\/uploads\/2024\/03\/Perce-Pearce-portrait-200x300.jpg 200w, https:\/\/snowwhitemuseum.com\/wp-content\/uploads\/2024\/03\/Perce-Pearce-portrait-8x12.jpg 8w, https:\/\/snowwhitemuseum.com\/wp-content\/uploads\/2024\/03\/Perce-Pearce-portrait.jpg 732w\" sizes=\"auto, (max-width: 681px) 100vw, 681px\" \/><figcaption class=\"wp-element-caption\">Perce Pearce<\/figcaption><\/figure>\n<\/div><\/div>\n\n\n<style>.kadence-column9903_c50ff9-c5 > .kt-inside-inner-col,.kadence-column9903_c50ff9-c5 > .kt-inside-inner-col:before{border-top-left-radius:0px;border-top-right-radius:0px;border-bottom-right-radius:0px;border-bottom-left-radius:0px;}.kadence-column9903_c50ff9-c5 > .kt-inside-inner-col{column-gap:var(--global-kb-gap-sm, 1rem);}.kadence-column9903_c50ff9-c5 > .kt-inside-inner-col{flex-direction:column;}.kadence-column9903_c50ff9-c5 > .kt-inside-inner-col > .aligncenter{width:100%;}.kadence-column9903_c50ff9-c5 > .kt-inside-inner-col:before{opacity:0.3;}.kadence-column9903_c50ff9-c5{position:relative;}@media all and (max-width: 1024px){.kadence-column9903_c50ff9-c5 > .kt-inside-inner-col{flex-direction:column;justify-content:center;}}@media all and (max-width: 767px){.kadence-column9903_c50ff9-c5 > .kt-inside-inner-col{flex-direction:column;justify-content:center;}}<\/style>\n<div class=\"wp-block-kadence-column kadence-column9903_c50ff9-c5\"><div class=\"kt-inside-inner-col\">\n<p>Perce Pearce a dirig\u00e9 plusieurs s\u00e9quences de <em>Blanche Neige et les sept nains<\/em>, principalement celles mettant en sc\u00e8ne Blanche Neige et les nains au d\u00e9but du film. Il n\u2019a particip\u00e9 \u00e0 aucune sc\u00e8ne avec la Reine. Il aurait servi de mod\u00e8le film\u00e9 pour Prof, notamment dans la sc\u00e8ne o\u00f9 Blanche Neige demande \u00e0 voir les mains des nains. <a href=\"https:\/\/snowwhitemuseum.com\/fr\/about-the-film\/main-titles\/joe-grant\/\" title=\"Joe Grant\">Joe Grant<\/a> pensait que ses gestes avaient \u00e9galement pu inspirer Bill Tytla pour l\u2019animation de Grincheux.<\/p>\n\n\n\n<p><a href=\"https:\/\/snowwhitemuseum.com\/fr\/about-the-film\/main-titles\/kenneth-anderson\/\" title=\"Kenneth Anderson\">Ken Anderson<\/a> se souvenait que Pearce avait habilement manipul\u00e9 George Drake pour qu\u2019il parle de lui en bien \u00e0 Walt Disney, en le laissant gagner au bridge. Plusieurs artistes du studio, dont Shamus Culhane, ont d\u00e9crit Pearce comme un manipulateur qui s\u2019appropriait souvent les id\u00e9es des autres. Cette r\u00e9putation s\u2019expliquait peut-\u00eatre en partie par le fait qu\u2019il \u00e9tait plus \u00e2g\u00e9 que la plupart des cr\u00e9atifs du studio.<\/p>\n\n\n\n<p>Par la suite, Pearce est devenu producteur de nombreux films en prises de vue r\u00e9elles. Il s\u2019est install\u00e9 au Royaume-Uni pour exercer cette fonction, o\u00f9 il est mort pr\u00e9matur\u00e9ment.<\/p>\n<\/div><\/div>\n\n<\/div><\/div>","protected":false},"excerpt":{"rendered":"<p>Perce Pearce directed several sequences in Snow White and the Seven Dwarfs, primarily those featuring Snow White and the dwarfs early in the film. He had no involvement in scenes with the Queen. He was reportedly filmed as a live-action model for Doc, especially for the moment when Snow White asks to see the dwarfs\u2019&#8230;<\/p>","protected":false},"author":1,"featured_media":9905,"parent":1655,"menu_order":0,"comment_status":"closed","ping_status":"closed","template":"","meta":{"_kadence_starter_templates_imported_post":false,"_kad_post_transparent":"","_kad_post_title":"","_kad_post_layout":"","_kad_post_sidebar_id":"","_kad_post_content_style":"","_kad_post_vertical_padding":"","_kad_post_feature":"","_kad_post_feature_position":"","_kad_post_header":false,"_kad_post_footer":false,"_kad_post_classname":"","footnotes":""},"class_list":["post-9903","page","type-page","status-publish","has-post-thumbnail","hentry"],"aioseo_notices":[],"_links":{"self":[{"href":"https:\/\/snowwhitemuseum.com\/fr\/wp-json\/wp\/v2\/pages\/9903","targetHints":{"allow":["GET"]}}],"collection":[{"href":"https:\/\/snowwhitemuseum.com\/fr\/wp-json\/wp\/v2\/pages"}],"about":[{"href":"https:\/\/snowwhitemuseum.com\/fr\/wp-json\/wp\/v2\/types\/page"}],"author":[{"embeddable":true,"href":"https:\/\/snowwhitemuseum.com\/fr\/wp-json\/wp\/v2\/users\/1"}],"replies":[{"embeddable":true,"href":"https:\/\/snowwhitemuseum.com\/fr\/wp-json\/wp\/v2\/comments?post=9903"}],"version-history":[{"count":11,"href":"https:\/\/snowwhitemuseum.com\/fr\/wp-json\/wp\/v2\/pages\/9903\/revisions"}],"predecessor-version":[{"id":16896,"href":"https:\/\/snowwhitemuseum.com\/fr\/wp-json\/wp\/v2\/pages\/9903\/revisions\/16896"}],"up":[{"embeddable":true,"href":"https:\/\/snowwhitemuseum.com\/fr\/wp-json\/wp\/v2\/pages\/1655"}],"wp:featuredmedia":[{"embeddable":true,"href":"https:\/\/snowwhitemuseum.com\/fr\/wp-json\/wp\/v2\/media\/9905"}],"wp:attachment":[{"href":"https:\/\/snowwhitemuseum.com\/fr\/wp-json\/wp\/v2\/media?parent=9903"}],"curies":[{"name":"wp","href":"https:\/\/api.w.org\/{rel}","templated":true}]}}